{"id":392186,"date":"2026-04-05T14:25:15","date_gmt":"2026-04-05T12:25:15","guid":{"rendered":"https:\/\/bogensportdiscount.ch\/produkt\/cold-steel-axes-hawks-frontier-55cm-635gr\/"},"modified":"2026-04-20T12:47:29","modified_gmt":"2026-04-20T10:47:29","slug":"cold-steel-axt-frontier-55cm-635g","status":"publish","type":"product","link":"https:\/\/bogensportdiscount.ch\/it\/prodotto\/cold-steel-axt-frontier-55cm-635g\/","title":{"rendered":"Assi e falchi in acciaio freddo FRONTIER 55cm \/ 635gr"},"content":{"rendered":"<p>Die Cold Steel Frontier Axt ist ein vielseitiges Werkzeug f\u00fcr den Einsatz im Freien. Mit ihrer Gesamtl\u00e4nge von 55 cm und einem ausgewogenen Gewicht von 635 g liegt sie gut in der Hand und erm\u00f6glicht pr\u00e4zise sowie kraftvolle Hiebe.<\/p>\n<p>Ob beim Holzhacken im Camp, auf der Jagd oder bei handwerklichen Aufgaben in der Natur \u2013 die Frontier ist auf Alltagsbelastungen im Outdoor-Bereich ausgelegt. Cold Steel ist bekannt f\u00fcr solide Verarbeitung und praxisnahe Designs bei \u00c4xten und Werkzeugen.<\/p>\n<ul>\n<li>Gesamtl\u00e4nge: 55 cm<\/li>\n<li>Gewicht: 635 g<\/li>\n<li>Geeignet f\u00fcr Camping, Jagd und Outdoor-Einsatz<\/li>\n<li>Robuste Konstruktion von Cold Steel<\/li>\n<\/ul>","protected":false},"excerpt":{"rendered":"<p><strong>Marchio:<\/strong> Cold Steel<br \/><strong>Lunghezza (cm):<\/strong> 50,01-60<br \/><strong>GTIN:<\/strong> 705442008927<\/p>","protected":false},"featured_media":453631,"comment_status":"open","ping_status":"closed","template":"","meta":[],"product_brand":[491],"product_cat":[4354],"product_tag":[3546],"class_list":{"0":"post-392186","1":"product","2":"type-product","3":"status-publish","4":"has-post-thumbnail","6":"product_brand-coldsteel","7":"product_cat-axte","8":"product_tag-neuheit","10":"first","11":"instock","12":"shipping-taxable","13":"purchasable","14":"product-type-simple"},"yoast_head":"<!-- This site is optimized with the Yoast SEO plugin v27.4 - https:\/\/yoast.com\/product\/yoast-seo-wordpress\/ -->\n<title>COLD STEEL AXES &amp; HAWKS FRONTIER 55 cm \/ 635 g - Bogensportdiscount \u2013 Archi, frecce, bersagli e accessori<\/title>\n<meta name=\"description\" content=\"Acquista le asce e le accette COLD STEEL FRONTIER da 55 cm \/ 635 g a un prezzo conveniente su Bogensportdiscount \u2013 Marchi di punta, spedizione rapida dalla Svizzera.\" \/>\n<meta name=\"robots\" content=\"noindex, follow, max-snippet:-1, max-image-preview:large, max-video-preview:-1\" \/>\n<meta property=\"og:locale\" content=\"it_IT\" \/>\n<meta property=\"og:type\" content=\"article\" \/>\n<meta property=\"og:title\" content=\"COLD STEEL AXES &amp; HAWKS FRONTIER 55 cm \/ 635 g - Bogensportdiscount \u2013 Archi, frecce, bersagli e accessori\" \/>\n<meta property=\"og:description\" content=\"Acquista le asce e le accette COLD STEEL FRONTIER da 55 cm \/ 635 g a un prezzo conveniente su Bogensportdiscount \u2013 Marchi di punta, spedizione rapida dalla Svizzera.\" \/>\n<meta property=\"og:url\" content=\"https:\/\/bogensportdiscount.ch\/it\/produit\/cold-steel-axt-frontier-55cm-635g\/\" \/>\n<meta property=\"og:site_name\" content=\"Bogensportdiscount \u2013 B\u00f6gen, Pfeile, Targets &amp; Zubeh\u00f6r\" \/>\n<meta property=\"article:modified_time\" content=\"2026-04-20T10:47:29+00:00\" \/>\n<meta property=\"og:image\" content=\"https:\/\/bogensportdiscount.ch\/wp-content\/uploads\/bsm-images\/A034479_1.png\" \/>\n\t<meta property=\"og:image:width\" content=\"1181\" \/>\n\t<meta property=\"og:image:height\" content=\"1772\" \/>\n\t<meta property=\"og:image:type\" content=\"image\/png\" \/>\n<meta name=\"twitter:card\" content=\"summary_large_image\" \/>\n<script type=\"application\/ld+json\" class=\"yoast-schema-graph\">{\"@context\":\"https:\\\/\\\/schema.org\",\"@graph\":[{\"@type\":\"WebPage\",\"@id\":\"https:\\\/\\\/bogensportdiscount.ch\\\/fr\\\/produit\\\/cold-steel-axt-frontier-55cm-635g\\\/\",\"url\":\"https:\\\/\\\/bogensportdiscount.ch\\\/fr\\\/produit\\\/cold-steel-axt-frontier-55cm-635g\\\/\",\"name\":\"COLD STEEL AXES &amp; HAWKS FRONTIER 55cm \\\/ 635gr - Bogensportdiscount \u2013 B\u00f6gen, Pfeile, Targets &amp; Zubeh\u00f6r\",\"isPartOf\":{\"@id\":\"https:\\\/\\\/bogensportdiscount.ch\\\/#website\"},\"primaryImageOfPage\":{\"@id\":\"https:\\\/\\\/bogensportdiscount.ch\\\/fr\\\/produit\\\/cold-steel-axt-frontier-55cm-635g\\\/#primaryimage\"},\"image\":{\"@id\":\"https:\\\/\\\/bogensportdiscount.ch\\\/fr\\\/produit\\\/cold-steel-axt-frontier-55cm-635g\\\/#primaryimage\"},\"thumbnailUrl\":\"https:\\\/\\\/bogensportdiscount.ch\\\/wp-content\\\/uploads\\\/2026\\\/04\\\/bogensportdiscount.ch-pfeile-boegen-zubehoer-fuer-anfaenger-und-profis-zum-besten-preis-Symbolbild-kein-foto-zu-diesem-artikel_01.jpg\",\"datePublished\":\"2026-04-05T12:25:15+00:00\",\"dateModified\":\"2026-04-20T10:47:29+00:00\",\"description\":\"COLD STEEL AXES &amp; HAWKS FRONTIER 55cm \\\/ 635gr g\u00fcnstig kaufen bei Bogensportdiscount \u2013 Top-Marken, schneller Versand aus der Schweiz.\",\"breadcrumb\":{\"@id\":\"https:\\\/\\\/bogensportdiscount.ch\\\/fr\\\/produit\\\/cold-steel-axt-frontier-55cm-635g\\\/#breadcrumb\"},\"inLanguage\":\"it-IT\",\"potentialAction\":[{\"@type\":\"ReadAction\",\"target\":[\"https:\\\/\\\/bogensportdiscount.ch\\\/fr\\\/produit\\\/cold-steel-axt-frontier-55cm-635g\\\/\"]}]},{\"@type\":\"ImageObject\",\"inLanguage\":\"it-IT\",\"@id\":\"https:\\\/\\\/bogensportdiscount.ch\\\/fr\\\/produit\\\/cold-steel-axt-frontier-55cm-635g\\\/#primaryimage\",\"url\":\"https:\\\/\\\/bogensportdiscount.ch\\\/wp-content\\\/uploads\\\/2026\\\/04\\\/bogensportdiscount.ch-pfeile-boegen-zubehoer-fuer-anfaenger-und-profis-zum-besten-preis-Symbolbild-kein-foto-zu-diesem-artikel_01.jpg\",\"contentUrl\":\"https:\\\/\\\/bogensportdiscount.ch\\\/wp-content\\\/uploads\\\/2026\\\/04\\\/bogensportdiscount.ch-pfeile-boegen-zubehoer-fuer-anfaenger-und-profis-zum-besten-preis-Symbolbild-kein-foto-zu-diesem-artikel_01.jpg\",\"width\":1080,\"height\":1080},{\"@type\":\"BreadcrumbList\",\"@id\":\"https:\\\/\\\/bogensportdiscount.ch\\\/fr\\\/produit\\\/cold-steel-axt-frontier-55cm-635g\\\/#breadcrumb\",\"itemListElement\":[{\"@type\":\"ListItem\",\"position\":1,\"name\":\"Home\",\"item\":\"https:\\\/\\\/bogensportdiscount.ch\\\/\"},{\"@type\":\"ListItem\",\"position\":2,\"name\":\"Shop\",\"item\":\"https:\\\/\\\/bogensportdiscount.ch\\\/shop\\\/\"},{\"@type\":\"ListItem\",\"position\":3,\"name\":\"COLD STEEL AXES &amp; HAWKS FRONTIER 55cm \\\/ 635gr\"}]},{\"@type\":\"WebSite\",\"@id\":\"https:\\\/\\\/bogensportdiscount.ch\\\/#website\",\"url\":\"https:\\\/\\\/bogensportdiscount.ch\\\/\",\"name\":\"Bogensportdiscount\",\"description\":\"\",\"potentialAction\":[{\"@type\":\"SearchAction\",\"target\":{\"@type\":\"EntryPoint\",\"urlTemplate\":\"https:\\\/\\\/bogensportdiscount.ch\\\/?s={search_term_string}\"},\"query-input\":{\"@type\":\"PropertyValueSpecification\",\"valueRequired\":true,\"valueName\":\"search_term_string\"}}],\"inLanguage\":\"it-IT\"}]}<\/script>\n<!-- \/ Yoast SEO plugin. -->","yoast_head_json":{"title":"COLD STEEL AXES &amp; HAWKS FRONTIER 55 cm \/ 635 g - Bogensportdiscount \u2013 Archi, frecce, bersagli e accessori","description":"Acquista le asce e le accette COLD STEEL FRONTIER da 55 cm \/ 635 g a un prezzo conveniente su Bogensportdiscount \u2013 Marchi di punta, spedizione rapida dalla Svizzera.","robots":{"index":"noindex","follow":"follow","max-snippet":"max-snippet:-1","max-image-preview":"max-image-preview:large","max-video-preview":"max-video-preview:-1"},"og_locale":"it_IT","og_type":"article","og_title":"COLD STEEL AXES &amp; HAWKS FRONTIER 55 cm \/ 635 g - Bogensportdiscount \u2013 Archi, frecce, bersagli e accessori","og_description":"Acquista le asce e le accette COLD STEEL FRONTIER da 55 cm \/ 635 g a un prezzo conveniente su Bogensportdiscount \u2013 Marchi di punta, spedizione rapida dalla Svizzera.","og_url":"https:\/\/bogensportdiscount.ch\/it\/produit\/cold-steel-axt-frontier-55cm-635g\/","og_site_name":"Bogensportdiscount \u2013 B\u00f6gen, Pfeile, Targets &amp; Zubeh\u00f6r","article_modified_time":"2026-04-20T10:47:29+00:00","og_image":[{"width":1181,"height":1772,"url":"https:\/\/bogensportdiscount.ch\/wp-content\/uploads\/bsm-images\/A034479_1.png","type":"image\/png"}],"twitter_card":"summary_large_image","schema":{"@context":"https:\/\/schema.org","@graph":[{"@type":"WebPage","@id":"https:\/\/bogensportdiscount.ch\/fr\/produit\/cold-steel-axt-frontier-55cm-635g\/","url":"https:\/\/bogensportdiscount.ch\/fr\/produit\/cold-steel-axt-frontier-55cm-635g\/","name":"COLD STEEL AXES &amp; HAWKS FRONTIER 55 cm \/ 635 g - Bogensportdiscount \u2013 Archi, frecce, bersagli e accessori","isPartOf":{"@id":"https:\/\/bogensportdiscount.ch\/#website"},"primaryImageOfPage":{"@id":"https:\/\/bogensportdiscount.ch\/fr\/produit\/cold-steel-axt-frontier-55cm-635g\/#primaryimage"},"image":{"@id":"https:\/\/bogensportdiscount.ch\/fr\/produit\/cold-steel-axt-frontier-55cm-635g\/#primaryimage"},"thumbnailUrl":"https:\/\/bogensportdiscount.ch\/wp-content\/uploads\/2026\/04\/bogensportdiscount.ch-pfeile-boegen-zubehoer-fuer-anfaenger-und-profis-zum-besten-preis-Symbolbild-kein-foto-zu-diesem-artikel_01.jpg","datePublished":"2026-04-05T12:25:15+00:00","dateModified":"2026-04-20T10:47:29+00:00","description":"Acquista le asce e le accette COLD STEEL FRONTIER da 55 cm \/ 635 g a un prezzo conveniente su Bogensportdiscount \u2013 Marchi di punta, spedizione rapida dalla Svizzera.","breadcrumb":{"@id":"https:\/\/bogensportdiscount.ch\/fr\/produit\/cold-steel-axt-frontier-55cm-635g\/#breadcrumb"},"inLanguage":"it-IT","potentialAction":[{"@type":"ReadAction","target":["https:\/\/bogensportdiscount.ch\/fr\/produit\/cold-steel-axt-frontier-55cm-635g\/"]}]},{"@type":"ImageObject","inLanguage":"it-IT","@id":"https:\/\/bogensportdiscount.ch\/fr\/produit\/cold-steel-axt-frontier-55cm-635g\/#primaryimage","url":"https:\/\/bogensportdiscount.ch\/wp-content\/uploads\/2026\/04\/bogensportdiscount.ch-pfeile-boegen-zubehoer-fuer-anfaenger-und-profis-zum-besten-preis-Symbolbild-kein-foto-zu-diesem-artikel_01.jpg","contentUrl":"https:\/\/bogensportdiscount.ch\/wp-content\/uploads\/2026\/04\/bogensportdiscount.ch-pfeile-boegen-zubehoer-fuer-anfaenger-und-profis-zum-besten-preis-Symbolbild-kein-foto-zu-diesem-artikel_01.jpg","width":1080,"height":1080},{"@type":"BreadcrumbList","@id":"https:\/\/bogensportdiscount.ch\/fr\/produit\/cold-steel-axt-frontier-55cm-635g\/#breadcrumb","itemListElement":[{"@type":"ListItem","position":1,"name":"Home","item":"https:\/\/bogensportdiscount.ch\/"},{"@type":"ListItem","position":2,"name":"Shop","item":"https:\/\/bogensportdiscount.ch\/shop\/"},{"@type":"ListItem","position":3,"name":"COLD STEEL AXES &amp; HAWKS FRONTIER 55cm \/ 635gr"}]},{"@type":"WebSite","@id":"https:\/\/bogensportdiscount.ch\/#website","url":"https:\/\/bogensportdiscount.ch\/","name":"Bogensportdiscount","description":"","potentialAction":[{"@type":"SearchAction","target":{"@type":"EntryPoint","urlTemplate":"https:\/\/bogensportdiscount.ch\/?s={search_term_string}"},"query-input":{"@type":"PropertyValueSpecification","valueRequired":true,"valueName":"search_term_string"}}],"inLanguage":"it-IT"}]}},"_links":{"self":[{"href":"https:\/\/bogensportdiscount.ch\/it\/wp-json\/wp\/v2\/product\/392186","targetHints":{"allow":["GET"]}}],"collection":[{"href":"https:\/\/bogensportdiscount.ch\/it\/wp-json\/wp\/v2\/product"}],"about":[{"href":"https:\/\/bogensportdiscount.ch\/it\/wp-json\/wp\/v2\/types\/product"}],"replies":[{"embeddable":true,"href":"https:\/\/bogensportdiscount.ch\/it\/wp-json\/wp\/v2\/comments?post=392186"}],"wp:featuredmedia":[{"embeddable":true,"href":"https:\/\/bogensportdiscount.ch\/it\/wp-json\/wp\/v2\/media\/453631"}],"wp:attachment":[{"href":"https:\/\/bogensportdiscount.ch\/it\/wp-json\/wp\/v2\/media?parent=392186"}],"wp:term":[{"taxonomy":"product_brand","embeddable":true,"href":"https:\/\/bogensportdiscount.ch\/it\/wp-json\/wp\/v2\/product_brand?post=392186"},{"taxonomy":"product_cat","embeddable":true,"href":"https:\/\/bogensportdiscount.ch\/it\/wp-json\/wp\/v2\/product_cat?post=392186"},{"taxonomy":"product_tag","embeddable":true,"href":"https:\/\/bogensportdiscount.ch\/it\/wp-json\/wp\/v2\/product_tag?post=392186"}],"curies":[{"name":"wp","href":"https:\/\/api.w.org\/{rel}","templated":true}]}}