{"id":392182,"date":"2026-04-05T14:25:14","date_gmt":"2026-04-05T12:25:14","guid":{"rendered":"https:\/\/bogensportdiscount.ch\/produkt\/fivics-vwt200-weights-flat-dia-24mm-38grams\/"},"modified":"2026-04-17T19:12:29","modified_gmt":"2026-04-17T17:12:29","slug":"fivics-vwt200-gewichte-flach-24mm-38g","status":"publish","type":"product","link":"https:\/\/bogensportdiscount.ch\/it\/prodotto\/fivics-vwt200-gewichte-flach-24mm-38g\/","title":{"rendered":"FIVICS VWT200 PESI PIATTI - diametro 24mm \/ 38grammi"},"content":{"rendered":"<p>Die FIVICS VWT200 Flat Weights sind Zusatzgewichte f\u00fcr Bogenstabilisatoren und erm\u00f6glichen eine pr\u00e4zise Gewichtsanpassung des Stabilisatorsystems. Mit einem Durchmesser von 24 mm und einem Einzelgewicht von 38 Gramm lassen sie sich gezielt einsetzen, um Balance und Schwingungsverhalten des Bogens zu optimieren.<\/p>\n<p>Durch das flache Design k\u00f6nnen mehrere Gewichte platzsparend kombiniert werden, um das gew\u00fcnschte Gesamtgewicht stufenweise zu erreichen. Die Gewichte sind kompatibel mit Stabilisatoren, die einen entsprechenden 24-mm-Gewindeanschluss aufweisen.<\/p>\n<ul>\n<li>Durchmesser: 24 mm<\/li>\n<li>Gewicht: 38 Gramm pro St\u00fcck<\/li>\n<li>Flaches Design zur flexiblen Kombination<\/li>\n<li>Zur Feinabstimmung des Stabilisatorsystems<\/li>\n<\/ul>","protected":false},"excerpt":{"rendered":"<p><strong>Marchio:<\/strong> Fivics<br \/><strong>Farbe:<\/strong> Schwarz<br \/><strong>Tipo:<\/strong> Flat weight<br \/><strong>Weight (grams):<\/strong> 38<\/p>","protected":false},"featured_media":442664,"comment_status":"open","ping_status":"closed","template":"","meta":[],"product_brand":[429],"product_cat":[4199],"product_tag":[3546],"class_list":{"0":"post-392182","1":"product","2":"type-product","3":"status-publish","4":"has-post-thumbnail","6":"product_brand-fivics","7":"product_cat-gewichte-stabilisation","8":"product_tag-neuheit","10":"first","11":"instock","12":"shipping-taxable","13":"purchasable","14":"product-type-simple"},"_links":{"self":[{"href":"https:\/\/bogensportdiscount.ch\/it\/wp-json\/wp\/v2\/product\/392182","targetHints":{"allow":["GET"]}}],"collection":[{"href":"https:\/\/bogensportdiscount.ch\/it\/wp-json\/wp\/v2\/product"}],"about":[{"href":"https:\/\/bogensportdiscount.ch\/it\/wp-json\/wp\/v2\/types\/product"}],"replies":[{"embeddable":true,"href":"https:\/\/bogensportdiscount.ch\/it\/wp-json\/wp\/v2\/comments?post=392182"}],"wp:featuredmedia":[{"embeddable":true,"href":"https:\/\/bogensportdiscount.ch\/it\/wp-json\/wp\/v2\/media\/442664"}],"wp:attachment":[{"href":"https:\/\/bogensportdiscount.ch\/it\/wp-json\/wp\/v2\/media?parent=392182"}],"wp:term":[{"taxonomy":"product_brand","embeddable":true,"href":"https:\/\/bogensportdiscount.ch\/it\/wp-json\/wp\/v2\/product_brand?post=392182"},{"taxonomy":"product_cat","embeddable":true,"href":"https:\/\/bogensportdiscount.ch\/it\/wp-json\/wp\/v2\/product_cat?post=392182"},{"taxonomy":"product_tag","embeddable":true,"href":"https:\/\/bogensportdiscount.ch\/it\/wp-json\/wp\/v2\/product_tag?post=392182"}],"curies":[{"name":"wp","href":"https:\/\/api.w.org\/{rel}","templated":true}]}}