{"id":392178,"date":"2026-04-05T14:25:13","date_gmt":"2026-04-05T12:25:13","guid":{"rendered":"https:\/\/bogensportdiscount.ch\/produkt\/truglo-storm-g2-5-pin-019-rh-lh-incl-sight-light-black-hunting-3d-sight\/"},"modified":"2026-04-15T12:13:51","modified_gmt":"2026-04-15T10:13:51","slug":"truglo-jagd-3d-visier-storm-g2-5-pin-019-beidhaendig-schwarz","status":"publish","type":"product","link":"https:\/\/bogensportdiscount.ch\/it\/prodotto\/truglo-jagd-3d-visier-storm-g2-5-pin-019-beidhaendig-schwarz\/","title":{"rendered":"TRUGLO STORM G2 5 PIN .019\u2033 RH\/LH INCL. MIRINO NERO DA CACCIA E MIRINO 3D"},"content":{"rendered":"<p>Das TRUGLO Storm G2 ist ein 5-Pin Jagd- und 3D-Visier mit einer Pin-Gr\u00f6sse von .019&#8243; und Direct-Mount-Befestigung. Es ist f\u00fcr Links- und Rechtssch\u00fctzen geeignet und wird in Schwarz geliefert. Im Lieferumfang ist eine Visierbeleuchtung (Sight Light) enthalten.<\/p>\n<p>Dank der Direct-Mount-Konstruktion l\u00e4sst sich das Visier direkt am Bogen befestigen, ohne zus\u00e4tzliche Adaptoren. Die f\u00fcnf Pins erm\u00f6glichen eine flexible Entfernungseinstellung f\u00fcr Jagd- und 3D-Einsatz.<\/p>\n<ul>\n<li>5-Pin-Konfiguration f\u00fcr mehrere Entfernungen<\/li>\n<li>Pin-Gr\u00f6sse .019&#8243; f\u00fcr pr\u00e4zise Zielerfassung<\/li>\n<li>Geeignet f\u00fcr Links- und Rechtssch\u00fctzen<\/li>\n<li>Inklusive Visierbeleuchtung<\/li>\n<\/ul>","protected":false},"excerpt":{"rendered":"<table>\n<tr>\n<th>Propriet\u00e0<\/th>\n<th>Valore<\/th>\n<\/tr>\n<tr>\n<td>Marchio<\/td>\n<td>TRUGLO<\/td>\n<\/tr>\n<tr>\n<td>Modell<\/td>\n<td>Storm G2<\/td>\n<\/tr>\n<tr>\n<td>Mano<\/td>\n<td>Beidh\u00e4ndig (LH\/RH)<\/td>\n<\/tr>\n<tr>\n<td>Colore<\/td>\n<td>Schwarz<\/td>\n<\/tr>\n<tr>\n<td>Montagetyp<\/td>\n<td>Direct Mount<\/td>\n<\/tr>\n<tr>\n<td>Anzahl Pins<\/td>\n<td>5<\/td>\n<\/tr>\n<tr>\n<td>Pin-Gr\u00f6sse<\/td>\n<td>.019&#8243;<\/td>\n<\/tr>\n<\/table>","protected":false},"featured_media":442671,"comment_status":"open","ping_status":"closed","template":"","meta":[],"product_brand":[560],"product_cat":[4263],"product_tag":[3546],"class_list":{"0":"post-392178","1":"product","2":"type-product","3":"status-publish","4":"has-post-thumbnail","6":"product_brand-truglo","7":"product_cat-jagd-und-3d-visiere","8":"product_tag-neuheit","10":"first","11":"instock","12":"shipping-taxable","13":"purchasable","14":"product-type-simple"},"_links":{"self":[{"href":"https:\/\/bogensportdiscount.ch\/it\/wp-json\/wp\/v2\/product\/392178","targetHints":{"allow":["GET"]}}],"collection":[{"href":"https:\/\/bogensportdiscount.ch\/it\/wp-json\/wp\/v2\/product"}],"about":[{"href":"https:\/\/bogensportdiscount.ch\/it\/wp-json\/wp\/v2\/types\/product"}],"replies":[{"embeddable":true,"href":"https:\/\/bogensportdiscount.ch\/it\/wp-json\/wp\/v2\/comments?post=392178"}],"wp:featuredmedia":[{"embeddable":true,"href":"https:\/\/bogensportdiscount.ch\/it\/wp-json\/wp\/v2\/media\/442671"}],"wp:attachment":[{"href":"https:\/\/bogensportdiscount.ch\/it\/wp-json\/wp\/v2\/media?parent=392178"}],"wp:term":[{"taxonomy":"product_brand","embeddable":true,"href":"https:\/\/bogensportdiscount.ch\/it\/wp-json\/wp\/v2\/product_brand?post=392178"},{"taxonomy":"product_cat","embeddable":true,"href":"https:\/\/bogensportdiscount.ch\/it\/wp-json\/wp\/v2\/product_cat?post=392178"},{"taxonomy":"product_tag","embeddable":true,"href":"https:\/\/bogensportdiscount.ch\/it\/wp-json\/wp\/v2\/product_tag?post=392178"}],"curies":[{"name":"wp","href":"https:\/\/api.w.org\/{rel}","templated":true}]}}