{"id":392167,"date":"2026-04-05T14:25:10","date_gmt":"2026-04-05T12:25:10","guid":{"rendered":"https:\/\/bogensportdiscount.ch\/produkt\/apex-gear-doubledown-string-silencers-black-4-pack\/"},"modified":"2026-05-14T07:13:36","modified_gmt":"2026-05-14T05:13:36","slug":"apex-gear-sehnen-daempfer-doubledown-schwarz-4er-pack","status":"publish","type":"product","link":"https:\/\/bogensportdiscount.ch\/it\/prodotto\/apex-gear-sehnen-daempfer-doubledown-schwarz-4er-pack\/","title":{"rendered":"Bogensportdiscount \u2013 Archi, Frecce, Bersagli &amp; Accessori"},"content":{"rendered":"<p>Gli APEX GEAR Doubledown String Silencers sono ammortizzatori di corda che vengono montati sulla corda dell'arco per ridurre al minimo le vibrazioni e i rumori di tiro. Sono adatti alla maggior parte degli archi ricurvi e compound pi\u00f9 comuni.<\/p>\n<p>Il modello Doubledown si distingue per la sua struttura compatta e pu\u00f2 essere intrecciato facilmente nella corda. L'effetto ammortizzante pu\u00f2 rendere il tiro pi\u00f9 silenzioso e confortevole.<\/p>\n<ul>\n<li>4 ammortizzatori per set<\/li>\n<li>Colore: Nero<\/li>\n<li>Riduce le vibrazioni della corda e i rumori<\/li>\n<li>Montaggio semplice direttamente sulla corda dell'arco<\/li>\n<\/ul>","protected":false},"excerpt":{"rendered":"<table>\n<tr>\n<th>Propriet\u00e0<\/th>\n<th>Valore<\/th>\n<\/tr>\n<tr>\n<td>Marca<\/td>\n<td>Apex Gear<\/td>\n<\/tr>\n<tr>\n<td>Colore<\/td>\n<td>Nero<\/td>\n<\/tr>\n<tr>\n<td>Paese di origine<\/td>\n<td>USA<\/td>\n<\/tr>\n<tr>\n<td>GTIN<\/td>\n<td>788130017678<\/td>\n<\/tr>\n<\/table>","protected":false},"featured_media":442680,"comment_status":"open","ping_status":"closed","template":"","meta":[],"product_brand":[561],"product_cat":[4128,4195,4198],"product_tag":[3546],"class_list":{"0":"post-392167","1":"product","2":"type-product","3":"status-publish","4":"has-post-thumbnail","6":"product_brand-apexgear","7":"product_cat-bogen-zubehoer","8":"product_cat-daempfer","9":"product_cat-sehnen-daempfer","10":"product_tag-neuheit","11":"product_shipping_class-bsd-standard","13":"first","14":"instock","15":"shipping-taxable","16":"purchasable","17":"product-type-simple"},"yoast_head":"<!-- This site is optimized with the Yoast SEO plugin v27.6 - https:\/\/yoast.com\/product\/yoast-seo-wordpress\/ -->\n<title>APEX GEAR DOUBLEDOWN SEHNEN-D\u00c4MPFER \/ SCHWARZ \/ 4er PACK - Bogensportdiscount \u2013 B\u00f6gen, Pfeile, Targets &amp; Zubeh\u00f6r<\/title>\n<meta name=\"description\" content=\"APEX GEAR DOUBLEDOWN SEHNEN-D\u00c4MPFER \/ SCHWARZ \/ 4er PACK g\u00fcnstig kaufen bei Bogensportdiscount \u2013 Top-Marken, schneller Versand aus der Schweiz.\" \/>\n<meta name=\"robots\" content=\"index, follow, max-snippet:-1, max-image-preview:large, max-video-preview:-1\" \/>\n<link rel=\"canonical\" href=\"https:\/\/bogensportdiscount.ch\/it\/prodotto\/apex-gear-sehnen-daempfer-doubledown-schwarz-4er-pack\/\" \/>\n<meta property=\"og:locale\" content=\"it_IT\" \/>\n<meta property=\"og:type\" content=\"article\" \/>\n<meta property=\"og:title\" content=\"APEX GEAR DOUBLEDOWN SEHNEN-D\u00c4MPFER \/ SCHWARZ \/ 4er PACK - Bogensportdiscount \u2013 B\u00f6gen, Pfeile, Targets &amp; Zubeh\u00f6r\" \/>\n<meta property=\"og:description\" content=\"APEX GEAR DOUBLEDOWN SEHNEN-D\u00c4MPFER \/ SCHWARZ \/ 4er PACK g\u00fcnstig kaufen bei Bogensportdiscount \u2013 Top-Marken, schneller Versand aus der Schweiz.\" \/>\n<meta property=\"og:url\" content=\"https:\/\/bogensportdiscount.ch\/it\/prodotto\/apex-gear-sehnen-daempfer-doubledown-schwarz-4er-pack\/\" \/>\n<meta property=\"og:site_name\" content=\"Bogensportdiscount \u2013 B\u00f6gen, Pfeile, Targets &amp; Zubeh\u00f6r\" \/>\n<meta property=\"article:modified_time\" content=\"2026-05-14T05:13:36+00:00\" \/>\n<meta property=\"og:image\" content=\"https:\/\/bogensportdiscount.ch\/wp-content\/uploads\/bsm-images\/A033974_1.png\" \/>\n\t<meta property=\"og:image:width\" content=\"776\" \/>\n\t<meta property=\"og:image:height\" content=\"1172\" \/>\n\t<meta property=\"og:image:type\" content=\"image\/png\" \/>\n<meta name=\"twitter:card\" content=\"summary_large_image\" \/>\n<script type=\"application\/ld+json\" class=\"yoast-schema-graph\">{\"@context\":\"https:\\\/\\\/schema.org\",\"@graph\":[{\"@type\":\"WebPage\",\"@id\":\"https:\\\/\\\/bogensportdiscount.ch\\\/produkt\\\/apex-gear-sehnen-daempfer-doubledown-schwarz-4er-pack\\\/\",\"url\":\"https:\\\/\\\/bogensportdiscount.ch\\\/produkt\\\/apex-gear-sehnen-daempfer-doubledown-schwarz-4er-pack\\\/\",\"name\":\"APEX GEAR DOUBLEDOWN SEHNEN-D\u00c4MPFER \\\/ SCHWARZ \\\/ 4er PACK - Bogensportdiscount \u2013 B\u00f6gen, Pfeile, Targets &amp; Zubeh\u00f6r\",\"isPartOf\":{\"@id\":\"https:\\\/\\\/bogensportdiscount.ch\\\/#website\"},\"primaryImageOfPage\":{\"@id\":\"https:\\\/\\\/bogensportdiscount.ch\\\/produkt\\\/apex-gear-sehnen-daempfer-doubledown-schwarz-4er-pack\\\/#primaryimage\"},\"image\":{\"@id\":\"https:\\\/\\\/bogensportdiscount.ch\\\/produkt\\\/apex-gear-sehnen-daempfer-doubledown-schwarz-4er-pack\\\/#primaryimage\"},\"thumbnailUrl\":\"https:\\\/\\\/bogensportdiscount.ch\\\/wp-content\\\/uploads\\\/bsm-images\\\/A033974_1.png\",\"datePublished\":\"2026-04-05T12:25:10+00:00\",\"dateModified\":\"2026-05-14T05:13:36+00:00\",\"description\":\"APEX GEAR DOUBLEDOWN SEHNEN-D\u00c4MPFER \\\/ SCHWARZ \\\/ 4er PACK g\u00fcnstig kaufen bei Bogensportdiscount \u2013 Top-Marken, schneller Versand aus der Schweiz.\",\"breadcrumb\":{\"@id\":\"https:\\\/\\\/bogensportdiscount.ch\\\/produkt\\\/apex-gear-sehnen-daempfer-doubledown-schwarz-4er-pack\\\/#breadcrumb\"},\"inLanguage\":\"it-IT\",\"potentialAction\":[{\"@type\":\"ReadAction\",\"target\":[\"https:\\\/\\\/bogensportdiscount.ch\\\/produkt\\\/apex-gear-sehnen-daempfer-doubledown-schwarz-4er-pack\\\/\"]}]},{\"@type\":\"ImageObject\",\"inLanguage\":\"it-IT\",\"@id\":\"https:\\\/\\\/bogensportdiscount.ch\\\/produkt\\\/apex-gear-sehnen-daempfer-doubledown-schwarz-4er-pack\\\/#primaryimage\",\"url\":\"https:\\\/\\\/bogensportdiscount.ch\\\/wp-content\\\/uploads\\\/bsm-images\\\/A033974_1.png\",\"contentUrl\":\"https:\\\/\\\/bogensportdiscount.ch\\\/wp-content\\\/uploads\\\/bsm-images\\\/A033974_1.png\",\"width\":776,\"height\":1172},{\"@type\":\"BreadcrumbList\",\"@id\":\"https:\\\/\\\/bogensportdiscount.ch\\\/produkt\\\/apex-gear-sehnen-daempfer-doubledown-schwarz-4er-pack\\\/#breadcrumb\",\"itemListElement\":[{\"@type\":\"ListItem\",\"position\":1,\"name\":\"Home\",\"item\":\"https:\\\/\\\/bogensportdiscount.ch\\\/\"},{\"@type\":\"ListItem\",\"position\":2,\"name\":\"Shop\",\"item\":\"https:\\\/\\\/bogensportdiscount.ch\\\/shop\\\/\"},{\"@type\":\"ListItem\",\"position\":3,\"name\":\"APEX GEAR DOUBLEDOWN STRING SILENCERS \\\/ BLACK \\\/ 4 PACK\"}]},{\"@type\":\"WebSite\",\"@id\":\"https:\\\/\\\/bogensportdiscount.ch\\\/#website\",\"url\":\"https:\\\/\\\/bogensportdiscount.ch\\\/\",\"name\":\"Bogensportdiscount\",\"description\":\"\",\"potentialAction\":[{\"@type\":\"SearchAction\",\"target\":{\"@type\":\"EntryPoint\",\"urlTemplate\":\"https:\\\/\\\/bogensportdiscount.ch\\\/?s={search_term_string}\"},\"query-input\":{\"@type\":\"PropertyValueSpecification\",\"valueRequired\":true,\"valueName\":\"search_term_string\"}}],\"inLanguage\":\"it-IT\"}]}<\/script>\n<!-- \/ Yoast SEO plugin. -->","yoast_head_json":{"title":"APEX GEAR DOUBLEDOWN SEHNEN-D\u00c4MPFER \/ SCHWARZ \/ 4er PACK - Bogensportdiscount \u2013 B\u00f6gen, Pfeile, Targets &amp; Zubeh\u00f6r","description":"APEX GEAR DOUBLEDOWN SEHNEN-D\u00c4MPFER \/ SCHWARZ \/ 4er PACK g\u00fcnstig kaufen bei Bogensportdiscount \u2013 Top-Marken, schneller Versand aus der Schweiz.","robots":{"index":"index","follow":"follow","max-snippet":"max-snippet:-1","max-image-preview":"max-image-preview:large","max-video-preview":"max-video-preview:-1"},"canonical":"https:\/\/bogensportdiscount.ch\/it\/prodotto\/apex-gear-sehnen-daempfer-doubledown-schwarz-4er-pack\/","og_locale":"it_IT","og_type":"article","og_title":"APEX GEAR DOUBLEDOWN SEHNEN-D\u00c4MPFER \/ SCHWARZ \/ 4er PACK - Bogensportdiscount \u2013 B\u00f6gen, Pfeile, Targets &amp; Zubeh\u00f6r","og_description":"APEX GEAR DOUBLEDOWN SEHNEN-D\u00c4MPFER \/ SCHWARZ \/ 4er PACK g\u00fcnstig kaufen bei Bogensportdiscount \u2013 Top-Marken, schneller Versand aus der Schweiz.","og_url":"https:\/\/bogensportdiscount.ch\/it\/prodotto\/apex-gear-sehnen-daempfer-doubledown-schwarz-4er-pack\/","og_site_name":"Bogensportdiscount \u2013 B\u00f6gen, Pfeile, Targets &amp; Zubeh\u00f6r","article_modified_time":"2026-05-14T05:13:36+00:00","og_image":[{"width":776,"height":1172,"url":"https:\/\/bogensportdiscount.ch\/wp-content\/uploads\/bsm-images\/A033974_1.png","type":"image\/png"}],"twitter_card":"summary_large_image","schema":{"@context":"https:\/\/schema.org","@graph":[{"@type":"WebPage","@id":"https:\/\/bogensportdiscount.ch\/produkt\/apex-gear-sehnen-daempfer-doubledown-schwarz-4er-pack\/","url":"https:\/\/bogensportdiscount.ch\/produkt\/apex-gear-sehnen-daempfer-doubledown-schwarz-4er-pack\/","name":"APEX GEAR DOUBLEDOWN SEHNEN-D\u00c4MPFER \/ SCHWARZ \/ 4er PACK - Bogensportdiscount \u2013 B\u00f6gen, Pfeile, Targets &amp; Zubeh\u00f6r","isPartOf":{"@id":"https:\/\/bogensportdiscount.ch\/#website"},"primaryImageOfPage":{"@id":"https:\/\/bogensportdiscount.ch\/produkt\/apex-gear-sehnen-daempfer-doubledown-schwarz-4er-pack\/#primaryimage"},"image":{"@id":"https:\/\/bogensportdiscount.ch\/produkt\/apex-gear-sehnen-daempfer-doubledown-schwarz-4er-pack\/#primaryimage"},"thumbnailUrl":"https:\/\/bogensportdiscount.ch\/wp-content\/uploads\/bsm-images\/A033974_1.png","datePublished":"2026-04-05T12:25:10+00:00","dateModified":"2026-05-14T05:13:36+00:00","description":"APEX GEAR DOUBLEDOWN SEHNEN-D\u00c4MPFER \/ SCHWARZ \/ 4er PACK g\u00fcnstig kaufen bei Bogensportdiscount \u2013 Top-Marken, schneller Versand aus der Schweiz.","breadcrumb":{"@id":"https:\/\/bogensportdiscount.ch\/produkt\/apex-gear-sehnen-daempfer-doubledown-schwarz-4er-pack\/#breadcrumb"},"inLanguage":"it-IT","potentialAction":[{"@type":"ReadAction","target":["https:\/\/bogensportdiscount.ch\/produkt\/apex-gear-sehnen-daempfer-doubledown-schwarz-4er-pack\/"]}]},{"@type":"ImageObject","inLanguage":"it-IT","@id":"https:\/\/bogensportdiscount.ch\/produkt\/apex-gear-sehnen-daempfer-doubledown-schwarz-4er-pack\/#primaryimage","url":"https:\/\/bogensportdiscount.ch\/wp-content\/uploads\/bsm-images\/A033974_1.png","contentUrl":"https:\/\/bogensportdiscount.ch\/wp-content\/uploads\/bsm-images\/A033974_1.png","width":776,"height":1172},{"@type":"BreadcrumbList","@id":"https:\/\/bogensportdiscount.ch\/produkt\/apex-gear-sehnen-daempfer-doubledown-schwarz-4er-pack\/#breadcrumb","itemListElement":[{"@type":"ListItem","position":1,"name":"Home","item":"https:\/\/bogensportdiscount.ch\/"},{"@type":"ListItem","position":2,"name":"Shop","item":"https:\/\/bogensportdiscount.ch\/shop\/"},{"@type":"ListItem","position":3,"name":"APEX GEAR DOUBLEDOWN STRING SILENCERS \/ BLACK \/ 4 PACK"}]},{"@type":"WebSite","@id":"https:\/\/bogensportdiscount.ch\/#website","url":"https:\/\/bogensportdiscount.ch\/","name":"Bogensportdiscount","description":"","potentialAction":[{"@type":"SearchAction","target":{"@type":"EntryPoint","urlTemplate":"https:\/\/bogensportdiscount.ch\/?s={search_term_string}"},"query-input":{"@type":"PropertyValueSpecification","valueRequired":true,"valueName":"search_term_string"}}],"inLanguage":"it-IT"}]}},"_links":{"self":[{"href":"https:\/\/bogensportdiscount.ch\/it\/wp-json\/wp\/v2\/product\/392167","targetHints":{"allow":["GET"]}}],"collection":[{"href":"https:\/\/bogensportdiscount.ch\/it\/wp-json\/wp\/v2\/product"}],"about":[{"href":"https:\/\/bogensportdiscount.ch\/it\/wp-json\/wp\/v2\/types\/product"}],"replies":[{"embeddable":true,"href":"https:\/\/bogensportdiscount.ch\/it\/wp-json\/wp\/v2\/comments?post=392167"}],"wp:featuredmedia":[{"embeddable":true,"href":"https:\/\/bogensportdiscount.ch\/it\/wp-json\/wp\/v2\/media\/442680"}],"wp:attachment":[{"href":"https:\/\/bogensportdiscount.ch\/it\/wp-json\/wp\/v2\/media?parent=392167"}],"wp:term":[{"taxonomy":"product_brand","embeddable":true,"href":"https:\/\/bogensportdiscount.ch\/it\/wp-json\/wp\/v2\/product_brand?post=392167"},{"taxonomy":"product_cat","embeddable":true,"href":"https:\/\/bogensportdiscount.ch\/it\/wp-json\/wp\/v2\/product_cat?post=392167"},{"taxonomy":"product_tag","embeddable":true,"href":"https:\/\/bogensportdiscount.ch\/it\/wp-json\/wp\/v2\/product_tag?post=392167"}],"curies":[{"name":"wp","href":"https:\/\/api.w.org\/{rel}","templated":true}]}}