{"id":392113,"date":"2026-04-05T14:24:59","date_gmt":"2026-04-05T12:24:59","guid":{"rendered":"https:\/\/bogensportdiscount.ch\/produkt\/easton-aluminum-arrows-patriotic-flag-7-x-1-25-12-pk-wraps\/"},"modified":"2026-04-17T18:40:48","modified_gmt":"2026-04-17T16:40:48","slug":"easton-aluminium-pfeil-wraps-patriotic-flag-7-x-125-12er-pack","status":"publish","type":"product","link":"https:\/\/bogensportdiscount.ch\/it\/prodotto\/easton-aluminium-pfeil-wraps-patriotic-flag-7-x-125-12er-pack\/","title":{"rendered":"EASTON ALLUMINIO FRECCE BANDIERA PATRIOTTICA 7\u2033 X 1,25\u2033 12\/PK CONFEZIONI"},"content":{"rendered":"<p>Diese Easton Pfeil-Wraps im Patriotic Flag Design sind selbstklebende Folienstreifen, die auf den Pfeilschaft aufgebracht werden. Sie dienen als Untergrund f\u00fcr die Befiederung und erm\u00f6glichen gleichzeitig eine auff\u00e4llige, patriotisch gemusterte Gestaltung des Pfeils.<\/p>\n<p>Mit den Abmessungen 7&#8243; x 1.25&#8243; passen die Wraps zu g\u00e4ngigen Aluminium-Pfeilen und bieten eine saubere Klebefl\u00e4che f\u00fcr Federn oder Vanes. Das 12er-Pack reicht f\u00fcr eine vollst\u00e4ndige Befiederungs-Session aus.<\/p>\n<ul>\n<li>Mass: 7&#8243; x 1.25&#8243;<\/li>\n<li>Design: Patriotic Flag<\/li>\n<li>Geeignet f\u00fcr Aluminium-Pfeile<\/li>\n<li>Inhalt: 12 Wraps pro Packung<\/li>\n<\/ul>","protected":false},"excerpt":{"rendered":"<p><strong>Marchio:<\/strong> Easton<br \/><strong>Farbe:<\/strong> Altri<br \/><strong>Gr\u00f6\u00dfen:<\/strong> 17,78cm x3,175cm<br \/><strong>GTIN:<\/strong> 723560990542<\/p>","protected":false},"featured_media":453631,"comment_status":"open","ping_status":"closed","template":"","meta":[],"product_brand":[417],"product_cat":[4268],"product_tag":[3546],"class_list":{"0":"post-392113","1":"product","2":"type-product","3":"status-publish","4":"has-post-thumbnail","6":"product_brand-easton","7":"product_cat-wraps-vanes-nocks-wraps","8":"product_tag-neuheit","10":"first","11":"instock","12":"shipping-taxable","13":"purchasable","14":"product-type-simple"},"_links":{"self":[{"href":"https:\/\/bogensportdiscount.ch\/it\/wp-json\/wp\/v2\/product\/392113","targetHints":{"allow":["GET"]}}],"collection":[{"href":"https:\/\/bogensportdiscount.ch\/it\/wp-json\/wp\/v2\/product"}],"about":[{"href":"https:\/\/bogensportdiscount.ch\/it\/wp-json\/wp\/v2\/types\/product"}],"replies":[{"embeddable":true,"href":"https:\/\/bogensportdiscount.ch\/it\/wp-json\/wp\/v2\/comments?post=392113"}],"wp:featuredmedia":[{"embeddable":true,"href":"https:\/\/bogensportdiscount.ch\/it\/wp-json\/wp\/v2\/media\/453631"}],"wp:attachment":[{"href":"https:\/\/bogensportdiscount.ch\/it\/wp-json\/wp\/v2\/media?parent=392113"}],"wp:term":[{"taxonomy":"product_brand","embeddable":true,"href":"https:\/\/bogensportdiscount.ch\/it\/wp-json\/wp\/v2\/product_brand?post=392113"},{"taxonomy":"product_cat","embeddable":true,"href":"https:\/\/bogensportdiscount.ch\/it\/wp-json\/wp\/v2\/product_cat?post=392113"},{"taxonomy":"product_tag","embeddable":true,"href":"https:\/\/bogensportdiscount.ch\/it\/wp-json\/wp\/v2\/product_tag?post=392113"}],"curies":[{"name":"wp","href":"https:\/\/api.w.org\/{rel}","templated":true}]}}