{"id":392104,"date":"2026-04-05T14:24:57","date_gmt":"2026-04-05T12:24:57","guid":{"rendered":"https:\/\/bogensportdiscount.ch\/produkt\/decut-aco-sewing-motor-220-v-50-60-hz-6000rpm\/"},"modified":"2026-04-17T13:26:01","modified_gmt":"2026-04-17T11:26:01","slug":"decut-naehmotor-aco-220v-50-60hz-6000rpm","status":"publish","type":"product","link":"https:\/\/bogensportdiscount.ch\/it\/prodotto\/decut-naehmotor-aco-220v-50-60hz-6000rpm\/","title":{"rendered":"MOTORE PER CUCITO DECUT ACO 220 V 50\/60 HZ 6000RPM"},"content":{"rendered":"<p>Der DECUT ACO Sewing Motor ist ein Elektromotor f\u00fcr den Einsatz an 220V-Wechselstrom (50\/60Hz) mit einer Nenndrehzahl von 6000 Umdrehungen pro Minute. Er ist als Ersatz- oder Antriebsmotor f\u00fcr Pfeils\u00e4gen konzipiert und geh\u00f6rt zum Zubeh\u00f6rsortiment von DECUT im Bereich Pfeilwerkzeuge.<\/p>\n<p>Mit der kompakten Bauweise und der standardisierten Spannung eignet sich der Motor f\u00fcr den Einsatz in europ\u00e4ischen Werkstattsystemen. Er ist direkt auf kompatible DECUT-Pfeils\u00e4gen abgestimmt.<\/p>\n<ul>\n<li>Betriebsspannung: 220V \/ 50\u201360Hz<\/li>\n<li>Drehzahl: 6000 U\/min<\/li>\n<li>Kompatibel mit DECUT Pfeils\u00e4gen<\/li>\n<li>Ersatz- und Antriebsmotor f\u00fcr Pfeilwerkzeuge<\/li>\n<\/ul>","protected":false},"excerpt":{"rendered":"<p><strong>Marchio:<\/strong> Decut<\/p>","protected":false},"featured_media":446780,"comment_status":"open","ping_status":"closed","template":"","meta":[],"product_brand":[817],"product_cat":[4142],"product_tag":[3546],"class_list":{"0":"post-392104","1":"product","2":"type-product","3":"status-publish","4":"has-post-thumbnail","6":"product_brand-decut","7":"product_cat-arrow-saws-parts","8":"product_tag-neuheit","10":"first","11":"instock","12":"shipping-taxable","13":"purchasable","14":"product-type-simple"},"_links":{"self":[{"href":"https:\/\/bogensportdiscount.ch\/it\/wp-json\/wp\/v2\/product\/392104","targetHints":{"allow":["GET"]}}],"collection":[{"href":"https:\/\/bogensportdiscount.ch\/it\/wp-json\/wp\/v2\/product"}],"about":[{"href":"https:\/\/bogensportdiscount.ch\/it\/wp-json\/wp\/v2\/types\/product"}],"replies":[{"embeddable":true,"href":"https:\/\/bogensportdiscount.ch\/it\/wp-json\/wp\/v2\/comments?post=392104"}],"wp:featuredmedia":[{"embeddable":true,"href":"https:\/\/bogensportdiscount.ch\/it\/wp-json\/wp\/v2\/media\/446780"}],"wp:attachment":[{"href":"https:\/\/bogensportdiscount.ch\/it\/wp-json\/wp\/v2\/media?parent=392104"}],"wp:term":[{"taxonomy":"product_brand","embeddable":true,"href":"https:\/\/bogensportdiscount.ch\/it\/wp-json\/wp\/v2\/product_brand?post=392104"},{"taxonomy":"product_cat","embeddable":true,"href":"https:\/\/bogensportdiscount.ch\/it\/wp-json\/wp\/v2\/product_cat?post=392104"},{"taxonomy":"product_tag","embeddable":true,"href":"https:\/\/bogensportdiscount.ch\/it\/wp-json\/wp\/v2\/product_tag?post=392104"}],"curies":[{"name":"wp","href":"https:\/\/api.w.org\/{rel}","templated":true}]}}