{"id":392091,"date":"2026-04-05T14:24:54","date_gmt":"2026-04-05T12:24:54","guid":{"rendered":"https:\/\/bogensportdiscount.ch\/produkt\/mission-ballistic-blaze-module-kit-27-29-set\/"},"modified":"2026-04-15T12:13:45","modified_gmt":"2026-04-15T10:13:45","slug":"mission-compound-modul-set-ballistic-blaze-27-29","status":"publish","type":"product","link":"https:\/\/bogensportdiscount.ch\/it\/prodotto\/mission-compound-modul-set-ballistic-blaze-27-29\/","title":{"rendered":"MISSIONE BALISTICA E MODULO BLAZE KIT 27\u2033-29\u2033 SET"},"content":{"rendered":"<p>Dieses Modul-Set von MISSION ist kompatibel mit den Compoundb\u00f6gen Ballistic und Blaze. Es deckt einen Auszugsbereich von 27&#8243; bis 29&#8243; ab und erm\u00f6glicht die gezielte Anpassung des Bogens an die individuellen Masse des Sch\u00fctzen.<\/p>\n<p>Module sind zentrale Bauteile an den Nockenscheiben eines Compoundbogens und beeinflussen den einstellbaren Auszug. Der Austausch oder die Erg\u00e4nzung der Module ist ein g\u00e4ngiger Schritt beim Setup oder bei der Anpassung eines Compoundbogens.<\/p>\n<ul>\n<li>Kompatibel mit MISSION Ballistic und Blaze<\/li>\n<li>Auszugsbereich: 27&#8243; bis 29&#8243;<\/li>\n<li>Original MISSION Ersatzteil<\/li>\n<li>Einfache Montage an den Nockenscheiben<\/li>\n<\/ul>","protected":false},"excerpt":{"rendered":"<p><strong>Marchio:<\/strong> Mission<br \/><strong>Tipo:<\/strong> Module<\/p>","protected":false},"featured_media":453631,"comment_status":"open","ping_status":"closed","template":"","meta":[],"product_brand":[610],"product_cat":[4526],"product_tag":[3546],"class_list":{"0":"post-392091","1":"product","2":"type-product","3":"status-publish","4":"has-post-thumbnail","6":"product_brand-mission","7":"product_cat-einzelteile-fuer-compound-boegen-compound-boegen","8":"product_tag-neuheit","10":"first","11":"onbackorder","12":"shipping-taxable","13":"purchasable","14":"product-type-simple"},"_links":{"self":[{"href":"https:\/\/bogensportdiscount.ch\/it\/wp-json\/wp\/v2\/product\/392091","targetHints":{"allow":["GET"]}}],"collection":[{"href":"https:\/\/bogensportdiscount.ch\/it\/wp-json\/wp\/v2\/product"}],"about":[{"href":"https:\/\/bogensportdiscount.ch\/it\/wp-json\/wp\/v2\/types\/product"}],"replies":[{"embeddable":true,"href":"https:\/\/bogensportdiscount.ch\/it\/wp-json\/wp\/v2\/comments?post=392091"}],"wp:featuredmedia":[{"embeddable":true,"href":"https:\/\/bogensportdiscount.ch\/it\/wp-json\/wp\/v2\/media\/453631"}],"wp:attachment":[{"href":"https:\/\/bogensportdiscount.ch\/it\/wp-json\/wp\/v2\/media?parent=392091"}],"wp:term":[{"taxonomy":"product_brand","embeddable":true,"href":"https:\/\/bogensportdiscount.ch\/it\/wp-json\/wp\/v2\/product_brand?post=392091"},{"taxonomy":"product_cat","embeddable":true,"href":"https:\/\/bogensportdiscount.ch\/it\/wp-json\/wp\/v2\/product_cat?post=392091"},{"taxonomy":"product_tag","embeddable":true,"href":"https:\/\/bogensportdiscount.ch\/it\/wp-json\/wp\/v2\/product_tag?post=392091"}],"curies":[{"name":"wp","href":"https:\/\/api.w.org\/{rel}","templated":true}]}}