{"id":392080,"date":"2026-04-05T14:24:52","date_gmt":"2026-04-05T12:24:52","guid":{"rendered":"https:\/\/bogensportdiscount.ch\/produkt\/avalon-classic-fletching-jig-boxed-straight-clamp\/"},"modified":"2026-05-14T07:13:35","modified_gmt":"2026-05-14T05:13:35","slug":"avalon-befiederungsgeraet-classic-fletching-jig-straight-clamp","status":"publish","type":"product","link":"https:\/\/bogensportdiscount.ch\/it\/prodotto\/avalon-befiederungsgeraet-classic-fletching-jig-straight-clamp\/","title":{"rendered":"AVALON DISPOSITIVO PER IMPENNAGGIO CLASSIC BOXED STRAIGHT CLAMP"},"content":{"rendered":"<p>Compatibile con il sistema di stabilizzazione Aerodyn<\/p>\n<p>\/  AVALON CLASSIC BEFIEDERUNGSGERAET BOXED GERADE KLEMME<\/p>\n<ul>\n<li>Il jig per impennaggio AVALON Classic con morsetto dritto \u00e8 un dispositivo per impennaggio nel campo degli strumenti per frecce. Consente di incollare l'impennaggio in modo rettilineo sulle frecce, garantendo un allineamento uniforme delle penne o delle vanes.<\/li>\n<li>Il morsetto dritto (Straight Clamp) fissa in modo affidabile l'impennaggio nella posizione corretta durante l'operazione di incollaggio. Il dispositivo viene consegnato in set (Boxed) ed \u00e8 adatto agli arcieri che desiderano produrre o riallestire le proprie frecce.<\/li>\n<li>Adatto per l'autoimpennaggio delle frecce<\/li>\n<li>Consegnato completamente imballato (Boxed)<\/li>\n<\/ul>","protected":false},"excerpt":{"rendered":"<table>\n<tr>\n<th>Propriet\u00e0<\/th>\n<th>Valore<\/th>\n<\/tr>\n<tr>\n<td>Marca<\/td>\n<td>Avalon<\/td>\n<\/tr>\n<tr>\n<td>Tipo<\/td>\n<td>Fletching jig<\/td>\n<\/tr>\n<tr>\n<td>Paese di origine<\/td>\n<td>Cina<\/td>\n<\/tr>\n<tr>\n<td>GTIN<\/td>\n<td>6426003649673<\/td>\n<\/tr>\n<\/table>","protected":false},"featured_media":442728,"comment_status":"open","ping_status":"closed","template":"","meta":[],"product_brand":[449],"product_cat":[4121,4140,4141],"product_tag":[3546],"class_list":{"0":"post-392080","1":"product","2":"type-product","3":"status-publish","4":"has-post-thumbnail","6":"product_brand-avalon","7":"product_cat-werkzeuge-training","8":"product_cat-pfeilbau","9":"product_cat-befiederungsgeraete-einzelteile","10":"product_tag-neuheit","11":"product_shipping_class-bsd-standard","13":"first","14":"instock","15":"shipping-taxable","16":"purchasable","17":"product-type-simple"},"yoast_head":"<!-- This site is optimized with the Yoast SEO plugin v27.6 - https:\/\/yoast.com\/product\/yoast-seo-wordpress\/ -->\n<title>AVALON CLASSIC BEFIEDERUNGS-VORRICHTUNG BOXED STRAIGHT CLAMP - Bogensportdiscount \u2013 B\u00f6gen, Pfeile, Targets &amp; Zubeh\u00f6r<\/title>\n<meta name=\"description\" content=\"AVALON CLASSIC BEFIEDERUNGS-VORRICHTUNG BOXED STRAIGHT CLAMP g\u00fcnstig kaufen bei Bogensportdiscount \u2013 Top-Marken, schneller Versand aus der Schweiz.\" \/>\n<meta name=\"robots\" content=\"index, follow, max-snippet:-1, max-image-preview:large, max-video-preview:-1\" \/>\n<link rel=\"canonical\" href=\"https:\/\/bogensportdiscount.ch\/it\/prodotto\/avalon-befiederungsgeraet-classic-fletching-jig-straight-clamp\/\" \/>\n<meta property=\"og:locale\" content=\"it_IT\" \/>\n<meta property=\"og:type\" content=\"article\" \/>\n<meta property=\"og:title\" content=\"AVALON CLASSIC BEFIEDERUNGS-VORRICHTUNG BOXED STRAIGHT CLAMP - Bogensportdiscount \u2013 B\u00f6gen, Pfeile, Targets &amp; Zubeh\u00f6r\" \/>\n<meta property=\"og:description\" content=\"AVALON CLASSIC BEFIEDERUNGS-VORRICHTUNG BOXED STRAIGHT CLAMP g\u00fcnstig kaufen bei Bogensportdiscount \u2013 Top-Marken, schneller Versand aus der Schweiz.\" \/>\n<meta property=\"og:url\" content=\"https:\/\/bogensportdiscount.ch\/it\/prodotto\/avalon-befiederungsgeraet-classic-fletching-jig-straight-clamp\/\" \/>\n<meta property=\"og:site_name\" content=\"Bogensportdiscount \u2013 B\u00f6gen, Pfeile, Targets &amp; Zubeh\u00f6r\" \/>\n<meta property=\"article:modified_time\" content=\"2026-05-14T05:13:35+00:00\" \/>\n<meta property=\"og:image\" content=\"https:\/\/bogensportdiscount.ch\/wp-content\/uploads\/bsm-images\/A027073_1.png\" \/>\n\t<meta property=\"og:image:width\" content=\"3272\" \/>\n\t<meta property=\"og:image:height\" content=\"4083\" \/>\n\t<meta property=\"og:image:type\" content=\"image\/png\" \/>\n<meta name=\"twitter:card\" content=\"summary_large_image\" \/>\n<meta name=\"twitter:label1\" content=\"Tempo di lettura stimato\" \/>\n\t<meta name=\"twitter:data1\" content=\"1 minuto\" \/>\n<script type=\"application\/ld+json\" class=\"yoast-schema-graph\">{\"@context\":\"https:\\\/\\\/schema.org\",\"@graph\":[{\"@type\":\"WebPage\",\"@id\":\"https:\\\/\\\/bogensportdiscount.ch\\\/produkt\\\/avalon-befiederungsgeraet-classic-fletching-jig-straight-clamp\\\/\",\"url\":\"https:\\\/\\\/bogensportdiscount.ch\\\/produkt\\\/avalon-befiederungsgeraet-classic-fletching-jig-straight-clamp\\\/\",\"name\":\"AVALON CLASSIC BEFIEDERUNGS-VORRICHTUNG BOXED STRAIGHT CLAMP - Bogensportdiscount \u2013 B\u00f6gen, Pfeile, Targets &amp; Zubeh\u00f6r\",\"isPartOf\":{\"@id\":\"https:\\\/\\\/bogensportdiscount.ch\\\/#website\"},\"primaryImageOfPage\":{\"@id\":\"https:\\\/\\\/bogensportdiscount.ch\\\/produkt\\\/avalon-befiederungsgeraet-classic-fletching-jig-straight-clamp\\\/#primaryimage\"},\"image\":{\"@id\":\"https:\\\/\\\/bogensportdiscount.ch\\\/produkt\\\/avalon-befiederungsgeraet-classic-fletching-jig-straight-clamp\\\/#primaryimage\"},\"thumbnailUrl\":\"https:\\\/\\\/bogensportdiscount.ch\\\/wp-content\\\/uploads\\\/bsm-images\\\/A027073_1.png\",\"datePublished\":\"2026-04-05T12:24:52+00:00\",\"dateModified\":\"2026-05-14T05:13:35+00:00\",\"description\":\"AVALON CLASSIC BEFIEDERUNGS-VORRICHTUNG BOXED STRAIGHT CLAMP g\u00fcnstig kaufen bei Bogensportdiscount \u2013 Top-Marken, schneller Versand aus der Schweiz.\",\"breadcrumb\":{\"@id\":\"https:\\\/\\\/bogensportdiscount.ch\\\/produkt\\\/avalon-befiederungsgeraet-classic-fletching-jig-straight-clamp\\\/#breadcrumb\"},\"inLanguage\":\"it-IT\",\"potentialAction\":[{\"@type\":\"ReadAction\",\"target\":[\"https:\\\/\\\/bogensportdiscount.ch\\\/produkt\\\/avalon-befiederungsgeraet-classic-fletching-jig-straight-clamp\\\/\"]}]},{\"@type\":\"ImageObject\",\"inLanguage\":\"it-IT\",\"@id\":\"https:\\\/\\\/bogensportdiscount.ch\\\/produkt\\\/avalon-befiederungsgeraet-classic-fletching-jig-straight-clamp\\\/#primaryimage\",\"url\":\"https:\\\/\\\/bogensportdiscount.ch\\\/wp-content\\\/uploads\\\/bsm-images\\\/A027073_1.png\",\"contentUrl\":\"https:\\\/\\\/bogensportdiscount.ch\\\/wp-content\\\/uploads\\\/bsm-images\\\/A027073_1.png\",\"width\":2003,\"height\":2500},{\"@type\":\"BreadcrumbList\",\"@id\":\"https:\\\/\\\/bogensportdiscount.ch\\\/produkt\\\/avalon-befiederungsgeraet-classic-fletching-jig-straight-clamp\\\/#breadcrumb\",\"itemListElement\":[{\"@type\":\"ListItem\",\"position\":1,\"name\":\"Home\",\"item\":\"https:\\\/\\\/bogensportdiscount.ch\\\/\"},{\"@type\":\"ListItem\",\"position\":2,\"name\":\"Shop\",\"item\":\"https:\\\/\\\/bogensportdiscount.ch\\\/shop\\\/\"},{\"@type\":\"ListItem\",\"position\":3,\"name\":\"AVALON CLASSIC FLETCHING JIG BOXED STRAIGHT CLAMP\"}]},{\"@type\":\"WebSite\",\"@id\":\"https:\\\/\\\/bogensportdiscount.ch\\\/#website\",\"url\":\"https:\\\/\\\/bogensportdiscount.ch\\\/\",\"name\":\"Bogensportdiscount\",\"description\":\"\",\"potentialAction\":[{\"@type\":\"SearchAction\",\"target\":{\"@type\":\"EntryPoint\",\"urlTemplate\":\"https:\\\/\\\/bogensportdiscount.ch\\\/?s={search_term_string}\"},\"query-input\":{\"@type\":\"PropertyValueSpecification\",\"valueRequired\":true,\"valueName\":\"search_term_string\"}}],\"inLanguage\":\"it-IT\"}]}<\/script>\n<!-- \/ Yoast SEO plugin. -->","yoast_head_json":{"title":"AVALON CLASSIC BEFIEDERUNGS-VORRICHTUNG BOXED STRAIGHT CLAMP - Bogensportdiscount \u2013 B\u00f6gen, Pfeile, Targets &amp; Zubeh\u00f6r","description":"AVALON CLASSIC BEFIEDERUNGS-VORRICHTUNG BOXED STRAIGHT CLAMP g\u00fcnstig kaufen bei Bogensportdiscount \u2013 Top-Marken, schneller Versand aus der Schweiz.","robots":{"index":"index","follow":"follow","max-snippet":"max-snippet:-1","max-image-preview":"max-image-preview:large","max-video-preview":"max-video-preview:-1"},"canonical":"https:\/\/bogensportdiscount.ch\/it\/prodotto\/avalon-befiederungsgeraet-classic-fletching-jig-straight-clamp\/","og_locale":"it_IT","og_type":"article","og_title":"AVALON CLASSIC BEFIEDERUNGS-VORRICHTUNG BOXED STRAIGHT CLAMP - Bogensportdiscount \u2013 B\u00f6gen, Pfeile, Targets &amp; Zubeh\u00f6r","og_description":"AVALON CLASSIC BEFIEDERUNGS-VORRICHTUNG BOXED STRAIGHT CLAMP g\u00fcnstig kaufen bei Bogensportdiscount \u2013 Top-Marken, schneller Versand aus der Schweiz.","og_url":"https:\/\/bogensportdiscount.ch\/it\/prodotto\/avalon-befiederungsgeraet-classic-fletching-jig-straight-clamp\/","og_site_name":"Bogensportdiscount \u2013 B\u00f6gen, Pfeile, Targets &amp; Zubeh\u00f6r","article_modified_time":"2026-05-14T05:13:35+00:00","og_image":[{"url":"https:\/\/bogensportdiscount.ch\/wp-content\/uploads\/bsm-images\/A027073_1.png","width":3272,"height":4083,"type":"image\/png"}],"twitter_card":"summary_large_image","twitter_misc":{"Tempo di lettura stimato":"1 minuto"},"schema":{"@context":"https:\/\/schema.org","@graph":[{"@type":"WebPage","@id":"https:\/\/bogensportdiscount.ch\/produkt\/avalon-befiederungsgeraet-classic-fletching-jig-straight-clamp\/","url":"https:\/\/bogensportdiscount.ch\/produkt\/avalon-befiederungsgeraet-classic-fletching-jig-straight-clamp\/","name":"AVALON CLASSIC BEFIEDERUNGS-VORRICHTUNG BOXED STRAIGHT CLAMP - Bogensportdiscount \u2013 B\u00f6gen, Pfeile, Targets &amp; Zubeh\u00f6r","isPartOf":{"@id":"https:\/\/bogensportdiscount.ch\/#website"},"primaryImageOfPage":{"@id":"https:\/\/bogensportdiscount.ch\/produkt\/avalon-befiederungsgeraet-classic-fletching-jig-straight-clamp\/#primaryimage"},"image":{"@id":"https:\/\/bogensportdiscount.ch\/produkt\/avalon-befiederungsgeraet-classic-fletching-jig-straight-clamp\/#primaryimage"},"thumbnailUrl":"https:\/\/bogensportdiscount.ch\/wp-content\/uploads\/bsm-images\/A027073_1.png","datePublished":"2026-04-05T12:24:52+00:00","dateModified":"2026-05-14T05:13:35+00:00","description":"AVALON CLASSIC BEFIEDERUNGS-VORRICHTUNG BOXED STRAIGHT CLAMP g\u00fcnstig kaufen bei Bogensportdiscount \u2013 Top-Marken, schneller Versand aus der Schweiz.","breadcrumb":{"@id":"https:\/\/bogensportdiscount.ch\/produkt\/avalon-befiederungsgeraet-classic-fletching-jig-straight-clamp\/#breadcrumb"},"inLanguage":"it-IT","potentialAction":[{"@type":"ReadAction","target":["https:\/\/bogensportdiscount.ch\/produkt\/avalon-befiederungsgeraet-classic-fletching-jig-straight-clamp\/"]}]},{"@type":"ImageObject","inLanguage":"it-IT","@id":"https:\/\/bogensportdiscount.ch\/produkt\/avalon-befiederungsgeraet-classic-fletching-jig-straight-clamp\/#primaryimage","url":"https:\/\/bogensportdiscount.ch\/wp-content\/uploads\/bsm-images\/A027073_1.png","contentUrl":"https:\/\/bogensportdiscount.ch\/wp-content\/uploads\/bsm-images\/A027073_1.png","width":2003,"height":2500},{"@type":"BreadcrumbList","@id":"https:\/\/bogensportdiscount.ch\/produkt\/avalon-befiederungsgeraet-classic-fletching-jig-straight-clamp\/#breadcrumb","itemListElement":[{"@type":"ListItem","position":1,"name":"Home","item":"https:\/\/bogensportdiscount.ch\/"},{"@type":"ListItem","position":2,"name":"Shop","item":"https:\/\/bogensportdiscount.ch\/shop\/"},{"@type":"ListItem","position":3,"name":"AVALON CLASSIC FLETCHING JIG BOXED STRAIGHT CLAMP"}]},{"@type":"WebSite","@id":"https:\/\/bogensportdiscount.ch\/#website","url":"https:\/\/bogensportdiscount.ch\/","name":"Bogensportdiscount","description":"","potentialAction":[{"@type":"SearchAction","target":{"@type":"EntryPoint","urlTemplate":"https:\/\/bogensportdiscount.ch\/?s={search_term_string}"},"query-input":{"@type":"PropertyValueSpecification","valueRequired":true,"valueName":"search_term_string"}}],"inLanguage":"it-IT"}]}},"_links":{"self":[{"href":"https:\/\/bogensportdiscount.ch\/it\/wp-json\/wp\/v2\/product\/392080","targetHints":{"allow":["GET"]}}],"collection":[{"href":"https:\/\/bogensportdiscount.ch\/it\/wp-json\/wp\/v2\/product"}],"about":[{"href":"https:\/\/bogensportdiscount.ch\/it\/wp-json\/wp\/v2\/types\/product"}],"replies":[{"embeddable":true,"href":"https:\/\/bogensportdiscount.ch\/it\/wp-json\/wp\/v2\/comments?post=392080"}],"wp:featuredmedia":[{"embeddable":true,"href":"https:\/\/bogensportdiscount.ch\/it\/wp-json\/wp\/v2\/media\/442728"}],"wp:attachment":[{"href":"https:\/\/bogensportdiscount.ch\/it\/wp-json\/wp\/v2\/media?parent=392080"}],"wp:term":[{"taxonomy":"product_brand","embeddable":true,"href":"https:\/\/bogensportdiscount.ch\/it\/wp-json\/wp\/v2\/product_brand?post=392080"},{"taxonomy":"product_cat","embeddable":true,"href":"https:\/\/bogensportdiscount.ch\/it\/wp-json\/wp\/v2\/product_cat?post=392080"},{"taxonomy":"product_tag","embeddable":true,"href":"https:\/\/bogensportdiscount.ch\/it\/wp-json\/wp\/v2\/product_tag?post=392080"}],"curies":[{"name":"wp","href":"https:\/\/api.w.org\/{rel}","templated":true}]}}