{"id":392077,"date":"2026-04-05T14:24:52","date_gmt":"2026-04-05T12:24:52","guid":{"rendered":"https:\/\/bogensportdiscount.ch\/produkt\/extenders-mybo-universal-extender-4\/"},"modified":"2026-04-15T12:13:44","modified_gmt":"2026-04-15T10:13:44","slug":"mybo-extender-universal-4","status":"publish","type":"product","link":"https:\/\/bogensportdiscount.ch\/it\/prodotto\/mybo-extender-universal-4\/","title":{"rendered":"ESTENSORI ESTENSORE UNIVERSALE MYBO 4"},"content":{"rendered":"<p>Der MYBO Universal Extender 4 geh\u00f6rt zur Kategorie der Bogenstabilisator-Zubeh\u00f6rteile und dient zur Verbindung und Ausrichtung von Stabilisatorelementen am Bogen. Extender dieser Art werden eingesetzt, um Seitenstabilisatoren oder V-Bar-Systeme in einem gew\u00fcnschten Winkel und Abstand zum Bogengriff zu positionieren.<\/p>\n<p>Durch die universelle Auslegung des Extenders ist eine breite Kompatibilit\u00e4t mit verschiedenen Stabilisatorsystemen gegeben. Das Modell eignet sich sowohl f\u00fcr den Trainings- als auch f\u00fcr den Wettkampfeinsatz im Recurve- und Compound-Bereich.<\/p>\n<ul>\n<li>Universell einsetzbar f\u00fcr verschiedene Stabilisatorsysteme<\/li>\n<li>Geeignet f\u00fcr Seiten- und V-Bar-Montagen<\/li>\n<li>F\u00fcr Training und Wettkampf geeignet<\/li>\n<li>Von MYBO, einem etablierten Hersteller im Bogensport<\/li>\n<\/ul>","protected":false},"excerpt":{"rendered":"<p><strong>Marchio:<\/strong> Mybo<br \/><strong>Farbe:<\/strong> Schwarz<br \/><strong>Gr\u00f6\u00dfen:<\/strong> 4&quot;<br \/><strong>L\u00e4nge (Zoll):<\/strong> 4<br \/><strong>GTIN:<\/strong> 718238<\/p>","protected":false},"featured_media":442726,"comment_status":"open","ping_status":"closed","template":"","meta":[],"product_brand":[430],"product_cat":[4264],"product_tag":[3546],"class_list":{"0":"post-392077","1":"product","2":"type-product","3":"status-publish","4":"has-post-thumbnail","6":"product_brand-mybo","7":"product_cat-extender-stabilisation","8":"product_tag-neuheit","10":"first","11":"instock","12":"shipping-taxable","13":"purchasable","14":"product-type-simple"},"_links":{"self":[{"href":"https:\/\/bogensportdiscount.ch\/it\/wp-json\/wp\/v2\/product\/392077","targetHints":{"allow":["GET"]}}],"collection":[{"href":"https:\/\/bogensportdiscount.ch\/it\/wp-json\/wp\/v2\/product"}],"about":[{"href":"https:\/\/bogensportdiscount.ch\/it\/wp-json\/wp\/v2\/types\/product"}],"replies":[{"embeddable":true,"href":"https:\/\/bogensportdiscount.ch\/it\/wp-json\/wp\/v2\/comments?post=392077"}],"wp:featuredmedia":[{"embeddable":true,"href":"https:\/\/bogensportdiscount.ch\/it\/wp-json\/wp\/v2\/media\/442726"}],"wp:attachment":[{"href":"https:\/\/bogensportdiscount.ch\/it\/wp-json\/wp\/v2\/media?parent=392077"}],"wp:term":[{"taxonomy":"product_brand","embeddable":true,"href":"https:\/\/bogensportdiscount.ch\/it\/wp-json\/wp\/v2\/product_brand?post=392077"},{"taxonomy":"product_cat","embeddable":true,"href":"https:\/\/bogensportdiscount.ch\/it\/wp-json\/wp\/v2\/product_cat?post=392077"},{"taxonomy":"product_tag","embeddable":true,"href":"https:\/\/bogensportdiscount.ch\/it\/wp-json\/wp\/v2\/product_tag?post=392077"}],"curies":[{"name":"wp","href":"https:\/\/api.w.org\/{rel}","templated":true}]}}