{"id":392064,"date":"2026-04-05T14:24:49","date_gmt":"2026-04-05T12:24:49","guid":{"rendered":"https:\/\/bogensportdiscount.ch\/produkt\/axcel-achieve-sight-scale-magnifier-wide-gray-sight-part\/"},"modified":"2026-04-20T12:47:23","modified_gmt":"2026-04-20T10:47:23","slug":"axcel-compound-visier-teil-achieve-sight-scale-magnifier-wide-grau","status":"publish","type":"product","link":"https:\/\/bogensportdiscount.ch\/it\/prodotto\/axcel-compound-visier-teil-achieve-sight-scale-magnifier-wide-grau\/","title":{"rendered":"AXCEL ACHIEVE VISIER SCALE MAGNIFIER WIDE GRAU VISIERTEIL"},"content":{"rendered":"<p>Der AXCEL Achieve Sight Scale Magnifier Wide in Grau ist ein Ersatz- und Zubeh\u00f6rteil speziell f\u00fcr das AXCEL Achieve Compound-Visier. Die breite Ausf\u00fchrung des Skalenverg\u00f6sserungseinsatzes erleichtert das pr\u00e4zise Ablesen der Einstellskala am Visier.<\/p>\n<p>Das Teil ist direkt auf das Achieve-Visiersystem abgestimmt und erm\u00f6glicht einen einfachen Austausch oder die Erg\u00e4nzung des bestehenden Setups. Geeignet f\u00fcr Bogensch\u00fctzen, die ihre Ausr\u00fcstung gezielt warten oder aufr\u00fcsten m\u00f6chten.<\/p>\n<ul>\n<li>Passend f\u00fcr das AXCEL Achieve Visier<\/li>\n<li>Breite Ausf\u00fchrung (Wide) f\u00fcr bessere Ablesbarkeit<\/li>\n<li>Colore: Grigio<\/li>\n<li>Ricambio originale AXCEL<\/li>\n<\/ul>","protected":false},"excerpt":{"rendered":"<p><strong>Marchio:<\/strong> Axcel<br \/><strong>GTIN:<\/strong> 611254029435<\/p>","protected":false},"featured_media":453631,"comment_status":"open","ping_status":"closed","template":"","meta":[],"product_brand":[467],"product_cat":[4258],"product_tag":[3546],"class_list":{"0":"post-392064","1":"product","2":"type-product","3":"status-publish","4":"has-post-thumbnail","6":"product_brand-axcel","7":"product_cat-einzelteile-fuer-compound-visier","8":"product_tag-neuheit","10":"first","11":"onbackorder","12":"shipping-taxable","13":"purchasable","14":"product-type-simple"},"yoast_head":"<!-- This site is optimized with the Yoast SEO plugin v27.4 - https:\/\/yoast.com\/product\/yoast-seo-wordpress\/ -->\n<title>AXCEL ACHIEVE VISIER SCALE MAGNIFIER WIDE GRIGIO - Bogensportdiscount \u2013 Archi, frecce, bersagli e accessori<\/title>\n<meta name=\"description\" content=\"AXCEL ACHIEVE VISIER SCALE MAGNIFIER WIDE GRAU VISIERTEIL: acquista a un prezzo conveniente su Bogensportdiscount \u2013 Le migliori marche, spedizione veloce dalla Svizzera.\" \/>\n<meta name=\"robots\" content=\"noindex, follow, max-snippet:-1, max-image-preview:large, max-video-preview:-1\" \/>\n<meta property=\"og:locale\" content=\"it_IT\" \/>\n<meta property=\"og:type\" content=\"article\" \/>\n<meta property=\"og:title\" content=\"AXCEL ACHIEVE VISIER SCALE MAGNIFIER WIDE GRIGIO - Bogensportdiscount \u2013 Archi, frecce, bersagli e accessori\" \/>\n<meta property=\"og:description\" content=\"AXCEL ACHIEVE VISIER SCALE MAGNIFIER WIDE GRAU VISIERTEIL: acquista a un prezzo conveniente su Bogensportdiscount \u2013 Le migliori marche, spedizione veloce dalla Svizzera.\" \/>\n<meta property=\"og:url\" content=\"https:\/\/bogensportdiscount.ch\/it\/produit\/axcel-compound-visier-teil-achieve-sight-scale-magnifier-wide-grau\/\" \/>\n<meta property=\"og:site_name\" content=\"Bogensportdiscount \u2013 B\u00f6gen, Pfeile, Targets &amp; Zubeh\u00f6r\" \/>\n<meta property=\"article:modified_time\" content=\"2026-04-20T10:47:23+00:00\" \/>\n<meta property=\"og:image\" content=\"https:\/\/bogensportdiscount.ch\/wp-content\/uploads\/bsm-images\/A026144_1.png\" \/>\n\t<meta property=\"og:image:width\" content=\"1216\" \/>\n\t<meta property=\"og:image:height\" content=\"712\" \/>\n\t<meta property=\"og:image:type\" content=\"image\/png\" \/>\n<meta name=\"twitter:card\" content=\"summary_large_image\" \/>\n<script type=\"application\/ld+json\" class=\"yoast-schema-graph\">{\"@context\":\"https:\\\/\\\/schema.org\",\"@graph\":[{\"@type\":\"WebPage\",\"@id\":\"https:\\\/\\\/bogensportdiscount.ch\\\/fr\\\/produit\\\/axcel-compound-visier-teil-achieve-sight-scale-magnifier-wide-grau\\\/\",\"url\":\"https:\\\/\\\/bogensportdiscount.ch\\\/fr\\\/produit\\\/axcel-compound-visier-teil-achieve-sight-scale-magnifier-wide-grau\\\/\",\"name\":\"AXCEL ACHIEVE VISIER SCALE MAGNIFIER WIDE GRAU VISIERTEIL - Bogensportdiscount \u2013 B\u00f6gen, Pfeile, Targets &amp; Zubeh\u00f6r\",\"isPartOf\":{\"@id\":\"https:\\\/\\\/bogensportdiscount.ch\\\/#website\"},\"primaryImageOfPage\":{\"@id\":\"https:\\\/\\\/bogensportdiscount.ch\\\/fr\\\/produit\\\/axcel-compound-visier-teil-achieve-sight-scale-magnifier-wide-grau\\\/#primaryimage\"},\"image\":{\"@id\":\"https:\\\/\\\/bogensportdiscount.ch\\\/fr\\\/produit\\\/axcel-compound-visier-teil-achieve-sight-scale-magnifier-wide-grau\\\/#primaryimage\"},\"thumbnailUrl\":\"https:\\\/\\\/bogensportdiscount.ch\\\/wp-content\\\/uploads\\\/2026\\\/04\\\/bogensportdiscount.ch-pfeile-boegen-zubehoer-fuer-anfaenger-und-profis-zum-besten-preis-Symbolbild-kein-foto-zu-diesem-artikel_01.jpg\",\"datePublished\":\"2026-04-05T12:24:49+00:00\",\"dateModified\":\"2026-04-20T10:47:23+00:00\",\"description\":\"AXCEL ACHIEVE VISIER SCALE MAGNIFIER WIDE GRAU VISIERTEIL g\u00fcnstig kaufen bei Bogensportdiscount \u2013 Top-Marken, schneller Versand aus der Schweiz.\",\"breadcrumb\":{\"@id\":\"https:\\\/\\\/bogensportdiscount.ch\\\/fr\\\/produit\\\/axcel-compound-visier-teil-achieve-sight-scale-magnifier-wide-grau\\\/#breadcrumb\"},\"inLanguage\":\"it-IT\",\"potentialAction\":[{\"@type\":\"ReadAction\",\"target\":[\"https:\\\/\\\/bogensportdiscount.ch\\\/fr\\\/produit\\\/axcel-compound-visier-teil-achieve-sight-scale-magnifier-wide-grau\\\/\"]}]},{\"@type\":\"ImageObject\",\"inLanguage\":\"it-IT\",\"@id\":\"https:\\\/\\\/bogensportdiscount.ch\\\/fr\\\/produit\\\/axcel-compound-visier-teil-achieve-sight-scale-magnifier-wide-grau\\\/#primaryimage\",\"url\":\"https:\\\/\\\/bogensportdiscount.ch\\\/wp-content\\\/uploads\\\/2026\\\/04\\\/bogensportdiscount.ch-pfeile-boegen-zubehoer-fuer-anfaenger-und-profis-zum-besten-preis-Symbolbild-kein-foto-zu-diesem-artikel_01.jpg\",\"contentUrl\":\"https:\\\/\\\/bogensportdiscount.ch\\\/wp-content\\\/uploads\\\/2026\\\/04\\\/bogensportdiscount.ch-pfeile-boegen-zubehoer-fuer-anfaenger-und-profis-zum-besten-preis-Symbolbild-kein-foto-zu-diesem-artikel_01.jpg\",\"width\":1080,\"height\":1080},{\"@type\":\"BreadcrumbList\",\"@id\":\"https:\\\/\\\/bogensportdiscount.ch\\\/fr\\\/produit\\\/axcel-compound-visier-teil-achieve-sight-scale-magnifier-wide-grau\\\/#breadcrumb\",\"itemListElement\":[{\"@type\":\"ListItem\",\"position\":1,\"name\":\"Home\",\"item\":\"https:\\\/\\\/bogensportdiscount.ch\\\/\"},{\"@type\":\"ListItem\",\"position\":2,\"name\":\"Shop\",\"item\":\"https:\\\/\\\/bogensportdiscount.ch\\\/shop\\\/\"},{\"@type\":\"ListItem\",\"position\":3,\"name\":\"AXCEL ACHIEVE VISIER SCALE MAGNIFIER WIDE GRAU VISIERTEIL\"}]},{\"@type\":\"WebSite\",\"@id\":\"https:\\\/\\\/bogensportdiscount.ch\\\/#website\",\"url\":\"https:\\\/\\\/bogensportdiscount.ch\\\/\",\"name\":\"Bogensportdiscount\",\"description\":\"\",\"potentialAction\":[{\"@type\":\"SearchAction\",\"target\":{\"@type\":\"EntryPoint\",\"urlTemplate\":\"https:\\\/\\\/bogensportdiscount.ch\\\/?s={search_term_string}\"},\"query-input\":{\"@type\":\"PropertyValueSpecification\",\"valueRequired\":true,\"valueName\":\"search_term_string\"}}],\"inLanguage\":\"it-IT\"}]}<\/script>\n<!-- \/ Yoast SEO plugin. -->","yoast_head_json":{"title":"AXCEL ACHIEVE VISIER SCALE MAGNIFIER WIDE GRIGIO - Bogensportdiscount \u2013 Archi, frecce, bersagli e accessori","description":"AXCEL ACHIEVE VISIER SCALE MAGNIFIER WIDE GRAU VISIERTEIL: acquista a un prezzo conveniente su Bogensportdiscount \u2013 Le migliori marche, spedizione veloce dalla Svizzera.","robots":{"index":"noindex","follow":"follow","max-snippet":"max-snippet:-1","max-image-preview":"max-image-preview:large","max-video-preview":"max-video-preview:-1"},"og_locale":"it_IT","og_type":"article","og_title":"AXCEL ACHIEVE VISIER SCALE MAGNIFIER WIDE GRIGIO - Bogensportdiscount \u2013 Archi, frecce, bersagli e accessori","og_description":"AXCEL ACHIEVE VISIER SCALE MAGNIFIER WIDE GRAU VISIERTEIL: acquista a un prezzo conveniente su Bogensportdiscount \u2013 Le migliori marche, spedizione veloce dalla Svizzera.","og_url":"https:\/\/bogensportdiscount.ch\/it\/produit\/axcel-compound-visier-teil-achieve-sight-scale-magnifier-wide-grau\/","og_site_name":"Bogensportdiscount \u2013 B\u00f6gen, Pfeile, Targets &amp; Zubeh\u00f6r","article_modified_time":"2026-04-20T10:47:23+00:00","og_image":[{"width":1216,"height":712,"url":"https:\/\/bogensportdiscount.ch\/wp-content\/uploads\/bsm-images\/A026144_1.png","type":"image\/png"}],"twitter_card":"summary_large_image","schema":{"@context":"https:\/\/schema.org","@graph":[{"@type":"WebPage","@id":"https:\/\/bogensportdiscount.ch\/fr\/produit\/axcel-compound-visier-teil-achieve-sight-scale-magnifier-wide-grau\/","url":"https:\/\/bogensportdiscount.ch\/fr\/produit\/axcel-compound-visier-teil-achieve-sight-scale-magnifier-wide-grau\/","name":"AXCEL ACHIEVE VISIER SCALE MAGNIFIER WIDE GRIGIO - Bogensportdiscount \u2013 Archi, frecce, bersagli e accessori","isPartOf":{"@id":"https:\/\/bogensportdiscount.ch\/#website"},"primaryImageOfPage":{"@id":"https:\/\/bogensportdiscount.ch\/fr\/produit\/axcel-compound-visier-teil-achieve-sight-scale-magnifier-wide-grau\/#primaryimage"},"image":{"@id":"https:\/\/bogensportdiscount.ch\/fr\/produit\/axcel-compound-visier-teil-achieve-sight-scale-magnifier-wide-grau\/#primaryimage"},"thumbnailUrl":"https:\/\/bogensportdiscount.ch\/wp-content\/uploads\/2026\/04\/bogensportdiscount.ch-pfeile-boegen-zubehoer-fuer-anfaenger-und-profis-zum-besten-preis-Symbolbild-kein-foto-zu-diesem-artikel_01.jpg","datePublished":"2026-04-05T12:24:49+00:00","dateModified":"2026-04-20T10:47:23+00:00","description":"AXCEL ACHIEVE VISIER SCALE MAGNIFIER WIDE GRAU VISIERTEIL: acquista a un prezzo conveniente su Bogensportdiscount \u2013 Le migliori marche, spedizione veloce dalla Svizzera.","breadcrumb":{"@id":"https:\/\/bogensportdiscount.ch\/fr\/produit\/axcel-compound-visier-teil-achieve-sight-scale-magnifier-wide-grau\/#breadcrumb"},"inLanguage":"it-IT","potentialAction":[{"@type":"ReadAction","target":["https:\/\/bogensportdiscount.ch\/fr\/produit\/axcel-compound-visier-teil-achieve-sight-scale-magnifier-wide-grau\/"]}]},{"@type":"ImageObject","inLanguage":"it-IT","@id":"https:\/\/bogensportdiscount.ch\/fr\/produit\/axcel-compound-visier-teil-achieve-sight-scale-magnifier-wide-grau\/#primaryimage","url":"https:\/\/bogensportdiscount.ch\/wp-content\/uploads\/2026\/04\/bogensportdiscount.ch-pfeile-boegen-zubehoer-fuer-anfaenger-und-profis-zum-besten-preis-Symbolbild-kein-foto-zu-diesem-artikel_01.jpg","contentUrl":"https:\/\/bogensportdiscount.ch\/wp-content\/uploads\/2026\/04\/bogensportdiscount.ch-pfeile-boegen-zubehoer-fuer-anfaenger-und-profis-zum-besten-preis-Symbolbild-kein-foto-zu-diesem-artikel_01.jpg","width":1080,"height":1080},{"@type":"BreadcrumbList","@id":"https:\/\/bogensportdiscount.ch\/fr\/produit\/axcel-compound-visier-teil-achieve-sight-scale-magnifier-wide-grau\/#breadcrumb","itemListElement":[{"@type":"ListItem","position":1,"name":"Home","item":"https:\/\/bogensportdiscount.ch\/"},{"@type":"ListItem","position":2,"name":"Shop","item":"https:\/\/bogensportdiscount.ch\/shop\/"},{"@type":"ListItem","position":3,"name":"AXCEL ACHIEVE VISIER SCALE MAGNIFIER WIDE GRAU VISIERTEIL"}]},{"@type":"WebSite","@id":"https:\/\/bogensportdiscount.ch\/#website","url":"https:\/\/bogensportdiscount.ch\/","name":"Bogensportdiscount","description":"","potentialAction":[{"@type":"SearchAction","target":{"@type":"EntryPoint","urlTemplate":"https:\/\/bogensportdiscount.ch\/?s={search_term_string}"},"query-input":{"@type":"PropertyValueSpecification","valueRequired":true,"valueName":"search_term_string"}}],"inLanguage":"it-IT"}]}},"_links":{"self":[{"href":"https:\/\/bogensportdiscount.ch\/it\/wp-json\/wp\/v2\/product\/392064","targetHints":{"allow":["GET"]}}],"collection":[{"href":"https:\/\/bogensportdiscount.ch\/it\/wp-json\/wp\/v2\/product"}],"about":[{"href":"https:\/\/bogensportdiscount.ch\/it\/wp-json\/wp\/v2\/types\/product"}],"replies":[{"embeddable":true,"href":"https:\/\/bogensportdiscount.ch\/it\/wp-json\/wp\/v2\/comments?post=392064"}],"wp:featuredmedia":[{"embeddable":true,"href":"https:\/\/bogensportdiscount.ch\/it\/wp-json\/wp\/v2\/media\/453631"}],"wp:attachment":[{"href":"https:\/\/bogensportdiscount.ch\/it\/wp-json\/wp\/v2\/media?parent=392064"}],"wp:term":[{"taxonomy":"product_brand","embeddable":true,"href":"https:\/\/bogensportdiscount.ch\/it\/wp-json\/wp\/v2\/product_brand?post=392064"},{"taxonomy":"product_cat","embeddable":true,"href":"https:\/\/bogensportdiscount.ch\/it\/wp-json\/wp\/v2\/product_cat?post=392064"},{"taxonomy":"product_tag","embeddable":true,"href":"https:\/\/bogensportdiscount.ch\/it\/wp-json\/wp\/v2\/product_tag?post=392064"}],"curies":[{"name":"wp","href":"https:\/\/api.w.org\/{rel}","templated":true}]}}