{"id":392020,"date":"2026-04-05T14:24:40","date_gmt":"2026-04-05T12:24:40","guid":{"rendered":"https:\/\/bogensportdiscount.ch\/produkt\/excalibur-crossbow-bags-poncho-fits-all-matrix-micro\/"},"modified":"2026-05-14T07:13:34","modified_gmt":"2026-05-14T05:13:34","slug":"excalibur-armbrust-tasche-poncho-matrix-micro","status":"publish","type":"product","link":"https:\/\/bogensportdiscount.ch\/it\/prodotto\/excalibur-armbrust-tasche-poncho-matrix-micro\/","title":{"rendered":"EXCALIBUR BORSE PER BALESTRA PONCHO \u2013 ADATTA A TUTTE LE MATRIX\/MICRO"},"content":{"rendered":"<p>\/  EXCALIBUR ARMBRUST TASCHEN PONCHO &#8211; PASST ALLE MATRIX\/MICRO<\/p>\n<p>Il poncho per balestra EXCALIBUR \u00e8 una pratica custodia protettiva sviluppata appositamente per le balestre delle serie Matrix e Micro di EXCALIBUR. Offre una protezione affidabile contro pioggia, polvere e altri agenti atmosferici durante l'utilizzo o il trasporto.<\/p>\n<ul>\n<li>Grazie alla vestibilit\u00e0 universale, il poncho si adatta a tutti i modelli Matrix e Micro pi\u00f9 comuni di EXCALIBUR senza necessit\u00e0 di adattamenti.<\/li>\n<li>Protezione dalle intemperie<\/li>\n<li>Utilizzo semplice<\/li>\n<li>Adatto a tutte le balestre EXCALIBUR Matrix e Micro<\/li>\n<\/ul>","protected":false},"excerpt":{"rendered":"<table>\n<tr>\n<th>Propriet\u00e0<\/th>\n<th>Valore<\/th>\n<\/tr>\n<tr>\n<td>Marca<\/td>\n<td>Excalibur<\/td>\n<\/tr>\n<tr>\n<td>Colore<\/td>\n<td>Nero<\/td>\n<\/tr>\n<tr>\n<td>Paese di origine<\/td>\n<td>Canada<\/td>\n<\/tr>\n<tr>\n<td>GTIN<\/td>\n<td>626192019578<\/td>\n<\/tr>\n<\/table>","protected":false},"featured_media":447981,"comment_status":"open","ping_status":"closed","template":"","meta":[],"product_brand":[804],"product_cat":[4135,4373,27449],"product_tag":[3546],"class_list":{"0":"post-392020","1":"product","2":"type-product","3":"status-publish","4":"has-post-thumbnail","6":"product_brand-excalibur","7":"product_cat-armbrust-zubehoer","8":"product_cat-armbrueste-taschen","9":"product_cat-taschen-koffer-armbrust-zubehoer-2","10":"product_tag-neuheit","11":"product_shipping_class-bsd-standard","13":"first","14":"instock","15":"shipping-taxable","16":"purchasable","17":"product-type-simple"},"yoast_head":"<!-- This site is optimized with the Yoast SEO plugin v27.6 - https:\/\/yoast.com\/product\/yoast-seo-wordpress\/ -->\n<title>PONCHO DA TRASPORTO PER BALESTRA EXCALIBUR - ADATTO A TUTTI I MODELLI MATRIX\/MICRO - Bogensportdiscount \u2013 Archi, frecce, bersagli e accessori<\/title>\n<meta name=\"description\" content=\"PONCHO DA TRASPORTO PER BALESTRA EXCALIBUR - ADATTO A TUTTI I MODELLI MATRIX\/MICRO: acquista a un prezzo conveniente su Bogensportdiscount \u2013 Le migliori marche, spedizione veloce dalla Svizzera.\" \/>\n<meta name=\"robots\" content=\"index, follow, max-snippet:-1, max-image-preview:large, max-video-preview:-1\" \/>\n<link rel=\"canonical\" href=\"https:\/\/bogensportdiscount.ch\/it\/prodotto\/excalibur-armbrust-tasche-poncho-matrix-micro\/\" \/>\n<meta property=\"og:locale\" content=\"it_IT\" \/>\n<meta property=\"og:type\" content=\"article\" \/>\n<meta property=\"og:title\" content=\"PONCHO DA TRASPORTO PER BALESTRA EXCALIBUR - ADATTO A TUTTI I MODELLI MATRIX\/MICRO - Bogensportdiscount \u2013 Archi, frecce, bersagli e accessori\" \/>\n<meta property=\"og:description\" content=\"PONCHO DA TRASPORTO PER BALESTRA EXCALIBUR - ADATTO A TUTTI I MODELLI MATRIX\/MICRO: acquista a un prezzo conveniente su Bogensportdiscount \u2013 Le migliori marche, spedizione veloce dalla Svizzera.\" \/>\n<meta property=\"og:url\" content=\"https:\/\/bogensportdiscount.ch\/it\/prodotto\/excalibur-armbrust-tasche-poncho-matrix-micro\/\" \/>\n<meta property=\"og:site_name\" content=\"Bogensportdiscount \u2013 B\u00f6gen, Pfeile, Targets &amp; Zubeh\u00f6r\" \/>\n<meta property=\"article:modified_time\" content=\"2026-05-14T05:13:34+00:00\" \/>\n<meta property=\"og:image\" content=\"https:\/\/bogensportdiscount.ch\/wp-content\/uploads\/bsm-images\/A024559_1.png\" \/>\n\t<meta property=\"og:image:width\" content=\"1200\" \/>\n\t<meta property=\"og:image:height\" content=\"800\" \/>\n\t<meta property=\"og:image:type\" content=\"image\/png\" \/>\n<meta name=\"twitter:card\" content=\"summary_large_image\" \/>\n<script type=\"application\/ld+json\" class=\"yoast-schema-graph\">{\"@context\":\"https:\\\/\\\/schema.org\",\"@graph\":[{\"@type\":\"WebPage\",\"@id\":\"https:\\\/\\\/bogensportdiscount.ch\\\/produkt\\\/excalibur-armbrust-tasche-poncho-matrix-micro\\\/\",\"url\":\"https:\\\/\\\/bogensportdiscount.ch\\\/produkt\\\/excalibur-armbrust-tasche-poncho-matrix-micro\\\/\",\"name\":\"EXCALIBUR ARMBRUST TASCHEN PONCHO - PASST ALLE MATRIX\\\/MICRO - Bogensportdiscount \u2013 B\u00f6gen, Pfeile, Targets &amp; Zubeh\u00f6r\",\"isPartOf\":{\"@id\":\"https:\\\/\\\/bogensportdiscount.ch\\\/#website\"},\"primaryImageOfPage\":{\"@id\":\"https:\\\/\\\/bogensportdiscount.ch\\\/produkt\\\/excalibur-armbrust-tasche-poncho-matrix-micro\\\/#primaryimage\"},\"image\":{\"@id\":\"https:\\\/\\\/bogensportdiscount.ch\\\/produkt\\\/excalibur-armbrust-tasche-poncho-matrix-micro\\\/#primaryimage\"},\"thumbnailUrl\":\"https:\\\/\\\/bogensportdiscount.ch\\\/wp-content\\\/uploads\\\/bsm-images\\\/A024559_1.png\",\"datePublished\":\"2026-04-05T12:24:40+00:00\",\"dateModified\":\"2026-05-14T05:13:34+00:00\",\"description\":\"EXCALIBUR ARMBRUST TASCHEN PONCHO - PASST ALLE MATRIX\\\/MICRO g\u00fcnstig kaufen bei Bogensportdiscount \u2013 Top-Marken, schneller Versand aus der Schweiz.\",\"breadcrumb\":{\"@id\":\"https:\\\/\\\/bogensportdiscount.ch\\\/produkt\\\/excalibur-armbrust-tasche-poncho-matrix-micro\\\/#breadcrumb\"},\"inLanguage\":\"it-IT\",\"potentialAction\":[{\"@type\":\"ReadAction\",\"target\":[\"https:\\\/\\\/bogensportdiscount.ch\\\/produkt\\\/excalibur-armbrust-tasche-poncho-matrix-micro\\\/\"]}]},{\"@type\":\"ImageObject\",\"inLanguage\":\"it-IT\",\"@id\":\"https:\\\/\\\/bogensportdiscount.ch\\\/produkt\\\/excalibur-armbrust-tasche-poncho-matrix-micro\\\/#primaryimage\",\"url\":\"https:\\\/\\\/bogensportdiscount.ch\\\/wp-content\\\/uploads\\\/bsm-images\\\/A024559_1.png\",\"contentUrl\":\"https:\\\/\\\/bogensportdiscount.ch\\\/wp-content\\\/uploads\\\/bsm-images\\\/A024559_1.png\",\"width\":1200,\"height\":800},{\"@type\":\"BreadcrumbList\",\"@id\":\"https:\\\/\\\/bogensportdiscount.ch\\\/produkt\\\/excalibur-armbrust-tasche-poncho-matrix-micro\\\/#breadcrumb\",\"itemListElement\":[{\"@type\":\"ListItem\",\"position\":1,\"name\":\"Home\",\"item\":\"https:\\\/\\\/bogensportdiscount.ch\\\/\"},{\"@type\":\"ListItem\",\"position\":2,\"name\":\"Shop\",\"item\":\"https:\\\/\\\/bogensportdiscount.ch\\\/shop\\\/\"},{\"@type\":\"ListItem\",\"position\":3,\"name\":\"EXCALIBUR CROSSBOW BAGS PONCHO &#8211; FITS ALL MATRIX\\\/MICRO\"}]},{\"@type\":\"WebSite\",\"@id\":\"https:\\\/\\\/bogensportdiscount.ch\\\/#website\",\"url\":\"https:\\\/\\\/bogensportdiscount.ch\\\/\",\"name\":\"Bogensportdiscount\",\"description\":\"\",\"potentialAction\":[{\"@type\":\"SearchAction\",\"target\":{\"@type\":\"EntryPoint\",\"urlTemplate\":\"https:\\\/\\\/bogensportdiscount.ch\\\/?s={search_term_string}\"},\"query-input\":{\"@type\":\"PropertyValueSpecification\",\"valueRequired\":true,\"valueName\":\"search_term_string\"}}],\"inLanguage\":\"it-IT\"}]}<\/script>\n<!-- \/ Yoast SEO plugin. -->","yoast_head_json":{"title":"PONCHO DA TRASPORTO PER BALESTRA EXCALIBUR - ADATTO A TUTTI I MODELLI MATRIX\/MICRO - Bogensportdiscount \u2013 Archi, frecce, bersagli e accessori","description":"PONCHO DA TRASPORTO PER BALESTRA EXCALIBUR - ADATTO A TUTTI I MODELLI MATRIX\/MICRO: acquista a un prezzo conveniente su Bogensportdiscount \u2013 Le migliori marche, spedizione veloce dalla Svizzera.","robots":{"index":"index","follow":"follow","max-snippet":"max-snippet:-1","max-image-preview":"max-image-preview:large","max-video-preview":"max-video-preview:-1"},"canonical":"https:\/\/bogensportdiscount.ch\/it\/prodotto\/excalibur-armbrust-tasche-poncho-matrix-micro\/","og_locale":"it_IT","og_type":"article","og_title":"PONCHO DA TRASPORTO PER BALESTRA EXCALIBUR - ADATTO A TUTTI I MODELLI MATRIX\/MICRO - Bogensportdiscount \u2013 Archi, frecce, bersagli e accessori","og_description":"PONCHO DA TRASPORTO PER BALESTRA EXCALIBUR - ADATTO A TUTTI I MODELLI MATRIX\/MICRO: acquista a un prezzo conveniente su Bogensportdiscount \u2013 Le migliori marche, spedizione veloce dalla Svizzera.","og_url":"https:\/\/bogensportdiscount.ch\/it\/prodotto\/excalibur-armbrust-tasche-poncho-matrix-micro\/","og_site_name":"Bogensportdiscount \u2013 B\u00f6gen, Pfeile, Targets &amp; Zubeh\u00f6r","article_modified_time":"2026-05-14T05:13:34+00:00","og_image":[{"width":1200,"height":800,"url":"https:\/\/bogensportdiscount.ch\/wp-content\/uploads\/bsm-images\/A024559_1.png","type":"image\/png"}],"twitter_card":"summary_large_image","schema":{"@context":"https:\/\/schema.org","@graph":[{"@type":"WebPage","@id":"https:\/\/bogensportdiscount.ch\/produkt\/excalibur-armbrust-tasche-poncho-matrix-micro\/","url":"https:\/\/bogensportdiscount.ch\/produkt\/excalibur-armbrust-tasche-poncho-matrix-micro\/","name":"PONCHO DA TRASPORTO PER BALESTRA EXCALIBUR - ADATTO A TUTTI I MODELLI MATRIX\/MICRO - Bogensportdiscount \u2013 Archi, frecce, bersagli e accessori","isPartOf":{"@id":"https:\/\/bogensportdiscount.ch\/#website"},"primaryImageOfPage":{"@id":"https:\/\/bogensportdiscount.ch\/produkt\/excalibur-armbrust-tasche-poncho-matrix-micro\/#primaryimage"},"image":{"@id":"https:\/\/bogensportdiscount.ch\/produkt\/excalibur-armbrust-tasche-poncho-matrix-micro\/#primaryimage"},"thumbnailUrl":"https:\/\/bogensportdiscount.ch\/wp-content\/uploads\/bsm-images\/A024559_1.png","datePublished":"2026-04-05T12:24:40+00:00","dateModified":"2026-05-14T05:13:34+00:00","description":"PONCHO DA TRASPORTO PER BALESTRA EXCALIBUR - ADATTO A TUTTI I MODELLI MATRIX\/MICRO: acquista a un prezzo conveniente su Bogensportdiscount \u2013 Le migliori marche, spedizione veloce dalla Svizzera.","breadcrumb":{"@id":"https:\/\/bogensportdiscount.ch\/produkt\/excalibur-armbrust-tasche-poncho-matrix-micro\/#breadcrumb"},"inLanguage":"it-IT","potentialAction":[{"@type":"ReadAction","target":["https:\/\/bogensportdiscount.ch\/produkt\/excalibur-armbrust-tasche-poncho-matrix-micro\/"]}]},{"@type":"ImageObject","inLanguage":"it-IT","@id":"https:\/\/bogensportdiscount.ch\/produkt\/excalibur-armbrust-tasche-poncho-matrix-micro\/#primaryimage","url":"https:\/\/bogensportdiscount.ch\/wp-content\/uploads\/bsm-images\/A024559_1.png","contentUrl":"https:\/\/bogensportdiscount.ch\/wp-content\/uploads\/bsm-images\/A024559_1.png","width":1200,"height":800},{"@type":"BreadcrumbList","@id":"https:\/\/bogensportdiscount.ch\/produkt\/excalibur-armbrust-tasche-poncho-matrix-micro\/#breadcrumb","itemListElement":[{"@type":"ListItem","position":1,"name":"Home","item":"https:\/\/bogensportdiscount.ch\/"},{"@type":"ListItem","position":2,"name":"Shop","item":"https:\/\/bogensportdiscount.ch\/shop\/"},{"@type":"ListItem","position":3,"name":"EXCALIBUR CROSSBOW BAGS PONCHO &#8211; FITS ALL MATRIX\/MICRO"}]},{"@type":"WebSite","@id":"https:\/\/bogensportdiscount.ch\/#website","url":"https:\/\/bogensportdiscount.ch\/","name":"Bogensportdiscount","description":"","potentialAction":[{"@type":"SearchAction","target":{"@type":"EntryPoint","urlTemplate":"https:\/\/bogensportdiscount.ch\/?s={search_term_string}"},"query-input":{"@type":"PropertyValueSpecification","valueRequired":true,"valueName":"search_term_string"}}],"inLanguage":"it-IT"}]}},"_links":{"self":[{"href":"https:\/\/bogensportdiscount.ch\/it\/wp-json\/wp\/v2\/product\/392020","targetHints":{"allow":["GET"]}}],"collection":[{"href":"https:\/\/bogensportdiscount.ch\/it\/wp-json\/wp\/v2\/product"}],"about":[{"href":"https:\/\/bogensportdiscount.ch\/it\/wp-json\/wp\/v2\/types\/product"}],"replies":[{"embeddable":true,"href":"https:\/\/bogensportdiscount.ch\/it\/wp-json\/wp\/v2\/comments?post=392020"}],"wp:featuredmedia":[{"embeddable":true,"href":"https:\/\/bogensportdiscount.ch\/it\/wp-json\/wp\/v2\/media\/447981"}],"wp:attachment":[{"href":"https:\/\/bogensportdiscount.ch\/it\/wp-json\/wp\/v2\/media?parent=392020"}],"wp:term":[{"taxonomy":"product_brand","embeddable":true,"href":"https:\/\/bogensportdiscount.ch\/it\/wp-json\/wp\/v2\/product_brand?post=392020"},{"taxonomy":"product_cat","embeddable":true,"href":"https:\/\/bogensportdiscount.ch\/it\/wp-json\/wp\/v2\/product_cat?post=392020"},{"taxonomy":"product_tag","embeddable":true,"href":"https:\/\/bogensportdiscount.ch\/it\/wp-json\/wp\/v2\/product_tag?post=392020"}],"curies":[{"name":"wp","href":"https:\/\/api.w.org\/{rel}","templated":true}]}}