{"id":392018,"date":"2026-04-05T14:24:40","date_gmt":"2026-04-05T12:24:40","guid":{"rendered":"https:\/\/bogensportdiscount.ch\/produkt\/avalon-tab-parts-screw-set-for-tectab\/"},"modified":"2026-04-16T12:19:04","modified_gmt":"2026-04-16T10:19:04","slug":"avalon-tab-teile-schraubenset-fuer-tectab","status":"publish","type":"product","link":"https:\/\/bogensportdiscount.ch\/it\/prodotto\/avalon-tab-teile-schraubenset-fuer-tectab\/","title":{"rendered":"SET DI VITI PER TECTAB AVALON TAB PARTS"},"content":{"rendered":"<p>Das AVALON Schraubenset ist ein Ersatzteilset, das speziell f\u00fcr den AVALON Tectab entwickelt wurde. Es enth\u00e4lt die notwendigen Schrauben, um besch\u00e4digte oder verlorene Befestigungselemente am Tab auszutauschen und die Funktionsf\u00e4higkeit des Schiesshandschuhs zu erhalten.<\/p>\n<p>Solche Ersatzteile sind praktisch, um den Tectab langfristig in gutem Zustand zu halten, ohne den gesamten Tab ersetzen zu m\u00fcssen. Das Set ist einfach zu montieren und erm\u00f6glicht eine schnelle Reparatur.<\/p>\n<ul>\n<li>Speziell f\u00fcr den AVALON Tectab<\/li>\n<li>Ersetzt besch\u00e4digte oder verlorene Schrauben<\/li>\n<li>Verl\u00e4ngert die Lebensdauer des Tabs<\/li>\n<li>Einfache Montage<\/li>\n<\/ul>","protected":false},"excerpt":{"rendered":"<p><strong>Marchio:<\/strong> Avalon<br \/><strong>Tipo:<\/strong> Screws<br \/><strong>GTIN:<\/strong> 6426005344354<\/p>","protected":false},"featured_media":446858,"comment_status":"open","ping_status":"closed","template":"","meta":[],"product_brand":[449],"product_cat":[4252],"product_tag":[3546],"class_list":{"0":"post-392018","1":"product","2":"type-product","3":"status-publish","4":"has-post-thumbnail","6":"product_brand-avalon","7":"product_cat-einzelteile-fuer-finger-tabs","8":"product_tag-neuheit","10":"first","11":"instock","12":"shipping-taxable","13":"purchasable","14":"product-type-simple"},"_links":{"self":[{"href":"https:\/\/bogensportdiscount.ch\/it\/wp-json\/wp\/v2\/product\/392018","targetHints":{"allow":["GET"]}}],"collection":[{"href":"https:\/\/bogensportdiscount.ch\/it\/wp-json\/wp\/v2\/product"}],"about":[{"href":"https:\/\/bogensportdiscount.ch\/it\/wp-json\/wp\/v2\/types\/product"}],"replies":[{"embeddable":true,"href":"https:\/\/bogensportdiscount.ch\/it\/wp-json\/wp\/v2\/comments?post=392018"}],"wp:featuredmedia":[{"embeddable":true,"href":"https:\/\/bogensportdiscount.ch\/it\/wp-json\/wp\/v2\/media\/446858"}],"wp:attachment":[{"href":"https:\/\/bogensportdiscount.ch\/it\/wp-json\/wp\/v2\/media?parent=392018"}],"wp:term":[{"taxonomy":"product_brand","embeddable":true,"href":"https:\/\/bogensportdiscount.ch\/it\/wp-json\/wp\/v2\/product_brand?post=392018"},{"taxonomy":"product_cat","embeddable":true,"href":"https:\/\/bogensportdiscount.ch\/it\/wp-json\/wp\/v2\/product_cat?post=392018"},{"taxonomy":"product_tag","embeddable":true,"href":"https:\/\/bogensportdiscount.ch\/it\/wp-json\/wp\/v2\/product_tag?post=392018"}],"curies":[{"name":"wp","href":"https:\/\/api.w.org\/{rel}","templated":true}]}}