{"id":392005,"date":"2026-04-05T14:24:37","date_gmt":"2026-04-05T12:24:37","guid":{"rendered":"https:\/\/bogensportdiscount.ch\/produkt\/viper-1-3-4-black-scope-housing\/"},"modified":"2026-04-15T12:13:40","modified_gmt":"2026-04-15T10:13:40","slug":"viper-compound-scope-gehaeuse-1-34-zoll-schwarz","status":"publish","type":"product","link":"https:\/\/bogensportdiscount.ch\/it\/prodotto\/viper-compound-scope-gehaeuse-1-34-zoll-schwarz\/","title":{"rendered":"VIPER 1 3\/4\u2033 ALLOGGIAMENTO DEL CANNOCCHIALE NERO"},"content":{"rendered":"<p>Das VIPER Compound-Scope-Geh\u00e4use mit 1 3\/4 Zoll (ca. 44 mm) Innendurchmesser in Schwarz ist f\u00fcr den Einsatz an Compound-B\u00f6gen ausgelegt. Es dient als Aufnahme f\u00fcr Scope-Linsen und sch\u00fctzt diese vor mechanischen Einfl\u00fcssen beim Schiessen.<\/p>\n<p>Die schwarze Ausf\u00fchrung reduziert unerw\u00fcnschte Lichtreflexe und passt sich unauff\u00e4llig in typische Compound-Setups ein. Das Geh\u00e4use ist Teil des VIPER Visiersystems und l\u00e4sst sich mit kompatiblen Linsen und Visiereinheiten kombinieren.<\/p>\n<ul>\n<li>Innendurchmesser: 1 3\/4 Zoll<\/li>\n<li>Farbe: Schwarz<\/li>\n<li>Geeignet f\u00fcr Compound-B\u00f6gen<\/li>\n<li>Kompatibel mit g\u00e4ngigen Scope-Linsen<\/li>\n<\/ul>","protected":false},"excerpt":{"rendered":"<p><strong>Marchio:<\/strong> Viper<br \/><strong>LH\/RH:<\/strong> Beidh\u00e4ndig<br \/><strong>Farbe:<\/strong> Schwarz<br \/><strong>Diameter (mm):<\/strong> 41<br \/><strong>GTIN:<\/strong> 813062016236<\/p>","protected":false},"featured_media":442782,"comment_status":"open","ping_status":"closed","template":"","meta":[],"product_brand":[566],"product_cat":[4246],"product_tag":[3546],"class_list":{"0":"post-392005","1":"product","2":"type-product","3":"status-publish","4":"has-post-thumbnail","6":"product_brand-viper","7":"product_cat-gehaeuse-compound-scope","8":"product_tag-neuheit","10":"first","11":"instock","12":"shipping-taxable","13":"purchasable","14":"product-type-simple"},"_links":{"self":[{"href":"https:\/\/bogensportdiscount.ch\/it\/wp-json\/wp\/v2\/product\/392005","targetHints":{"allow":["GET"]}}],"collection":[{"href":"https:\/\/bogensportdiscount.ch\/it\/wp-json\/wp\/v2\/product"}],"about":[{"href":"https:\/\/bogensportdiscount.ch\/it\/wp-json\/wp\/v2\/types\/product"}],"replies":[{"embeddable":true,"href":"https:\/\/bogensportdiscount.ch\/it\/wp-json\/wp\/v2\/comments?post=392005"}],"wp:featuredmedia":[{"embeddable":true,"href":"https:\/\/bogensportdiscount.ch\/it\/wp-json\/wp\/v2\/media\/442782"}],"wp:attachment":[{"href":"https:\/\/bogensportdiscount.ch\/it\/wp-json\/wp\/v2\/media?parent=392005"}],"wp:term":[{"taxonomy":"product_brand","embeddable":true,"href":"https:\/\/bogensportdiscount.ch\/it\/wp-json\/wp\/v2\/product_brand?post=392005"},{"taxonomy":"product_cat","embeddable":true,"href":"https:\/\/bogensportdiscount.ch\/it\/wp-json\/wp\/v2\/product_cat?post=392005"},{"taxonomy":"product_tag","embeddable":true,"href":"https:\/\/bogensportdiscount.ch\/it\/wp-json\/wp\/v2\/product_tag?post=392005"}],"curies":[{"name":"wp","href":"https:\/\/api.w.org\/{rel}","templated":true}]}}