{"id":392003,"date":"2026-04-05T14:24:37","date_gmt":"2026-04-05T12:24:37","guid":{"rendered":"https:\/\/bogensportdiscount.ch\/produkt\/beiter-support-for-level-10mm-with-pin-red-scope-part\/"},"modified":"2026-04-15T12:13:40","modified_gmt":"2026-04-15T10:13:40","slug":"beiter-halterung-wasserwaage-10mm-pin-rot-scope-teil","status":"publish","type":"product","link":"https:\/\/bogensportdiscount.ch\/it\/prodotto\/beiter-halterung-wasserwaage-10mm-pin-rot-scope-teil\/","title":{"rendered":"SUPPORTO BEITER PER LIVELLO 10MM CON PERNO ROSSO PARTE CANNOCCHIALE"},"content":{"rendered":"<p>Die BEITER Halterung f\u00fcr Wasserwaagen mit 10-mm-Durchmesser und rotem Pin ist ein Einzelteil f\u00fcr BEITER Compound-Scope-Systeme. Sie erm\u00f6glicht die sichere Befestigung und korrekte Ausrichtung der Wasserwaage im Visier.<\/p>\n<p>Das Teil ist als Ersatz oder Erg\u00e4nzung f\u00fcr bestehende BEITER Scope-Konfigurationen geeignet und entspricht der bekannten BEITER Verarbeitungsqualit\u00e4t.<\/p>\n<ul>\n<li>Passend f\u00fcr 10-mm-Wasserwaagen<\/li>\n<li>Pin in Rot zur einfachen Identifikation<\/li>\n<li>Kompatibel mit BEITER Compound-Scope-Systemen<\/li>\n<li>Einzelteil \/ Ersatzteil<\/li>\n<\/ul>","protected":false},"excerpt":{"rendered":"<p><strong>Marchio:<\/strong> Beiter<\/p>","protected":false},"featured_media":442778,"comment_status":"open","ping_status":"closed","template":"","meta":[],"product_brand":[419],"product_cat":[4249],"product_tag":[3546],"class_list":{"0":"post-392003","1":"product","2":"type-product","3":"status-publish","4":"has-post-thumbnail","6":"product_brand-beiter","7":"product_cat-zubehoer-compound-scope","8":"product_tag-neuheit","10":"first","11":"instock","12":"shipping-taxable","13":"purchasable","14":"product-type-simple"},"_links":{"self":[{"href":"https:\/\/bogensportdiscount.ch\/it\/wp-json\/wp\/v2\/product\/392003","targetHints":{"allow":["GET"]}}],"collection":[{"href":"https:\/\/bogensportdiscount.ch\/it\/wp-json\/wp\/v2\/product"}],"about":[{"href":"https:\/\/bogensportdiscount.ch\/it\/wp-json\/wp\/v2\/types\/product"}],"replies":[{"embeddable":true,"href":"https:\/\/bogensportdiscount.ch\/it\/wp-json\/wp\/v2\/comments?post=392003"}],"wp:featuredmedia":[{"embeddable":true,"href":"https:\/\/bogensportdiscount.ch\/it\/wp-json\/wp\/v2\/media\/442778"}],"wp:attachment":[{"href":"https:\/\/bogensportdiscount.ch\/it\/wp-json\/wp\/v2\/media?parent=392003"}],"wp:term":[{"taxonomy":"product_brand","embeddable":true,"href":"https:\/\/bogensportdiscount.ch\/it\/wp-json\/wp\/v2\/product_brand?post=392003"},{"taxonomy":"product_cat","embeddable":true,"href":"https:\/\/bogensportdiscount.ch\/it\/wp-json\/wp\/v2\/product_cat?post=392003"},{"taxonomy":"product_tag","embeddable":true,"href":"https:\/\/bogensportdiscount.ch\/it\/wp-json\/wp\/v2\/product_tag?post=392003"}],"curies":[{"name":"wp","href":"https:\/\/api.w.org\/{rel}","templated":true}]}}