{"id":392001,"date":"2026-04-05T14:24:37","date_gmt":"2026-04-05T12:24:37","guid":{"rendered":"https:\/\/bogensportdiscount.ch\/produkt\/specialtyarcheryprod-specialty-archery-circle-dots-mix\/"},"modified":"2026-04-15T12:13:40","modified_gmt":"2026-04-15T10:13:40","slug":"specialty-archery-circle-dots-mix","status":"publish","type":"product","link":"https:\/\/bogensportdiscount.ch\/it\/prodotto\/specialty-archery-circle-dots-mix\/","title":{"rendered":"SPECIALTYARCHERYPROD SPECIALTY ARCHERY CIRCLE &amp; DOTS MIX"},"content":{"rendered":"<p>Das Specialty Archery Circle &amp; Dots Mix richtet sich an Compound-Bogensch\u00fctzen, die ihr Scope-Zubeh\u00f6r flexibel gestalten m\u00f6chten. Das Set enth\u00e4lt eine Kombination aus verschiedenen Kreisen und Punkten, die als Eins\u00e4tze oder Ziehhilfen im Compound-Zielfernrohr verwendet werden.<\/p>\n<p>Als Teil des Specialty Archery Zubeh\u00f6rsortiments ist dieses Mix-Set f\u00fcr die Verwendung mit kompatiblen Compound-Scopes ausgelegt und erm\u00f6glicht die Anpassung an unterschiedliche Lichtverh\u00e4ltnisse oder pers\u00f6nliche Zielvorlieben.<\/p>\n<ul>\n<li>Kombination aus Kreisen und Punkten<\/li>\n<li>F\u00fcr Compound-Zielfernrohre geeignet<\/li>\n<li>Individuelle Anpassung des Zielbildes m\u00f6glich<\/li>\n<li>Von Specialty Archery Products<\/li>\n<\/ul>","protected":false},"excerpt":{"rendered":"<p><strong>Marchio:<\/strong> Specialty Archery Products<br \/><strong>GTIN:<\/strong> 095784001671<\/p>","protected":false},"featured_media":442775,"comment_status":"open","ping_status":"closed","template":"","meta":[],"product_brand":[815],"product_cat":[4249],"product_tag":[3546],"class_list":{"0":"post-392001","1":"product","2":"type-product","3":"status-publish","4":"has-post-thumbnail","6":"product_brand-specialtyarcheryprod","7":"product_cat-zubehoer-compound-scope","8":"product_tag-neuheit","10":"first","11":"instock","12":"shipping-taxable","13":"purchasable","14":"product-type-simple"},"_links":{"self":[{"href":"https:\/\/bogensportdiscount.ch\/it\/wp-json\/wp\/v2\/product\/392001","targetHints":{"allow":["GET"]}}],"collection":[{"href":"https:\/\/bogensportdiscount.ch\/it\/wp-json\/wp\/v2\/product"}],"about":[{"href":"https:\/\/bogensportdiscount.ch\/it\/wp-json\/wp\/v2\/types\/product"}],"replies":[{"embeddable":true,"href":"https:\/\/bogensportdiscount.ch\/it\/wp-json\/wp\/v2\/comments?post=392001"}],"wp:featuredmedia":[{"embeddable":true,"href":"https:\/\/bogensportdiscount.ch\/it\/wp-json\/wp\/v2\/media\/442775"}],"wp:attachment":[{"href":"https:\/\/bogensportdiscount.ch\/it\/wp-json\/wp\/v2\/media?parent=392001"}],"wp:term":[{"taxonomy":"product_brand","embeddable":true,"href":"https:\/\/bogensportdiscount.ch\/it\/wp-json\/wp\/v2\/product_brand?post=392001"},{"taxonomy":"product_cat","embeddable":true,"href":"https:\/\/bogensportdiscount.ch\/it\/wp-json\/wp\/v2\/product_cat?post=392001"},{"taxonomy":"product_tag","embeddable":true,"href":"https:\/\/bogensportdiscount.ch\/it\/wp-json\/wp\/v2\/product_tag?post=392001"}],"curies":[{"name":"wp","href":"https:\/\/api.w.org\/{rel}","templated":true}]}}