{"id":391993,"date":"2026-04-05T14:24:35","date_gmt":"2026-04-05T12:24:35","guid":{"rendered":"https:\/\/bogensportdiscount.ch\/produkt\/shibuya-feather-vision-verde-plus-29mm-scope-0-37-scope-lens\/"},"modified":"2026-04-15T12:13:40","modified_gmt":"2026-04-15T10:13:40","slug":"shibuya-feather-vision-verde-plus-scope-29mm-0-37-scope-linse","status":"publish","type":"product","link":"https:\/\/bogensportdiscount.ch\/it\/prodotto\/shibuya-feather-vision-verde-plus-scope-29mm-0-37-scope-linse\/","title":{"rendered":"CANNOCCHIALE SHIBUYA FEATHER VISION VERDE PLUS 29 MM - LENTE 0,37"},"content":{"rendered":"<p>Die Feather Vision Verde Plus Scope-Linse von SHIBUYA ist eine 29-mm-Linse mit dem Vergr\u00f6sserungsfaktor 0.37, konzipiert f\u00fcr den Einsatz in Compound-Scopes. Sie wird in Verbindung mit kompatiblen Visieren verwendet und erm\u00f6glicht eine klare Zieloptik beim Bogenschiessen.<\/p>\n<p>Mit einem Durchmesser von 29 mm passt die Linse in entsprechende Scope-Geh\u00e4use und liefert eine definierte Vergr\u00f6sserung, die auf pr\u00e4zises Zielen ausgelegt ist. Die Feather Vision Verde Plus-Linsen sind im Compound-Bogensport weit verbreitet und bekannt f\u00fcr ihre optische Qualit\u00e4t.<\/p>\n<ul>\n<li>Durchmesser: 29 mm<\/li>\n<li>Vergr\u00f6sserungsfaktor: 0.37<\/li>\n<li>Kompatibel mit Compound-Scopes<\/li>\n<li>Marke: SHIBUYA \/ Feather Vision<\/li>\n<\/ul>","protected":false},"excerpt":{"rendered":"<p><strong>Marchio:<\/strong> Shibuya<br \/><strong>Diameter (mm):<\/strong> 29<br \/><strong>Magnification:<\/strong> X3<\/p>","protected":false},"featured_media":452408,"comment_status":"open","ping_status":"closed","template":"","meta":[],"product_brand":[496],"product_cat":[4248],"product_tag":[3546],"class_list":{"0":"post-391993","1":"product","2":"type-product","3":"status-publish","4":"has-post-thumbnail","6":"product_brand-shibuya","7":"product_cat-linsen-compound-scope","8":"product_tag-neuheit","10":"first","11":"instock","12":"shipping-taxable","13":"purchasable","14":"product-type-simple"},"_links":{"self":[{"href":"https:\/\/bogensportdiscount.ch\/it\/wp-json\/wp\/v2\/product\/391993","targetHints":{"allow":["GET"]}}],"collection":[{"href":"https:\/\/bogensportdiscount.ch\/it\/wp-json\/wp\/v2\/product"}],"about":[{"href":"https:\/\/bogensportdiscount.ch\/it\/wp-json\/wp\/v2\/types\/product"}],"replies":[{"embeddable":true,"href":"https:\/\/bogensportdiscount.ch\/it\/wp-json\/wp\/v2\/comments?post=391993"}],"wp:featuredmedia":[{"embeddable":true,"href":"https:\/\/bogensportdiscount.ch\/it\/wp-json\/wp\/v2\/media\/452408"}],"wp:attachment":[{"href":"https:\/\/bogensportdiscount.ch\/it\/wp-json\/wp\/v2\/media?parent=391993"}],"wp:term":[{"taxonomy":"product_brand","embeddable":true,"href":"https:\/\/bogensportdiscount.ch\/it\/wp-json\/wp\/v2\/product_brand?post=391993"},{"taxonomy":"product_cat","embeddable":true,"href":"https:\/\/bogensportdiscount.ch\/it\/wp-json\/wp\/v2\/product_cat?post=391993"},{"taxonomy":"product_tag","embeddable":true,"href":"https:\/\/bogensportdiscount.ch\/it\/wp-json\/wp\/v2\/product_tag?post=391993"}],"curies":[{"name":"wp","href":"https:\/\/api.w.org\/{rel}","templated":true}]}}