{"id":391975,"date":"2026-04-05T14:24:31","date_gmt":"2026-04-05T12:24:31","guid":{"rendered":"https:\/\/bogensportdiscount.ch\/produkt\/scorpionvenom-scropion-venom-lubricants-crossbow-rail-lube\/"},"modified":"2026-04-15T12:13:39","modified_gmt":"2026-04-15T10:13:39","slug":"scorpionvenom-armbrust-schienen-schmiermittel-crossbow-rail-lube","status":"publish","type":"product","link":"https:\/\/bogensportdiscount.ch\/it\/prodotto\/scorpionvenom-armbrust-schienen-schmiermittel-crossbow-rail-lube\/","title":{"rendered":"SCORPIONVENOM SCROPION VENOM LUBRIFICANTE PER BALESTRE"},"content":{"rendered":"<p>Das SCORPIONVENOM Crossbow Rail Lube ist ein Pflegemittel, das gezielt f\u00fcr den Einsatz an Armbrust-Schienen entwickelt wurde. Die Schmierung der Schiene ist ein wichtiger Bestandteil der regelm\u00e4ssigen Armbrust-Wartung, da sie Reibung beim Schuss reduziert und sowohl Schiene als auch Sehne sch\u00fctzt.<\/p>\n<p>Durch die regelm\u00e4ssige Anwendung wird der Verschleiss an der Pfeilauflage minimiert und die Lebensdauer der Ausr\u00fcstung verl\u00e4ngert. Das Produkt eignet sich f\u00fcr alle g\u00e4ngigen Armbrust-Modelle.<\/p>\n<ul>\n<li>Speziell f\u00fcr Armbrust-Schienen entwickelt<\/li>\n<li>Reduziert Reibung und Verschleiss<\/li>\n<li>Sch\u00fctzt Schiene und Sehne<\/li>\n<li>Geeignet f\u00fcr die regelm\u00e4ssige Armbrust-Wartung<\/li>\n<\/ul>","protected":false},"excerpt":{"rendered":"<p><strong>Marchio:<\/strong> Scorpion Venom<\/p>","protected":false},"featured_media":442803,"comment_status":"open","ping_status":"closed","template":"","meta":[],"product_brand":[791],"product_cat":[4137],"product_tag":[3546],"class_list":{"0":"post-391975","1":"product","2":"type-product","3":"status-publish","4":"has-post-thumbnail","6":"product_brand-scorpionvenom","7":"product_cat-weitere","8":"product_tag-neuheit","10":"first","11":"instock","12":"shipping-taxable","13":"purchasable","14":"product-type-simple"},"_links":{"self":[{"href":"https:\/\/bogensportdiscount.ch\/it\/wp-json\/wp\/v2\/product\/391975","targetHints":{"allow":["GET"]}}],"collection":[{"href":"https:\/\/bogensportdiscount.ch\/it\/wp-json\/wp\/v2\/product"}],"about":[{"href":"https:\/\/bogensportdiscount.ch\/it\/wp-json\/wp\/v2\/types\/product"}],"replies":[{"embeddable":true,"href":"https:\/\/bogensportdiscount.ch\/it\/wp-json\/wp\/v2\/comments?post=391975"}],"wp:featuredmedia":[{"embeddable":true,"href":"https:\/\/bogensportdiscount.ch\/it\/wp-json\/wp\/v2\/media\/442803"}],"wp:attachment":[{"href":"https:\/\/bogensportdiscount.ch\/it\/wp-json\/wp\/v2\/media?parent=391975"}],"wp:term":[{"taxonomy":"product_brand","embeddable":true,"href":"https:\/\/bogensportdiscount.ch\/it\/wp-json\/wp\/v2\/product_brand?post=391975"},{"taxonomy":"product_cat","embeddable":true,"href":"https:\/\/bogensportdiscount.ch\/it\/wp-json\/wp\/v2\/product_cat?post=391975"},{"taxonomy":"product_tag","embeddable":true,"href":"https:\/\/bogensportdiscount.ch\/it\/wp-json\/wp\/v2\/product_tag?post=391975"}],"curies":[{"name":"wp","href":"https:\/\/api.w.org\/{rel}","templated":true}]}}