{"id":391973,"date":"2026-04-05T14:24:31","date_gmt":"2026-04-05T12:24:31","guid":{"rendered":"https:\/\/bogensportdiscount.ch\/produkt\/aae-conventional-nocks-plastinock-green-1-4-100-pk\/"},"modified":"2026-04-19T11:42:10","modified_gmt":"2026-04-19T09:42:10","slug":"aae-aufsteck-nocken-plastinock-gruen-100pk","status":"publish","type":"product","link":"https:\/\/bogensportdiscount.ch\/it\/prodotto\/aae-aufsteck-nocken-plastinock-gruen-100pk\/","title":{"rendered":"AAE KONVENTIONELLE NOCKEN PLASTINOCK Green 1\/4&#8243; 100\/PK"},"content":{"rendered":"<p>Die AAE Plastinock Aufsteck-Nocken sind konventionelle Nocken f\u00fcr Holz- und Aluminiumsch\u00e4fte mit einem Aussendurchmesser von 1\/4&#8243; (6,35 mm). Sie werden direkt auf das Schaftende aufgesteckt und bieten eine zuverl\u00e4ssige Sehnenf\u00fchrung beim Schiessen.<\/p>\n<p>Die Nocken sind in Gr\u00fcn gehalten und werden im praktischen 100er-Pack geliefert, was sie besonders f\u00fcr Vereine, Trainingseinrichtungen oder Sch\u00fctzen mit hohem Verbrauch geeignet macht.<\/p>\n<ul>\n<li>Gr\u00f6sse: 1\/4&#8243; \u2013 passend f\u00fcr g\u00e4ngige Holz- und Aluminiumsch\u00e4fte<\/li>\n<li>Aufsteck-Bauweise f\u00fcr einfache Montage<\/li>\n<li>Farbe Gr\u00fcn zur einfachen Identifikation<\/li>\n<li>Vorteilspack mit 100 Nocken<\/li>\n<\/ul>","protected":false},"excerpt":{"rendered":"<table>\n<tr>\n<th>Propriet\u00e0<\/th>\n<th>Valore<\/th>\n<\/tr>\n<tr>\n<td>Marca<\/td>\n<td>AAE<\/td>\n<\/tr>\n<tr>\n<td>Colore<\/td>\n<td>Verde<\/td>\n<\/tr>\n<tr>\n<td>Gr\u00f6sse<\/td>\n<td>1\/4&#8243;<\/td>\n<\/tr>\n<tr>\n<td>Quantit\u00e0<\/td>\n<td>100 pezzi<\/td>\n<\/tr>\n<tr>\n<td>GTIN<\/td>\n<td>096881000970<\/td>\n<\/tr>\n<\/table>","protected":false},"featured_media":442805,"comment_status":"open","ping_status":"closed","template":"","meta":[],"product_brand":[517],"product_cat":[4221],"product_tag":[3546],"class_list":{"0":"post-391973","1":"product","2":"type-product","3":"status-publish","4":"has-post-thumbnail","6":"product_brand-aae","7":"product_cat-aufsteck-nocken","8":"product_tag-neuheit","10":"first","11":"instock","12":"shipping-taxable","13":"purchasable","14":"product-type-simple"},"yoast_head":"<!-- This site is optimized with the Yoast SEO plugin v27.4 - https:\/\/yoast.com\/product\/yoast-seo-wordpress\/ -->\n<title>AAE KONVENTIONELLE NOCKEN PLASTINOCK Green 1\/4&quot; 100\/PK - Bogensportdiscount \u2013 B\u00f6gen, Pfeile, Targets &amp; Zubeh\u00f6r<\/title>\n<meta name=\"robots\" content=\"noindex, follow, max-snippet:-1, max-image-preview:large, max-video-preview:-1\" \/>\n<meta property=\"og:locale\" content=\"it_IT\" \/>\n<meta property=\"og:type\" content=\"article\" \/>\n<meta property=\"og:title\" content=\"AAE KONVENTIONELLE NOCKEN PLASTINOCK Green 1\/4&quot; 100\/PK - Bogensportdiscount \u2013 B\u00f6gen, Pfeile, Targets &amp; Zubeh\u00f6r\" \/>\n<meta property=\"og:description\" content=\"EigenschaftWertMarkeAAEFarbeGr\u00fcnGr\u00f6sse1\/4&quot;Menge100 St\u00fcckGTIN096881000970\" \/>\n<meta property=\"og:url\" content=\"https:\/\/bogensportdiscount.ch\/it\/prodotto\/aae-aufsteck-nocken-plastinock-gruen-100pk\/\" \/>\n<meta property=\"og:site_name\" content=\"Bogensportdiscount \u2013 B\u00f6gen, Pfeile, Targets &amp; Zubeh\u00f6r\" \/>\n<meta property=\"article:modified_time\" content=\"2026-04-19T09:42:10+00:00\" \/>\n<meta property=\"og:image\" content=\"https:\/\/bogensportdiscount.ch\/wp-content\/uploads\/bsm-images\/A022660_1.jpg\" \/>\n\t<meta property=\"og:image:width\" content=\"902\" \/>\n\t<meta property=\"og:image:height\" content=\"746\" \/>\n\t<meta property=\"og:image:type\" content=\"image\/jpeg\" \/>\n<meta name=\"twitter:card\" content=\"summary_large_image\" \/>\n<script type=\"application\/ld+json\" class=\"yoast-schema-graph\">{\"@context\":\"https:\\\/\\\/schema.org\",\"@graph\":[{\"@type\":\"WebPage\",\"@id\":\"https:\\\/\\\/bogensportdiscount.ch\\\/it\\\/prodotto\\\/aae-aufsteck-nocken-plastinock-gruen-100pk\\\/\",\"url\":\"https:\\\/\\\/bogensportdiscount.ch\\\/it\\\/prodotto\\\/aae-aufsteck-nocken-plastinock-gruen-100pk\\\/\",\"name\":\"AAE KONVENTIONELLE NOCKEN PLASTINOCK Green 1\\\/4\\\" 100\\\/PK - Bogensportdiscount \u2013 B\u00f6gen, Pfeile, Targets &amp; Zubeh\u00f6r\",\"isPartOf\":{\"@id\":\"https:\\\/\\\/bogensportdiscount.ch\\\/#website\"},\"primaryImageOfPage\":{\"@id\":\"https:\\\/\\\/bogensportdiscount.ch\\\/it\\\/prodotto\\\/aae-aufsteck-nocken-plastinock-gruen-100pk\\\/#primaryimage\"},\"image\":{\"@id\":\"https:\\\/\\\/bogensportdiscount.ch\\\/it\\\/prodotto\\\/aae-aufsteck-nocken-plastinock-gruen-100pk\\\/#primaryimage\"},\"thumbnailUrl\":\"https:\\\/\\\/bogensportdiscount.ch\\\/wp-content\\\/uploads\\\/bsm-images\\\/A022660_1.jpg\",\"datePublished\":\"2026-04-05T12:24:31+00:00\",\"dateModified\":\"2026-04-19T09:42:10+00:00\",\"breadcrumb\":{\"@id\":\"https:\\\/\\\/bogensportdiscount.ch\\\/it\\\/prodotto\\\/aae-aufsteck-nocken-plastinock-gruen-100pk\\\/#breadcrumb\"},\"inLanguage\":\"it-IT\",\"potentialAction\":[{\"@type\":\"ReadAction\",\"target\":[\"https:\\\/\\\/bogensportdiscount.ch\\\/it\\\/prodotto\\\/aae-aufsteck-nocken-plastinock-gruen-100pk\\\/\"]}]},{\"@type\":\"ImageObject\",\"inLanguage\":\"it-IT\",\"@id\":\"https:\\\/\\\/bogensportdiscount.ch\\\/it\\\/prodotto\\\/aae-aufsteck-nocken-plastinock-gruen-100pk\\\/#primaryimage\",\"url\":\"https:\\\/\\\/bogensportdiscount.ch\\\/wp-content\\\/uploads\\\/bsm-images\\\/A022660_1.jpg\",\"contentUrl\":\"https:\\\/\\\/bogensportdiscount.ch\\\/wp-content\\\/uploads\\\/bsm-images\\\/A022660_1.jpg\",\"width\":902,\"height\":746},{\"@type\":\"BreadcrumbList\",\"@id\":\"https:\\\/\\\/bogensportdiscount.ch\\\/it\\\/prodotto\\\/aae-aufsteck-nocken-plastinock-gruen-100pk\\\/#breadcrumb\",\"itemListElement\":[{\"@type\":\"ListItem\",\"position\":1,\"name\":\"Home\",\"item\":\"https:\\\/\\\/bogensportdiscount.ch\\\/\"},{\"@type\":\"ListItem\",\"position\":2,\"name\":\"Shop\",\"item\":\"https:\\\/\\\/bogensportdiscount.ch\\\/shop\\\/\"},{\"@type\":\"ListItem\",\"position\":3,\"name\":\"AAE KONVENTIONELLE NOCKEN PLASTINOCK Green 1\\\/4&#8243; 100\\\/PK\"}]},{\"@type\":\"WebSite\",\"@id\":\"https:\\\/\\\/bogensportdiscount.ch\\\/#website\",\"url\":\"https:\\\/\\\/bogensportdiscount.ch\\\/\",\"name\":\"Bogensportdiscount\",\"description\":\"\",\"potentialAction\":[{\"@type\":\"SearchAction\",\"target\":{\"@type\":\"EntryPoint\",\"urlTemplate\":\"https:\\\/\\\/bogensportdiscount.ch\\\/?s={search_term_string}\"},\"query-input\":{\"@type\":\"PropertyValueSpecification\",\"valueRequired\":true,\"valueName\":\"search_term_string\"}}],\"inLanguage\":\"it-IT\"}]}<\/script>\n<!-- \/ Yoast SEO plugin. -->","yoast_head_json":{"title":"AAE KONVENTIONELLE NOCKEN PLASTINOCK Green 1\/4\" 100\/PK - Bogensportdiscount \u2013 B\u00f6gen, Pfeile, Targets &amp; Zubeh\u00f6r","robots":{"index":"noindex","follow":"follow","max-snippet":"max-snippet:-1","max-image-preview":"max-image-preview:large","max-video-preview":"max-video-preview:-1"},"og_locale":"it_IT","og_type":"article","og_title":"AAE KONVENTIONELLE NOCKEN PLASTINOCK Green 1\/4\" 100\/PK - Bogensportdiscount \u2013 B\u00f6gen, Pfeile, Targets &amp; Zubeh\u00f6r","og_description":"EigenschaftWertMarkeAAEFarbeGr\u00fcnGr\u00f6sse1\/4\"Menge100 St\u00fcckGTIN096881000970","og_url":"https:\/\/bogensportdiscount.ch\/it\/prodotto\/aae-aufsteck-nocken-plastinock-gruen-100pk\/","og_site_name":"Bogensportdiscount \u2013 B\u00f6gen, Pfeile, Targets &amp; Zubeh\u00f6r","article_modified_time":"2026-04-19T09:42:10+00:00","og_image":[{"width":902,"height":746,"url":"https:\/\/bogensportdiscount.ch\/wp-content\/uploads\/bsm-images\/A022660_1.jpg","type":"image\/jpeg"}],"twitter_card":"summary_large_image","schema":{"@context":"https:\/\/schema.org","@graph":[{"@type":"WebPage","@id":"https:\/\/bogensportdiscount.ch\/it\/prodotto\/aae-aufsteck-nocken-plastinock-gruen-100pk\/","url":"https:\/\/bogensportdiscount.ch\/it\/prodotto\/aae-aufsteck-nocken-plastinock-gruen-100pk\/","name":"AAE KONVENTIONELLE NOCKEN PLASTINOCK Green 1\/4\" 100\/PK - Bogensportdiscount \u2013 B\u00f6gen, Pfeile, Targets &amp; Zubeh\u00f6r","isPartOf":{"@id":"https:\/\/bogensportdiscount.ch\/#website"},"primaryImageOfPage":{"@id":"https:\/\/bogensportdiscount.ch\/it\/prodotto\/aae-aufsteck-nocken-plastinock-gruen-100pk\/#primaryimage"},"image":{"@id":"https:\/\/bogensportdiscount.ch\/it\/prodotto\/aae-aufsteck-nocken-plastinock-gruen-100pk\/#primaryimage"},"thumbnailUrl":"https:\/\/bogensportdiscount.ch\/wp-content\/uploads\/bsm-images\/A022660_1.jpg","datePublished":"2026-04-05T12:24:31+00:00","dateModified":"2026-04-19T09:42:10+00:00","breadcrumb":{"@id":"https:\/\/bogensportdiscount.ch\/it\/prodotto\/aae-aufsteck-nocken-plastinock-gruen-100pk\/#breadcrumb"},"inLanguage":"it-IT","potentialAction":[{"@type":"ReadAction","target":["https:\/\/bogensportdiscount.ch\/it\/prodotto\/aae-aufsteck-nocken-plastinock-gruen-100pk\/"]}]},{"@type":"ImageObject","inLanguage":"it-IT","@id":"https:\/\/bogensportdiscount.ch\/it\/prodotto\/aae-aufsteck-nocken-plastinock-gruen-100pk\/#primaryimage","url":"https:\/\/bogensportdiscount.ch\/wp-content\/uploads\/bsm-images\/A022660_1.jpg","contentUrl":"https:\/\/bogensportdiscount.ch\/wp-content\/uploads\/bsm-images\/A022660_1.jpg","width":902,"height":746},{"@type":"BreadcrumbList","@id":"https:\/\/bogensportdiscount.ch\/it\/prodotto\/aae-aufsteck-nocken-plastinock-gruen-100pk\/#breadcrumb","itemListElement":[{"@type":"ListItem","position":1,"name":"Home","item":"https:\/\/bogensportdiscount.ch\/"},{"@type":"ListItem","position":2,"name":"Shop","item":"https:\/\/bogensportdiscount.ch\/shop\/"},{"@type":"ListItem","position":3,"name":"AAE KONVENTIONELLE NOCKEN PLASTINOCK Green 1\/4&#8243; 100\/PK"}]},{"@type":"WebSite","@id":"https:\/\/bogensportdiscount.ch\/#website","url":"https:\/\/bogensportdiscount.ch\/","name":"Bogensportdiscount","description":"","potentialAction":[{"@type":"SearchAction","target":{"@type":"EntryPoint","urlTemplate":"https:\/\/bogensportdiscount.ch\/?s={search_term_string}"},"query-input":{"@type":"PropertyValueSpecification","valueRequired":true,"valueName":"search_term_string"}}],"inLanguage":"it-IT"}]}},"_links":{"self":[{"href":"https:\/\/bogensportdiscount.ch\/it\/wp-json\/wp\/v2\/product\/391973","targetHints":{"allow":["GET"]}}],"collection":[{"href":"https:\/\/bogensportdiscount.ch\/it\/wp-json\/wp\/v2\/product"}],"about":[{"href":"https:\/\/bogensportdiscount.ch\/it\/wp-json\/wp\/v2\/types\/product"}],"replies":[{"embeddable":true,"href":"https:\/\/bogensportdiscount.ch\/it\/wp-json\/wp\/v2\/comments?post=391973"}],"wp:featuredmedia":[{"embeddable":true,"href":"https:\/\/bogensportdiscount.ch\/it\/wp-json\/wp\/v2\/media\/442805"}],"wp:attachment":[{"href":"https:\/\/bogensportdiscount.ch\/it\/wp-json\/wp\/v2\/media?parent=391973"}],"wp:term":[{"taxonomy":"product_brand","embeddable":true,"href":"https:\/\/bogensportdiscount.ch\/it\/wp-json\/wp\/v2\/product_brand?post=391973"},{"taxonomy":"product_cat","embeddable":true,"href":"https:\/\/bogensportdiscount.ch\/it\/wp-json\/wp\/v2\/product_cat?post=391973"},{"taxonomy":"product_tag","embeddable":true,"href":"https:\/\/bogensportdiscount.ch\/it\/wp-json\/wp\/v2\/product_tag?post=391973"}],"curies":[{"name":"wp","href":"https:\/\/api.w.org\/{rel}","templated":true}]}}