{"id":391931,"date":"2026-04-05T14:24:23","date_gmt":"2026-04-05T12:24:23","guid":{"rendered":"https:\/\/bogensportdiscount.ch\/produkt\/truglo-arrow-pullers-short-3-finger-solid-rubber-with-keychain-black\/"},"modified":"2026-04-15T12:13:36","modified_gmt":"2026-04-15T10:13:36","slug":"truglo-pfeilzieher-short-3-finger-solid-gummi-schluesselanhaenger-schwarz","status":"publish","type":"product","link":"https:\/\/bogensportdiscount.ch\/it\/prodotto\/truglo-pfeilzieher-short-3-finger-solid-gummi-schluesselanhaenger-schwarz\/","title":{"rendered":"TRUGLO ARROW PULLERS CORTO A 3 DITA IN GOMMA PIENA CON PORTACHIAVI NERO"},"content":{"rendered":"<p>Der TRUGLO Arrow Puller Short ist ein kompakter Pfeilzieher f\u00fcr den t\u00e4glichen Einsatz beim Training und Wettkampf. Die 3-Finger-Konstruktion aus massivem Gummi sorgt f\u00fcr einen rutschfesten Grip beim Herausziehen der Pfeile aus Schaumstoff- und Strohzielscheiben.<\/p>\n<p>Dank des integrierten Schl\u00fcsselanh\u00e4ngers l\u00e4sst sich der Pfeilzieher platzsparend am Schl\u00fcsselbund, am K\u00f6cher oder an der Ausr\u00fcstungstasche befestigen, sodass er immer griffbereit ist.<\/p>\n<ul>\n<li>3-Finger-Griff f\u00fcr sicheren Halt<\/li>\n<li>Massiver Gummi f\u00fcr guten Grip<\/li>\n<li>Integrierter Schl\u00fcsselanh\u00e4nger<\/li>\n<li>Kompakte, kurze Bauform<\/li>\n<\/ul>","protected":false},"excerpt":{"rendered":"<p><strong>Marchio:<\/strong> Truglo<br \/><strong>Farbe:<\/strong> Schwarz<br \/><strong>GTIN:<\/strong> 788130023402<\/p>","protected":false},"featured_media":446860,"comment_status":"open","ping_status":"closed","template":"","meta":[],"product_brand":[560],"product_cat":[4364],"product_tag":[3546],"class_list":{"0":"post-391931","1":"product","2":"type-product","3":"status-publish","4":"has-post-thumbnail","6":"product_brand-truglo","7":"product_cat-arrow-pullers","8":"product_tag-neuheit","10":"first","11":"instock","12":"shipping-taxable","13":"purchasable","14":"product-type-simple"},"_links":{"self":[{"href":"https:\/\/bogensportdiscount.ch\/it\/wp-json\/wp\/v2\/product\/391931","targetHints":{"allow":["GET"]}}],"collection":[{"href":"https:\/\/bogensportdiscount.ch\/it\/wp-json\/wp\/v2\/product"}],"about":[{"href":"https:\/\/bogensportdiscount.ch\/it\/wp-json\/wp\/v2\/types\/product"}],"replies":[{"embeddable":true,"href":"https:\/\/bogensportdiscount.ch\/it\/wp-json\/wp\/v2\/comments?post=391931"}],"wp:featuredmedia":[{"embeddable":true,"href":"https:\/\/bogensportdiscount.ch\/it\/wp-json\/wp\/v2\/media\/446860"}],"wp:attachment":[{"href":"https:\/\/bogensportdiscount.ch\/it\/wp-json\/wp\/v2\/media?parent=391931"}],"wp:term":[{"taxonomy":"product_brand","embeddable":true,"href":"https:\/\/bogensportdiscount.ch\/it\/wp-json\/wp\/v2\/product_brand?post=391931"},{"taxonomy":"product_cat","embeddable":true,"href":"https:\/\/bogensportdiscount.ch\/it\/wp-json\/wp\/v2\/product_cat?post=391931"},{"taxonomy":"product_tag","embeddable":true,"href":"https:\/\/bogensportdiscount.ch\/it\/wp-json\/wp\/v2\/product_tag?post=391931"}],"curies":[{"name":"wp","href":"https:\/\/api.w.org\/{rel}","templated":true}]}}