{"id":391925,"date":"2026-04-05T14:24:22","date_gmt":"2026-04-05T12:24:22","guid":{"rendered":"https:\/\/bogensportdiscount.ch\/produkt\/excalibur-arrow-pullers-extinguisher\/"},"modified":"2026-04-17T19:05:23","modified_gmt":"2026-04-17T17:05:23","slug":"excalibur-pfeil-auszieher-extinguisher","status":"publish","type":"product","link":"https:\/\/bogensportdiscount.ch\/it\/prodotto\/excalibur-pfeil-auszieher-extinguisher\/","title":{"rendered":"ESTINTORE EXCALIBUR ARROW PULLERS"},"content":{"rendered":"<p>Der Excalibur Extinguisher Pfeil-Auszieher ist ein praktisches Werkzeug f\u00fcr Bogensch\u00fctzen, das das Herausziehen von Pfeilen aus Zielscheiben erleichtert. Besonders bei tief eingedrungenen Pfeilen reduziert ein guter Pfeil-Auszieher den Kraftaufwand und sch\u00fctzt den Schaft vor Besch\u00e4digungen.<\/p>\n<p>Das Produkt ist der Kategorie Pfeilwerkzeuge zugeordnet und stammt vom Armbrustspezialisten Excalibur, der f\u00fcr zuverl\u00e4ssiges Zubeh\u00f6r im Bereich Bogensport bekannt ist.<\/p>\n<ul>\n<li>Schont Pfeile beim Herausziehen aus der Scheibe<\/li>\n<li>Reduziert den Kraftaufwand<\/li>\n<li>Kompaktes Werkzeug f\u00fcr den t\u00e4glichen Einsatz<\/li>\n<li>Von Armbrustspezialisten Excalibur<\/li>\n<\/ul>","protected":false},"excerpt":{"rendered":"<p><strong>Marchio:<\/strong> Excalibur<br \/><strong>Farbe:<\/strong> Blau<br \/><strong>GTIN:<\/strong> 626192020741<\/p>","protected":false},"featured_media":442821,"comment_status":"open","ping_status":"closed","template":"","meta":[],"product_brand":[804],"product_cat":[4364],"product_tag":[3546],"class_list":{"0":"post-391925","1":"product","2":"type-product","3":"status-publish","4":"has-post-thumbnail","6":"product_brand-excalibur","7":"product_cat-arrow-pullers","8":"product_tag-neuheit","10":"first","11":"instock","12":"shipping-taxable","13":"purchasable","14":"product-type-simple"},"_links":{"self":[{"href":"https:\/\/bogensportdiscount.ch\/it\/wp-json\/wp\/v2\/product\/391925","targetHints":{"allow":["GET"]}}],"collection":[{"href":"https:\/\/bogensportdiscount.ch\/it\/wp-json\/wp\/v2\/product"}],"about":[{"href":"https:\/\/bogensportdiscount.ch\/it\/wp-json\/wp\/v2\/types\/product"}],"replies":[{"embeddable":true,"href":"https:\/\/bogensportdiscount.ch\/it\/wp-json\/wp\/v2\/comments?post=391925"}],"wp:featuredmedia":[{"embeddable":true,"href":"https:\/\/bogensportdiscount.ch\/it\/wp-json\/wp\/v2\/media\/442821"}],"wp:attachment":[{"href":"https:\/\/bogensportdiscount.ch\/it\/wp-json\/wp\/v2\/media?parent=391925"}],"wp:term":[{"taxonomy":"product_brand","embeddable":true,"href":"https:\/\/bogensportdiscount.ch\/it\/wp-json\/wp\/v2\/product_brand?post=391925"},{"taxonomy":"product_cat","embeddable":true,"href":"https:\/\/bogensportdiscount.ch\/it\/wp-json\/wp\/v2\/product_cat?post=391925"},{"taxonomy":"product_tag","embeddable":true,"href":"https:\/\/bogensportdiscount.ch\/it\/wp-json\/wp\/v2\/product_tag?post=391925"}],"curies":[{"name":"wp","href":"https:\/\/api.w.org\/{rel}","templated":true}]}}