{"id":391921,"date":"2026-04-05T14:24:21","date_gmt":"2026-04-05T12:24:21","guid":{"rendered":"https:\/\/bogensportdiscount.ch\/produkt\/compound-drop-away-rests-nap-nighthawk-rh-black\/"},"modified":"2026-04-15T12:13:36","modified_gmt":"2026-04-15T10:13:36","slug":"nap-compound-fallaway-auflage-nighthawk-rh-schwarz","status":"publish","type":"product","link":"https:\/\/bogensportdiscount.ch\/it\/prodotto\/nap-compound-fallaway-auflage-nighthawk-rh-schwarz\/","title":{"rendered":"POGGIAPIEDI COMPOSTO A SCOMPARSA NAP NIGHTHAWK RH NERO"},"content":{"rendered":"<p>Die NAP Nighthawk Fallaway-Auflage ist f\u00fcr den Einsatz am Compound-Bogen konzipiert. Als Drop-Away-Auflage f\u00e4llt sie beim Abschuss kontrolliert ab, sodass der Pfeil die Auflage nicht ber\u00fchrt und Beeinflussungen des Fluges reduziert werden.<\/p>\n<p>Das Modell ist f\u00fcr Rechtsh\u00e4nder ausgelegt und in Schwarz gehalten. NAP (New Archery Products) ist ein etablierter Hersteller von Bogenzubeh\u00f6r und bekannt f\u00fcr zuverl\u00e4ssige Pfeilauflagen im Turnier- und Jagdbereich.<\/p>\n<ul>\n<li>Fallaway-Mechanismus f\u00fcr minimalen Pfeilkontakt beim Abschuss<\/li>\n<li>Geeignet f\u00fcr Rechtsh\u00e4nder (RH)<\/li>\n<li>Ausf\u00fchrung in Schwarz<\/li>\n<li>Kompatibel mit Compound-B\u00f6gen<\/li>\n<\/ul>","protected":false},"excerpt":{"rendered":"<p><strong>Marchio:<\/strong> PAN<br \/><strong>LH\/RH:<\/strong> RH<br \/><strong>Farbe:<\/strong> Schwarz<\/p>","protected":false},"featured_media":442825,"comment_status":"open","ping_status":"closed","template":"","meta":[],"product_brand":[557],"product_cat":[4233],"product_tag":[3546],"class_list":{"0":"post-391921","1":"product","2":"type-product","3":"status-publish","4":"has-post-thumbnail","6":"product_brand-nap","7":"product_cat-compound-drop-away-pfeilauflage","8":"product_tag-neuheit","10":"first","11":"instock","12":"shipping-taxable","13":"purchasable","14":"product-type-simple"},"_links":{"self":[{"href":"https:\/\/bogensportdiscount.ch\/it\/wp-json\/wp\/v2\/product\/391921","targetHints":{"allow":["GET"]}}],"collection":[{"href":"https:\/\/bogensportdiscount.ch\/it\/wp-json\/wp\/v2\/product"}],"about":[{"href":"https:\/\/bogensportdiscount.ch\/it\/wp-json\/wp\/v2\/types\/product"}],"replies":[{"embeddable":true,"href":"https:\/\/bogensportdiscount.ch\/it\/wp-json\/wp\/v2\/comments?post=391921"}],"wp:featuredmedia":[{"embeddable":true,"href":"https:\/\/bogensportdiscount.ch\/it\/wp-json\/wp\/v2\/media\/442825"}],"wp:attachment":[{"href":"https:\/\/bogensportdiscount.ch\/it\/wp-json\/wp\/v2\/media?parent=391921"}],"wp:term":[{"taxonomy":"product_brand","embeddable":true,"href":"https:\/\/bogensportdiscount.ch\/it\/wp-json\/wp\/v2\/product_brand?post=391921"},{"taxonomy":"product_cat","embeddable":true,"href":"https:\/\/bogensportdiscount.ch\/it\/wp-json\/wp\/v2\/product_cat?post=391921"},{"taxonomy":"product_tag","embeddable":true,"href":"https:\/\/bogensportdiscount.ch\/it\/wp-json\/wp\/v2\/product_tag?post=391921"}],"curies":[{"name":"wp","href":"https:\/\/api.w.org\/{rel}","templated":true}]}}