{"id":391912,"date":"2026-04-05T14:24:19","date_gmt":"2026-04-05T12:24:19","guid":{"rendered":"https:\/\/bogensportdiscount.ch\/produkt\/ss-archery-griprest-light-support-arms-for-popinjay-arrow-rest\/"},"modified":"2026-04-15T12:13:35","modified_gmt":"2026-04-15T10:13:35","slug":"ssarchery-griprest-light-stuetzarme-papageienpfeil-pfeilauflage","status":"publish","type":"product","link":"https:\/\/bogensportdiscount.ch\/it\/prodotto\/ssarchery-griprest-light-stuetzarme-papageienpfeil-pfeilauflage\/","title":{"rendered":"BRACCI DI SUPPORTO LEGGERI PER POGGIAFRECCIA POPINJAY PER IL TIRO CON L'ARCO"},"content":{"rendered":"<p>Die SSARCHERY Griprest Light St\u00fctzarme sind Ersatz- oder Erweiterungskomponenten f\u00fcr die Griprest Light Pfeilauflage und auf die besonderen Anforderungen des Popinjay-Bogenschiessens (Papageienschiessen) ausgerichtet. Bei dieser Disziplin werden spezielle Papageienpfeile verwendet, die andere Anforderungen an die Pfeilauflage stellen als Standard-Bogenpfeile.<\/p>\n<p>Die St\u00fctzarme sorgen f\u00fcr eine stabile F\u00fchrung des Pfeils auf der Auflage und erm\u00f6glichen einen kontrollierten Abschuss. Als Zubeh\u00f6r f\u00fcr Recurvebogen f\u00fcgen sie sich in bestehende Griprest-Light-Setups ein und sind als g\u00fcnstige Ersatzteile leicht austauschbar.<\/p>\n<ul>\n<li>St\u00fctzarme f\u00fcr SSARCHERY Griprest Light Pfeilauflage<\/li>\n<li>Ausgelegt f\u00fcr Papageienpfeile (Popinjay)<\/li>\n<li>Geeignet f\u00fcr Recurvebogen<\/li>\n<li>G\u00fcnstiger Ersatz bei Verschleiss oder Besch\u00e4digung<\/li>\n<\/ul>","protected":false},"excerpt":{"rendered":"<p><strong>Marchio:<\/strong> SS Archery<br \/><strong>LH\/RH:<\/strong> Beidh\u00e4ndig<br \/><strong>Farbe:<\/strong> Schwarz<br \/><strong>GTIN:<\/strong> 9227000000774<\/p>","protected":false},"featured_media":452383,"comment_status":"open","ping_status":"closed","template":"","meta":[],"product_brand":[604],"product_cat":[4229],"product_tag":[3546],"class_list":{"0":"post-391912","1":"product","2":"type-product","3":"status-publish","4":"has-post-thumbnail","6":"product_brand-ssarchery","7":"product_cat-aufklebe-recurve-pfeilauflage","8":"product_tag-neuheit","10":"first","11":"instock","12":"shipping-taxable","13":"purchasable","14":"product-type-simple"},"_links":{"self":[{"href":"https:\/\/bogensportdiscount.ch\/it\/wp-json\/wp\/v2\/product\/391912","targetHints":{"allow":["GET"]}}],"collection":[{"href":"https:\/\/bogensportdiscount.ch\/it\/wp-json\/wp\/v2\/product"}],"about":[{"href":"https:\/\/bogensportdiscount.ch\/it\/wp-json\/wp\/v2\/types\/product"}],"replies":[{"embeddable":true,"href":"https:\/\/bogensportdiscount.ch\/it\/wp-json\/wp\/v2\/comments?post=391912"}],"wp:featuredmedia":[{"embeddable":true,"href":"https:\/\/bogensportdiscount.ch\/it\/wp-json\/wp\/v2\/media\/452383"}],"wp:attachment":[{"href":"https:\/\/bogensportdiscount.ch\/it\/wp-json\/wp\/v2\/media?parent=391912"}],"wp:term":[{"taxonomy":"product_brand","embeddable":true,"href":"https:\/\/bogensportdiscount.ch\/it\/wp-json\/wp\/v2\/product_brand?post=391912"},{"taxonomy":"product_cat","embeddable":true,"href":"https:\/\/bogensportdiscount.ch\/it\/wp-json\/wp\/v2\/product_cat?post=391912"},{"taxonomy":"product_tag","embeddable":true,"href":"https:\/\/bogensportdiscount.ch\/it\/wp-json\/wp\/v2\/product_tag?post=391912"}],"curies":[{"name":"wp","href":"https:\/\/api.w.org\/{rel}","templated":true}]}}