{"id":391910,"date":"2026-04-05T14:24:19","date_gmt":"2026-04-05T12:24:19","guid":{"rendered":"https:\/\/bogensportdiscount.ch\/produkt\/decut-shoex-magnetic-lh-silver-arrow-rest\/"},"modified":"2026-04-17T13:26:00","modified_gmt":"2026-04-17T11:26:00","slug":"decut-pfeilauflage-shoex-magnetic-lh-silber","status":"publish","type":"product","link":"https:\/\/bogensportdiscount.ch\/it\/prodotto\/decut-pfeilauflage-shoex-magnetic-lh-silber\/","title":{"rendered":"DECUT SHOEX MAGNETICO LH SILVER ARROW REST"},"content":{"rendered":"<p>Die DECUT Shoex Magnetic LH ist eine magnetische Pfeilauflage f\u00fcr Recurvebogen. Sie wird direkt auf das Bogenfenster geklebt und h\u00e4lt den Pfeil vor dem Abschuss sicher in Position. Die Linkshand-Ausf\u00fchrung (LH) ist speziell f\u00fcr Bogensch\u00fctzen ausgelegt, die mit der linken Hand schiessen.<\/p>\n<p>Die magnetische Halterung sorgt daf\u00fcr, dass der Pfeil kontrolliert aufliegt und beim Anvisieren nicht verrutscht. Die Auflage ist in Silber gehalten und f\u00fcgt sich unauff\u00e4llig in das Bogenfenster ein.<\/p>\n<ul>\n<li>Magnetische Pfeilauflage f\u00fcr Recurvebogen<\/li>\n<li>Linkshand-Ausf\u00fchrung (LH)<\/li>\n<li>Farbe: Silber<\/li>\n<li>Befestigung durch Kleben auf das Bogenfenster<\/li>\n<\/ul>","protected":false},"excerpt":{"rendered":"<p><strong>Marchio:<\/strong> Decut<br \/><strong>LH\/RH:<\/strong> LH<br \/><strong>Farbe:<\/strong> Silbe<br \/><strong>GTIN:<\/strong> 6426039535575<\/p>","protected":false},"featured_media":446874,"comment_status":"open","ping_status":"closed","template":"","meta":[],"product_brand":[817],"product_cat":[4229],"product_tag":[3546],"class_list":{"0":"post-391910","1":"product","2":"type-product","3":"status-publish","4":"has-post-thumbnail","6":"product_brand-decut","7":"product_cat-aufklebe-recurve-pfeilauflage","8":"product_tag-neuheit","10":"first","11":"instock","12":"shipping-taxable","13":"purchasable","14":"product-type-simple"},"_links":{"self":[{"href":"https:\/\/bogensportdiscount.ch\/it\/wp-json\/wp\/v2\/product\/391910","targetHints":{"allow":["GET"]}}],"collection":[{"href":"https:\/\/bogensportdiscount.ch\/it\/wp-json\/wp\/v2\/product"}],"about":[{"href":"https:\/\/bogensportdiscount.ch\/it\/wp-json\/wp\/v2\/types\/product"}],"replies":[{"embeddable":true,"href":"https:\/\/bogensportdiscount.ch\/it\/wp-json\/wp\/v2\/comments?post=391910"}],"wp:featuredmedia":[{"embeddable":true,"href":"https:\/\/bogensportdiscount.ch\/it\/wp-json\/wp\/v2\/media\/446874"}],"wp:attachment":[{"href":"https:\/\/bogensportdiscount.ch\/it\/wp-json\/wp\/v2\/media?parent=391910"}],"wp:term":[{"taxonomy":"product_brand","embeddable":true,"href":"https:\/\/bogensportdiscount.ch\/it\/wp-json\/wp\/v2\/product_brand?post=391910"},{"taxonomy":"product_cat","embeddable":true,"href":"https:\/\/bogensportdiscount.ch\/it\/wp-json\/wp\/v2\/product_cat?post=391910"},{"taxonomy":"product_tag","embeddable":true,"href":"https:\/\/bogensportdiscount.ch\/it\/wp-json\/wp\/v2\/product_tag?post=391910"}],"curies":[{"name":"wp","href":"https:\/\/api.w.org\/{rel}","templated":true}]}}