{"id":391882,"date":"2026-04-05T14:24:14","date_gmt":"2026-04-05T12:24:14","guid":{"rendered":"https:\/\/bogensportdiscount.ch\/produkt\/ekpoelang-ek-poelang-recurve-string-26-5-for-jaguar\/"},"modified":"2026-04-20T12:47:13","modified_gmt":"2026-04-20T10:47:13","slug":"ekpoelang-recurve-armbrustsehne-ek-poelang-26-5-zoll-jaguar","status":"publish","type":"product","link":"https:\/\/bogensportdiscount.ch\/it\/prodotto\/ekpoelang-recurve-armbrustsehne-ek-poelang-26-5-zoll-jaguar\/","title":{"rendered":"EKPOELANG EK-POELANG RECURVE SEHNE 26.5&#8243; FUER JAGUAR"},"content":{"rendered":"<p>Die EKPOELANG EK-Poelang Recurve-Armbrustsehne mit einer L\u00e4nge von 26.5 Zoll ist als Ersatzsehne f\u00fcr die Jaguar-Armbrust konzipiert. Sie stellt eine unkomplizierte M\u00f6glichkeit dar, eine verschlissene oder besch\u00e4digte Sehne zu ersetzen, ohne die Schussleistung zu beeintr\u00e4chtigen.<\/p>\n<p>Recurve-Armbrustsehnen sind einem erheblichen Verschleiss ausgesetzt und sollten regelm\u00e4ssig auf Besch\u00e4digungen gepr\u00fcft und bei Bedarf ausgetauscht werden. Eine korrekt sitzende Ersatzsehne der richtigen L\u00e4nge ist dabei entscheidend f\u00fcr die Sicherheit und Pr\u00e4zision.<\/p>\n<ul>\n<li>L\u00e4nge: 26.5 Zoll<\/li>\n<li>Passend f\u00fcr: Jaguar Recurve-Armbrust<\/li>\n<li>Kategorie: Recurve-Armbrustsehne<\/li>\n<li>Verwendung: Ersatzsehne<\/li>\n<\/ul>","protected":false},"excerpt":{"rendered":"<p><strong>Marchio:<\/strong> EK &#8211; Poelang<br \/><strong>Lunghezza (pollici):<\/strong> 26 1\/2<\/p>","protected":false},"featured_media":442845,"comment_status":"open","ping_status":"closed","template":"","meta":[],"product_brand":[471],"product_cat":[4226],"product_tag":[3546],"class_list":{"0":"post-391882","1":"product","2":"type-product","3":"status-publish","4":"has-post-thumbnail","6":"product_brand-ekpoelang","7":"product_cat-recurve-strings","8":"product_tag-neuheit","10":"first","11":"instock","12":"shipping-taxable","13":"purchasable","14":"product-type-simple"},"yoast_head":"<!-- This site is optimized with the Yoast SEO plugin v27.4 - https:\/\/yoast.com\/product\/yoast-seo-wordpress\/ -->\n<title>EKPOELANG EK-POELANG RECURVE SEHNE 26.5&quot; FUER JAGUAR - Bogensportdiscount \u2013 B\u00f6gen, Pfeile, Targets &amp; Zubeh\u00f6r<\/title>\n<meta name=\"robots\" content=\"noindex, follow, max-snippet:-1, max-image-preview:large, max-video-preview:-1\" \/>\n<meta property=\"og:locale\" content=\"it_IT\" \/>\n<meta property=\"og:type\" content=\"article\" \/>\n<meta property=\"og:title\" content=\"EKPOELANG EK-POELANG RECURVE SEHNE 26.5&quot; FUER JAGUAR - Bogensportdiscount \u2013 B\u00f6gen, Pfeile, Targets &amp; Zubeh\u00f6r\" \/>\n<meta property=\"og:description\" content=\"Marke: EK - PoelangL\u00e4nge (Zoll): 26 1\/2\" \/>\n<meta property=\"og:url\" content=\"https:\/\/bogensportdiscount.ch\/it\/produit\/ekpoelang-recurve-armbrustsehne-ek-poelang-26-5-zoll-jaguar\/\" \/>\n<meta property=\"og:site_name\" content=\"Bogensportdiscount \u2013 B\u00f6gen, Pfeile, Targets &amp; Zubeh\u00f6r\" \/>\n<meta property=\"article:modified_time\" content=\"2026-04-20T10:47:13+00:00\" \/>\n<meta property=\"og:image\" content=\"https:\/\/bogensportdiscount.ch\/wp-content\/uploads\/bsm-images\/A018195_1.png\" \/>\n\t<meta property=\"og:image:width\" content=\"917\" \/>\n\t<meta property=\"og:image:height\" content=\"1394\" \/>\n\t<meta property=\"og:image:type\" content=\"image\/png\" \/>\n<meta name=\"twitter:card\" content=\"summary_large_image\" \/>\n<script type=\"application\/ld+json\" class=\"yoast-schema-graph\">{\"@context\":\"https:\\\/\\\/schema.org\",\"@graph\":[{\"@type\":\"WebPage\",\"@id\":\"https:\\\/\\\/bogensportdiscount.ch\\\/fr\\\/produit\\\/ekpoelang-recurve-armbrustsehne-ek-poelang-26-5-zoll-jaguar\\\/\",\"url\":\"https:\\\/\\\/bogensportdiscount.ch\\\/fr\\\/produit\\\/ekpoelang-recurve-armbrustsehne-ek-poelang-26-5-zoll-jaguar\\\/\",\"name\":\"EKPOELANG EK-POELANG RECURVE SEHNE 26.5\\\" FUER JAGUAR - Bogensportdiscount \u2013 B\u00f6gen, Pfeile, Targets &amp; Zubeh\u00f6r\",\"isPartOf\":{\"@id\":\"https:\\\/\\\/bogensportdiscount.ch\\\/#website\"},\"primaryImageOfPage\":{\"@id\":\"https:\\\/\\\/bogensportdiscount.ch\\\/fr\\\/produit\\\/ekpoelang-recurve-armbrustsehne-ek-poelang-26-5-zoll-jaguar\\\/#primaryimage\"},\"image\":{\"@id\":\"https:\\\/\\\/bogensportdiscount.ch\\\/fr\\\/produit\\\/ekpoelang-recurve-armbrustsehne-ek-poelang-26-5-zoll-jaguar\\\/#primaryimage\"},\"thumbnailUrl\":\"https:\\\/\\\/bogensportdiscount.ch\\\/wp-content\\\/uploads\\\/bsm-images\\\/A018195_1.png\",\"datePublished\":\"2026-04-05T12:24:14+00:00\",\"dateModified\":\"2026-04-20T10:47:13+00:00\",\"breadcrumb\":{\"@id\":\"https:\\\/\\\/bogensportdiscount.ch\\\/fr\\\/produit\\\/ekpoelang-recurve-armbrustsehne-ek-poelang-26-5-zoll-jaguar\\\/#breadcrumb\"},\"inLanguage\":\"it-IT\",\"potentialAction\":[{\"@type\":\"ReadAction\",\"target\":[\"https:\\\/\\\/bogensportdiscount.ch\\\/fr\\\/produit\\\/ekpoelang-recurve-armbrustsehne-ek-poelang-26-5-zoll-jaguar\\\/\"]}]},{\"@type\":\"ImageObject\",\"inLanguage\":\"it-IT\",\"@id\":\"https:\\\/\\\/bogensportdiscount.ch\\\/fr\\\/produit\\\/ekpoelang-recurve-armbrustsehne-ek-poelang-26-5-zoll-jaguar\\\/#primaryimage\",\"url\":\"https:\\\/\\\/bogensportdiscount.ch\\\/wp-content\\\/uploads\\\/bsm-images\\\/A018195_1.png\",\"contentUrl\":\"https:\\\/\\\/bogensportdiscount.ch\\\/wp-content\\\/uploads\\\/bsm-images\\\/A018195_1.png\",\"width\":917,\"height\":1394},{\"@type\":\"BreadcrumbList\",\"@id\":\"https:\\\/\\\/bogensportdiscount.ch\\\/fr\\\/produit\\\/ekpoelang-recurve-armbrustsehne-ek-poelang-26-5-zoll-jaguar\\\/#breadcrumb\",\"itemListElement\":[{\"@type\":\"ListItem\",\"position\":1,\"name\":\"Home\",\"item\":\"https:\\\/\\\/bogensportdiscount.ch\\\/\"},{\"@type\":\"ListItem\",\"position\":2,\"name\":\"Shop\",\"item\":\"https:\\\/\\\/bogensportdiscount.ch\\\/shop\\\/\"},{\"@type\":\"ListItem\",\"position\":3,\"name\":\"EKPOELANG EK-POELANG RECURVE SEHNE 26.5&#8243; FUER JAGUAR\"}]},{\"@type\":\"WebSite\",\"@id\":\"https:\\\/\\\/bogensportdiscount.ch\\\/#website\",\"url\":\"https:\\\/\\\/bogensportdiscount.ch\\\/\",\"name\":\"Bogensportdiscount\",\"description\":\"\",\"potentialAction\":[{\"@type\":\"SearchAction\",\"target\":{\"@type\":\"EntryPoint\",\"urlTemplate\":\"https:\\\/\\\/bogensportdiscount.ch\\\/?s={search_term_string}\"},\"query-input\":{\"@type\":\"PropertyValueSpecification\",\"valueRequired\":true,\"valueName\":\"search_term_string\"}}],\"inLanguage\":\"it-IT\"}]}<\/script>\n<!-- \/ Yoast SEO plugin. -->","yoast_head_json":{"title":"EKPOELANG EK-POELANG RECURVE SEHNE 26.5\" FUER JAGUAR - Bogensportdiscount \u2013 B\u00f6gen, Pfeile, Targets &amp; Zubeh\u00f6r","robots":{"index":"noindex","follow":"follow","max-snippet":"max-snippet:-1","max-image-preview":"max-image-preview:large","max-video-preview":"max-video-preview:-1"},"og_locale":"it_IT","og_type":"article","og_title":"EKPOELANG EK-POELANG RECURVE SEHNE 26.5\" FUER JAGUAR - Bogensportdiscount \u2013 B\u00f6gen, Pfeile, Targets &amp; Zubeh\u00f6r","og_description":"Marke: EK - PoelangL\u00e4nge (Zoll): 26 1\/2","og_url":"https:\/\/bogensportdiscount.ch\/it\/produit\/ekpoelang-recurve-armbrustsehne-ek-poelang-26-5-zoll-jaguar\/","og_site_name":"Bogensportdiscount \u2013 B\u00f6gen, Pfeile, Targets &amp; Zubeh\u00f6r","article_modified_time":"2026-04-20T10:47:13+00:00","og_image":[{"width":917,"height":1394,"url":"https:\/\/bogensportdiscount.ch\/wp-content\/uploads\/bsm-images\/A018195_1.png","type":"image\/png"}],"twitter_card":"summary_large_image","schema":{"@context":"https:\/\/schema.org","@graph":[{"@type":"WebPage","@id":"https:\/\/bogensportdiscount.ch\/fr\/produit\/ekpoelang-recurve-armbrustsehne-ek-poelang-26-5-zoll-jaguar\/","url":"https:\/\/bogensportdiscount.ch\/fr\/produit\/ekpoelang-recurve-armbrustsehne-ek-poelang-26-5-zoll-jaguar\/","name":"EKPOELANG EK-POELANG RECURVE SEHNE 26.5\" FUER JAGUAR - Bogensportdiscount \u2013 B\u00f6gen, Pfeile, Targets &amp; Zubeh\u00f6r","isPartOf":{"@id":"https:\/\/bogensportdiscount.ch\/#website"},"primaryImageOfPage":{"@id":"https:\/\/bogensportdiscount.ch\/fr\/produit\/ekpoelang-recurve-armbrustsehne-ek-poelang-26-5-zoll-jaguar\/#primaryimage"},"image":{"@id":"https:\/\/bogensportdiscount.ch\/fr\/produit\/ekpoelang-recurve-armbrustsehne-ek-poelang-26-5-zoll-jaguar\/#primaryimage"},"thumbnailUrl":"https:\/\/bogensportdiscount.ch\/wp-content\/uploads\/bsm-images\/A018195_1.png","datePublished":"2026-04-05T12:24:14+00:00","dateModified":"2026-04-20T10:47:13+00:00","breadcrumb":{"@id":"https:\/\/bogensportdiscount.ch\/fr\/produit\/ekpoelang-recurve-armbrustsehne-ek-poelang-26-5-zoll-jaguar\/#breadcrumb"},"inLanguage":"it-IT","potentialAction":[{"@type":"ReadAction","target":["https:\/\/bogensportdiscount.ch\/fr\/produit\/ekpoelang-recurve-armbrustsehne-ek-poelang-26-5-zoll-jaguar\/"]}]},{"@type":"ImageObject","inLanguage":"it-IT","@id":"https:\/\/bogensportdiscount.ch\/fr\/produit\/ekpoelang-recurve-armbrustsehne-ek-poelang-26-5-zoll-jaguar\/#primaryimage","url":"https:\/\/bogensportdiscount.ch\/wp-content\/uploads\/bsm-images\/A018195_1.png","contentUrl":"https:\/\/bogensportdiscount.ch\/wp-content\/uploads\/bsm-images\/A018195_1.png","width":917,"height":1394},{"@type":"BreadcrumbList","@id":"https:\/\/bogensportdiscount.ch\/fr\/produit\/ekpoelang-recurve-armbrustsehne-ek-poelang-26-5-zoll-jaguar\/#breadcrumb","itemListElement":[{"@type":"ListItem","position":1,"name":"Home","item":"https:\/\/bogensportdiscount.ch\/"},{"@type":"ListItem","position":2,"name":"Shop","item":"https:\/\/bogensportdiscount.ch\/shop\/"},{"@type":"ListItem","position":3,"name":"EKPOELANG EK-POELANG RECURVE SEHNE 26.5&#8243; FUER JAGUAR"}]},{"@type":"WebSite","@id":"https:\/\/bogensportdiscount.ch\/#website","url":"https:\/\/bogensportdiscount.ch\/","name":"Bogensportdiscount","description":"","potentialAction":[{"@type":"SearchAction","target":{"@type":"EntryPoint","urlTemplate":"https:\/\/bogensportdiscount.ch\/?s={search_term_string}"},"query-input":{"@type":"PropertyValueSpecification","valueRequired":true,"valueName":"search_term_string"}}],"inLanguage":"it-IT"}]}},"_links":{"self":[{"href":"https:\/\/bogensportdiscount.ch\/it\/wp-json\/wp\/v2\/product\/391882","targetHints":{"allow":["GET"]}}],"collection":[{"href":"https:\/\/bogensportdiscount.ch\/it\/wp-json\/wp\/v2\/product"}],"about":[{"href":"https:\/\/bogensportdiscount.ch\/it\/wp-json\/wp\/v2\/types\/product"}],"replies":[{"embeddable":true,"href":"https:\/\/bogensportdiscount.ch\/it\/wp-json\/wp\/v2\/comments?post=391882"}],"wp:featuredmedia":[{"embeddable":true,"href":"https:\/\/bogensportdiscount.ch\/it\/wp-json\/wp\/v2\/media\/442845"}],"wp:attachment":[{"href":"https:\/\/bogensportdiscount.ch\/it\/wp-json\/wp\/v2\/media?parent=391882"}],"wp:term":[{"taxonomy":"product_brand","embeddable":true,"href":"https:\/\/bogensportdiscount.ch\/it\/wp-json\/wp\/v2\/product_brand?post=391882"},{"taxonomy":"product_cat","embeddable":true,"href":"https:\/\/bogensportdiscount.ch\/it\/wp-json\/wp\/v2\/product_cat?post=391882"},{"taxonomy":"product_tag","embeddable":true,"href":"https:\/\/bogensportdiscount.ch\/it\/wp-json\/wp\/v2\/product_tag?post=391882"}],"curies":[{"name":"wp","href":"https:\/\/api.w.org\/{rel}","templated":true}]}}