{"id":391878,"date":"2026-04-05T14:24:13","date_gmt":"2026-04-05T12:24:13","guid":{"rendered":"https:\/\/bogensportdiscount.ch\/produkt\/excalibur-36-recurve-excel-string\/"},"modified":"2026-04-17T19:05:28","modified_gmt":"2026-04-17T17:05:28","slug":"excalibur-recurve-armbrustsehne-excel-36-zoll","status":"publish","type":"product","link":"https:\/\/bogensportdiscount.ch\/it\/prodotto\/excalibur-recurve-armbrustsehne-excel-36-zoll\/","title":{"rendered":"EXCALIBUR 36\u2033 RICURVO EXCEL CORDA"},"content":{"rendered":"<p>Die Excalibur Recurve-Armbrustsehne Excel ist eine Ersatzsehne mit einer L\u00e4nge von 36 Zoll, gefertigt f\u00fcr kompatible Excalibur Recurve-Armbr\u00fcste. Sie ist ein direkter Ersatz und sorgt f\u00fcr zuverl\u00e4ssige Schussleistung.<\/p>\n<p>Als Originalzubeh\u00f6r von Excalibur aus Kanada ist die Sehne auf die Spezifikationen der entsprechenden Modelle abgestimmt. Der regelm\u00e4ssige Sehnenwechsel ist ein wichtiger Bestandteil der Armbrustpflege und tr\u00e4gt zur Sicherheit und Genauigkeit beim Schiessen bei.<\/p>\n<ul>\n<li>L\u00e4nge: 36 Zoll<\/li>\n<li>Passend f\u00fcr kompatible Excalibur Recurve-Armbr\u00fcste<\/li>\n<li>Originalzubeh\u00f6r von Excalibur<\/li>\n<li>Hergestellt in Kanada<\/li>\n<\/ul>","protected":false},"excerpt":{"rendered":"<table>\n<tr>\n<th>Propriet\u00e0<\/th>\n<th>Valore<\/th>\n<\/tr>\n<tr>\n<td>Marchio<\/td>\n<td>Excalibur<\/td>\n<\/tr>\n<tr>\n<td>Lunghezza<\/td>\n<td>36 Zoll<\/td>\n<\/tr>\n<tr>\n<td>Herkunftsland<\/td>\n<td>Kanada<\/td>\n<\/tr>\n<tr>\n<td>GTIN<\/td>\n<td>626192019943<\/td>\n<\/tr>\n<\/table>","protected":false},"featured_media":442849,"comment_status":"open","ping_status":"closed","template":"","meta":[],"product_brand":[804],"product_cat":[4226],"product_tag":[3546],"class_list":{"0":"post-391878","1":"product","2":"type-product","3":"status-publish","4":"has-post-thumbnail","6":"product_brand-excalibur","7":"product_cat-recurve-strings","8":"product_tag-neuheit","10":"first","11":"instock","12":"shipping-taxable","13":"purchasable","14":"product-type-simple"},"_links":{"self":[{"href":"https:\/\/bogensportdiscount.ch\/it\/wp-json\/wp\/v2\/product\/391878","targetHints":{"allow":["GET"]}}],"collection":[{"href":"https:\/\/bogensportdiscount.ch\/it\/wp-json\/wp\/v2\/product"}],"about":[{"href":"https:\/\/bogensportdiscount.ch\/it\/wp-json\/wp\/v2\/types\/product"}],"replies":[{"embeddable":true,"href":"https:\/\/bogensportdiscount.ch\/it\/wp-json\/wp\/v2\/comments?post=391878"}],"wp:featuredmedia":[{"embeddable":true,"href":"https:\/\/bogensportdiscount.ch\/it\/wp-json\/wp\/v2\/media\/442849"}],"wp:attachment":[{"href":"https:\/\/bogensportdiscount.ch\/it\/wp-json\/wp\/v2\/media?parent=391878"}],"wp:term":[{"taxonomy":"product_brand","embeddable":true,"href":"https:\/\/bogensportdiscount.ch\/it\/wp-json\/wp\/v2\/product_brand?post=391878"},{"taxonomy":"product_cat","embeddable":true,"href":"https:\/\/bogensportdiscount.ch\/it\/wp-json\/wp\/v2\/product_cat?post=391878"},{"taxonomy":"product_tag","embeddable":true,"href":"https:\/\/bogensportdiscount.ch\/it\/wp-json\/wp\/v2\/product_tag?post=391878"}],"curies":[{"name":"wp","href":"https:\/\/api.w.org\/{rel}","templated":true}]}}