{"id":391870,"date":"2026-04-05T14:24:11","date_gmt":"2026-04-05T12:24:11","guid":{"rendered":"https:\/\/bogensportdiscount.ch\/produkt\/maximal-bow-quivers-4lite-1-piece-qd-4-arrows-double-gripper-black\/"},"modified":"2026-04-15T12:10:25","modified_gmt":"2026-04-15T10:10:25","slug":"maximal-bogenkoecher-4lite-1-piece-qd-4-pfeile-double-gripper-schwarz","status":"publish","type":"product","link":"https:\/\/bogensportdiscount.ch\/it\/prodotto\/maximal-bogenkoecher-4lite-1-piece-qd-4-pfeile-double-gripper-schwarz\/","title":{"rendered":"FARETRE PER ARCHI MAXIMAL 4LITE\u2018 1 PEZZO QD \/4 FRECCE \/DOPPIA PRESA NERO"},"content":{"rendered":"<p>Der MAXIMAL 4Lite ist ein kompakter Bogenk\u00f6cher f\u00fcr die direkte Befestigung am Bogen. Das einteilige Design (1-Piece) in Kombination mit dem Quick-Detach-Mechanismus (QD) erm\u00f6glicht ein schnelles und unkompliziertes Montieren und Abnehmen, ohne Werkzeug.<\/p>\n<p>Der integrierte Double Gripper h\u00e4lt bis zu 4 Pfeile zuverl\u00e4ssig in Position und verhindert ungewolltes Verrutschen w\u00e4hrend des Einsatzes. Der K\u00f6cher eignet sich f\u00fcr den Einsatz beim Feld- und Jagdbogenschiessen.<\/p>\n<ul>\n<li>Einteiliges Design mit Quick-Detach-System<\/li>\n<li>Kapazit\u00e4t: 4 Pfeile<\/li>\n<li>Double Gripper f\u00fcr sicheren Pfeilhalt<\/li>\n<li>Farbe: Schwarz<\/li>\n<\/ul>","protected":false},"excerpt":{"rendered":"<p><strong>Marchio:<\/strong> Maximal<br \/><strong>LH\/RH:<\/strong> Beidh\u00e4ndig<br \/><strong>Farbe:<\/strong> Schwarz<br \/><strong>Arrow quantity:<\/strong> 4<\/p>","protected":false},"featured_media":452362,"comment_status":"open","ping_status":"closed","template":"","meta":[],"product_brand":[780],"product_cat":[4163],"product_tag":[3546],"class_list":{"0":"post-391870","1":"product","2":"type-product","3":"status-publish","4":"has-post-thumbnail","6":"product_brand-maximal","7":"product_cat-anbaukoecher","8":"product_tag-neuheit","10":"first","11":"instock","12":"shipping-taxable","13":"purchasable","14":"product-type-simple"},"_links":{"self":[{"href":"https:\/\/bogensportdiscount.ch\/it\/wp-json\/wp\/v2\/product\/391870","targetHints":{"allow":["GET"]}}],"collection":[{"href":"https:\/\/bogensportdiscount.ch\/it\/wp-json\/wp\/v2\/product"}],"about":[{"href":"https:\/\/bogensportdiscount.ch\/it\/wp-json\/wp\/v2\/types\/product"}],"replies":[{"embeddable":true,"href":"https:\/\/bogensportdiscount.ch\/it\/wp-json\/wp\/v2\/comments?post=391870"}],"wp:featuredmedia":[{"embeddable":true,"href":"https:\/\/bogensportdiscount.ch\/it\/wp-json\/wp\/v2\/media\/452362"}],"wp:attachment":[{"href":"https:\/\/bogensportdiscount.ch\/it\/wp-json\/wp\/v2\/media?parent=391870"}],"wp:term":[{"taxonomy":"product_brand","embeddable":true,"href":"https:\/\/bogensportdiscount.ch\/it\/wp-json\/wp\/v2\/product_brand?post=391870"},{"taxonomy":"product_cat","embeddable":true,"href":"https:\/\/bogensportdiscount.ch\/it\/wp-json\/wp\/v2\/product_cat?post=391870"},{"taxonomy":"product_tag","embeddable":true,"href":"https:\/\/bogensportdiscount.ch\/it\/wp-json\/wp\/v2\/product_tag?post=391870"}],"curies":[{"name":"wp","href":"https:\/\/api.w.org\/{rel}","templated":true}]}}