{"id":391868,"date":"2026-04-05T14:24:11","date_gmt":"2026-04-05T12:24:11","guid":{"rendered":"https:\/\/bogensportdiscount.ch\/produkt\/bohning-quiver-accessories-parts-lever-lock-quiver-locking-system\/"},"modified":"2026-05-14T07:13:32","modified_gmt":"2026-05-14T05:13:32","slug":"bohning-koecherzubehoer-lever-lock-kocher-verriegelungssystem","status":"publish","type":"product","link":"https:\/\/bogensportdiscount.ch\/it\/prodotto\/bohning-koecherzubehoer-lever-lock-kocher-verriegelungssystem\/","title":{"rendered":"BOHNING FARETRA ACCESSORI &#038; PARTI SISTEMA DI BLOCCAGGIO LEVER-LOCK PER FARETRA"},"content":{"rendered":"<p>Il sistema di bloccaggio Lever-Lock per faretra di Bohning \u00e8 un pezzo di ricambio e accessorio per faretre da tiro con l'arco. Il principio Lever-Lock garantisce un blocco meccanico affidabile, in modo che la faretra rimanga fissata in modo sicuro all'arco o alla cintura.<\/p>\n<p>Questo pezzo \u00e8 adatto come ricambio in caso di usura o come aggiornamento dei sistemi di fissaggio delle faretre esistenti. \u00c8 abbinato alla linea di prodotti Bohning e si monta senza complicazioni.<\/p>\n<ul>\n<li>Meccanismo di bloccaggio Lever-Lock per una tenuta sicura<\/li>\n<li>Adatto come pezzo di ricambio o accessorio<\/li>\n<li>Compatibile con i sistemi di faretra Bohning<\/li>\n<li>Montaggio semplice<\/li>\n<\/ul>","protected":false},"excerpt":{"rendered":"<table>\n<tr>\n<th>Propriet\u00e0<\/th>\n<th>Valore<\/th>\n<\/tr>\n<tr>\n<td>Marca<\/td>\n<td>Bohning<\/td>\n<\/tr>\n<tr>\n<td>Colore<\/td>\n<td>Nero<\/td>\n<\/tr>\n<tr>\n<td>Paese di origine<\/td>\n<td>USA<\/td>\n<\/tr>\n<\/table>","protected":false},"featured_media":446882,"comment_status":"open","ping_status":"closed","template":"","meta":[],"product_brand":[444],"product_cat":[4124,4145,4164],"product_tag":[3546],"class_list":{"0":"post-391868","1":"product","2":"type-product","3":"status-publish","4":"has-post-thumbnail","6":"product_brand-bohning","7":"product_cat-bogenschuetzer-ausruestung","8":"product_cat-koecher-guerteltasche","9":"product_cat-zubehoer-einzelteile","10":"product_tag-neuheit","11":"product_shipping_class-bsd-standard","13":"first","14":"instock","15":"shipping-taxable","16":"purchasable","17":"product-type-simple"},"yoast_head":"<!-- This site is optimized with the Yoast SEO plugin v27.6 - https:\/\/yoast.com\/product\/yoast-seo-wordpress\/ -->\n<title>BOHNING FODERI, ACCESSORI E RICAMBI SISTEMA DI BLOCCAGGIO PER FODERI LEVER-LOCK - Bogensportdiscount \u2013 Archi, frecce, bersagli e accessori<\/title>\n<meta name=\"description\" content=\"Accessori e ricambi per faretre BOHNING, sistema di chiusura LEVER-LOCK: acquista a prezzi convenienti su Bogensportdiscount \u2013 Le migliori marche, spedizione veloce dalla Svizzera.\" \/>\n<meta name=\"robots\" content=\"index, follow, max-snippet:-1, max-image-preview:large, max-video-preview:-1\" \/>\n<link rel=\"canonical\" href=\"https:\/\/bogensportdiscount.ch\/it\/prodotto\/bohning-koecherzubehoer-lever-lock-kocher-verriegelungssystem\/\" \/>\n<meta property=\"og:locale\" content=\"it_IT\" \/>\n<meta property=\"og:type\" content=\"article\" \/>\n<meta property=\"og:title\" content=\"BOHNING FODERI, ACCESSORI E RICAMBI SISTEMA DI BLOCCAGGIO PER FODERI LEVER-LOCK - Bogensportdiscount \u2013 Archi, frecce, bersagli e accessori\" \/>\n<meta property=\"og:description\" content=\"Accessori e ricambi per faretre BOHNING, sistema di chiusura LEVER-LOCK: acquista a prezzi convenienti su Bogensportdiscount \u2013 Le migliori marche, spedizione veloce dalla Svizzera.\" \/>\n<meta property=\"og:url\" content=\"https:\/\/bogensportdiscount.ch\/it\/prodotto\/bohning-koecherzubehoer-lever-lock-kocher-verriegelungssystem\/\" \/>\n<meta property=\"og:site_name\" content=\"Bogensportdiscount \u2013 B\u00f6gen, Pfeile, Targets &amp; Zubeh\u00f6r\" \/>\n<meta property=\"article:modified_time\" content=\"2026-05-14T05:13:32+00:00\" \/>\n<meta property=\"og:image\" content=\"https:\/\/bogensportdiscount.ch\/wp-content\/uploads\/bsm-images\/A017646_1.jpg\" \/>\n\t<meta property=\"og:image:width\" content=\"975\" \/>\n\t<meta property=\"og:image:height\" content=\"825\" \/>\n\t<meta property=\"og:image:type\" content=\"image\/jpeg\" \/>\n<meta name=\"twitter:card\" content=\"summary_large_image\" \/>\n<script type=\"application\/ld+json\" class=\"yoast-schema-graph\">{\"@context\":\"https:\\\/\\\/schema.org\",\"@graph\":[{\"@type\":\"WebPage\",\"@id\":\"https:\\\/\\\/bogensportdiscount.ch\\\/produkt\\\/bohning-koecherzubehoer-lever-lock-kocher-verriegelungssystem\\\/\",\"url\":\"https:\\\/\\\/bogensportdiscount.ch\\\/produkt\\\/bohning-koecherzubehoer-lever-lock-kocher-verriegelungssystem\\\/\",\"name\":\"BOHNING K\u00d6CHER ZUBEH\u00d6R & TEILE LEVER-LOCK K\u00d6CHER VERRIEGELUNGSSYSTEM - Bogensportdiscount \u2013 B\u00f6gen, Pfeile, Targets &amp; Zubeh\u00f6r\",\"isPartOf\":{\"@id\":\"https:\\\/\\\/bogensportdiscount.ch\\\/#website\"},\"primaryImageOfPage\":{\"@id\":\"https:\\\/\\\/bogensportdiscount.ch\\\/produkt\\\/bohning-koecherzubehoer-lever-lock-kocher-verriegelungssystem\\\/#primaryimage\"},\"image\":{\"@id\":\"https:\\\/\\\/bogensportdiscount.ch\\\/produkt\\\/bohning-koecherzubehoer-lever-lock-kocher-verriegelungssystem\\\/#primaryimage\"},\"thumbnailUrl\":\"https:\\\/\\\/bogensportdiscount.ch\\\/wp-content\\\/uploads\\\/bsm-images\\\/A017646_1.jpg\",\"datePublished\":\"2026-04-05T12:24:11+00:00\",\"dateModified\":\"2026-05-14T05:13:32+00:00\",\"description\":\"BOHNING K\u00d6CHER ZUBEH\u00d6R & TEILE LEVER-LOCK K\u00d6CHER VERRIEGELUNGSSYSTEM g\u00fcnstig kaufen bei Bogensportdiscount \u2013 Top-Marken, schneller Versand aus der Schweiz.\",\"breadcrumb\":{\"@id\":\"https:\\\/\\\/bogensportdiscount.ch\\\/produkt\\\/bohning-koecherzubehoer-lever-lock-kocher-verriegelungssystem\\\/#breadcrumb\"},\"inLanguage\":\"it-IT\",\"potentialAction\":[{\"@type\":\"ReadAction\",\"target\":[\"https:\\\/\\\/bogensportdiscount.ch\\\/produkt\\\/bohning-koecherzubehoer-lever-lock-kocher-verriegelungssystem\\\/\"]}]},{\"@type\":\"ImageObject\",\"inLanguage\":\"it-IT\",\"@id\":\"https:\\\/\\\/bogensportdiscount.ch\\\/produkt\\\/bohning-koecherzubehoer-lever-lock-kocher-verriegelungssystem\\\/#primaryimage\",\"url\":\"https:\\\/\\\/bogensportdiscount.ch\\\/wp-content\\\/uploads\\\/bsm-images\\\/A017646_1.jpg\",\"contentUrl\":\"https:\\\/\\\/bogensportdiscount.ch\\\/wp-content\\\/uploads\\\/bsm-images\\\/A017646_1.jpg\",\"width\":975,\"height\":825},{\"@type\":\"BreadcrumbList\",\"@id\":\"https:\\\/\\\/bogensportdiscount.ch\\\/produkt\\\/bohning-koecherzubehoer-lever-lock-kocher-verriegelungssystem\\\/#breadcrumb\",\"itemListElement\":[{\"@type\":\"ListItem\",\"position\":1,\"name\":\"Home\",\"item\":\"https:\\\/\\\/bogensportdiscount.ch\\\/\"},{\"@type\":\"ListItem\",\"position\":2,\"name\":\"Shop\",\"item\":\"https:\\\/\\\/bogensportdiscount.ch\\\/shop\\\/\"},{\"@type\":\"ListItem\",\"position\":3,\"name\":\"BOHNING QUIVER ACCESSORIES &#038; PARTS LEVER-LOCK QUIVER LOCKING SYSTEM\"}]},{\"@type\":\"WebSite\",\"@id\":\"https:\\\/\\\/bogensportdiscount.ch\\\/#website\",\"url\":\"https:\\\/\\\/bogensportdiscount.ch\\\/\",\"name\":\"Bogensportdiscount\",\"description\":\"\",\"potentialAction\":[{\"@type\":\"SearchAction\",\"target\":{\"@type\":\"EntryPoint\",\"urlTemplate\":\"https:\\\/\\\/bogensportdiscount.ch\\\/?s={search_term_string}\"},\"query-input\":{\"@type\":\"PropertyValueSpecification\",\"valueRequired\":true,\"valueName\":\"search_term_string\"}}],\"inLanguage\":\"it-IT\"}]}<\/script>\n<!-- \/ Yoast SEO plugin. -->","yoast_head_json":{"title":"BOHNING FODERI, ACCESSORI E RICAMBI SISTEMA DI BLOCCAGGIO PER FODERI LEVER-LOCK - Bogensportdiscount \u2013 Archi, frecce, bersagli e accessori","description":"Accessori e ricambi per faretre BOHNING, sistema di chiusura LEVER-LOCK: acquista a prezzi convenienti su Bogensportdiscount \u2013 Le migliori marche, spedizione veloce dalla Svizzera.","robots":{"index":"index","follow":"follow","max-snippet":"max-snippet:-1","max-image-preview":"max-image-preview:large","max-video-preview":"max-video-preview:-1"},"canonical":"https:\/\/bogensportdiscount.ch\/it\/prodotto\/bohning-koecherzubehoer-lever-lock-kocher-verriegelungssystem\/","og_locale":"it_IT","og_type":"article","og_title":"BOHNING FODERI, ACCESSORI E RICAMBI SISTEMA DI BLOCCAGGIO PER FODERI LEVER-LOCK - Bogensportdiscount \u2013 Archi, frecce, bersagli e accessori","og_description":"Accessori e ricambi per faretre BOHNING, sistema di chiusura LEVER-LOCK: acquista a prezzi convenienti su Bogensportdiscount \u2013 Le migliori marche, spedizione veloce dalla Svizzera.","og_url":"https:\/\/bogensportdiscount.ch\/it\/prodotto\/bohning-koecherzubehoer-lever-lock-kocher-verriegelungssystem\/","og_site_name":"Bogensportdiscount \u2013 B\u00f6gen, Pfeile, Targets &amp; Zubeh\u00f6r","article_modified_time":"2026-05-14T05:13:32+00:00","og_image":[{"width":975,"height":825,"url":"https:\/\/bogensportdiscount.ch\/wp-content\/uploads\/bsm-images\/A017646_1.jpg","type":"image\/jpeg"}],"twitter_card":"summary_large_image","schema":{"@context":"https:\/\/schema.org","@graph":[{"@type":"WebPage","@id":"https:\/\/bogensportdiscount.ch\/produkt\/bohning-koecherzubehoer-lever-lock-kocher-verriegelungssystem\/","url":"https:\/\/bogensportdiscount.ch\/produkt\/bohning-koecherzubehoer-lever-lock-kocher-verriegelungssystem\/","name":"BOHNING FODERI, ACCESSORI E RICAMBI SISTEMA DI BLOCCAGGIO PER FODERI LEVER-LOCK - Bogensportdiscount \u2013 Archi, frecce, bersagli e accessori","isPartOf":{"@id":"https:\/\/bogensportdiscount.ch\/#website"},"primaryImageOfPage":{"@id":"https:\/\/bogensportdiscount.ch\/produkt\/bohning-koecherzubehoer-lever-lock-kocher-verriegelungssystem\/#primaryimage"},"image":{"@id":"https:\/\/bogensportdiscount.ch\/produkt\/bohning-koecherzubehoer-lever-lock-kocher-verriegelungssystem\/#primaryimage"},"thumbnailUrl":"https:\/\/bogensportdiscount.ch\/wp-content\/uploads\/bsm-images\/A017646_1.jpg","datePublished":"2026-04-05T12:24:11+00:00","dateModified":"2026-05-14T05:13:32+00:00","description":"Accessori e ricambi per faretre BOHNING, sistema di chiusura LEVER-LOCK: acquista a prezzi convenienti su Bogensportdiscount \u2013 Le migliori marche, spedizione veloce dalla Svizzera.","breadcrumb":{"@id":"https:\/\/bogensportdiscount.ch\/produkt\/bohning-koecherzubehoer-lever-lock-kocher-verriegelungssystem\/#breadcrumb"},"inLanguage":"it-IT","potentialAction":[{"@type":"ReadAction","target":["https:\/\/bogensportdiscount.ch\/produkt\/bohning-koecherzubehoer-lever-lock-kocher-verriegelungssystem\/"]}]},{"@type":"ImageObject","inLanguage":"it-IT","@id":"https:\/\/bogensportdiscount.ch\/produkt\/bohning-koecherzubehoer-lever-lock-kocher-verriegelungssystem\/#primaryimage","url":"https:\/\/bogensportdiscount.ch\/wp-content\/uploads\/bsm-images\/A017646_1.jpg","contentUrl":"https:\/\/bogensportdiscount.ch\/wp-content\/uploads\/bsm-images\/A017646_1.jpg","width":975,"height":825},{"@type":"BreadcrumbList","@id":"https:\/\/bogensportdiscount.ch\/produkt\/bohning-koecherzubehoer-lever-lock-kocher-verriegelungssystem\/#breadcrumb","itemListElement":[{"@type":"ListItem","position":1,"name":"Home","item":"https:\/\/bogensportdiscount.ch\/"},{"@type":"ListItem","position":2,"name":"Shop","item":"https:\/\/bogensportdiscount.ch\/shop\/"},{"@type":"ListItem","position":3,"name":"BOHNING QUIVER ACCESSORIES &#038; PARTS LEVER-LOCK QUIVER LOCKING SYSTEM"}]},{"@type":"WebSite","@id":"https:\/\/bogensportdiscount.ch\/#website","url":"https:\/\/bogensportdiscount.ch\/","name":"Bogensportdiscount","description":"","potentialAction":[{"@type":"SearchAction","target":{"@type":"EntryPoint","urlTemplate":"https:\/\/bogensportdiscount.ch\/?s={search_term_string}"},"query-input":{"@type":"PropertyValueSpecification","valueRequired":true,"valueName":"search_term_string"}}],"inLanguage":"it-IT"}]}},"_links":{"self":[{"href":"https:\/\/bogensportdiscount.ch\/it\/wp-json\/wp\/v2\/product\/391868","targetHints":{"allow":["GET"]}}],"collection":[{"href":"https:\/\/bogensportdiscount.ch\/it\/wp-json\/wp\/v2\/product"}],"about":[{"href":"https:\/\/bogensportdiscount.ch\/it\/wp-json\/wp\/v2\/types\/product"}],"replies":[{"embeddable":true,"href":"https:\/\/bogensportdiscount.ch\/it\/wp-json\/wp\/v2\/comments?post=391868"}],"wp:featuredmedia":[{"embeddable":true,"href":"https:\/\/bogensportdiscount.ch\/it\/wp-json\/wp\/v2\/media\/446882"}],"wp:attachment":[{"href":"https:\/\/bogensportdiscount.ch\/it\/wp-json\/wp\/v2\/media?parent=391868"}],"wp:term":[{"taxonomy":"product_brand","embeddable":true,"href":"https:\/\/bogensportdiscount.ch\/it\/wp-json\/wp\/v2\/product_brand?post=391868"},{"taxonomy":"product_cat","embeddable":true,"href":"https:\/\/bogensportdiscount.ch\/it\/wp-json\/wp\/v2\/product_cat?post=391868"},{"taxonomy":"product_tag","embeddable":true,"href":"https:\/\/bogensportdiscount.ch\/it\/wp-json\/wp\/v2\/product_tag?post=391868"}],"curies":[{"name":"wp","href":"https:\/\/api.w.org\/{rel}","templated":true}]}}