{"id":391785,"date":"2026-04-05T14:23:55","date_gmt":"2026-04-05T12:23:55","guid":{"rendered":"https:\/\/bogensportdiscount.ch\/produkt\/coldsteel-bush-ranger-overall-21-59cm-153-09gr\/"},"modified":"2026-04-17T13:04:57","modified_gmt":"2026-04-17T11:04:57","slug":"coldsteel-bush-ranger-messer-21-59cm","status":"publish","type":"product","link":"https:\/\/bogensportdiscount.ch\/it\/prodotto\/coldsteel-bush-ranger-messer-21-59cm\/","title":{"rendered":"BUSH RANGER IN ACCIAIO - totale 21,59cm \/ 153,09gr"},"content":{"rendered":"<p>Der COLDSTEEL Bush Ranger ist ein robustes Messer aus dem Bereich Outdoor und Jagd. Mit einer Gesamtl\u00e4nge von 21.59 cm und einem Gewicht von rund 153 g bietet er eine ausgewogene Gr\u00f6sse f\u00fcr den praktischen Einsatz im Freien.<\/p>\n<p>COLDSTEEL ist bekannt f\u00fcr solide Verarbeitungsqualit\u00e4t und langlebige Klingen. Der Bush Ranger richtet sich an Outdoor-Enthusiasten, J\u00e4ger und alle, die ein zuverl\u00e4ssiges Messer f\u00fcr den t\u00e4glichen Gebrauch in der Natur suchen.<\/p>\n<ul>\n<li>Gesamtl\u00e4nge: 21.59 cm<\/li>\n<li>Gewicht: 153.09 g<\/li>\n<li>Geeignet f\u00fcr Outdoor- und Jagdeinsatz<\/li>\n<li>Von der etablierten Marke COLDSTEEL<\/li>\n<\/ul>","protected":false},"excerpt":{"rendered":"<p><strong>Marchio:<\/strong> Cold Steel<br \/><strong>L\u00e4nge (cm):<\/strong> 20,01-25<br \/><strong>Blade shape:<\/strong> Clip Point<br \/><strong>GTIN:<\/strong> 705442018025<\/p>","protected":false},"featured_media":447690,"comment_status":"open","ping_status":"closed","template":"","meta":[],"product_brand":[491],"product_cat":[4352],"product_tag":[3546],"class_list":{"0":"post-391785","1":"product","2":"type-product","3":"status-publish","4":"has-post-thumbnail","6":"product_brand-coldsteel","7":"product_cat-klappbare-klinge","8":"product_tag-neuheit","10":"first","11":"instock","12":"shipping-taxable","13":"purchasable","14":"product-type-simple"},"_links":{"self":[{"href":"https:\/\/bogensportdiscount.ch\/it\/wp-json\/wp\/v2\/product\/391785","targetHints":{"allow":["GET"]}}],"collection":[{"href":"https:\/\/bogensportdiscount.ch\/it\/wp-json\/wp\/v2\/product"}],"about":[{"href":"https:\/\/bogensportdiscount.ch\/it\/wp-json\/wp\/v2\/types\/product"}],"replies":[{"embeddable":true,"href":"https:\/\/bogensportdiscount.ch\/it\/wp-json\/wp\/v2\/comments?post=391785"}],"wp:featuredmedia":[{"embeddable":true,"href":"https:\/\/bogensportdiscount.ch\/it\/wp-json\/wp\/v2\/media\/447690"}],"wp:attachment":[{"href":"https:\/\/bogensportdiscount.ch\/it\/wp-json\/wp\/v2\/media?parent=391785"}],"wp:term":[{"taxonomy":"product_brand","embeddable":true,"href":"https:\/\/bogensportdiscount.ch\/it\/wp-json\/wp\/v2\/product_brand?post=391785"},{"taxonomy":"product_cat","embeddable":true,"href":"https:\/\/bogensportdiscount.ch\/it\/wp-json\/wp\/v2\/product_cat?post=391785"},{"taxonomy":"product_tag","embeddable":true,"href":"https:\/\/bogensportdiscount.ch\/it\/wp-json\/wp\/v2\/product_tag?post=391785"}],"curies":[{"name":"wp","href":"https:\/\/api.w.org\/{rel}","templated":true}]}}