{"id":391775,"date":"2026-04-05T14:23:53","date_gmt":"2026-04-05T12:23:53","guid":{"rendered":"https:\/\/bogensportdiscount.ch\/produkt\/magnus-black-hornet-bleeder-blades-6-pk\/"},"modified":"2026-04-15T12:10:22","modified_gmt":"2026-04-15T10:10:22","slug":"magnus-black-hornet-bleeder-blades-6er-pack","status":"publish","type":"product","link":"https:\/\/bogensportdiscount.ch\/it\/prodotto\/magnus-black-hornet-bleeder-blades-6er-pack\/","title":{"rendered":"LAME DI SPURGO MAGNUS BLACK HORNET 6\/PK"},"content":{"rendered":"<p>Die Magnus Black Hornet Bleeder Blades sind Ersatzklingen, die speziell f\u00fcr den Magnus Black Hornet Broadhead entwickelt wurden. Als sogenannte Bleeder Blades \u00fcbernehmen sie die Funktion der zus\u00e4tzlichen Querschneidklingen, die den Wundkanal beim Aufprall vergr\u00f6ssern.<\/p>\n<p>Das Paket enth\u00e4lt 6 Klingen, sodass mehrere Broadheads gleichzeitig best\u00fcckt oder verbrauchte Klingen unkompliziert ausgetauscht werden k\u00f6nnen. Die Klingen sind ein direktes Ersatzteil und passen passgenau in die vorgesehenen Aufnahmen des Black Hornet Broadheads.<\/p>\n<ul>\n<li>6 Bleeder Blades pro Packung<\/li>\n<li>Passend f\u00fcr Magnus Black Hornet Broadheads<\/li>\n<li>Einfacher Austausch verschlissener Klingen<\/li>\n<li>Kategorie: Broadhead-Adapter &amp; Teile<\/li>\n<\/ul>","protected":false},"excerpt":{"rendered":"<p><strong>Marchio:<\/strong> Magnus<br \/><strong>Farbe:<\/strong> Schwarz<br \/><strong>GTIN:<\/strong> 789176301936<\/p>","protected":false},"featured_media":447697,"comment_status":"open","ping_status":"closed","template":"","meta":[],"product_brand":[532],"product_cat":[4179],"product_tag":[3546],"class_list":{"0":"post-391775","1":"product","2":"type-product","3":"status-publish","4":"has-post-thumbnail","6":"product_brand-magnus","7":"product_cat-einzelteile-zubehoer","8":"product_tag-neuheit","10":"first","11":"instock","12":"shipping-taxable","13":"purchasable","14":"product-type-simple"},"_links":{"self":[{"href":"https:\/\/bogensportdiscount.ch\/it\/wp-json\/wp\/v2\/product\/391775","targetHints":{"allow":["GET"]}}],"collection":[{"href":"https:\/\/bogensportdiscount.ch\/it\/wp-json\/wp\/v2\/product"}],"about":[{"href":"https:\/\/bogensportdiscount.ch\/it\/wp-json\/wp\/v2\/types\/product"}],"replies":[{"embeddable":true,"href":"https:\/\/bogensportdiscount.ch\/it\/wp-json\/wp\/v2\/comments?post=391775"}],"wp:featuredmedia":[{"embeddable":true,"href":"https:\/\/bogensportdiscount.ch\/it\/wp-json\/wp\/v2\/media\/447697"}],"wp:attachment":[{"href":"https:\/\/bogensportdiscount.ch\/it\/wp-json\/wp\/v2\/media?parent=391775"}],"wp:term":[{"taxonomy":"product_brand","embeddable":true,"href":"https:\/\/bogensportdiscount.ch\/it\/wp-json\/wp\/v2\/product_brand?post=391775"},{"taxonomy":"product_cat","embeddable":true,"href":"https:\/\/bogensportdiscount.ch\/it\/wp-json\/wp\/v2\/product_cat?post=391775"},{"taxonomy":"product_tag","embeddable":true,"href":"https:\/\/bogensportdiscount.ch\/it\/wp-json\/wp\/v2\/product_tag?post=391775"}],"curies":[{"name":"wp","href":"https:\/\/api.w.org\/{rel}","templated":true}]}}