{"id":391754,"date":"2026-04-05T14:23:49","date_gmt":"2026-04-05T12:23:49","guid":{"rendered":"https:\/\/bogensportdiscount.ch\/produkt\/nap-spitfire-edge-100-gr-3-blade-3-pk-expandable-broadheads\/"},"modified":"2026-04-20T12:47:04","modified_gmt":"2026-04-20T10:47:04","slug":"nap-spitfire-edge-expandable-broadhead-100gr-3-blatt-3er-pack","status":"publish","type":"product","link":"https:\/\/bogensportdiscount.ch\/it\/prodotto\/nap-spitfire-edge-expandable-broadhead-100gr-3-blatt-3er-pack\/","title":{"rendered":"NAP SPITFIRE EDGE 100 GR 3 KLINGEN 3\/PK AUSKLAPPBARE JAGDSPITZEN"},"content":{"rendered":"<p>Der NAP Spitfire Edge 100 gr ist ein mechanischer Broadhead mit aufklappenden Klingen (Expandable). Die 3-Blatt-Konstruktion sorgt f\u00fcr einen grossen Schnittkreis beim Aufprall, was typisch f\u00fcr mechanische Broadheads dieser Bauart ist.<\/p>\n<p>Mit einem Gewicht von 100 Grain ist der Spitfire Edge f\u00fcr g\u00e4ngige Pfeilsch\u00e4fte und Setups im Jagdbogensport ausgelegt. Das Paket enth\u00e4lt 3 Broadheads.<\/p>\n<ul>\n<li>Mechanisch aufklappende Klingen (Expandable)<\/li>\n<li>3-Blatt-Konstruktion<\/li>\n<li>Peso 100 Grain<\/li>\n<li>Confezione da 3<\/li>\n<\/ul>","protected":false},"excerpt":{"rendered":"<p><strong>Marchio:<\/strong> NAP<br \/><strong>Lame:<\/strong> 3<br \/><strong>Peso:<\/strong> 100<\/p>","protected":false},"featured_media":453631,"comment_status":"open","ping_status":"closed","template":"","meta":[],"product_brand":[557],"product_cat":[4212],"product_tag":[3546],"class_list":{"0":"post-391754","1":"product","2":"type-product","3":"status-publish","4":"has-post-thumbnail","6":"product_brand-nap","7":"product_cat-mechanische-jagdspitzen","8":"product_tag-neuheit","10":"first","11":"instock","12":"shipping-taxable","13":"purchasable","14":"product-type-simple"},"yoast_head":"<!-- This site is optimized with the Yoast SEO plugin v27.4 - https:\/\/yoast.com\/product\/yoast-seo-wordpress\/ -->\n<title>NAP SPITFIRE EDGE 100 GR 3 PUNTE 3\/CONF PUNTE DA CACCIA A SBLOCCO - Bogensportdiscount \u2013 Archi, frecce, bersagli e accessori<\/title>\n<meta name=\"description\" content=\"NAP SPITFIRE EDGE 100 GR 3 LAME 3\/CONFEZIONE PUNTE DA CACCIA PIEGHEVOLI: acquista a un prezzo conveniente su Bogensportdiscount \u2013 Marchi di punta, spedizione veloce dalla Svizzera.\" \/>\n<meta name=\"robots\" content=\"noindex, follow, max-snippet:-1, max-image-preview:large, max-video-preview:-1\" \/>\n<meta property=\"og:locale\" content=\"it_IT\" \/>\n<meta property=\"og:type\" content=\"article\" \/>\n<meta property=\"og:title\" content=\"NAP SPITFIRE EDGE 100 GR 3 PUNTE 3\/CONF PUNTE DA CACCIA A SBLOCCO - Bogensportdiscount \u2013 Archi, frecce, bersagli e accessori\" \/>\n<meta property=\"og:description\" content=\"NAP SPITFIRE EDGE 100 GR 3 LAME 3\/CONFEZIONE PUNTE DA CACCIA PIEGHEVOLI: acquista a un prezzo conveniente su Bogensportdiscount \u2013 Marchi di punta, spedizione veloce dalla Svizzera.\" \/>\n<meta property=\"og:url\" content=\"https:\/\/bogensportdiscount.ch\/it\/produit\/nap-spitfire-edge-expandable-broadhead-100gr-3-blatt-3er-pack\/\" \/>\n<meta property=\"og:site_name\" content=\"Bogensportdiscount \u2013 B\u00f6gen, Pfeile, Targets &amp; Zubeh\u00f6r\" \/>\n<meta property=\"article:modified_time\" content=\"2026-04-20T10:47:04+00:00\" \/>\n<meta property=\"og:image\" content=\"https:\/\/bogensportdiscount.ch\/wp-content\/uploads\/bsm-images\/a016391_1.jpg\" \/>\n\t<meta property=\"og:image:width\" content=\"400\" \/>\n\t<meta property=\"og:image:height\" content=\"386\" \/>\n\t<meta property=\"og:image:type\" content=\"image\/jpeg\" \/>\n<meta name=\"twitter:card\" content=\"summary_large_image\" \/>\n<script type=\"application\/ld+json\" class=\"yoast-schema-graph\">{\"@context\":\"https:\\\/\\\/schema.org\",\"@graph\":[{\"@type\":\"WebPage\",\"@id\":\"https:\\\/\\\/bogensportdiscount.ch\\\/fr\\\/produit\\\/nap-spitfire-edge-expandable-broadhead-100gr-3-blatt-3er-pack\\\/\",\"url\":\"https:\\\/\\\/bogensportdiscount.ch\\\/fr\\\/produit\\\/nap-spitfire-edge-expandable-broadhead-100gr-3-blatt-3er-pack\\\/\",\"name\":\"NAP SPITFIRE EDGE 100 GR 3 KLINGEN 3\\\/PK AUSKLAPPBARE JAGDSPITZEN - Bogensportdiscount \u2013 B\u00f6gen, Pfeile, Targets &amp; Zubeh\u00f6r\",\"isPartOf\":{\"@id\":\"https:\\\/\\\/bogensportdiscount.ch\\\/#website\"},\"primaryImageOfPage\":{\"@id\":\"https:\\\/\\\/bogensportdiscount.ch\\\/fr\\\/produit\\\/nap-spitfire-edge-expandable-broadhead-100gr-3-blatt-3er-pack\\\/#primaryimage\"},\"image\":{\"@id\":\"https:\\\/\\\/bogensportdiscount.ch\\\/fr\\\/produit\\\/nap-spitfire-edge-expandable-broadhead-100gr-3-blatt-3er-pack\\\/#primaryimage\"},\"thumbnailUrl\":\"https:\\\/\\\/bogensportdiscount.ch\\\/wp-content\\\/uploads\\\/2026\\\/04\\\/bogensportdiscount.ch-pfeile-boegen-zubehoer-fuer-anfaenger-und-profis-zum-besten-preis-Symbolbild-kein-foto-zu-diesem-artikel_01.jpg\",\"datePublished\":\"2026-04-05T12:23:49+00:00\",\"dateModified\":\"2026-04-20T10:47:04+00:00\",\"description\":\"NAP SPITFIRE EDGE 100 GR 3 KLINGEN 3\\\/PK AUSKLAPPBARE JAGDSPITZEN g\u00fcnstig kaufen bei Bogensportdiscount \u2013 Top-Marken, schneller Versand aus der Schweiz.\",\"breadcrumb\":{\"@id\":\"https:\\\/\\\/bogensportdiscount.ch\\\/fr\\\/produit\\\/nap-spitfire-edge-expandable-broadhead-100gr-3-blatt-3er-pack\\\/#breadcrumb\"},\"inLanguage\":\"it-IT\",\"potentialAction\":[{\"@type\":\"ReadAction\",\"target\":[\"https:\\\/\\\/bogensportdiscount.ch\\\/fr\\\/produit\\\/nap-spitfire-edge-expandable-broadhead-100gr-3-blatt-3er-pack\\\/\"]}]},{\"@type\":\"ImageObject\",\"inLanguage\":\"it-IT\",\"@id\":\"https:\\\/\\\/bogensportdiscount.ch\\\/fr\\\/produit\\\/nap-spitfire-edge-expandable-broadhead-100gr-3-blatt-3er-pack\\\/#primaryimage\",\"url\":\"https:\\\/\\\/bogensportdiscount.ch\\\/wp-content\\\/uploads\\\/2026\\\/04\\\/bogensportdiscount.ch-pfeile-boegen-zubehoer-fuer-anfaenger-und-profis-zum-besten-preis-Symbolbild-kein-foto-zu-diesem-artikel_01.jpg\",\"contentUrl\":\"https:\\\/\\\/bogensportdiscount.ch\\\/wp-content\\\/uploads\\\/2026\\\/04\\\/bogensportdiscount.ch-pfeile-boegen-zubehoer-fuer-anfaenger-und-profis-zum-besten-preis-Symbolbild-kein-foto-zu-diesem-artikel_01.jpg\",\"width\":1080,\"height\":1080},{\"@type\":\"BreadcrumbList\",\"@id\":\"https:\\\/\\\/bogensportdiscount.ch\\\/fr\\\/produit\\\/nap-spitfire-edge-expandable-broadhead-100gr-3-blatt-3er-pack\\\/#breadcrumb\",\"itemListElement\":[{\"@type\":\"ListItem\",\"position\":1,\"name\":\"Home\",\"item\":\"https:\\\/\\\/bogensportdiscount.ch\\\/\"},{\"@type\":\"ListItem\",\"position\":2,\"name\":\"Shop\",\"item\":\"https:\\\/\\\/bogensportdiscount.ch\\\/shop\\\/\"},{\"@type\":\"ListItem\",\"position\":3,\"name\":\"NAP SPITFIRE EDGE 100 GR 3 KLINGEN 3\\\/PK AUSKLAPPBARE JAGDSPITZEN\"}]},{\"@type\":\"WebSite\",\"@id\":\"https:\\\/\\\/bogensportdiscount.ch\\\/#website\",\"url\":\"https:\\\/\\\/bogensportdiscount.ch\\\/\",\"name\":\"Bogensportdiscount\",\"description\":\"\",\"potentialAction\":[{\"@type\":\"SearchAction\",\"target\":{\"@type\":\"EntryPoint\",\"urlTemplate\":\"https:\\\/\\\/bogensportdiscount.ch\\\/?s={search_term_string}\"},\"query-input\":{\"@type\":\"PropertyValueSpecification\",\"valueRequired\":true,\"valueName\":\"search_term_string\"}}],\"inLanguage\":\"it-IT\"}]}<\/script>\n<!-- \/ Yoast SEO plugin. -->","yoast_head_json":{"title":"NAP SPITFIRE EDGE 100 GR 3 PUNTE 3\/CONF PUNTE DA CACCIA A SBLOCCO - Bogensportdiscount \u2013 Archi, frecce, bersagli e accessori","description":"NAP SPITFIRE EDGE 100 GR 3 LAME 3\/CONFEZIONE PUNTE DA CACCIA PIEGHEVOLI: acquista a un prezzo conveniente su Bogensportdiscount \u2013 Marchi di punta, spedizione veloce dalla Svizzera.","robots":{"index":"noindex","follow":"follow","max-snippet":"max-snippet:-1","max-image-preview":"max-image-preview:large","max-video-preview":"max-video-preview:-1"},"og_locale":"it_IT","og_type":"article","og_title":"NAP SPITFIRE EDGE 100 GR 3 PUNTE 3\/CONF PUNTE DA CACCIA A SBLOCCO - Bogensportdiscount \u2013 Archi, frecce, bersagli e accessori","og_description":"NAP SPITFIRE EDGE 100 GR 3 LAME 3\/CONFEZIONE PUNTE DA CACCIA PIEGHEVOLI: acquista a un prezzo conveniente su Bogensportdiscount \u2013 Marchi di punta, spedizione veloce dalla Svizzera.","og_url":"https:\/\/bogensportdiscount.ch\/it\/produit\/nap-spitfire-edge-expandable-broadhead-100gr-3-blatt-3er-pack\/","og_site_name":"Bogensportdiscount \u2013 B\u00f6gen, Pfeile, Targets &amp; Zubeh\u00f6r","article_modified_time":"2026-04-20T10:47:04+00:00","og_image":[{"width":400,"height":386,"url":"https:\/\/bogensportdiscount.ch\/wp-content\/uploads\/bsm-images\/a016391_1.jpg","type":"image\/jpeg"}],"twitter_card":"summary_large_image","schema":{"@context":"https:\/\/schema.org","@graph":[{"@type":"WebPage","@id":"https:\/\/bogensportdiscount.ch\/fr\/produit\/nap-spitfire-edge-expandable-broadhead-100gr-3-blatt-3er-pack\/","url":"https:\/\/bogensportdiscount.ch\/fr\/produit\/nap-spitfire-edge-expandable-broadhead-100gr-3-blatt-3er-pack\/","name":"NAP SPITFIRE EDGE 100 GR 3 PUNTE 3\/CONF PUNTE DA CACCIA A SBLOCCO - Bogensportdiscount \u2013 Archi, frecce, bersagli e accessori","isPartOf":{"@id":"https:\/\/bogensportdiscount.ch\/#website"},"primaryImageOfPage":{"@id":"https:\/\/bogensportdiscount.ch\/fr\/produit\/nap-spitfire-edge-expandable-broadhead-100gr-3-blatt-3er-pack\/#primaryimage"},"image":{"@id":"https:\/\/bogensportdiscount.ch\/fr\/produit\/nap-spitfire-edge-expandable-broadhead-100gr-3-blatt-3er-pack\/#primaryimage"},"thumbnailUrl":"https:\/\/bogensportdiscount.ch\/wp-content\/uploads\/2026\/04\/bogensportdiscount.ch-pfeile-boegen-zubehoer-fuer-anfaenger-und-profis-zum-besten-preis-Symbolbild-kein-foto-zu-diesem-artikel_01.jpg","datePublished":"2026-04-05T12:23:49+00:00","dateModified":"2026-04-20T10:47:04+00:00","description":"NAP SPITFIRE EDGE 100 GR 3 LAME 3\/CONFEZIONE PUNTE DA CACCIA PIEGHEVOLI: acquista a un prezzo conveniente su Bogensportdiscount \u2013 Marchi di punta, spedizione veloce dalla Svizzera.","breadcrumb":{"@id":"https:\/\/bogensportdiscount.ch\/fr\/produit\/nap-spitfire-edge-expandable-broadhead-100gr-3-blatt-3er-pack\/#breadcrumb"},"inLanguage":"it-IT","potentialAction":[{"@type":"ReadAction","target":["https:\/\/bogensportdiscount.ch\/fr\/produit\/nap-spitfire-edge-expandable-broadhead-100gr-3-blatt-3er-pack\/"]}]},{"@type":"ImageObject","inLanguage":"it-IT","@id":"https:\/\/bogensportdiscount.ch\/fr\/produit\/nap-spitfire-edge-expandable-broadhead-100gr-3-blatt-3er-pack\/#primaryimage","url":"https:\/\/bogensportdiscount.ch\/wp-content\/uploads\/2026\/04\/bogensportdiscount.ch-pfeile-boegen-zubehoer-fuer-anfaenger-und-profis-zum-besten-preis-Symbolbild-kein-foto-zu-diesem-artikel_01.jpg","contentUrl":"https:\/\/bogensportdiscount.ch\/wp-content\/uploads\/2026\/04\/bogensportdiscount.ch-pfeile-boegen-zubehoer-fuer-anfaenger-und-profis-zum-besten-preis-Symbolbild-kein-foto-zu-diesem-artikel_01.jpg","width":1080,"height":1080},{"@type":"BreadcrumbList","@id":"https:\/\/bogensportdiscount.ch\/fr\/produit\/nap-spitfire-edge-expandable-broadhead-100gr-3-blatt-3er-pack\/#breadcrumb","itemListElement":[{"@type":"ListItem","position":1,"name":"Home","item":"https:\/\/bogensportdiscount.ch\/"},{"@type":"ListItem","position":2,"name":"Shop","item":"https:\/\/bogensportdiscount.ch\/shop\/"},{"@type":"ListItem","position":3,"name":"NAP SPITFIRE EDGE 100 GR 3 KLINGEN 3\/PK AUSKLAPPBARE JAGDSPITZEN"}]},{"@type":"WebSite","@id":"https:\/\/bogensportdiscount.ch\/#website","url":"https:\/\/bogensportdiscount.ch\/","name":"Bogensportdiscount","description":"","potentialAction":[{"@type":"SearchAction","target":{"@type":"EntryPoint","urlTemplate":"https:\/\/bogensportdiscount.ch\/?s={search_term_string}"},"query-input":{"@type":"PropertyValueSpecification","valueRequired":true,"valueName":"search_term_string"}}],"inLanguage":"it-IT"}]}},"_links":{"self":[{"href":"https:\/\/bogensportdiscount.ch\/it\/wp-json\/wp\/v2\/product\/391754","targetHints":{"allow":["GET"]}}],"collection":[{"href":"https:\/\/bogensportdiscount.ch\/it\/wp-json\/wp\/v2\/product"}],"about":[{"href":"https:\/\/bogensportdiscount.ch\/it\/wp-json\/wp\/v2\/types\/product"}],"replies":[{"embeddable":true,"href":"https:\/\/bogensportdiscount.ch\/it\/wp-json\/wp\/v2\/comments?post=391754"}],"wp:featuredmedia":[{"embeddable":true,"href":"https:\/\/bogensportdiscount.ch\/it\/wp-json\/wp\/v2\/media\/453631"}],"wp:attachment":[{"href":"https:\/\/bogensportdiscount.ch\/it\/wp-json\/wp\/v2\/media?parent=391754"}],"wp:term":[{"taxonomy":"product_brand","embeddable":true,"href":"https:\/\/bogensportdiscount.ch\/it\/wp-json\/wp\/v2\/product_brand?post=391754"},{"taxonomy":"product_cat","embeddable":true,"href":"https:\/\/bogensportdiscount.ch\/it\/wp-json\/wp\/v2\/product_cat?post=391754"},{"taxonomy":"product_tag","embeddable":true,"href":"https:\/\/bogensportdiscount.ch\/it\/wp-json\/wp\/v2\/product_tag?post=391754"}],"curies":[{"name":"wp","href":"https:\/\/api.w.org\/{rel}","templated":true}]}}