{"id":391752,"date":"2026-04-05T14:23:49","date_gmt":"2026-04-05T12:23:49","guid":{"rendered":"https:\/\/bogensportdiscount.ch\/produkt\/nap-spitfire-125-gr-3-blade-3-pk-expandable-broadheads\/"},"modified":"2026-04-20T12:47:04","modified_gmt":"2026-04-20T10:47:04","slug":"nap-spitfire-mechanischer-broadhead-125gr-3-klingen-3er-pack","status":"publish","type":"product","link":"https:\/\/bogensportdiscount.ch\/it\/prodotto\/nap-spitfire-mechanischer-broadhead-125gr-3-klingen-3er-pack\/","title":{"rendered":"NAP SPITFIRE 125 GR 3 KLINGEN 3\/PK AUSKLAPPBARE JAGDSPITZEN"},"content":{"rendered":"<p>Der NAP Spitfire Broadhead geh\u00f6rt zu den mechanischen Breitblatt-Spitzen und \u00fcberzeugt durch sein zuverl\u00e4ssiges Aufklapp-System mit 3 Klingen. Das Gewicht von 125 Grain entspricht einem g\u00e4ngigen Standard f\u00fcr viele Jagdpfeile und erm\u00f6glicht eine gute Kombinierbarkeit mit unterschiedlichen Pfeilsch\u00e4ften.<\/p>\n<p>Die mechanischen Klingen \u00f6ffnen sich beim Aufprall und sorgen f\u00fcr einen grossen Wundkanal. Das 3er-Pack bietet ein wirtschaftliches Verh\u00e4ltnis f\u00fcr den regelm\u00e4ssigen Einsatz auf der Jagd.<\/p>\n<ul>\n<li>Peso: 125 grain<\/li>\n<li>3 mechanische Klingen<\/li>\n<li>Lieferumfang: 3 Broadheads pro Pack<\/li>\n<li>Geeignet f\u00fcr Compound- und schnelle Recurveb\u00f6gen<\/li>\n<\/ul>","protected":false},"excerpt":{"rendered":"<p><strong>Marchio:<\/strong> NAP<br \/><strong>Lame:<\/strong> 3<br \/><strong>Peso:<\/strong> 125<br \/><strong>GTIN:<\/strong> 33576602453<\/p>","protected":false},"featured_media":453631,"comment_status":"open","ping_status":"closed","template":"","meta":[],"product_brand":[557],"product_cat":[4212],"product_tag":[3546],"class_list":{"0":"post-391752","1":"product","2":"type-product","3":"status-publish","4":"has-post-thumbnail","6":"product_brand-nap","7":"product_cat-mechanische-jagdspitzen","8":"product_tag-neuheit","10":"first","11":"instock","12":"shipping-taxable","13":"purchasable","14":"product-type-simple"},"yoast_head":"<!-- This site is optimized with the Yoast SEO plugin v27.4 - https:\/\/yoast.com\/product\/yoast-seo-wordpress\/ -->\n<title>NAP SPITFIRE 125 GR 3 PUNTE 3\/CONFEZIONE PUNTE DA CACCIA A SCAGLIETTO - Bogensportdiscount \u2013 Archi, frecce, bersagli e accessori<\/title>\n<meta name=\"description\" content=\"NAP SPITFIRE 125 GR 3 LAME 3\/CONFEZIONE PUNTE DA CACCIA PIEGHEVOLI: acquista a un prezzo conveniente su Bogensportdiscount \u2013 Marchi di punta, spedizione veloce dalla Svizzera.\" \/>\n<meta name=\"robots\" content=\"noindex, follow, max-snippet:-1, max-image-preview:large, max-video-preview:-1\" \/>\n<meta property=\"og:locale\" content=\"it_IT\" \/>\n<meta property=\"og:type\" content=\"article\" \/>\n<meta property=\"og:title\" content=\"NAP SPITFIRE 125 GR 3 PUNTE 3\/CONFEZIONE PUNTE DA CACCIA A SCAGLIETTO - Bogensportdiscount \u2013 Archi, frecce, bersagli e accessori\" \/>\n<meta property=\"og:description\" content=\"NAP SPITFIRE 125 GR 3 LAME 3\/CONFEZIONE PUNTE DA CACCIA PIEGHEVOLI: acquista a un prezzo conveniente su Bogensportdiscount \u2013 Marchi di punta, spedizione veloce dalla Svizzera.\" \/>\n<meta property=\"og:url\" content=\"https:\/\/bogensportdiscount.ch\/it\/produit\/nap-spitfire-mechanischer-broadhead-125gr-3-klingen-3er-pack\/\" \/>\n<meta property=\"og:site_name\" content=\"Bogensportdiscount \u2013 B\u00f6gen, Pfeile, Targets &amp; Zubeh\u00f6r\" \/>\n<meta property=\"article:modified_time\" content=\"2026-04-20T10:47:04+00:00\" \/>\n<meta property=\"og:image\" content=\"https:\/\/bogensportdiscount.ch\/wp-content\/uploads\/bsm-images\/a016382_1.jpg\" \/>\n\t<meta property=\"og:image:width\" content=\"256\" \/>\n\t<meta property=\"og:image:height\" content=\"400\" \/>\n\t<meta property=\"og:image:type\" content=\"image\/jpeg\" \/>\n<meta name=\"twitter:card\" content=\"summary_large_image\" \/>\n<script type=\"application\/ld+json\" class=\"yoast-schema-graph\">{\"@context\":\"https:\\\/\\\/schema.org\",\"@graph\":[{\"@type\":\"WebPage\",\"@id\":\"https:\\\/\\\/bogensportdiscount.ch\\\/fr\\\/produit\\\/nap-spitfire-mechanischer-broadhead-125gr-3-klingen-3er-pack\\\/\",\"url\":\"https:\\\/\\\/bogensportdiscount.ch\\\/fr\\\/produit\\\/nap-spitfire-mechanischer-broadhead-125gr-3-klingen-3er-pack\\\/\",\"name\":\"NAP SPITFIRE 125 GR 3 KLINGEN 3\\\/PK AUSKLAPPBARE JAGDSPITZEN - Bogensportdiscount \u2013 B\u00f6gen, Pfeile, Targets &amp; Zubeh\u00f6r\",\"isPartOf\":{\"@id\":\"https:\\\/\\\/bogensportdiscount.ch\\\/#website\"},\"primaryImageOfPage\":{\"@id\":\"https:\\\/\\\/bogensportdiscount.ch\\\/fr\\\/produit\\\/nap-spitfire-mechanischer-broadhead-125gr-3-klingen-3er-pack\\\/#primaryimage\"},\"image\":{\"@id\":\"https:\\\/\\\/bogensportdiscount.ch\\\/fr\\\/produit\\\/nap-spitfire-mechanischer-broadhead-125gr-3-klingen-3er-pack\\\/#primaryimage\"},\"thumbnailUrl\":\"https:\\\/\\\/bogensportdiscount.ch\\\/wp-content\\\/uploads\\\/2026\\\/04\\\/bogensportdiscount.ch-pfeile-boegen-zubehoer-fuer-anfaenger-und-profis-zum-besten-preis-Symbolbild-kein-foto-zu-diesem-artikel_01.jpg\",\"datePublished\":\"2026-04-05T12:23:49+00:00\",\"dateModified\":\"2026-04-20T10:47:04+00:00\",\"description\":\"NAP SPITFIRE 125 GR 3 KLINGEN 3\\\/PK AUSKLAPPBARE JAGDSPITZEN g\u00fcnstig kaufen bei Bogensportdiscount \u2013 Top-Marken, schneller Versand aus der Schweiz.\",\"breadcrumb\":{\"@id\":\"https:\\\/\\\/bogensportdiscount.ch\\\/fr\\\/produit\\\/nap-spitfire-mechanischer-broadhead-125gr-3-klingen-3er-pack\\\/#breadcrumb\"},\"inLanguage\":\"it-IT\",\"potentialAction\":[{\"@type\":\"ReadAction\",\"target\":[\"https:\\\/\\\/bogensportdiscount.ch\\\/fr\\\/produit\\\/nap-spitfire-mechanischer-broadhead-125gr-3-klingen-3er-pack\\\/\"]}]},{\"@type\":\"ImageObject\",\"inLanguage\":\"it-IT\",\"@id\":\"https:\\\/\\\/bogensportdiscount.ch\\\/fr\\\/produit\\\/nap-spitfire-mechanischer-broadhead-125gr-3-klingen-3er-pack\\\/#primaryimage\",\"url\":\"https:\\\/\\\/bogensportdiscount.ch\\\/wp-content\\\/uploads\\\/2026\\\/04\\\/bogensportdiscount.ch-pfeile-boegen-zubehoer-fuer-anfaenger-und-profis-zum-besten-preis-Symbolbild-kein-foto-zu-diesem-artikel_01.jpg\",\"contentUrl\":\"https:\\\/\\\/bogensportdiscount.ch\\\/wp-content\\\/uploads\\\/2026\\\/04\\\/bogensportdiscount.ch-pfeile-boegen-zubehoer-fuer-anfaenger-und-profis-zum-besten-preis-Symbolbild-kein-foto-zu-diesem-artikel_01.jpg\",\"width\":1080,\"height\":1080},{\"@type\":\"BreadcrumbList\",\"@id\":\"https:\\\/\\\/bogensportdiscount.ch\\\/fr\\\/produit\\\/nap-spitfire-mechanischer-broadhead-125gr-3-klingen-3er-pack\\\/#breadcrumb\",\"itemListElement\":[{\"@type\":\"ListItem\",\"position\":1,\"name\":\"Home\",\"item\":\"https:\\\/\\\/bogensportdiscount.ch\\\/\"},{\"@type\":\"ListItem\",\"position\":2,\"name\":\"Shop\",\"item\":\"https:\\\/\\\/bogensportdiscount.ch\\\/shop\\\/\"},{\"@type\":\"ListItem\",\"position\":3,\"name\":\"NAP SPITFIRE 125 GR 3 KLINGEN 3\\\/PK AUSKLAPPBARE JAGDSPITZEN\"}]},{\"@type\":\"WebSite\",\"@id\":\"https:\\\/\\\/bogensportdiscount.ch\\\/#website\",\"url\":\"https:\\\/\\\/bogensportdiscount.ch\\\/\",\"name\":\"Bogensportdiscount\",\"description\":\"\",\"potentialAction\":[{\"@type\":\"SearchAction\",\"target\":{\"@type\":\"EntryPoint\",\"urlTemplate\":\"https:\\\/\\\/bogensportdiscount.ch\\\/?s={search_term_string}\"},\"query-input\":{\"@type\":\"PropertyValueSpecification\",\"valueRequired\":true,\"valueName\":\"search_term_string\"}}],\"inLanguage\":\"it-IT\"}]}<\/script>\n<!-- \/ Yoast SEO plugin. -->","yoast_head_json":{"title":"NAP SPITFIRE 125 GR 3 PUNTE 3\/CONFEZIONE PUNTE DA CACCIA A SCAGLIETTO - Bogensportdiscount \u2013 Archi, frecce, bersagli e accessori","description":"NAP SPITFIRE 125 GR 3 LAME 3\/CONFEZIONE PUNTE DA CACCIA PIEGHEVOLI: acquista a un prezzo conveniente su Bogensportdiscount \u2013 Marchi di punta, spedizione veloce dalla Svizzera.","robots":{"index":"noindex","follow":"follow","max-snippet":"max-snippet:-1","max-image-preview":"max-image-preview:large","max-video-preview":"max-video-preview:-1"},"og_locale":"it_IT","og_type":"article","og_title":"NAP SPITFIRE 125 GR 3 PUNTE 3\/CONFEZIONE PUNTE DA CACCIA A SCAGLIETTO - Bogensportdiscount \u2013 Archi, frecce, bersagli e accessori","og_description":"NAP SPITFIRE 125 GR 3 LAME 3\/CONFEZIONE PUNTE DA CACCIA PIEGHEVOLI: acquista a un prezzo conveniente su Bogensportdiscount \u2013 Marchi di punta, spedizione veloce dalla Svizzera.","og_url":"https:\/\/bogensportdiscount.ch\/it\/produit\/nap-spitfire-mechanischer-broadhead-125gr-3-klingen-3er-pack\/","og_site_name":"Bogensportdiscount \u2013 B\u00f6gen, Pfeile, Targets &amp; Zubeh\u00f6r","article_modified_time":"2026-04-20T10:47:04+00:00","og_image":[{"width":256,"height":400,"url":"https:\/\/bogensportdiscount.ch\/wp-content\/uploads\/bsm-images\/a016382_1.jpg","type":"image\/jpeg"}],"twitter_card":"summary_large_image","schema":{"@context":"https:\/\/schema.org","@graph":[{"@type":"WebPage","@id":"https:\/\/bogensportdiscount.ch\/fr\/produit\/nap-spitfire-mechanischer-broadhead-125gr-3-klingen-3er-pack\/","url":"https:\/\/bogensportdiscount.ch\/fr\/produit\/nap-spitfire-mechanischer-broadhead-125gr-3-klingen-3er-pack\/","name":"NAP SPITFIRE 125 GR 3 PUNTE 3\/CONFEZIONE PUNTE DA CACCIA A SCAGLIETTO - Bogensportdiscount \u2013 Archi, frecce, bersagli e accessori","isPartOf":{"@id":"https:\/\/bogensportdiscount.ch\/#website"},"primaryImageOfPage":{"@id":"https:\/\/bogensportdiscount.ch\/fr\/produit\/nap-spitfire-mechanischer-broadhead-125gr-3-klingen-3er-pack\/#primaryimage"},"image":{"@id":"https:\/\/bogensportdiscount.ch\/fr\/produit\/nap-spitfire-mechanischer-broadhead-125gr-3-klingen-3er-pack\/#primaryimage"},"thumbnailUrl":"https:\/\/bogensportdiscount.ch\/wp-content\/uploads\/2026\/04\/bogensportdiscount.ch-pfeile-boegen-zubehoer-fuer-anfaenger-und-profis-zum-besten-preis-Symbolbild-kein-foto-zu-diesem-artikel_01.jpg","datePublished":"2026-04-05T12:23:49+00:00","dateModified":"2026-04-20T10:47:04+00:00","description":"NAP SPITFIRE 125 GR 3 LAME 3\/CONFEZIONE PUNTE DA CACCIA PIEGHEVOLI: acquista a un prezzo conveniente su Bogensportdiscount \u2013 Marchi di punta, spedizione veloce dalla Svizzera.","breadcrumb":{"@id":"https:\/\/bogensportdiscount.ch\/fr\/produit\/nap-spitfire-mechanischer-broadhead-125gr-3-klingen-3er-pack\/#breadcrumb"},"inLanguage":"it-IT","potentialAction":[{"@type":"ReadAction","target":["https:\/\/bogensportdiscount.ch\/fr\/produit\/nap-spitfire-mechanischer-broadhead-125gr-3-klingen-3er-pack\/"]}]},{"@type":"ImageObject","inLanguage":"it-IT","@id":"https:\/\/bogensportdiscount.ch\/fr\/produit\/nap-spitfire-mechanischer-broadhead-125gr-3-klingen-3er-pack\/#primaryimage","url":"https:\/\/bogensportdiscount.ch\/wp-content\/uploads\/2026\/04\/bogensportdiscount.ch-pfeile-boegen-zubehoer-fuer-anfaenger-und-profis-zum-besten-preis-Symbolbild-kein-foto-zu-diesem-artikel_01.jpg","contentUrl":"https:\/\/bogensportdiscount.ch\/wp-content\/uploads\/2026\/04\/bogensportdiscount.ch-pfeile-boegen-zubehoer-fuer-anfaenger-und-profis-zum-besten-preis-Symbolbild-kein-foto-zu-diesem-artikel_01.jpg","width":1080,"height":1080},{"@type":"BreadcrumbList","@id":"https:\/\/bogensportdiscount.ch\/fr\/produit\/nap-spitfire-mechanischer-broadhead-125gr-3-klingen-3er-pack\/#breadcrumb","itemListElement":[{"@type":"ListItem","position":1,"name":"Home","item":"https:\/\/bogensportdiscount.ch\/"},{"@type":"ListItem","position":2,"name":"Shop","item":"https:\/\/bogensportdiscount.ch\/shop\/"},{"@type":"ListItem","position":3,"name":"NAP SPITFIRE 125 GR 3 KLINGEN 3\/PK AUSKLAPPBARE JAGDSPITZEN"}]},{"@type":"WebSite","@id":"https:\/\/bogensportdiscount.ch\/#website","url":"https:\/\/bogensportdiscount.ch\/","name":"Bogensportdiscount","description":"","potentialAction":[{"@type":"SearchAction","target":{"@type":"EntryPoint","urlTemplate":"https:\/\/bogensportdiscount.ch\/?s={search_term_string}"},"query-input":{"@type":"PropertyValueSpecification","valueRequired":true,"valueName":"search_term_string"}}],"inLanguage":"it-IT"}]}},"_links":{"self":[{"href":"https:\/\/bogensportdiscount.ch\/it\/wp-json\/wp\/v2\/product\/391752","targetHints":{"allow":["GET"]}}],"collection":[{"href":"https:\/\/bogensportdiscount.ch\/it\/wp-json\/wp\/v2\/product"}],"about":[{"href":"https:\/\/bogensportdiscount.ch\/it\/wp-json\/wp\/v2\/types\/product"}],"replies":[{"embeddable":true,"href":"https:\/\/bogensportdiscount.ch\/it\/wp-json\/wp\/v2\/comments?post=391752"}],"wp:featuredmedia":[{"embeddable":true,"href":"https:\/\/bogensportdiscount.ch\/it\/wp-json\/wp\/v2\/media\/453631"}],"wp:attachment":[{"href":"https:\/\/bogensportdiscount.ch\/it\/wp-json\/wp\/v2\/media?parent=391752"}],"wp:term":[{"taxonomy":"product_brand","embeddable":true,"href":"https:\/\/bogensportdiscount.ch\/it\/wp-json\/wp\/v2\/product_brand?post=391752"},{"taxonomy":"product_cat","embeddable":true,"href":"https:\/\/bogensportdiscount.ch\/it\/wp-json\/wp\/v2\/product_cat?post=391752"},{"taxonomy":"product_tag","embeddable":true,"href":"https:\/\/bogensportdiscount.ch\/it\/wp-json\/wp\/v2\/product_tag?post=391752"}],"curies":[{"name":"wp","href":"https:\/\/api.w.org\/{rel}","templated":true}]}}