{"id":391721,"date":"2026-04-05T14:23:43","date_gmt":"2026-04-05T12:23:43","guid":{"rendered":"https:\/\/bogensportdiscount.ch\/produkt\/index-finger-releases-carter-whatever-b3-buckle-strap\/"},"modified":"2026-05-14T07:13:31","modified_gmt":"2026-05-14T05:13:31","slug":"carter-zeigefinger-release-whatever-b3-schnallengurt","status":"publish","type":"product","link":"https:\/\/bogensportdiscount.ch\/it\/prodotto\/carter-zeigefinger-release-whatever-b3-schnallengurt\/","title":{"rendered":"SGANCIO A INDICE CARTER WHATEVER B3 BUCKLE STRAP"},"content":{"rendered":"<p>Il Carter Whatever B3 Buckle Strap \u00e8 uno sgancio da polso con rilascio tramite indice della casa Carter. Il fissaggio con cinturino a fibbia consente un ancoraggio sicuro e regolabile individualmente al polso.<\/p>\n<p>Gli sganciatori da polso con rilascio tramite indice offrono un movimento naturale del grilletto e sono particolarmente diffusi tra gli arcieri 3D e da campagna. La chiusura Buckle Strap si distingue per la facilit\u00e0 di indossaggio e la tenuta affidabile.<\/p>\n<ul>\n<li>Rilascio con indice per una sequenza di tiro controllata<\/li>\n<li>Cinturino a fibbia per un fissaggio sicuro al polso<\/li>\n<li>Sgancio da polso della categoria accessori per il tiro compound<\/li>\n<li>Marchio Carter \u2014 noto per meccanismi di sgancio di precisione<\/li>\n<\/ul>","protected":false},"excerpt":{"rendered":"<table>\n<tr>\n<th>Propriet\u00e0<\/th>\n<th>Valore<\/th>\n<\/tr>\n<tr>\n<td>Marca<\/td>\n<td>Carter<\/td>\n<\/tr>\n<tr>\n<td>Tipo<\/td>\n<td>Buckle<\/td>\n<\/tr>\n<tr>\n<td>Colore<\/td>\n<td>Nero<\/td>\n<\/tr>\n<tr>\n<td>Gr\u00f6\u00dfen<\/td>\n<td>L<\/td>\n<\/tr>\n<tr>\n<td>Paese di origine<\/td>\n<td>USA<\/td>\n<\/tr>\n<tr>\n<td>GTIN<\/td>\n<td>673664016757<\/td>\n<\/tr>\n<\/table>","protected":false},"featured_media":442939,"comment_status":"open","ping_status":"closed","template":"","meta":[],"product_brand":[469],"product_cat":[4124,4208,4210],"product_tag":[3546],"class_list":{"0":"post-391721","1":"product","2":"type-product","3":"status-publish","4":"has-post-thumbnail","6":"product_brand-carter","7":"product_cat-bogenschuetzer-ausruestung","8":"product_cat-releases-bogenschuetzer-ausruestung","9":"product_cat-index-finger-releases","10":"product_tag-neuheit","11":"product_shipping_class-bsd-standard","13":"first","14":"onbackorder","15":"shipping-taxable","16":"purchasable","17":"product-type-simple"},"yoast_head":"<!-- This site is optimized with the Yoast SEO plugin v27.6 - https:\/\/yoast.com\/product\/yoast-seo-wordpress\/ -->\n<title>ZEIGEFINGER-RELEASE CARTER WHATEVER B3 BUCKLE STRAP - Bogensportdiscount \u2013 B\u00f6gen, Pfeile, Targets &amp; Zubeh\u00f6r<\/title>\n<meta name=\"description\" content=\"ZEIGEFINGER-RELEASE CARTER WHATEVER B3 BUCKLE STRAP g\u00fcnstig kaufen bei Bogensportdiscount \u2013 Top-Marken, schneller Versand aus der Schweiz.\" \/>\n<meta name=\"robots\" content=\"index, follow, max-snippet:-1, max-image-preview:large, max-video-preview:-1\" \/>\n<link rel=\"canonical\" href=\"https:\/\/bogensportdiscount.ch\/it\/prodotto\/carter-zeigefinger-release-whatever-b3-schnallengurt\/\" \/>\n<meta property=\"og:locale\" content=\"it_IT\" \/>\n<meta property=\"og:type\" content=\"article\" \/>\n<meta property=\"og:title\" content=\"ZEIGEFINGER-RELEASE CARTER WHATEVER B3 BUCKLE STRAP - Bogensportdiscount \u2013 B\u00f6gen, Pfeile, Targets &amp; Zubeh\u00f6r\" \/>\n<meta property=\"og:description\" content=\"ZEIGEFINGER-RELEASE CARTER WHATEVER B3 BUCKLE STRAP g\u00fcnstig kaufen bei Bogensportdiscount \u2013 Top-Marken, schneller Versand aus der Schweiz.\" \/>\n<meta property=\"og:url\" content=\"https:\/\/bogensportdiscount.ch\/it\/prodotto\/carter-zeigefinger-release-whatever-b3-schnallengurt\/\" \/>\n<meta property=\"og:site_name\" content=\"Bogensportdiscount \u2013 B\u00f6gen, Pfeile, Targets &amp; Zubeh\u00f6r\" \/>\n<meta property=\"article:modified_time\" content=\"2026-05-14T05:13:31+00:00\" \/>\n<meta property=\"og:image\" content=\"https:\/\/bogensportdiscount.ch\/wp-content\/uploads\/bsm-images\/A015981_1.jpg\" \/>\n\t<meta property=\"og:image:width\" content=\"3100\" \/>\n\t<meta property=\"og:image:height\" content=\"3924\" \/>\n\t<meta property=\"og:image:type\" content=\"image\/jpeg\" \/>\n<meta name=\"twitter:card\" content=\"summary_large_image\" \/>\n<script type=\"application\/ld+json\" class=\"yoast-schema-graph\">{\"@context\":\"https:\\\/\\\/schema.org\",\"@graph\":[{\"@type\":\"WebPage\",\"@id\":\"https:\\\/\\\/bogensportdiscount.ch\\\/produkt\\\/carter-zeigefinger-release-whatever-b3-schnallengurt\\\/\",\"url\":\"https:\\\/\\\/bogensportdiscount.ch\\\/produkt\\\/carter-zeigefinger-release-whatever-b3-schnallengurt\\\/\",\"name\":\"ZEIGEFINGER-RELEASE CARTER WHATEVER B3 BUCKLE STRAP - Bogensportdiscount \u2013 B\u00f6gen, Pfeile, Targets &amp; Zubeh\u00f6r\",\"isPartOf\":{\"@id\":\"https:\\\/\\\/bogensportdiscount.ch\\\/#website\"},\"primaryImageOfPage\":{\"@id\":\"https:\\\/\\\/bogensportdiscount.ch\\\/produkt\\\/carter-zeigefinger-release-whatever-b3-schnallengurt\\\/#primaryimage\"},\"image\":{\"@id\":\"https:\\\/\\\/bogensportdiscount.ch\\\/produkt\\\/carter-zeigefinger-release-whatever-b3-schnallengurt\\\/#primaryimage\"},\"thumbnailUrl\":\"https:\\\/\\\/bogensportdiscount.ch\\\/wp-content\\\/uploads\\\/bsm-images\\\/A015981_1.jpg\",\"datePublished\":\"2026-04-05T12:23:43+00:00\",\"dateModified\":\"2026-05-14T05:13:31+00:00\",\"description\":\"ZEIGEFINGER-RELEASE CARTER WHATEVER B3 BUCKLE STRAP g\u00fcnstig kaufen bei Bogensportdiscount \u2013 Top-Marken, schneller Versand aus der Schweiz.\",\"breadcrumb\":{\"@id\":\"https:\\\/\\\/bogensportdiscount.ch\\\/produkt\\\/carter-zeigefinger-release-whatever-b3-schnallengurt\\\/#breadcrumb\"},\"inLanguage\":\"it-IT\",\"potentialAction\":[{\"@type\":\"ReadAction\",\"target\":[\"https:\\\/\\\/bogensportdiscount.ch\\\/produkt\\\/carter-zeigefinger-release-whatever-b3-schnallengurt\\\/\"]}]},{\"@type\":\"ImageObject\",\"inLanguage\":\"it-IT\",\"@id\":\"https:\\\/\\\/bogensportdiscount.ch\\\/produkt\\\/carter-zeigefinger-release-whatever-b3-schnallengurt\\\/#primaryimage\",\"url\":\"https:\\\/\\\/bogensportdiscount.ch\\\/wp-content\\\/uploads\\\/bsm-images\\\/A015981_1.jpg\",\"contentUrl\":\"https:\\\/\\\/bogensportdiscount.ch\\\/wp-content\\\/uploads\\\/bsm-images\\\/A015981_1.jpg\",\"width\":3100,\"height\":3924},{\"@type\":\"BreadcrumbList\",\"@id\":\"https:\\\/\\\/bogensportdiscount.ch\\\/produkt\\\/carter-zeigefinger-release-whatever-b3-schnallengurt\\\/#breadcrumb\",\"itemListElement\":[{\"@type\":\"ListItem\",\"position\":1,\"name\":\"Home\",\"item\":\"https:\\\/\\\/bogensportdiscount.ch\\\/\"},{\"@type\":\"ListItem\",\"position\":2,\"name\":\"Shop\",\"item\":\"https:\\\/\\\/bogensportdiscount.ch\\\/shop\\\/\"},{\"@type\":\"ListItem\",\"position\":3,\"name\":\"INDEX FINGER RELEASES CARTER WHATEVER B3 BUCKLE STRAP\"}]},{\"@type\":\"WebSite\",\"@id\":\"https:\\\/\\\/bogensportdiscount.ch\\\/#website\",\"url\":\"https:\\\/\\\/bogensportdiscount.ch\\\/\",\"name\":\"Bogensportdiscount\",\"description\":\"\",\"potentialAction\":[{\"@type\":\"SearchAction\",\"target\":{\"@type\":\"EntryPoint\",\"urlTemplate\":\"https:\\\/\\\/bogensportdiscount.ch\\\/?s={search_term_string}\"},\"query-input\":{\"@type\":\"PropertyValueSpecification\",\"valueRequired\":true,\"valueName\":\"search_term_string\"}}],\"inLanguage\":\"it-IT\"}]}<\/script>\n<!-- \/ Yoast SEO plugin. -->","yoast_head_json":{"title":"ZEIGEFINGER-RELEASE CARTER WHATEVER B3 BUCKLE STRAP - Bogensportdiscount \u2013 B\u00f6gen, Pfeile, Targets &amp; Zubeh\u00f6r","description":"ZEIGEFINGER-RELEASE CARTER WHATEVER B3 BUCKLE STRAP g\u00fcnstig kaufen bei Bogensportdiscount \u2013 Top-Marken, schneller Versand aus der Schweiz.","robots":{"index":"index","follow":"follow","max-snippet":"max-snippet:-1","max-image-preview":"max-image-preview:large","max-video-preview":"max-video-preview:-1"},"canonical":"https:\/\/bogensportdiscount.ch\/it\/prodotto\/carter-zeigefinger-release-whatever-b3-schnallengurt\/","og_locale":"it_IT","og_type":"article","og_title":"ZEIGEFINGER-RELEASE CARTER WHATEVER B3 BUCKLE STRAP - Bogensportdiscount \u2013 B\u00f6gen, Pfeile, Targets &amp; Zubeh\u00f6r","og_description":"ZEIGEFINGER-RELEASE CARTER WHATEVER B3 BUCKLE STRAP g\u00fcnstig kaufen bei Bogensportdiscount \u2013 Top-Marken, schneller Versand aus der Schweiz.","og_url":"https:\/\/bogensportdiscount.ch\/it\/prodotto\/carter-zeigefinger-release-whatever-b3-schnallengurt\/","og_site_name":"Bogensportdiscount \u2013 B\u00f6gen, Pfeile, Targets &amp; Zubeh\u00f6r","article_modified_time":"2026-05-14T05:13:31+00:00","og_image":[{"url":"https:\/\/bogensportdiscount.ch\/wp-content\/uploads\/bsm-images\/A015981_1.jpg","width":3100,"height":3924,"type":"image\/jpeg"}],"twitter_card":"summary_large_image","schema":{"@context":"https:\/\/schema.org","@graph":[{"@type":"WebPage","@id":"https:\/\/bogensportdiscount.ch\/produkt\/carter-zeigefinger-release-whatever-b3-schnallengurt\/","url":"https:\/\/bogensportdiscount.ch\/produkt\/carter-zeigefinger-release-whatever-b3-schnallengurt\/","name":"ZEIGEFINGER-RELEASE CARTER WHATEVER B3 BUCKLE STRAP - Bogensportdiscount \u2013 B\u00f6gen, Pfeile, Targets &amp; Zubeh\u00f6r","isPartOf":{"@id":"https:\/\/bogensportdiscount.ch\/#website"},"primaryImageOfPage":{"@id":"https:\/\/bogensportdiscount.ch\/produkt\/carter-zeigefinger-release-whatever-b3-schnallengurt\/#primaryimage"},"image":{"@id":"https:\/\/bogensportdiscount.ch\/produkt\/carter-zeigefinger-release-whatever-b3-schnallengurt\/#primaryimage"},"thumbnailUrl":"https:\/\/bogensportdiscount.ch\/wp-content\/uploads\/bsm-images\/A015981_1.jpg","datePublished":"2026-04-05T12:23:43+00:00","dateModified":"2026-05-14T05:13:31+00:00","description":"ZEIGEFINGER-RELEASE CARTER WHATEVER B3 BUCKLE STRAP g\u00fcnstig kaufen bei Bogensportdiscount \u2013 Top-Marken, schneller Versand aus der Schweiz.","breadcrumb":{"@id":"https:\/\/bogensportdiscount.ch\/produkt\/carter-zeigefinger-release-whatever-b3-schnallengurt\/#breadcrumb"},"inLanguage":"it-IT","potentialAction":[{"@type":"ReadAction","target":["https:\/\/bogensportdiscount.ch\/produkt\/carter-zeigefinger-release-whatever-b3-schnallengurt\/"]}]},{"@type":"ImageObject","inLanguage":"it-IT","@id":"https:\/\/bogensportdiscount.ch\/produkt\/carter-zeigefinger-release-whatever-b3-schnallengurt\/#primaryimage","url":"https:\/\/bogensportdiscount.ch\/wp-content\/uploads\/bsm-images\/A015981_1.jpg","contentUrl":"https:\/\/bogensportdiscount.ch\/wp-content\/uploads\/bsm-images\/A015981_1.jpg","width":3100,"height":3924},{"@type":"BreadcrumbList","@id":"https:\/\/bogensportdiscount.ch\/produkt\/carter-zeigefinger-release-whatever-b3-schnallengurt\/#breadcrumb","itemListElement":[{"@type":"ListItem","position":1,"name":"Home","item":"https:\/\/bogensportdiscount.ch\/"},{"@type":"ListItem","position":2,"name":"Shop","item":"https:\/\/bogensportdiscount.ch\/shop\/"},{"@type":"ListItem","position":3,"name":"INDEX FINGER RELEASES CARTER WHATEVER B3 BUCKLE STRAP"}]},{"@type":"WebSite","@id":"https:\/\/bogensportdiscount.ch\/#website","url":"https:\/\/bogensportdiscount.ch\/","name":"Bogensportdiscount","description":"","potentialAction":[{"@type":"SearchAction","target":{"@type":"EntryPoint","urlTemplate":"https:\/\/bogensportdiscount.ch\/?s={search_term_string}"},"query-input":{"@type":"PropertyValueSpecification","valueRequired":true,"valueName":"search_term_string"}}],"inLanguage":"it-IT"}]}},"_links":{"self":[{"href":"https:\/\/bogensportdiscount.ch\/it\/wp-json\/wp\/v2\/product\/391721","targetHints":{"allow":["GET"]}}],"collection":[{"href":"https:\/\/bogensportdiscount.ch\/it\/wp-json\/wp\/v2\/product"}],"about":[{"href":"https:\/\/bogensportdiscount.ch\/it\/wp-json\/wp\/v2\/types\/product"}],"replies":[{"embeddable":true,"href":"https:\/\/bogensportdiscount.ch\/it\/wp-json\/wp\/v2\/comments?post=391721"}],"wp:featuredmedia":[{"embeddable":true,"href":"https:\/\/bogensportdiscount.ch\/it\/wp-json\/wp\/v2\/media\/442939"}],"wp:attachment":[{"href":"https:\/\/bogensportdiscount.ch\/it\/wp-json\/wp\/v2\/media?parent=391721"}],"wp:term":[{"taxonomy":"product_brand","embeddable":true,"href":"https:\/\/bogensportdiscount.ch\/it\/wp-json\/wp\/v2\/product_brand?post=391721"},{"taxonomy":"product_cat","embeddable":true,"href":"https:\/\/bogensportdiscount.ch\/it\/wp-json\/wp\/v2\/product_cat?post=391721"},{"taxonomy":"product_tag","embeddable":true,"href":"https:\/\/bogensportdiscount.ch\/it\/wp-json\/wp\/v2\/product_tag?post=391721"}],"curies":[{"name":"wp","href":"https:\/\/api.w.org\/{rel}","templated":true}]}}