{"id":391720,"date":"2026-04-05T14:23:43","date_gmt":"2026-04-05T12:23:43","guid":{"rendered":"https:\/\/bogensportdiscount.ch\/produkt\/index-finger-releases-carter-two-shot-velcro-strap\/"},"modified":"2026-05-14T07:13:31","modified_gmt":"2026-05-14T05:13:31","slug":"carter-zeigefinger-release-two-shot-velcro-strap","status":"publish","type":"product","link":"https:\/\/bogensportdiscount.ch\/it\/prodotto\/carter-zeigefinger-release-two-shot-velcro-strap\/","title":{"rendered":"RELEASE A INDICE CARTER TWO SHOT CINGHIA IN VELCRO"},"content":{"rendered":"<p>Il CARTER Two Shot Velcro Strap \u00e8 uno sgancio da polso per l'indice, progettato per l'uso nel tiro con l'arco compound. Il fissaggio avviene tramite uno strap a velcro che consente un adattamento rapido e individuale al polso.<\/p>\n<p>Come sgancio a indice, offre un rilascio diretto e controllato, il che lo rende adatto sia al tiro 3D che al tiro di campagna. CARTER \u00e8 un produttore affermato nel settore degli sganciatori per il tiro con l'arco.<\/p>\n<ul>\n<li>Sgancio a indice per un controllo preciso<\/li>\n<li>Strap a velcro per una regolazione semplice<\/li>\n<li>Sgancio da polso per archi compound<\/li>\n<li>Di CARTER, un noto produttore di sganciatori<\/li>\n<\/ul>","protected":false},"excerpt":{"rendered":"<table>\n<tr>\n<th>Propriet\u00e0<\/th>\n<th>Valore<\/th>\n<\/tr>\n<tr>\n<td>Marca<\/td>\n<td>Carter<\/td>\n<\/tr>\n<tr>\n<td>Tipo<\/td>\n<td>Velcro<\/td>\n<\/tr>\n<tr>\n<td>Colore<\/td>\n<td>Nero<\/td>\n<\/tr>\n<tr>\n<td>Gr\u00f6\u00dfen<\/td>\n<td>L<\/td>\n<\/tr>\n<tr>\n<td>Paese di origine<\/td>\n<td>USA<\/td>\n<\/tr>\n<tr>\n<td>GTIN<\/td>\n<td>673664016313<\/td>\n<\/tr>\n<\/table>","protected":false},"featured_media":442938,"comment_status":"open","ping_status":"closed","template":"","meta":[],"product_brand":[469],"product_cat":[4124,4208,4210],"product_tag":[3546],"class_list":{"0":"post-391720","1":"product","2":"type-product","3":"status-publish","4":"has-post-thumbnail","6":"product_brand-carter","7":"product_cat-bogenschuetzer-ausruestung","8":"product_cat-releases-bogenschuetzer-ausruestung","9":"product_cat-index-finger-releases","10":"product_tag-neuheit","11":"product_shipping_class-bsd-standard","13":"first","14":"instock","15":"shipping-taxable","16":"purchasable","17":"product-type-simple"},"yoast_head":"<!-- This site is optimized with the Yoast SEO plugin v27.6 - https:\/\/yoast.com\/product\/yoast-seo-wordpress\/ -->\n<title>ZEIGEFINGER-RELEASES CARTER TWO SHOT VELCRO RIEMEN - Bogensportdiscount \u2013 B\u00f6gen, Pfeile, Targets &amp; Zubeh\u00f6r<\/title>\n<meta name=\"description\" content=\"ZEIGEFINGER-RELEASES CARTER TWO SHOT VELCRO RIEMEN g\u00fcnstig kaufen bei Bogensportdiscount \u2013 Top-Marken, schneller Versand aus der Schweiz.\" \/>\n<meta name=\"robots\" content=\"index, follow, max-snippet:-1, max-image-preview:large, max-video-preview:-1\" \/>\n<link rel=\"canonical\" href=\"https:\/\/bogensportdiscount.ch\/it\/prodotto\/carter-zeigefinger-release-two-shot-velcro-strap\/\" \/>\n<meta property=\"og:locale\" content=\"it_IT\" \/>\n<meta property=\"og:type\" content=\"article\" \/>\n<meta property=\"og:title\" content=\"ZEIGEFINGER-RELEASES CARTER TWO SHOT VELCRO RIEMEN - Bogensportdiscount \u2013 B\u00f6gen, Pfeile, Targets &amp; Zubeh\u00f6r\" \/>\n<meta property=\"og:description\" content=\"ZEIGEFINGER-RELEASES CARTER TWO SHOT VELCRO RIEMEN g\u00fcnstig kaufen bei Bogensportdiscount \u2013 Top-Marken, schneller Versand aus der Schweiz.\" \/>\n<meta property=\"og:url\" content=\"https:\/\/bogensportdiscount.ch\/it\/prodotto\/carter-zeigefinger-release-two-shot-velcro-strap\/\" \/>\n<meta property=\"og:site_name\" content=\"Bogensportdiscount \u2013 B\u00f6gen, Pfeile, Targets &amp; Zubeh\u00f6r\" \/>\n<meta property=\"article:modified_time\" content=\"2026-05-14T05:13:31+00:00\" \/>\n<meta property=\"og:image\" content=\"https:\/\/bogensportdiscount.ch\/wp-content\/uploads\/bsm-images\/A015980_1.jpg\" \/>\n\t<meta property=\"og:image:width\" content=\"2040\" \/>\n\t<meta property=\"og:image:height\" content=\"3056\" \/>\n\t<meta property=\"og:image:type\" content=\"image\/jpeg\" \/>\n<meta name=\"twitter:card\" content=\"summary_large_image\" \/>\n<script type=\"application\/ld+json\" class=\"yoast-schema-graph\">{\"@context\":\"https:\\\/\\\/schema.org\",\"@graph\":[{\"@type\":\"WebPage\",\"@id\":\"https:\\\/\\\/bogensportdiscount.ch\\\/produkt\\\/carter-zeigefinger-release-two-shot-velcro-strap\\\/\",\"url\":\"https:\\\/\\\/bogensportdiscount.ch\\\/produkt\\\/carter-zeigefinger-release-two-shot-velcro-strap\\\/\",\"name\":\"ZEIGEFINGER-RELEASES CARTER TWO SHOT VELCRO RIEMEN - Bogensportdiscount \u2013 B\u00f6gen, Pfeile, Targets &amp; Zubeh\u00f6r\",\"isPartOf\":{\"@id\":\"https:\\\/\\\/bogensportdiscount.ch\\\/#website\"},\"primaryImageOfPage\":{\"@id\":\"https:\\\/\\\/bogensportdiscount.ch\\\/produkt\\\/carter-zeigefinger-release-two-shot-velcro-strap\\\/#primaryimage\"},\"image\":{\"@id\":\"https:\\\/\\\/bogensportdiscount.ch\\\/produkt\\\/carter-zeigefinger-release-two-shot-velcro-strap\\\/#primaryimage\"},\"thumbnailUrl\":\"https:\\\/\\\/bogensportdiscount.ch\\\/wp-content\\\/uploads\\\/bsm-images\\\/A015980_1.jpg\",\"datePublished\":\"2026-04-05T12:23:43+00:00\",\"dateModified\":\"2026-05-14T05:13:31+00:00\",\"description\":\"ZEIGEFINGER-RELEASES CARTER TWO SHOT VELCRO RIEMEN g\u00fcnstig kaufen bei Bogensportdiscount \u2013 Top-Marken, schneller Versand aus der Schweiz.\",\"breadcrumb\":{\"@id\":\"https:\\\/\\\/bogensportdiscount.ch\\\/produkt\\\/carter-zeigefinger-release-two-shot-velcro-strap\\\/#breadcrumb\"},\"inLanguage\":\"it-IT\",\"potentialAction\":[{\"@type\":\"ReadAction\",\"target\":[\"https:\\\/\\\/bogensportdiscount.ch\\\/produkt\\\/carter-zeigefinger-release-two-shot-velcro-strap\\\/\"]}]},{\"@type\":\"ImageObject\",\"inLanguage\":\"it-IT\",\"@id\":\"https:\\\/\\\/bogensportdiscount.ch\\\/produkt\\\/carter-zeigefinger-release-two-shot-velcro-strap\\\/#primaryimage\",\"url\":\"https:\\\/\\\/bogensportdiscount.ch\\\/wp-content\\\/uploads\\\/bsm-images\\\/A015980_1.jpg\",\"contentUrl\":\"https:\\\/\\\/bogensportdiscount.ch\\\/wp-content\\\/uploads\\\/bsm-images\\\/A015980_1.jpg\",\"width\":2040,\"height\":3056},{\"@type\":\"BreadcrumbList\",\"@id\":\"https:\\\/\\\/bogensportdiscount.ch\\\/produkt\\\/carter-zeigefinger-release-two-shot-velcro-strap\\\/#breadcrumb\",\"itemListElement\":[{\"@type\":\"ListItem\",\"position\":1,\"name\":\"Home\",\"item\":\"https:\\\/\\\/bogensportdiscount.ch\\\/\"},{\"@type\":\"ListItem\",\"position\":2,\"name\":\"Shop\",\"item\":\"https:\\\/\\\/bogensportdiscount.ch\\\/shop\\\/\"},{\"@type\":\"ListItem\",\"position\":3,\"name\":\"INDEX FINGER RELEASES CARTER TWO SHOT VELCRO STRAP\"}]},{\"@type\":\"WebSite\",\"@id\":\"https:\\\/\\\/bogensportdiscount.ch\\\/#website\",\"url\":\"https:\\\/\\\/bogensportdiscount.ch\\\/\",\"name\":\"Bogensportdiscount\",\"description\":\"\",\"potentialAction\":[{\"@type\":\"SearchAction\",\"target\":{\"@type\":\"EntryPoint\",\"urlTemplate\":\"https:\\\/\\\/bogensportdiscount.ch\\\/?s={search_term_string}\"},\"query-input\":{\"@type\":\"PropertyValueSpecification\",\"valueRequired\":true,\"valueName\":\"search_term_string\"}}],\"inLanguage\":\"it-IT\"}]}<\/script>\n<!-- \/ Yoast SEO plugin. -->","yoast_head_json":{"title":"ZEIGEFINGER-RELEASES CARTER TWO SHOT VELCRO RIEMEN - Bogensportdiscount \u2013 B\u00f6gen, Pfeile, Targets &amp; Zubeh\u00f6r","description":"ZEIGEFINGER-RELEASES CARTER TWO SHOT VELCRO RIEMEN g\u00fcnstig kaufen bei Bogensportdiscount \u2013 Top-Marken, schneller Versand aus der Schweiz.","robots":{"index":"index","follow":"follow","max-snippet":"max-snippet:-1","max-image-preview":"max-image-preview:large","max-video-preview":"max-video-preview:-1"},"canonical":"https:\/\/bogensportdiscount.ch\/it\/prodotto\/carter-zeigefinger-release-two-shot-velcro-strap\/","og_locale":"it_IT","og_type":"article","og_title":"ZEIGEFINGER-RELEASES CARTER TWO SHOT VELCRO RIEMEN - Bogensportdiscount \u2013 B\u00f6gen, Pfeile, Targets &amp; Zubeh\u00f6r","og_description":"ZEIGEFINGER-RELEASES CARTER TWO SHOT VELCRO RIEMEN g\u00fcnstig kaufen bei Bogensportdiscount \u2013 Top-Marken, schneller Versand aus der Schweiz.","og_url":"https:\/\/bogensportdiscount.ch\/it\/prodotto\/carter-zeigefinger-release-two-shot-velcro-strap\/","og_site_name":"Bogensportdiscount \u2013 B\u00f6gen, Pfeile, Targets &amp; Zubeh\u00f6r","article_modified_time":"2026-05-14T05:13:31+00:00","og_image":[{"width":2040,"height":3056,"url":"https:\/\/bogensportdiscount.ch\/wp-content\/uploads\/bsm-images\/A015980_1.jpg","type":"image\/jpeg"}],"twitter_card":"summary_large_image","schema":{"@context":"https:\/\/schema.org","@graph":[{"@type":"WebPage","@id":"https:\/\/bogensportdiscount.ch\/produkt\/carter-zeigefinger-release-two-shot-velcro-strap\/","url":"https:\/\/bogensportdiscount.ch\/produkt\/carter-zeigefinger-release-two-shot-velcro-strap\/","name":"ZEIGEFINGER-RELEASES CARTER TWO SHOT VELCRO RIEMEN - Bogensportdiscount \u2013 B\u00f6gen, Pfeile, Targets &amp; Zubeh\u00f6r","isPartOf":{"@id":"https:\/\/bogensportdiscount.ch\/#website"},"primaryImageOfPage":{"@id":"https:\/\/bogensportdiscount.ch\/produkt\/carter-zeigefinger-release-two-shot-velcro-strap\/#primaryimage"},"image":{"@id":"https:\/\/bogensportdiscount.ch\/produkt\/carter-zeigefinger-release-two-shot-velcro-strap\/#primaryimage"},"thumbnailUrl":"https:\/\/bogensportdiscount.ch\/wp-content\/uploads\/bsm-images\/A015980_1.jpg","datePublished":"2026-04-05T12:23:43+00:00","dateModified":"2026-05-14T05:13:31+00:00","description":"ZEIGEFINGER-RELEASES CARTER TWO SHOT VELCRO RIEMEN g\u00fcnstig kaufen bei Bogensportdiscount \u2013 Top-Marken, schneller Versand aus der Schweiz.","breadcrumb":{"@id":"https:\/\/bogensportdiscount.ch\/produkt\/carter-zeigefinger-release-two-shot-velcro-strap\/#breadcrumb"},"inLanguage":"it-IT","potentialAction":[{"@type":"ReadAction","target":["https:\/\/bogensportdiscount.ch\/produkt\/carter-zeigefinger-release-two-shot-velcro-strap\/"]}]},{"@type":"ImageObject","inLanguage":"it-IT","@id":"https:\/\/bogensportdiscount.ch\/produkt\/carter-zeigefinger-release-two-shot-velcro-strap\/#primaryimage","url":"https:\/\/bogensportdiscount.ch\/wp-content\/uploads\/bsm-images\/A015980_1.jpg","contentUrl":"https:\/\/bogensportdiscount.ch\/wp-content\/uploads\/bsm-images\/A015980_1.jpg","width":2040,"height":3056},{"@type":"BreadcrumbList","@id":"https:\/\/bogensportdiscount.ch\/produkt\/carter-zeigefinger-release-two-shot-velcro-strap\/#breadcrumb","itemListElement":[{"@type":"ListItem","position":1,"name":"Home","item":"https:\/\/bogensportdiscount.ch\/"},{"@type":"ListItem","position":2,"name":"Shop","item":"https:\/\/bogensportdiscount.ch\/shop\/"},{"@type":"ListItem","position":3,"name":"INDEX FINGER RELEASES CARTER TWO SHOT VELCRO STRAP"}]},{"@type":"WebSite","@id":"https:\/\/bogensportdiscount.ch\/#website","url":"https:\/\/bogensportdiscount.ch\/","name":"Bogensportdiscount","description":"","potentialAction":[{"@type":"SearchAction","target":{"@type":"EntryPoint","urlTemplate":"https:\/\/bogensportdiscount.ch\/?s={search_term_string}"},"query-input":{"@type":"PropertyValueSpecification","valueRequired":true,"valueName":"search_term_string"}}],"inLanguage":"it-IT"}]}},"_links":{"self":[{"href":"https:\/\/bogensportdiscount.ch\/it\/wp-json\/wp\/v2\/product\/391720","targetHints":{"allow":["GET"]}}],"collection":[{"href":"https:\/\/bogensportdiscount.ch\/it\/wp-json\/wp\/v2\/product"}],"about":[{"href":"https:\/\/bogensportdiscount.ch\/it\/wp-json\/wp\/v2\/types\/product"}],"replies":[{"embeddable":true,"href":"https:\/\/bogensportdiscount.ch\/it\/wp-json\/wp\/v2\/comments?post=391720"}],"wp:featuredmedia":[{"embeddable":true,"href":"https:\/\/bogensportdiscount.ch\/it\/wp-json\/wp\/v2\/media\/442938"}],"wp:attachment":[{"href":"https:\/\/bogensportdiscount.ch\/it\/wp-json\/wp\/v2\/media?parent=391720"}],"wp:term":[{"taxonomy":"product_brand","embeddable":true,"href":"https:\/\/bogensportdiscount.ch\/it\/wp-json\/wp\/v2\/product_brand?post=391720"},{"taxonomy":"product_cat","embeddable":true,"href":"https:\/\/bogensportdiscount.ch\/it\/wp-json\/wp\/v2\/product_cat?post=391720"},{"taxonomy":"product_tag","embeddable":true,"href":"https:\/\/bogensportdiscount.ch\/it\/wp-json\/wp\/v2\/product_tag?post=391720"}],"curies":[{"name":"wp","href":"https:\/\/api.w.org\/{rel}","templated":true}]}}