{"id":391718,"date":"2026-04-05T14:23:43","date_gmt":"2026-04-05T12:23:43","guid":{"rendered":"https:\/\/bogensportdiscount.ch\/produkt\/recreational-bow-packages-ek-poelang-beetle-recurve-48-18lbs-rh-21-28-black-blue\/"},"modified":"2026-04-19T11:42:05","modified_gmt":"2026-04-19T09:42:05","slug":"ek-archery-recurvebogen-beetle-48-18lbs-rh-schwarz-blau","status":"publish","type":"product","link":"https:\/\/bogensportdiscount.ch\/it\/prodotto\/ek-archery-recurvebogen-beetle-48-18lbs-rh-schwarz-blau\/","title":{"rendered":"RECREATIONAL BOGEN-PAKETE EK POELANG BEETLE RECURVE 48&#8243; 18LBS RH 21-28&#8243; SCHWARZ\/BLAU"},"content":{"rendered":"<p>Der EK Archery Beetle ist ein Einsteiger-Recurvebogen der speziell f\u00fcr den Freizeitbereich konzipiert wurde. Mit einer Bogenl\u00e4nge von 48 Zoll und einem moderaten Zuggewicht von 18 lbs eignet er sich besonders f\u00fcr Anf\u00e4nger und j\u00fcngere Sch\u00fctzinnen und Sch\u00fctzen, die den Bogensport kennenlernen m\u00f6chten.<\/p>\n<p>Der Bogen ist f\u00fcr Rechtsh\u00e4nder (RH) ausgelegt und deckt eine Zugweite von 21 bis 28 Zoll ab. Die Farbkombination Schwarz\/Blau verleiht dem Bogen ein ansprechendes Erscheinungsbild.<\/p>\n<ul>\n<li>Bogenl\u00e4nge: 48 Zoll<\/li>\n<li>Peso di tiro: 18 lbs<\/li>\n<li>F\u00fcr Rechtsh\u00e4nder geeignet<\/li>\n<li>Zugweite: 21\u201328 Zoll<\/li>\n<\/ul>","protected":false},"excerpt":{"rendered":"<p><strong>Marchio:<\/strong> EK &#8211; Poelang<br \/><strong>LH\/RH:<\/strong> RH<br \/><strong>Peso di trazione (Lbs):<\/strong> 18<br \/><strong>Colore:<\/strong> Blu<br \/><strong>Tipo:<\/strong> Recurve bow<br \/><strong>Lunghezza (pollici):<\/strong> 48<\/p>","protected":false},"featured_media":442936,"comment_status":"open","ping_status":"closed","template":"","meta":[],"product_brand":[471],"product_cat":[4350],"product_tag":[3546],"class_list":{"0":"post-391718","1":"product","2":"type-product","3":"status-publish","4":"has-post-thumbnail","6":"product_brand-ekpoelang","7":"product_cat-freizeit-boegen-sets","8":"product_tag-neuheit","10":"first","11":"instock","12":"shipping-taxable","13":"purchasable","14":"product-type-simple"},"_links":{"self":[{"href":"https:\/\/bogensportdiscount.ch\/it\/wp-json\/wp\/v2\/product\/391718","targetHints":{"allow":["GET"]}}],"collection":[{"href":"https:\/\/bogensportdiscount.ch\/it\/wp-json\/wp\/v2\/product"}],"about":[{"href":"https:\/\/bogensportdiscount.ch\/it\/wp-json\/wp\/v2\/types\/product"}],"replies":[{"embeddable":true,"href":"https:\/\/bogensportdiscount.ch\/it\/wp-json\/wp\/v2\/comments?post=391718"}],"wp:featuredmedia":[{"embeddable":true,"href":"https:\/\/bogensportdiscount.ch\/it\/wp-json\/wp\/v2\/media\/442936"}],"wp:attachment":[{"href":"https:\/\/bogensportdiscount.ch\/it\/wp-json\/wp\/v2\/media?parent=391718"}],"wp:term":[{"taxonomy":"product_brand","embeddable":true,"href":"https:\/\/bogensportdiscount.ch\/it\/wp-json\/wp\/v2\/product_brand?post=391718"},{"taxonomy":"product_cat","embeddable":true,"href":"https:\/\/bogensportdiscount.ch\/it\/wp-json\/wp\/v2\/product_cat?post=391718"},{"taxonomy":"product_tag","embeddable":true,"href":"https:\/\/bogensportdiscount.ch\/it\/wp-json\/wp\/v2\/product_tag?post=391718"}],"curies":[{"name":"wp","href":"https:\/\/api.w.org\/{rel}","templated":true}]}}