{"id":391712,"date":"2026-04-05T14:23:42","date_gmt":"2026-04-05T12:23:42","guid":{"rendered":"https:\/\/bogensportdiscount.ch\/produkt\/recreational-bow-packages-ek-poelang-chameleon-compound-22-15lbs-rh-lh-black\/"},"modified":"2026-04-19T11:42:05","modified_gmt":"2026-04-19T09:42:05","slug":"ekpoelang-compound-bogen-paket-chameleon-22-15lbs-rh-lh-schwarz","status":"publish","type":"product","link":"https:\/\/bogensportdiscount.ch\/it\/prodotto\/ekpoelang-compound-bogen-paket-chameleon-22-15lbs-rh-lh-schwarz\/","title":{"rendered":"FREIZEIT-BOGENPAKETE EK POELANG CHAMELEON COMPOUND 22&#8243; 15LBS RH\/LH SCHWARZ"},"content":{"rendered":"<p>Das EKPOELANG Chameleon Compound-Bogen Paket richtet sich an Freizeitsch\u00fctzen und Einsteiger im Bogensport. Mit einem Zuggewicht von 15 lbs und einer Auszugsl\u00e4nge von 22&#8243; ist der Bogen besonders f\u00fcr Kinder und Jugendliche sowie f\u00fcr den ersten Einstieg ins Bogenschiessen geeignet.<\/p>\n<p>Das Set ist sowohl f\u00fcr Rechts- als auch f\u00fcr Linkssch\u00fctzen (RH\/LH) ausgelegt und wird in Schwarz geliefert. Als Paket enth\u00e4lt es alle notwendigen Komponenten f\u00fcr den direkten Einstieg.<\/p>\n<ul>\n<li>Zuggewicht: 15 lbs \u2013 ideal f\u00fcr Einsteiger<\/li>\n<li>Auszugsl\u00e4nge: 22&#8243;<\/li>\n<li>Adatto per destrimani e mancini<\/li>\n<li>Colore: Nero<\/li>\n<\/ul>","protected":false},"excerpt":{"rendered":"<p><strong>Marchio:<\/strong> EK &#8211; Poelang<br \/><strong>LH\/RH:<\/strong> Ambidestro<br \/><strong>Lunghezza di estrazione (pollici):<\/strong> 22<br \/><strong>Peso di trazione (Lbs):<\/strong> 15<br \/><strong>Colore:<\/strong> Nero<br \/><strong>Tipo:<\/strong> Compound bow<\/p>","protected":false},"featured_media":442945,"comment_status":"open","ping_status":"closed","template":"","meta":[],"product_brand":[471],"product_cat":[4350],"product_tag":[3546],"class_list":{"0":"post-391712","1":"product","2":"type-product","3":"status-publish","4":"has-post-thumbnail","6":"product_brand-ekpoelang","7":"product_cat-freizeit-boegen-sets","8":"product_tag-neuheit","10":"first","11":"instock","12":"shipping-taxable","13":"purchasable","14":"product-type-simple"},"_links":{"self":[{"href":"https:\/\/bogensportdiscount.ch\/it\/wp-json\/wp\/v2\/product\/391712","targetHints":{"allow":["GET"]}}],"collection":[{"href":"https:\/\/bogensportdiscount.ch\/it\/wp-json\/wp\/v2\/product"}],"about":[{"href":"https:\/\/bogensportdiscount.ch\/it\/wp-json\/wp\/v2\/types\/product"}],"replies":[{"embeddable":true,"href":"https:\/\/bogensportdiscount.ch\/it\/wp-json\/wp\/v2\/comments?post=391712"}],"wp:featuredmedia":[{"embeddable":true,"href":"https:\/\/bogensportdiscount.ch\/it\/wp-json\/wp\/v2\/media\/442945"}],"wp:attachment":[{"href":"https:\/\/bogensportdiscount.ch\/it\/wp-json\/wp\/v2\/media?parent=391712"}],"wp:term":[{"taxonomy":"product_brand","embeddable":true,"href":"https:\/\/bogensportdiscount.ch\/it\/wp-json\/wp\/v2\/product_brand?post=391712"},{"taxonomy":"product_cat","embeddable":true,"href":"https:\/\/bogensportdiscount.ch\/it\/wp-json\/wp\/v2\/product_cat?post=391712"},{"taxonomy":"product_tag","embeddable":true,"href":"https:\/\/bogensportdiscount.ch\/it\/wp-json\/wp\/v2\/product_tag?post=391712"}],"curies":[{"name":"wp","href":"https:\/\/api.w.org\/{rel}","templated":true}]}}