{"id":391710,"date":"2026-04-05T14:23:42","date_gmt":"2026-04-05T12:23:42","guid":{"rendered":"https:\/\/bogensportdiscount.ch\/produkt\/tru-ball-rave-3-finger-black\/"},"modified":"2026-04-15T12:10:17","modified_gmt":"2026-04-15T10:10:17","slug":"tru-ball-release-rave-3-finger-schwarz","status":"publish","type":"product","link":"https:\/\/bogensportdiscount.ch\/it\/prodotto\/tru-ball-release-rave-3-finger-schwarz\/","title":{"rendered":"TRU BALL RAVE 3 FINGER NERO"},"content":{"rendered":"<p>Der TRU BALL Rave 3 Finger ist ein Thumb-Release aus dem Hause TRU BALL, einem der bekanntesten Hersteller von Ausl\u00f6sehilfen im Compoundbogensport. Der Release ist in Schwarz erh\u00e4ltlich und bietet einen 3-Finger-Griff f\u00fcr eine stabile und ergonomische Handhabung.<\/p>\n<p>Thumb-Releases werden in der Hand gehalten und durch Druck auf den Daumenknopf ausgel\u00f6st. Diese Ausl\u00f6semethode erm\u00f6glicht einen ruhigen und kontrollierten Schussablauf und wird von vielen Turnier- und Freizeitsch\u00fctzen bevorzugt.<\/p>\n<ul>\n<li>Marke: TRU BALL<\/li>\n<li>Modell: Rave<\/li>\n<li>Griffvariante: 3 Finger<\/li>\n<li>Farbe: Schwarz<\/li>\n<\/ul>","protected":false},"excerpt":{"rendered":"<p><strong>Marchio:<\/strong> T.R.U. Ball<br \/><strong>Farbe:<\/strong> Schwarz<br \/><strong>Tipo:<\/strong> 3-finger<br \/><strong>Materiale:<\/strong> Aluminium<br \/><strong>Gr\u00f6\u00dfen:<\/strong> M<\/p>","protected":false},"featured_media":442943,"comment_status":"open","ping_status":"closed","template":"","meta":[],"product_brand":[578],"product_cat":[4209],"product_tag":[3546],"class_list":{"0":"post-391710","1":"product","2":"type-product","3":"status-publish","4":"has-post-thumbnail","6":"product_brand-truball","7":"product_cat-thumb-releases","8":"product_tag-neuheit","10":"first","11":"instock","12":"shipping-taxable","13":"purchasable","14":"product-type-simple"},"_links":{"self":[{"href":"https:\/\/bogensportdiscount.ch\/it\/wp-json\/wp\/v2\/product\/391710","targetHints":{"allow":["GET"]}}],"collection":[{"href":"https:\/\/bogensportdiscount.ch\/it\/wp-json\/wp\/v2\/product"}],"about":[{"href":"https:\/\/bogensportdiscount.ch\/it\/wp-json\/wp\/v2\/types\/product"}],"replies":[{"embeddable":true,"href":"https:\/\/bogensportdiscount.ch\/it\/wp-json\/wp\/v2\/comments?post=391710"}],"wp:featuredmedia":[{"embeddable":true,"href":"https:\/\/bogensportdiscount.ch\/it\/wp-json\/wp\/v2\/media\/442943"}],"wp:attachment":[{"href":"https:\/\/bogensportdiscount.ch\/it\/wp-json\/wp\/v2\/media?parent=391710"}],"wp:term":[{"taxonomy":"product_brand","embeddable":true,"href":"https:\/\/bogensportdiscount.ch\/it\/wp-json\/wp\/v2\/product_brand?post=391710"},{"taxonomy":"product_cat","embeddable":true,"href":"https:\/\/bogensportdiscount.ch\/it\/wp-json\/wp\/v2\/product_cat?post=391710"},{"taxonomy":"product_tag","embeddable":true,"href":"https:\/\/bogensportdiscount.ch\/it\/wp-json\/wp\/v2\/product_tag?post=391710"}],"curies":[{"name":"wp","href":"https:\/\/api.w.org\/{rel}","templated":true}]}}