{"id":391706,"date":"2026-04-05T14:23:41","date_gmt":"2026-04-05T12:23:41","guid":{"rendered":"https:\/\/bogensportdiscount.ch\/produkt\/saunders-kisser-buttons-kiss-x-slotted-16-18-strands-with-nokset-24-pk\/"},"modified":"2026-04-15T12:10:17","modified_gmt":"2026-04-15T10:10:17","slug":"saunders-kisser-button-kiss-x-geschlitzt-16-18-straenge-mit-nokset-24er-pack","status":"publish","type":"product","link":"https:\/\/bogensportdiscount.ch\/it\/prodotto\/saunders-kisser-button-kiss-x-geschlitzt-16-18-straenge-mit-nokset-24er-pack\/","title":{"rendered":"SAUNDERS KISSER BUTTONS KISS-X CON INTAGLIO 16-18 FILI CON NOKSET 24\/PZ."},"content":{"rendered":"<p>Die Saunders Kiss-X Kisser Buttons dienen als Ankerhilfe beim Bogenschiessen und erm\u00f6glichen eine gleichm\u00e4ssige, reproduzierbare Ankerpositon. Die geschlitzte Ausf\u00fchrung erleichtert die Montage auf der Sehne und ist f\u00fcr Sehnen mit 16 bis 18 Str\u00e4ngen geeignet.<\/p>\n<p>Jeder Kisser Button wird mit einem Nokset geliefert, der die Befestigung an der Sehne sichert und ein Verrutschen w\u00e4hrend des Schiessens verhindert. Das Paket enth\u00e4lt 24 Einheiten und eignet sich damit sowohl f\u00fcr Vereine als auch f\u00fcr B\u00f6gen mit h\u00e4ufigem Sehnenwechsel.<\/p>\n<ul>\n<li>Geschlitzte Ausf\u00fchrung f\u00fcr einfache Montage<\/li>\n<li>Geeignet f\u00fcr Sehnen mit 16\u201318 Str\u00e4ngen<\/li>\n<li>Inklusive Nokset zur sicheren Befestigung<\/li>\n<li>24 St\u00fcck pro Packung<\/li>\n<\/ul>","protected":false},"excerpt":{"rendered":"<p><strong>Marchio:<\/strong> Saunders<br \/><strong>Farbe:<\/strong> Schwarz<\/p>","protected":false},"featured_media":452319,"comment_status":"open","ping_status":"closed","template":"","meta":[],"product_brand":[779],"product_cat":[4347],"product_tag":[3546],"class_list":{"0":"post-391706","1":"product","2":"type-product","3":"status-publish","4":"has-post-thumbnail","6":"product_brand-saunders","7":"product_cat-nocking-points-kisser-buttons-accessories","8":"product_tag-neuheit","10":"first","11":"instock","12":"shipping-taxable","13":"purchasable","14":"product-type-simple"},"_links":{"self":[{"href":"https:\/\/bogensportdiscount.ch\/it\/wp-json\/wp\/v2\/product\/391706","targetHints":{"allow":["GET"]}}],"collection":[{"href":"https:\/\/bogensportdiscount.ch\/it\/wp-json\/wp\/v2\/product"}],"about":[{"href":"https:\/\/bogensportdiscount.ch\/it\/wp-json\/wp\/v2\/types\/product"}],"replies":[{"embeddable":true,"href":"https:\/\/bogensportdiscount.ch\/it\/wp-json\/wp\/v2\/comments?post=391706"}],"wp:featuredmedia":[{"embeddable":true,"href":"https:\/\/bogensportdiscount.ch\/it\/wp-json\/wp\/v2\/media\/452319"}],"wp:attachment":[{"href":"https:\/\/bogensportdiscount.ch\/it\/wp-json\/wp\/v2\/media?parent=391706"}],"wp:term":[{"taxonomy":"product_brand","embeddable":true,"href":"https:\/\/bogensportdiscount.ch\/it\/wp-json\/wp\/v2\/product_brand?post=391706"},{"taxonomy":"product_cat","embeddable":true,"href":"https:\/\/bogensportdiscount.ch\/it\/wp-json\/wp\/v2\/product_cat?post=391706"},{"taxonomy":"product_tag","embeddable":true,"href":"https:\/\/bogensportdiscount.ch\/it\/wp-json\/wp\/v2\/product_tag?post=391706"}],"curies":[{"name":"wp","href":"https:\/\/api.w.org\/{rel}","templated":true}]}}