{"id":391705,"date":"2026-04-05T14:23:41","date_gmt":"2026-04-05T12:23:41","guid":{"rendered":"https:\/\/bogensportdiscount.ch\/produkt\/mtm-arrowcases-traveler-6-34-6-x-4-9-x-2-clear-smoke\/"},"modified":"2026-04-15T12:10:17","modified_gmt":"2026-04-15T10:10:17","slug":"mtm-pfeilkoecher-traveler-6-transparent-smoke","status":"publish","type":"product","link":"https:\/\/bogensportdiscount.ch\/it\/prodotto\/mtm-pfeilkoecher-traveler-6-transparent-smoke\/","title":{"rendered":"MTM ARROWCASES TRAVELER 6 - 34,6\u2033 x 4,9\u2033 x 2\u2033 FUMO CHIARO"},"content":{"rendered":"<p>Der MTM Traveler 6 ist eine Pfeilbox zur sicheren Aufbewahrung und zum Transport von bis zu 6 Pfeilen. Das robuste Kunststoffgeh\u00e4use in der Farbe Transparent Smoke sch\u00fctzt die Pfeile vor Besch\u00e4digungen und erm\u00f6glicht gleichzeitig einen Blick auf den Inhalt, ohne die Box \u00f6ffnen zu m\u00fcssen.<\/p>\n<p>Mit den kompakten Abmessungen von 88 x 12,5 x 5 cm (34,6&#8243; x 4,9&#8243; x 2&#8243;) eignet sich der Traveler 6 f\u00fcr den Einsatz auf dem Schiessplatz sowie f\u00fcr den Transport im Sporttaschenbereich. Die Konstruktion aus widerstandsf\u00e4higem Kunststoff ist auf den praktischen Alltag im Bogensport ausgelegt.<\/p>\n<ul>\n<li>Kapazit\u00e4t: bis zu 6 Pfeile<\/li>\n<li>Abmessungen: 88 x 12,5 x 5 cm (34,6&#8243; x 4,9&#8243; x 2&#8243;)<\/li>\n<li>Farbe: Transparent Smoke<\/li>\n<li>Material: robuster Kunststoff<\/li>\n<\/ul>","protected":false},"excerpt":{"rendered":"<p><strong>Marchio:<\/strong> MTM Case-Gard<br \/><strong>Farbe:<\/strong> Grau<br \/><strong>GTIN:<\/strong> 026057855417<\/p>","protected":false},"featured_media":442948,"comment_status":"open","ping_status":"closed","template":"","meta":[],"product_brand":[805],"product_cat":[4206],"product_tag":[3546],"class_list":{"0":"post-391705","1":"product","2":"type-product","3":"status-publish","4":"has-post-thumbnail","6":"product_brand-mtm","7":"product_cat-pfeilekoffer-pfeiletube","8":"product_tag-neuheit","10":"first","11":"instock","12":"shipping-taxable","13":"purchasable","14":"product-type-simple"},"_links":{"self":[{"href":"https:\/\/bogensportdiscount.ch\/it\/wp-json\/wp\/v2\/product\/391705","targetHints":{"allow":["GET"]}}],"collection":[{"href":"https:\/\/bogensportdiscount.ch\/it\/wp-json\/wp\/v2\/product"}],"about":[{"href":"https:\/\/bogensportdiscount.ch\/it\/wp-json\/wp\/v2\/types\/product"}],"replies":[{"embeddable":true,"href":"https:\/\/bogensportdiscount.ch\/it\/wp-json\/wp\/v2\/comments?post=391705"}],"wp:featuredmedia":[{"embeddable":true,"href":"https:\/\/bogensportdiscount.ch\/it\/wp-json\/wp\/v2\/media\/442948"}],"wp:attachment":[{"href":"https:\/\/bogensportdiscount.ch\/it\/wp-json\/wp\/v2\/media?parent=391705"}],"wp:term":[{"taxonomy":"product_brand","embeddable":true,"href":"https:\/\/bogensportdiscount.ch\/it\/wp-json\/wp\/v2\/product_brand?post=391705"},{"taxonomy":"product_cat","embeddable":true,"href":"https:\/\/bogensportdiscount.ch\/it\/wp-json\/wp\/v2\/product_cat?post=391705"},{"taxonomy":"product_tag","embeddable":true,"href":"https:\/\/bogensportdiscount.ch\/it\/wp-json\/wp\/v2\/product_tag?post=391705"}],"curies":[{"name":"wp","href":"https:\/\/api.w.org\/{rel}","templated":true}]}}