{"id":391693,"date":"2026-04-05T14:23:38","date_gmt":"2026-04-05T12:23:38","guid":{"rendered":"https:\/\/bogensportdiscount.ch\/produkt\/negrini-compound-cases-4690-isy-parallel-limb-l105xh42xd16-5-black\/"},"modified":"2026-05-14T07:13:30","modified_gmt":"2026-05-14T05:13:30","slug":"negrini-compound-koffer-4690-isy-parallel-limb-schwarz","status":"publish","type":"product","link":"https:\/\/bogensportdiscount.ch\/it\/prodotto\/negrini-compound-koffer-4690-isy-parallel-limb-schwarz\/","title":{"rendered":"NEGRINI CUSTODIA PER ARCO COMPOUND 4690 ISY &#8211; FLETTENTI PARALLELI L105XH42XD16.5 NERO"},"content":{"rendered":"<p>Il Negrini 4690 ISY \u00e8 una custodia per arco compound della casa Negrini, appositamente progettata per archi con flettenti paralleli (Parallel Limb). Le dimensioni interne di 105 cm di lunghezza, 42 cm di altezza e 16,5 cm di profondit\u00e0 sono calibrate per un arco compound completamente montato.<\/p>\n<p>La custodia \u00e8 adatta al trasporto e alla conservazione sicura dell'arco \u2013 sia durante il tragitto verso l'allenamento che in occasione di gare. La versione nera \u00e8 robusta e discreta.<\/p>\n<ul>\n<li>Appositamente per archi compound con flettenti paralleli<\/li>\n<li>Dimensioni interne: L105 x H42 x D16.5 cm<\/li>\n<li>Custodia rigida per una protezione affidabile<\/li>\n<li>Colore: Nero<\/li>\n<\/ul>","protected":false},"excerpt":{"rendered":"<table>\n<tr>\n<th>Propriet\u00e0<\/th>\n<th>Valore<\/th>\n<\/tr>\n<tr>\n<td>Marca<\/td>\n<td>Negrini<\/td>\n<\/tr>\n<tr>\n<td>Colore<\/td>\n<td>Nero<\/td>\n<\/tr>\n<tr>\n<td>Paese di origine<\/td>\n<td>Italia<\/td>\n<\/tr>\n<\/table>","protected":false},"featured_media":446924,"comment_status":"open","ping_status":"closed","template":"","meta":[],"product_brand":[808],"product_cat":[4124,4125,4207],"product_tag":[3546],"class_list":{"0":"post-391693","1":"product","2":"type-product","3":"status-publish","4":"has-post-thumbnail","6":"product_brand-negrini","7":"product_cat-bogenschuetzer-ausruestung","8":"product_cat-taschen-koffer","9":"product_cat-compound-koffer","10":"product_tag-neuheit","11":"product_shipping_class-bsd-sperrgut","13":"first","14":"instock","15":"shipping-taxable","16":"purchasable","17":"product-type-simple"},"yoast_head":"<!-- This site is optimized with the Yoast SEO plugin v27.6 - https:\/\/yoast.com\/product\/yoast-seo-wordpress\/ -->\n<title>NEGRINI COMPOUNDBOGEN KOFFER 4690 ISY - PARALLEL WURFARME L105XH42XD16.5 SCHWARZ - Bogensportdiscount \u2013 B\u00f6gen, Pfeile, Targets &amp; Zubeh\u00f6r<\/title>\n<meta name=\"description\" content=\"NEGRINI COMPOUNDBOGEN KOFFER 4690 ISY - PARALLEL WURFARME L105XH42XD16.5 SCHWARZ g\u00fcnstig kaufen bei Bogensportdiscount \u2013 Top-Marken, schneller Versand aus der Schweiz.\" \/>\n<meta name=\"robots\" content=\"index, follow, max-snippet:-1, max-image-preview:large, max-video-preview:-1\" \/>\n<link rel=\"canonical\" href=\"https:\/\/bogensportdiscount.ch\/it\/prodotto\/negrini-compound-koffer-4690-isy-parallel-limb-schwarz\/\" \/>\n<meta property=\"og:locale\" content=\"it_IT\" \/>\n<meta property=\"og:type\" content=\"article\" \/>\n<meta property=\"og:title\" content=\"NEGRINI COMPOUNDBOGEN KOFFER 4690 ISY - PARALLEL WURFARME L105XH42XD16.5 SCHWARZ - Bogensportdiscount \u2013 B\u00f6gen, Pfeile, Targets &amp; Zubeh\u00f6r\" \/>\n<meta property=\"og:description\" content=\"NEGRINI COMPOUNDBOGEN KOFFER 4690 ISY - PARALLEL WURFARME L105XH42XD16.5 SCHWARZ g\u00fcnstig kaufen bei Bogensportdiscount \u2013 Top-Marken, schneller Versand aus der Schweiz.\" \/>\n<meta property=\"og:url\" content=\"https:\/\/bogensportdiscount.ch\/it\/prodotto\/negrini-compound-koffer-4690-isy-parallel-limb-schwarz\/\" \/>\n<meta property=\"og:site_name\" content=\"Bogensportdiscount \u2013 B\u00f6gen, Pfeile, Targets &amp; Zubeh\u00f6r\" \/>\n<meta property=\"article:modified_time\" content=\"2026-05-14T05:13:30+00:00\" \/>\n<meta property=\"og:image\" content=\"https:\/\/bogensportdiscount.ch\/wp-content\/uploads\/bsm-images\/A014797_1.png\" \/>\n\t<meta property=\"og:image:width\" content=\"1181\" \/>\n\t<meta property=\"og:image:height\" content=\"738\" \/>\n\t<meta property=\"og:image:type\" content=\"image\/png\" \/>\n<meta name=\"twitter:card\" content=\"summary_large_image\" \/>\n<script type=\"application\/ld+json\" class=\"yoast-schema-graph\">{\"@context\":\"https:\\\/\\\/schema.org\",\"@graph\":[{\"@type\":\"WebPage\",\"@id\":\"https:\\\/\\\/bogensportdiscount.ch\\\/produkt\\\/negrini-compound-koffer-4690-isy-parallel-limb-schwarz\\\/\",\"url\":\"https:\\\/\\\/bogensportdiscount.ch\\\/produkt\\\/negrini-compound-koffer-4690-isy-parallel-limb-schwarz\\\/\",\"name\":\"NEGRINI COMPOUNDBOGEN KOFFER 4690 ISY - PARALLEL WURFARME L105XH42XD16.5 SCHWARZ - Bogensportdiscount \u2013 B\u00f6gen, Pfeile, Targets &amp; Zubeh\u00f6r\",\"isPartOf\":{\"@id\":\"https:\\\/\\\/bogensportdiscount.ch\\\/#website\"},\"primaryImageOfPage\":{\"@id\":\"https:\\\/\\\/bogensportdiscount.ch\\\/produkt\\\/negrini-compound-koffer-4690-isy-parallel-limb-schwarz\\\/#primaryimage\"},\"image\":{\"@id\":\"https:\\\/\\\/bogensportdiscount.ch\\\/produkt\\\/negrini-compound-koffer-4690-isy-parallel-limb-schwarz\\\/#primaryimage\"},\"thumbnailUrl\":\"https:\\\/\\\/bogensportdiscount.ch\\\/wp-content\\\/uploads\\\/bsm-images\\\/A014797_1.png\",\"datePublished\":\"2026-04-05T12:23:38+00:00\",\"dateModified\":\"2026-05-14T05:13:30+00:00\",\"description\":\"NEGRINI COMPOUNDBOGEN KOFFER 4690 ISY - PARALLEL WURFARME L105XH42XD16.5 SCHWARZ g\u00fcnstig kaufen bei Bogensportdiscount \u2013 Top-Marken, schneller Versand aus der Schweiz.\",\"breadcrumb\":{\"@id\":\"https:\\\/\\\/bogensportdiscount.ch\\\/produkt\\\/negrini-compound-koffer-4690-isy-parallel-limb-schwarz\\\/#breadcrumb\"},\"inLanguage\":\"it-IT\",\"potentialAction\":[{\"@type\":\"ReadAction\",\"target\":[\"https:\\\/\\\/bogensportdiscount.ch\\\/produkt\\\/negrini-compound-koffer-4690-isy-parallel-limb-schwarz\\\/\"]}]},{\"@type\":\"ImageObject\",\"inLanguage\":\"it-IT\",\"@id\":\"https:\\\/\\\/bogensportdiscount.ch\\\/produkt\\\/negrini-compound-koffer-4690-isy-parallel-limb-schwarz\\\/#primaryimage\",\"url\":\"https:\\\/\\\/bogensportdiscount.ch\\\/wp-content\\\/uploads\\\/bsm-images\\\/A014797_1.png\",\"contentUrl\":\"https:\\\/\\\/bogensportdiscount.ch\\\/wp-content\\\/uploads\\\/bsm-images\\\/A014797_1.png\",\"width\":1181,\"height\":738},{\"@type\":\"BreadcrumbList\",\"@id\":\"https:\\\/\\\/bogensportdiscount.ch\\\/produkt\\\/negrini-compound-koffer-4690-isy-parallel-limb-schwarz\\\/#breadcrumb\",\"itemListElement\":[{\"@type\":\"ListItem\",\"position\":1,\"name\":\"Home\",\"item\":\"https:\\\/\\\/bogensportdiscount.ch\\\/\"},{\"@type\":\"ListItem\",\"position\":2,\"name\":\"Shop\",\"item\":\"https:\\\/\\\/bogensportdiscount.ch\\\/shop\\\/\"},{\"@type\":\"ListItem\",\"position\":3,\"name\":\"NEGRINI COMPOUND CASES 4690 ISY &#8211; PARALLEL LIMB L105XH42XD16.5 BLACK\"}]},{\"@type\":\"WebSite\",\"@id\":\"https:\\\/\\\/bogensportdiscount.ch\\\/#website\",\"url\":\"https:\\\/\\\/bogensportdiscount.ch\\\/\",\"name\":\"Bogensportdiscount\",\"description\":\"\",\"potentialAction\":[{\"@type\":\"SearchAction\",\"target\":{\"@type\":\"EntryPoint\",\"urlTemplate\":\"https:\\\/\\\/bogensportdiscount.ch\\\/?s={search_term_string}\"},\"query-input\":{\"@type\":\"PropertyValueSpecification\",\"valueRequired\":true,\"valueName\":\"search_term_string\"}}],\"inLanguage\":\"it-IT\"}]}<\/script>\n<!-- \/ Yoast SEO plugin. -->","yoast_head_json":{"title":"NEGRINI COMPOUNDBOGEN KOFFER 4690 ISY - PARALLEL WURFARME L105XH42XD16.5 SCHWARZ - Bogensportdiscount \u2013 B\u00f6gen, Pfeile, Targets &amp; Zubeh\u00f6r","description":"NEGRINI COMPOUNDBOGEN KOFFER 4690 ISY - PARALLEL WURFARME L105XH42XD16.5 SCHWARZ g\u00fcnstig kaufen bei Bogensportdiscount \u2013 Top-Marken, schneller Versand aus der Schweiz.","robots":{"index":"index","follow":"follow","max-snippet":"max-snippet:-1","max-image-preview":"max-image-preview:large","max-video-preview":"max-video-preview:-1"},"canonical":"https:\/\/bogensportdiscount.ch\/it\/prodotto\/negrini-compound-koffer-4690-isy-parallel-limb-schwarz\/","og_locale":"it_IT","og_type":"article","og_title":"NEGRINI COMPOUNDBOGEN KOFFER 4690 ISY - PARALLEL WURFARME L105XH42XD16.5 SCHWARZ - Bogensportdiscount \u2013 B\u00f6gen, Pfeile, Targets &amp; Zubeh\u00f6r","og_description":"NEGRINI COMPOUNDBOGEN KOFFER 4690 ISY - PARALLEL WURFARME L105XH42XD16.5 SCHWARZ g\u00fcnstig kaufen bei Bogensportdiscount \u2013 Top-Marken, schneller Versand aus der Schweiz.","og_url":"https:\/\/bogensportdiscount.ch\/it\/prodotto\/negrini-compound-koffer-4690-isy-parallel-limb-schwarz\/","og_site_name":"Bogensportdiscount \u2013 B\u00f6gen, Pfeile, Targets &amp; Zubeh\u00f6r","article_modified_time":"2026-05-14T05:13:30+00:00","og_image":[{"width":1181,"height":738,"url":"https:\/\/bogensportdiscount.ch\/wp-content\/uploads\/bsm-images\/A014797_1.png","type":"image\/png"}],"twitter_card":"summary_large_image","schema":{"@context":"https:\/\/schema.org","@graph":[{"@type":"WebPage","@id":"https:\/\/bogensportdiscount.ch\/produkt\/negrini-compound-koffer-4690-isy-parallel-limb-schwarz\/","url":"https:\/\/bogensportdiscount.ch\/produkt\/negrini-compound-koffer-4690-isy-parallel-limb-schwarz\/","name":"NEGRINI COMPOUNDBOGEN KOFFER 4690 ISY - PARALLEL WURFARME L105XH42XD16.5 SCHWARZ - Bogensportdiscount \u2013 B\u00f6gen, Pfeile, Targets &amp; Zubeh\u00f6r","isPartOf":{"@id":"https:\/\/bogensportdiscount.ch\/#website"},"primaryImageOfPage":{"@id":"https:\/\/bogensportdiscount.ch\/produkt\/negrini-compound-koffer-4690-isy-parallel-limb-schwarz\/#primaryimage"},"image":{"@id":"https:\/\/bogensportdiscount.ch\/produkt\/negrini-compound-koffer-4690-isy-parallel-limb-schwarz\/#primaryimage"},"thumbnailUrl":"https:\/\/bogensportdiscount.ch\/wp-content\/uploads\/bsm-images\/A014797_1.png","datePublished":"2026-04-05T12:23:38+00:00","dateModified":"2026-05-14T05:13:30+00:00","description":"NEGRINI COMPOUNDBOGEN KOFFER 4690 ISY - PARALLEL WURFARME L105XH42XD16.5 SCHWARZ g\u00fcnstig kaufen bei Bogensportdiscount \u2013 Top-Marken, schneller Versand aus der Schweiz.","breadcrumb":{"@id":"https:\/\/bogensportdiscount.ch\/produkt\/negrini-compound-koffer-4690-isy-parallel-limb-schwarz\/#breadcrumb"},"inLanguage":"it-IT","potentialAction":[{"@type":"ReadAction","target":["https:\/\/bogensportdiscount.ch\/produkt\/negrini-compound-koffer-4690-isy-parallel-limb-schwarz\/"]}]},{"@type":"ImageObject","inLanguage":"it-IT","@id":"https:\/\/bogensportdiscount.ch\/produkt\/negrini-compound-koffer-4690-isy-parallel-limb-schwarz\/#primaryimage","url":"https:\/\/bogensportdiscount.ch\/wp-content\/uploads\/bsm-images\/A014797_1.png","contentUrl":"https:\/\/bogensportdiscount.ch\/wp-content\/uploads\/bsm-images\/A014797_1.png","width":1181,"height":738},{"@type":"BreadcrumbList","@id":"https:\/\/bogensportdiscount.ch\/produkt\/negrini-compound-koffer-4690-isy-parallel-limb-schwarz\/#breadcrumb","itemListElement":[{"@type":"ListItem","position":1,"name":"Home","item":"https:\/\/bogensportdiscount.ch\/"},{"@type":"ListItem","position":2,"name":"Shop","item":"https:\/\/bogensportdiscount.ch\/shop\/"},{"@type":"ListItem","position":3,"name":"NEGRINI COMPOUND CASES 4690 ISY &#8211; PARALLEL LIMB L105XH42XD16.5 BLACK"}]},{"@type":"WebSite","@id":"https:\/\/bogensportdiscount.ch\/#website","url":"https:\/\/bogensportdiscount.ch\/","name":"Bogensportdiscount","description":"","potentialAction":[{"@type":"SearchAction","target":{"@type":"EntryPoint","urlTemplate":"https:\/\/bogensportdiscount.ch\/?s={search_term_string}"},"query-input":{"@type":"PropertyValueSpecification","valueRequired":true,"valueName":"search_term_string"}}],"inLanguage":"it-IT"}]}},"_links":{"self":[{"href":"https:\/\/bogensportdiscount.ch\/it\/wp-json\/wp\/v2\/product\/391693","targetHints":{"allow":["GET"]}}],"collection":[{"href":"https:\/\/bogensportdiscount.ch\/it\/wp-json\/wp\/v2\/product"}],"about":[{"href":"https:\/\/bogensportdiscount.ch\/it\/wp-json\/wp\/v2\/types\/product"}],"replies":[{"embeddable":true,"href":"https:\/\/bogensportdiscount.ch\/it\/wp-json\/wp\/v2\/comments?post=391693"}],"wp:featuredmedia":[{"embeddable":true,"href":"https:\/\/bogensportdiscount.ch\/it\/wp-json\/wp\/v2\/media\/446924"}],"wp:attachment":[{"href":"https:\/\/bogensportdiscount.ch\/it\/wp-json\/wp\/v2\/media?parent=391693"}],"wp:term":[{"taxonomy":"product_brand","embeddable":true,"href":"https:\/\/bogensportdiscount.ch\/it\/wp-json\/wp\/v2\/product_brand?post=391693"},{"taxonomy":"product_cat","embeddable":true,"href":"https:\/\/bogensportdiscount.ch\/it\/wp-json\/wp\/v2\/product_cat?post=391693"},{"taxonomy":"product_tag","embeddable":true,"href":"https:\/\/bogensportdiscount.ch\/it\/wp-json\/wp\/v2\/product_tag?post=391693"}],"curies":[{"name":"wp","href":"https:\/\/api.w.org\/{rel}","templated":true}]}}