{"id":391679,"date":"2026-04-05T14:23:36","date_gmt":"2026-04-05T12:23:36","guid":{"rendered":"https:\/\/bogensportdiscount.ch\/produkt\/barnett-crosswire-razr-set-of-2-cables-for-crossbows\/"},"modified":"2026-04-19T11:42:05","modified_gmt":"2026-04-19T09:42:05","slug":"barnett-crosswire-razr-kabel-set-2-stueck-armbrueste","status":"publish","type":"product","link":"https:\/\/bogensportdiscount.ch\/it\/prodotto\/barnett-crosswire-razr-kabel-set-2-stueck-armbrueste\/","title":{"rendered":"BARNETT CROSSWIRE &#8218;RAZR&#8216; SET VON 2 KABELN FUER ARMBRUESTE"},"content":{"rendered":"<p>Das Barnett Crosswire &#8218;Razr&#8216; Kabelset besteht aus 2 Ersatzkabeln, die speziell f\u00fcr kompatible Barnett-Armbr\u00fcste entwickelt wurden. Als Originalzubeh\u00f6r von Barnett sind die Kabel auf die Anforderungen der jeweiligen Armbrust abgestimmt.<\/p>\n<p>La sostituzione regolare dei cavi \u00e8 una parte importante della manutenzione della balestra. I cavi usurati possono compromettere la precisione e la sicurezza della balestra. Questo set contiene tutti i cavi necessari per una sostituzione completa.<\/p>\n<ul>\n<li>Set con 2 cavi di ricambio<\/li>\n<li>Adatto per balestre BARNETT compatibili<\/li>\n<li>Accessorio di manutenzione importante<\/li>\n<li>Accessorio originale BARNETT<\/li>\n<\/ul>","protected":false},"excerpt":{"rendered":"<p><strong>Marchio:<\/strong> Barnett<\/p>","protected":false},"featured_media":448023,"comment_status":"open","ping_status":"closed","template":"","meta":[],"product_brand":[421],"product_cat":[4175],"product_tag":[3546],"class_list":{"0":"post-391679","1":"product","2":"type-product","3":"status-publish","4":"has-post-thumbnail","6":"product_brand-barnett","7":"product_cat-compound-strings-cables","8":"product_tag-neuheit","10":"first","11":"instock","12":"shipping-taxable","13":"purchasable","14":"product-type-simple"},"yoast_head":"<!-- This site is optimized with the Yoast SEO plugin v27.4 - https:\/\/yoast.com\/product\/yoast-seo-wordpress\/ -->\n<title>BARNETT CROSSWIRE &#039;RAZR&#039; SET VON 2 KABELN FUER ARMBRUESTE - Bogensportdiscount \u2013 B\u00f6gen, Pfeile, Targets &amp; Zubeh\u00f6r<\/title>\n<meta name=\"robots\" content=\"noindex, follow, max-snippet:-1, max-image-preview:large, max-video-preview:-1\" \/>\n<meta property=\"og:locale\" content=\"it_IT\" \/>\n<meta property=\"og:type\" content=\"article\" \/>\n<meta property=\"og:title\" content=\"BARNETT CROSSWIRE &#039;RAZR&#039; SET VON 2 KABELN FUER ARMBRUESTE - Bogensportdiscount \u2013 B\u00f6gen, Pfeile, Targets &amp; Zubeh\u00f6r\" \/>\n<meta property=\"og:description\" content=\"Marke: Barnett\" \/>\n<meta property=\"og:url\" content=\"https:\/\/bogensportdiscount.ch\/it\/prodotto\/barnett-crosswire-razr-kabel-set-2-stueck-armbrueste\/\" \/>\n<meta property=\"og:site_name\" content=\"Bogensportdiscount \u2013 B\u00f6gen, Pfeile, Targets &amp; Zubeh\u00f6r\" \/>\n<meta property=\"article:modified_time\" content=\"2026-04-19T09:42:05+00:00\" \/>\n<meta property=\"og:image\" content=\"https:\/\/bogensportdiscount.ch\/wp-content\/uploads\/bsm-images\/A014720_1.jpg\" \/>\n\t<meta property=\"og:image:width\" content=\"842\" \/>\n\t<meta property=\"og:image:height\" content=\"1571\" \/>\n\t<meta property=\"og:image:type\" content=\"image\/jpeg\" \/>\n<meta name=\"twitter:card\" content=\"summary_large_image\" \/>\n<script type=\"application\/ld+json\" class=\"yoast-schema-graph\">{\"@context\":\"https:\\\/\\\/schema.org\",\"@graph\":[{\"@type\":\"WebPage\",\"@id\":\"https:\\\/\\\/bogensportdiscount.ch\\\/it\\\/prodotto\\\/barnett-crosswire-razr-kabel-set-2-stueck-armbrueste\\\/\",\"url\":\"https:\\\/\\\/bogensportdiscount.ch\\\/it\\\/prodotto\\\/barnett-crosswire-razr-kabel-set-2-stueck-armbrueste\\\/\",\"name\":\"BARNETT CROSSWIRE 'RAZR' SET VON 2 KABELN FUER ARMBRUESTE - Bogensportdiscount \u2013 B\u00f6gen, Pfeile, Targets &amp; Zubeh\u00f6r\",\"isPartOf\":{\"@id\":\"https:\\\/\\\/bogensportdiscount.ch\\\/#website\"},\"primaryImageOfPage\":{\"@id\":\"https:\\\/\\\/bogensportdiscount.ch\\\/it\\\/prodotto\\\/barnett-crosswire-razr-kabel-set-2-stueck-armbrueste\\\/#primaryimage\"},\"image\":{\"@id\":\"https:\\\/\\\/bogensportdiscount.ch\\\/it\\\/prodotto\\\/barnett-crosswire-razr-kabel-set-2-stueck-armbrueste\\\/#primaryimage\"},\"thumbnailUrl\":\"https:\\\/\\\/bogensportdiscount.ch\\\/wp-content\\\/uploads\\\/bsm-images\\\/A014720_1.jpg\",\"datePublished\":\"2026-04-05T12:23:36+00:00\",\"dateModified\":\"2026-04-19T09:42:05+00:00\",\"breadcrumb\":{\"@id\":\"https:\\\/\\\/bogensportdiscount.ch\\\/it\\\/prodotto\\\/barnett-crosswire-razr-kabel-set-2-stueck-armbrueste\\\/#breadcrumb\"},\"inLanguage\":\"it-IT\",\"potentialAction\":[{\"@type\":\"ReadAction\",\"target\":[\"https:\\\/\\\/bogensportdiscount.ch\\\/it\\\/prodotto\\\/barnett-crosswire-razr-kabel-set-2-stueck-armbrueste\\\/\"]}]},{\"@type\":\"ImageObject\",\"inLanguage\":\"it-IT\",\"@id\":\"https:\\\/\\\/bogensportdiscount.ch\\\/it\\\/prodotto\\\/barnett-crosswire-razr-kabel-set-2-stueck-armbrueste\\\/#primaryimage\",\"url\":\"https:\\\/\\\/bogensportdiscount.ch\\\/wp-content\\\/uploads\\\/bsm-images\\\/A014720_1.jpg\",\"contentUrl\":\"https:\\\/\\\/bogensportdiscount.ch\\\/wp-content\\\/uploads\\\/bsm-images\\\/A014720_1.jpg\",\"width\":842,\"height\":1571},{\"@type\":\"BreadcrumbList\",\"@id\":\"https:\\\/\\\/bogensportdiscount.ch\\\/it\\\/prodotto\\\/barnett-crosswire-razr-kabel-set-2-stueck-armbrueste\\\/#breadcrumb\",\"itemListElement\":[{\"@type\":\"ListItem\",\"position\":1,\"name\":\"Home\",\"item\":\"https:\\\/\\\/bogensportdiscount.ch\\\/\"},{\"@type\":\"ListItem\",\"position\":2,\"name\":\"Shop\",\"item\":\"https:\\\/\\\/bogensportdiscount.ch\\\/shop\\\/\"},{\"@type\":\"ListItem\",\"position\":3,\"name\":\"BARNETT CROSSWIRE &#8218;RAZR&#8216; SET VON 2 KABELN FUER ARMBRUESTE\"}]},{\"@type\":\"WebSite\",\"@id\":\"https:\\\/\\\/bogensportdiscount.ch\\\/#website\",\"url\":\"https:\\\/\\\/bogensportdiscount.ch\\\/\",\"name\":\"Bogensportdiscount\",\"description\":\"\",\"potentialAction\":[{\"@type\":\"SearchAction\",\"target\":{\"@type\":\"EntryPoint\",\"urlTemplate\":\"https:\\\/\\\/bogensportdiscount.ch\\\/?s={search_term_string}\"},\"query-input\":{\"@type\":\"PropertyValueSpecification\",\"valueRequired\":true,\"valueName\":\"search_term_string\"}}],\"inLanguage\":\"it-IT\"}]}<\/script>\n<!-- \/ Yoast SEO plugin. -->","yoast_head_json":{"title":"BARNETT CROSSWIRE 'RAZR' SET VON 2 KABELN FUER ARMBRUESTE - Bogensportdiscount \u2013 B\u00f6gen, Pfeile, Targets &amp; Zubeh\u00f6r","robots":{"index":"noindex","follow":"follow","max-snippet":"max-snippet:-1","max-image-preview":"max-image-preview:large","max-video-preview":"max-video-preview:-1"},"og_locale":"it_IT","og_type":"article","og_title":"BARNETT CROSSWIRE 'RAZR' SET VON 2 KABELN FUER ARMBRUESTE - Bogensportdiscount \u2013 B\u00f6gen, Pfeile, Targets &amp; Zubeh\u00f6r","og_description":"Marke: Barnett","og_url":"https:\/\/bogensportdiscount.ch\/it\/prodotto\/barnett-crosswire-razr-kabel-set-2-stueck-armbrueste\/","og_site_name":"Bogensportdiscount \u2013 B\u00f6gen, Pfeile, Targets &amp; Zubeh\u00f6r","article_modified_time":"2026-04-19T09:42:05+00:00","og_image":[{"width":842,"height":1571,"url":"https:\/\/bogensportdiscount.ch\/wp-content\/uploads\/bsm-images\/A014720_1.jpg","type":"image\/jpeg"}],"twitter_card":"summary_large_image","schema":{"@context":"https:\/\/schema.org","@graph":[{"@type":"WebPage","@id":"https:\/\/bogensportdiscount.ch\/it\/prodotto\/barnett-crosswire-razr-kabel-set-2-stueck-armbrueste\/","url":"https:\/\/bogensportdiscount.ch\/it\/prodotto\/barnett-crosswire-razr-kabel-set-2-stueck-armbrueste\/","name":"BARNETT CROSSWIRE 'RAZR' SET VON 2 KABELN FUER ARMBRUESTE - Bogensportdiscount \u2013 B\u00f6gen, Pfeile, Targets &amp; Zubeh\u00f6r","isPartOf":{"@id":"https:\/\/bogensportdiscount.ch\/#website"},"primaryImageOfPage":{"@id":"https:\/\/bogensportdiscount.ch\/it\/prodotto\/barnett-crosswire-razr-kabel-set-2-stueck-armbrueste\/#primaryimage"},"image":{"@id":"https:\/\/bogensportdiscount.ch\/it\/prodotto\/barnett-crosswire-razr-kabel-set-2-stueck-armbrueste\/#primaryimage"},"thumbnailUrl":"https:\/\/bogensportdiscount.ch\/wp-content\/uploads\/bsm-images\/A014720_1.jpg","datePublished":"2026-04-05T12:23:36+00:00","dateModified":"2026-04-19T09:42:05+00:00","breadcrumb":{"@id":"https:\/\/bogensportdiscount.ch\/it\/prodotto\/barnett-crosswire-razr-kabel-set-2-stueck-armbrueste\/#breadcrumb"},"inLanguage":"it-IT","potentialAction":[{"@type":"ReadAction","target":["https:\/\/bogensportdiscount.ch\/it\/prodotto\/barnett-crosswire-razr-kabel-set-2-stueck-armbrueste\/"]}]},{"@type":"ImageObject","inLanguage":"it-IT","@id":"https:\/\/bogensportdiscount.ch\/it\/prodotto\/barnett-crosswire-razr-kabel-set-2-stueck-armbrueste\/#primaryimage","url":"https:\/\/bogensportdiscount.ch\/wp-content\/uploads\/bsm-images\/A014720_1.jpg","contentUrl":"https:\/\/bogensportdiscount.ch\/wp-content\/uploads\/bsm-images\/A014720_1.jpg","width":842,"height":1571},{"@type":"BreadcrumbList","@id":"https:\/\/bogensportdiscount.ch\/it\/prodotto\/barnett-crosswire-razr-kabel-set-2-stueck-armbrueste\/#breadcrumb","itemListElement":[{"@type":"ListItem","position":1,"name":"Home","item":"https:\/\/bogensportdiscount.ch\/"},{"@type":"ListItem","position":2,"name":"Shop","item":"https:\/\/bogensportdiscount.ch\/shop\/"},{"@type":"ListItem","position":3,"name":"BARNETT CROSSWIRE &#8218;RAZR&#8216; SET VON 2 KABELN FUER ARMBRUESTE"}]},{"@type":"WebSite","@id":"https:\/\/bogensportdiscount.ch\/#website","url":"https:\/\/bogensportdiscount.ch\/","name":"Bogensportdiscount","description":"","potentialAction":[{"@type":"SearchAction","target":{"@type":"EntryPoint","urlTemplate":"https:\/\/bogensportdiscount.ch\/?s={search_term_string}"},"query-input":{"@type":"PropertyValueSpecification","valueRequired":true,"valueName":"search_term_string"}}],"inLanguage":"it-IT"}]}},"_links":{"self":[{"href":"https:\/\/bogensportdiscount.ch\/it\/wp-json\/wp\/v2\/product\/391679","targetHints":{"allow":["GET"]}}],"collection":[{"href":"https:\/\/bogensportdiscount.ch\/it\/wp-json\/wp\/v2\/product"}],"about":[{"href":"https:\/\/bogensportdiscount.ch\/it\/wp-json\/wp\/v2\/types\/product"}],"replies":[{"embeddable":true,"href":"https:\/\/bogensportdiscount.ch\/it\/wp-json\/wp\/v2\/comments?post=391679"}],"wp:featuredmedia":[{"embeddable":true,"href":"https:\/\/bogensportdiscount.ch\/it\/wp-json\/wp\/v2\/media\/448023"}],"wp:attachment":[{"href":"https:\/\/bogensportdiscount.ch\/it\/wp-json\/wp\/v2\/media?parent=391679"}],"wp:term":[{"taxonomy":"product_brand","embeddable":true,"href":"https:\/\/bogensportdiscount.ch\/it\/wp-json\/wp\/v2\/product_brand?post=391679"},{"taxonomy":"product_cat","embeddable":true,"href":"https:\/\/bogensportdiscount.ch\/it\/wp-json\/wp\/v2\/product_cat?post=391679"},{"taxonomy":"product_tag","embeddable":true,"href":"https:\/\/bogensportdiscount.ch\/it\/wp-json\/wp\/v2\/product_tag?post=391679"}],"curies":[{"name":"wp","href":"https:\/\/api.w.org\/{rel}","templated":true}]}}