{"id":391671,"date":"2026-04-05T14:23:35","date_gmt":"2026-04-05T12:23:35","guid":{"rendered":"https:\/\/bogensportdiscount.ch\/produkt\/avalon-classic-arrowtubes-black-with-strap\/"},"modified":"2026-04-16T12:19:04","modified_gmt":"2026-04-16T10:19:04","slug":"avalon-classic-pfeilroehre-schwarz-mit-tragegurt","status":"publish","type":"product","link":"https:\/\/bogensportdiscount.ch\/it\/prodotto\/avalon-classic-pfeilroehre-schwarz-mit-tragegurt\/","title":{"rendered":"AVALON CLASSIC ARROWTUBES NERO CON CINTURINO"},"content":{"rendered":"<p>Die AVALON Classic Pfeilr\u00f6hre bietet eine einfache und zuverl\u00e4ssige M\u00f6glichkeit, Pfeile sicher zu transportieren und zu lagern. Das schwarze Design ist zeitlos und unauff\u00e4llig.<\/p>\n<p>Dank des integrierten Tragegurts l\u00e4sst sich die Pfeilr\u00f6hre bequem \u00fcber die Schulter tragen, was sie besonders praktisch f\u00fcr den Weg zum Schiessstand oder zum Turnier macht.<\/p>\n<ul>\n<li>Farbe: Schwarz<\/li>\n<li>Inklusive Tragegurt<\/li>\n<li>Sch\u00fctzt Pfeile vor Besch\u00e4digungen beim Transport<\/li>\n<li>Von AVALON, bekanntem Hersteller im Bogensport<\/li>\n<\/ul>","protected":false},"excerpt":{"rendered":"<p><strong>Marchio:<\/strong> Avalon<br \/><strong>Farbe:<\/strong> Schwarz<br \/><strong>GTIN:<\/strong> 6426000791733<\/p>","protected":false},"featured_media":447997,"comment_status":"open","ping_status":"closed","template":"","meta":[],"product_brand":[449],"product_cat":[4206],"product_tag":[3546],"class_list":{"0":"post-391671","1":"product","2":"type-product","3":"status-publish","4":"has-post-thumbnail","6":"product_brand-avalon","7":"product_cat-pfeilekoffer-pfeiletube","8":"product_tag-neuheit","10":"first","11":"instock","12":"shipping-taxable","13":"purchasable","14":"product-type-simple"},"_links":{"self":[{"href":"https:\/\/bogensportdiscount.ch\/it\/wp-json\/wp\/v2\/product\/391671","targetHints":{"allow":["GET"]}}],"collection":[{"href":"https:\/\/bogensportdiscount.ch\/it\/wp-json\/wp\/v2\/product"}],"about":[{"href":"https:\/\/bogensportdiscount.ch\/it\/wp-json\/wp\/v2\/types\/product"}],"replies":[{"embeddable":true,"href":"https:\/\/bogensportdiscount.ch\/it\/wp-json\/wp\/v2\/comments?post=391671"}],"wp:featuredmedia":[{"embeddable":true,"href":"https:\/\/bogensportdiscount.ch\/it\/wp-json\/wp\/v2\/media\/447997"}],"wp:attachment":[{"href":"https:\/\/bogensportdiscount.ch\/it\/wp-json\/wp\/v2\/media?parent=391671"}],"wp:term":[{"taxonomy":"product_brand","embeddable":true,"href":"https:\/\/bogensportdiscount.ch\/it\/wp-json\/wp\/v2\/product_brand?post=391671"},{"taxonomy":"product_cat","embeddable":true,"href":"https:\/\/bogensportdiscount.ch\/it\/wp-json\/wp\/v2\/product_cat?post=391671"},{"taxonomy":"product_tag","embeddable":true,"href":"https:\/\/bogensportdiscount.ch\/it\/wp-json\/wp\/v2\/product_tag?post=391671"}],"curies":[{"name":"wp","href":"https:\/\/api.w.org\/{rel}","templated":true}]}}