{"id":391661,"date":"2026-04-05T14:23:33","date_gmt":"2026-04-05T12:23:33","guid":{"rendered":"https:\/\/bogensportdiscount.ch\/produkt\/excalibur-ex-sling\/"},"modified":"2026-04-17T19:05:22","modified_gmt":"2026-04-17T17:05:22","slug":"excalibur-ex-sling","status":"publish","type":"product","link":"https:\/\/bogensportdiscount.ch\/it\/prodotto\/excalibur-ex-sling\/","title":{"rendered":"FIONDA EXCALIBUR EX"},"content":{"rendered":"<p>Der Excalibur EX Sling ist ein Armbrust-Trageriemen, der speziell f\u00fcr den Einsatz mit Excalibur-Armbr\u00fcsten entwickelt wurde. Er erleichtert den Transport der Armbrust und h\u00e4lt die H\u00e4nde frei, wenn kein aktiver Einsatz erforderlich ist.<\/p>\n<p>Als Zubeh\u00f6r aus dem Hause Excalibur ist der EX Sling auf die Qualit\u00e4tsstandards der Marke ausgelegt und eignet sich f\u00fcr Jagd, Feld und Waldparcours gleichermassen.<\/p>\n<ul>\n<li>Armbrust-Trageriemen f\u00fcr Excalibur-Modelle<\/li>\n<li>Erleichtert den Transport der Armbrust<\/li>\n<li>H\u00e4lt die H\u00e4nde beim Tragen frei<\/li>\n<li>Passendes Originalzubeh\u00f6r von Excalibur<\/li>\n<\/ul>","protected":false},"excerpt":{"rendered":"<p><strong>Marchio:<\/strong> Excalibur<br \/><strong>GTIN:<\/strong> 626192958563<\/p>","protected":false},"featured_media":447707,"comment_status":"open","ping_status":"closed","template":"","meta":[],"product_brand":[804],"product_cat":[4137],"product_tag":[3546],"class_list":{"0":"post-391661","1":"product","2":"type-product","3":"status-publish","4":"has-post-thumbnail","6":"product_brand-excalibur","7":"product_cat-weitere","8":"product_tag-neuheit","10":"first","11":"instock","12":"shipping-taxable","13":"purchasable","14":"product-type-simple"},"_links":{"self":[{"href":"https:\/\/bogensportdiscount.ch\/it\/wp-json\/wp\/v2\/product\/391661","targetHints":{"allow":["GET"]}}],"collection":[{"href":"https:\/\/bogensportdiscount.ch\/it\/wp-json\/wp\/v2\/product"}],"about":[{"href":"https:\/\/bogensportdiscount.ch\/it\/wp-json\/wp\/v2\/types\/product"}],"replies":[{"embeddable":true,"href":"https:\/\/bogensportdiscount.ch\/it\/wp-json\/wp\/v2\/comments?post=391661"}],"wp:featuredmedia":[{"embeddable":true,"href":"https:\/\/bogensportdiscount.ch\/it\/wp-json\/wp\/v2\/media\/447707"}],"wp:attachment":[{"href":"https:\/\/bogensportdiscount.ch\/it\/wp-json\/wp\/v2\/media?parent=391661"}],"wp:term":[{"taxonomy":"product_brand","embeddable":true,"href":"https:\/\/bogensportdiscount.ch\/it\/wp-json\/wp\/v2\/product_brand?post=391661"},{"taxonomy":"product_cat","embeddable":true,"href":"https:\/\/bogensportdiscount.ch\/it\/wp-json\/wp\/v2\/product_cat?post=391661"},{"taxonomy":"product_tag","embeddable":true,"href":"https:\/\/bogensportdiscount.ch\/it\/wp-json\/wp\/v2\/product_tag?post=391661"}],"curies":[{"name":"wp","href":"https:\/\/api.w.org\/{rel}","templated":true}]}}