{"id":391654,"date":"2026-04-05T14:23:32","date_gmt":"2026-04-05T12:23:32","guid":{"rendered":"https:\/\/bogensportdiscount.ch\/produkt\/barnett-slingshot-accessories-target-ammo-100-pk\/"},"modified":"2026-04-16T12:53:35","modified_gmt":"2026-04-16T10:53:35","slug":"barnett-schleuder-zubehoer-zielscheiben-munition-100er-pack","status":"publish","type":"product","link":"https:\/\/bogensportdiscount.ch\/it\/prodotto\/barnett-schleuder-zubehoer-zielscheiben-munition-100er-pack\/","title":{"rendered":"BARNETT accessori per fionda munizioni per bersaglio confezione da 100 pezzi"},"content":{"rendered":"<p>Die BARNETT Zielscheiben-Munition wird im praktischen 100er-Pack geliefert und ist speziell f\u00fcr den Einsatz mit Schleudern konzipiert. Das Paket eignet sich besonders f\u00fcr regelm\u00e4ssige Trainingseinheiten und erm\u00f6glicht ein effizientes \u00dcben ohne h\u00e4ufiges Nachordern.<\/p>\n<p>Als Zubeh\u00f6r aus dem Hause BARNETT steht die Munition f\u00fcr solide Verarbeitungsqualit\u00e4t im Schleuder- und Outdoorsport. Das grosse Packungsformat ist praktisch f\u00fcr den Vereins- oder Familieneinsatz.<\/p>\n<ul>\n<li>100 St\u00fcck pro Packung<\/li>\n<li>Geeignet f\u00fcr Schleudern<\/li>\n<li>F\u00fcr Training und Ziel\u00fcbungen<\/li>\n<li>Von der etablierten Marke BARNETT<\/li>\n<\/ul>","protected":false},"excerpt":{"rendered":"<p><strong>Marchio:<\/strong> Barnett<br \/><strong>GTIN:<\/strong> 042609192045<\/p>","protected":false},"featured_media":446942,"comment_status":"open","ping_status":"closed","template":"","meta":[],"product_brand":[421],"product_cat":[17964],"product_tag":[3546],"class_list":{"0":"post-391654","1":"product","2":"type-product","3":"status-publish","4":"has-post-thumbnail","6":"product_brand-barnett","7":"product_cat-schleudern-zubehoer-zubehoer","8":"product_tag-neuheit","10":"first","11":"instock","12":"shipping-taxable","13":"purchasable","14":"product-type-simple"},"_links":{"self":[{"href":"https:\/\/bogensportdiscount.ch\/it\/wp-json\/wp\/v2\/product\/391654","targetHints":{"allow":["GET"]}}],"collection":[{"href":"https:\/\/bogensportdiscount.ch\/it\/wp-json\/wp\/v2\/product"}],"about":[{"href":"https:\/\/bogensportdiscount.ch\/it\/wp-json\/wp\/v2\/types\/product"}],"replies":[{"embeddable":true,"href":"https:\/\/bogensportdiscount.ch\/it\/wp-json\/wp\/v2\/comments?post=391654"}],"wp:featuredmedia":[{"embeddable":true,"href":"https:\/\/bogensportdiscount.ch\/it\/wp-json\/wp\/v2\/media\/446942"}],"wp:attachment":[{"href":"https:\/\/bogensportdiscount.ch\/it\/wp-json\/wp\/v2\/media?parent=391654"}],"wp:term":[{"taxonomy":"product_brand","embeddable":true,"href":"https:\/\/bogensportdiscount.ch\/it\/wp-json\/wp\/v2\/product_brand?post=391654"},{"taxonomy":"product_cat","embeddable":true,"href":"https:\/\/bogensportdiscount.ch\/it\/wp-json\/wp\/v2\/product_cat?post=391654"},{"taxonomy":"product_tag","embeddable":true,"href":"https:\/\/bogensportdiscount.ch\/it\/wp-json\/wp\/v2\/product_tag?post=391654"}],"curies":[{"name":"wp","href":"https:\/\/api.w.org\/{rel}","templated":true}]}}