{"id":391653,"date":"2026-04-05T14:23:32","date_gmt":"2026-04-05T12:23:32","guid":{"rendered":"https:\/\/bogensportdiscount.ch\/produkt\/barnett-slingshot-accessories-ammo-38-cal-50-pk\/"},"modified":"2026-04-16T12:53:35","modified_gmt":"2026-04-16T10:53:35","slug":"barnett-schleuder-zubehoer-munition-38-cal-50er-pack","status":"publish","type":"product","link":"https:\/\/bogensportdiscount.ch\/it\/prodotto\/barnett-schleuder-zubehoer-munition-38-cal-50er-pack\/","title":{"rendered":"Accessori per fionda Barnett Munizioni .38 Cal 50-Pack"},"content":{"rendered":"<p>Diese Munitionskugeln von Barnett im Kaliber .38 sind speziell f\u00fcr den Einsatz mit Sportschleudern konzipiert. Das 50er-Pack bietet eine solide Vorratsmenge f\u00fcr Training und Freizeitsport im Bereich Schleudern.<\/p>\n<p>Die Munition im Kaliber .38 (entspricht ca. 9,5 mm) ist auf g\u00e4ngige Schleudermodelle abgestimmt und erm\u00f6glicht eine gleichm\u00e4ssige Schussleistung. Barnett ist ein etablierter Hersteller im Bereich Schleudersport und Jagdzubeh\u00f6r.<\/p>\n<ul>\n<li>Kaliber: .38 (ca. 9,5 mm)<\/li>\n<li>Inhalt: 50 St\u00fcck pro Packung<\/li>\n<li>Geeignet f\u00fcr Sportschleudern<\/li>\n<li>Von Barnett, einem erfahrenen Hersteller im Outdoor-Bereich<\/li>\n<\/ul>","protected":false},"excerpt":{"rendered":"<p><strong>Marchio:<\/strong> Barnett<\/p>","protected":false},"featured_media":442964,"comment_status":"open","ping_status":"closed","template":"","meta":[],"product_brand":[421],"product_cat":[17964],"product_tag":[3546],"class_list":{"0":"post-391653","1":"product","2":"type-product","3":"status-publish","4":"has-post-thumbnail","6":"product_brand-barnett","7":"product_cat-schleudern-zubehoer-zubehoer","8":"product_tag-neuheit","10":"first","11":"instock","12":"shipping-taxable","13":"purchasable","14":"product-type-simple"},"_links":{"self":[{"href":"https:\/\/bogensportdiscount.ch\/it\/wp-json\/wp\/v2\/product\/391653","targetHints":{"allow":["GET"]}}],"collection":[{"href":"https:\/\/bogensportdiscount.ch\/it\/wp-json\/wp\/v2\/product"}],"about":[{"href":"https:\/\/bogensportdiscount.ch\/it\/wp-json\/wp\/v2\/types\/product"}],"replies":[{"embeddable":true,"href":"https:\/\/bogensportdiscount.ch\/it\/wp-json\/wp\/v2\/comments?post=391653"}],"wp:featuredmedia":[{"embeddable":true,"href":"https:\/\/bogensportdiscount.ch\/it\/wp-json\/wp\/v2\/media\/442964"}],"wp:attachment":[{"href":"https:\/\/bogensportdiscount.ch\/it\/wp-json\/wp\/v2\/media?parent=391653"}],"wp:term":[{"taxonomy":"product_brand","embeddable":true,"href":"https:\/\/bogensportdiscount.ch\/it\/wp-json\/wp\/v2\/product_brand?post=391653"},{"taxonomy":"product_cat","embeddable":true,"href":"https:\/\/bogensportdiscount.ch\/it\/wp-json\/wp\/v2\/product_cat?post=391653"},{"taxonomy":"product_tag","embeddable":true,"href":"https:\/\/bogensportdiscount.ch\/it\/wp-json\/wp\/v2\/product_tag?post=391653"}],"curies":[{"name":"wp","href":"https:\/\/api.w.org\/{rel}","templated":true}]}}