{"id":391630,"date":"2026-04-05T14:23:28","date_gmt":"2026-04-05T12:23:28","guid":{"rendered":"https:\/\/bogensportdiscount.ch\/produkt\/avalon-covers-for-risers-honeycomb-75cm-x-18cm-fits-all-risers\/"},"modified":"2026-05-14T07:13:30","modified_gmt":"2026-05-14T05:13:30","slug":"avalon-griffstueck-schutzhuelle-honeycomb-75cm-x-18cm","status":"publish","type":"product","link":"https:\/\/bogensportdiscount.ch\/it\/prodotto\/avalon-griffstueck-schutzhuelle-honeycomb-75cm-x-18cm\/","title":{"rendered":"AVALON FODERE PROTETTIVE PER IMPUGNATURE STRUTTURA A NIDO D'APE \/ 75cm x 18cm \/ ADATTO A TUTTE LE IMPUGNATURE"},"content":{"rendered":"<p>Die AVALON Schutzh\u00fclle im Honeycomb-Design sch\u00fctzt das Griffst\u00fcck des Bogens vor Kratzern, Staub und leichten St\u00f6ssen beim Transport und bei der Lagerung. Mit den Abmessungen 75 cm x 18 cm deckt sie eine breite Auswahl an Griffst\u00fccken ab und ist laut Hersteller universell einsetzbar.<\/p>\n<p>Dank des Honeycomb-Musters bietet die H\u00fclle eine strukturierte Oberfl\u00e4che, die f\u00fcr zus\u00e4tzliche Stabilit\u00e4t sorgt. Sie eignet sich f\u00fcr Recurve- und Compound-Griffst\u00fccke gleichermassen und ist eine praktische Erg\u00e4nzung f\u00fcr den t\u00e4glichen Einsatz im Training und Wettkampf.<\/p>\n<ul>\n<li>Dimensioni: 75 cm x 18 cm<\/li>\n<li>Motivo a nido d'ape per maggiore stabilit\u00e0<\/li>\n<li>Passend f\u00fcr alle g\u00e4ngigen Griffst\u00fccke<\/li>\n<li>Protezione da graffi e polvere<\/li>\n<\/ul>","protected":false},"excerpt":{"rendered":"<table>\n<tr>\n<th>Propriet\u00e0<\/th>\n<th>Valore<\/th>\n<\/tr>\n<tr>\n<td>Marca<\/td>\n<td>Avalon<\/td>\n<\/tr>\n<tr>\n<td>Colore<\/td>\n<td>Nero<\/td>\n<\/tr>\n<tr>\n<td>Paese di origine<\/td>\n<td>Cina<\/td>\n<\/tr>\n<\/table>","protected":false},"featured_media":442993,"comment_status":"open","ping_status":"closed","template":"","meta":[],"product_brand":[449],"product_cat":[4124,4125,4126],"product_tag":[3546],"class_list":{"0":"post-391630","1":"product","2":"type-product","3":"status-publish","4":"has-post-thumbnail","6":"product_brand-avalon","7":"product_cat-bogenschuetzer-ausruestung","8":"product_cat-taschen-koffer","9":"product_cat-huellen","10":"product_tag-neuheit","11":"product_shipping_class-bsd-standard","13":"first","14":"instock","15":"shipping-taxable","16":"purchasable","17":"product-type-simple"},"yoast_head":"<!-- This site is optimized with the Yoast SEO plugin v27.6 - https:\/\/yoast.com\/product\/yoast-seo-wordpress\/ -->\n<title>AVALON SCHUTZH\u00dcLLEN F\u00dcR MITTELTEILE WABENSTRUKTUR \/ 75cm x 18cm \/ PASST AUF ALLE MITTELTEILE - Bogensportdiscount \u2013 B\u00f6gen, Pfeile, Targets &amp; Zubeh\u00f6r<\/title>\n<meta name=\"description\" content=\"AVALON SCHUTZH\u00dcLLEN F\u00dcR MITTELTEILE WABENSTRUKTUR \/ 75cm x 18cm \/ PASST AUF ALLE MITTELTEILE g\u00fcnstig kaufen bei Bogensportdiscount \u2013 Top-Marken, schneller Versand aus der Schweiz.\" \/>\n<meta name=\"robots\" content=\"index, follow, max-snippet:-1, max-image-preview:large, max-video-preview:-1\" \/>\n<link rel=\"canonical\" href=\"https:\/\/bogensportdiscount.ch\/it\/prodotto\/avalon-griffstueck-schutzhuelle-honeycomb-75cm-x-18cm\/\" \/>\n<meta property=\"og:locale\" content=\"it_IT\" \/>\n<meta property=\"og:type\" content=\"article\" \/>\n<meta property=\"og:title\" content=\"AVALON SCHUTZH\u00dcLLEN F\u00dcR MITTELTEILE WABENSTRUKTUR \/ 75cm x 18cm \/ PASST AUF ALLE MITTELTEILE - Bogensportdiscount \u2013 B\u00f6gen, Pfeile, Targets &amp; Zubeh\u00f6r\" \/>\n<meta property=\"og:description\" content=\"AVALON SCHUTZH\u00dcLLEN F\u00dcR MITTELTEILE WABENSTRUKTUR \/ 75cm x 18cm \/ PASST AUF ALLE MITTELTEILE g\u00fcnstig kaufen bei Bogensportdiscount \u2013 Top-Marken, schneller Versand aus der Schweiz.\" \/>\n<meta property=\"og:url\" content=\"https:\/\/bogensportdiscount.ch\/it\/prodotto\/avalon-griffstueck-schutzhuelle-honeycomb-75cm-x-18cm\/\" \/>\n<meta property=\"og:site_name\" content=\"Bogensportdiscount \u2013 B\u00f6gen, Pfeile, Targets &amp; Zubeh\u00f6r\" \/>\n<meta property=\"article:modified_time\" content=\"2026-05-14T05:13:30+00:00\" \/>\n<meta property=\"og:image\" content=\"https:\/\/bogensportdiscount.ch\/wp-content\/uploads\/bsm-images\/A014051_1.png\" \/>\n\t<meta property=\"og:image:width\" content=\"4395\" \/>\n\t<meta property=\"og:image:height\" content=\"1486\" \/>\n\t<meta property=\"og:image:type\" content=\"image\/png\" \/>\n<meta name=\"twitter:card\" content=\"summary_large_image\" \/>\n<meta name=\"twitter:label1\" content=\"Tempo di lettura stimato\" \/>\n\t<meta name=\"twitter:data1\" content=\"1 minuto\" \/>\n<script type=\"application\/ld+json\" class=\"yoast-schema-graph\">{\"@context\":\"https:\\\/\\\/schema.org\",\"@graph\":[{\"@type\":\"WebPage\",\"@id\":\"https:\\\/\\\/bogensportdiscount.ch\\\/produkt\\\/avalon-griffstueck-schutzhuelle-honeycomb-75cm-x-18cm\\\/\",\"url\":\"https:\\\/\\\/bogensportdiscount.ch\\\/produkt\\\/avalon-griffstueck-schutzhuelle-honeycomb-75cm-x-18cm\\\/\",\"name\":\"AVALON SCHUTZH\u00dcLLEN F\u00dcR MITTELTEILE WABENSTRUKTUR \\\/ 75cm x 18cm \\\/ PASST AUF ALLE MITTELTEILE - Bogensportdiscount \u2013 B\u00f6gen, Pfeile, Targets &amp; Zubeh\u00f6r\",\"isPartOf\":{\"@id\":\"https:\\\/\\\/bogensportdiscount.ch\\\/#website\"},\"primaryImageOfPage\":{\"@id\":\"https:\\\/\\\/bogensportdiscount.ch\\\/produkt\\\/avalon-griffstueck-schutzhuelle-honeycomb-75cm-x-18cm\\\/#primaryimage\"},\"image\":{\"@id\":\"https:\\\/\\\/bogensportdiscount.ch\\\/produkt\\\/avalon-griffstueck-schutzhuelle-honeycomb-75cm-x-18cm\\\/#primaryimage\"},\"thumbnailUrl\":\"https:\\\/\\\/bogensportdiscount.ch\\\/wp-content\\\/uploads\\\/bsm-images\\\/A014051_1.png\",\"datePublished\":\"2026-04-05T12:23:28+00:00\",\"dateModified\":\"2026-05-14T05:13:30+00:00\",\"description\":\"AVALON SCHUTZH\u00dcLLEN F\u00dcR MITTELTEILE WABENSTRUKTUR \\\/ 75cm x 18cm \\\/ PASST AUF ALLE MITTELTEILE g\u00fcnstig kaufen bei Bogensportdiscount \u2013 Top-Marken, schneller Versand aus der Schweiz.\",\"breadcrumb\":{\"@id\":\"https:\\\/\\\/bogensportdiscount.ch\\\/produkt\\\/avalon-griffstueck-schutzhuelle-honeycomb-75cm-x-18cm\\\/#breadcrumb\"},\"inLanguage\":\"it-IT\",\"potentialAction\":[{\"@type\":\"ReadAction\",\"target\":[\"https:\\\/\\\/bogensportdiscount.ch\\\/produkt\\\/avalon-griffstueck-schutzhuelle-honeycomb-75cm-x-18cm\\\/\"]}]},{\"@type\":\"ImageObject\",\"inLanguage\":\"it-IT\",\"@id\":\"https:\\\/\\\/bogensportdiscount.ch\\\/produkt\\\/avalon-griffstueck-schutzhuelle-honeycomb-75cm-x-18cm\\\/#primaryimage\",\"url\":\"https:\\\/\\\/bogensportdiscount.ch\\\/wp-content\\\/uploads\\\/bsm-images\\\/A014051_1.png\",\"contentUrl\":\"https:\\\/\\\/bogensportdiscount.ch\\\/wp-content\\\/uploads\\\/bsm-images\\\/A014051_1.png\",\"width\":4395,\"height\":1486},{\"@type\":\"BreadcrumbList\",\"@id\":\"https:\\\/\\\/bogensportdiscount.ch\\\/produkt\\\/avalon-griffstueck-schutzhuelle-honeycomb-75cm-x-18cm\\\/#breadcrumb\",\"itemListElement\":[{\"@type\":\"ListItem\",\"position\":1,\"name\":\"Home\",\"item\":\"https:\\\/\\\/bogensportdiscount.ch\\\/\"},{\"@type\":\"ListItem\",\"position\":2,\"name\":\"Shop\",\"item\":\"https:\\\/\\\/bogensportdiscount.ch\\\/shop\\\/\"},{\"@type\":\"ListItem\",\"position\":3,\"name\":\"AVALON COVERS FOR RISERS HONEYCOMB \\\/ 75cm x 18cm \\\/ FITS ALL RISERS\"}]},{\"@type\":\"WebSite\",\"@id\":\"https:\\\/\\\/bogensportdiscount.ch\\\/#website\",\"url\":\"https:\\\/\\\/bogensportdiscount.ch\\\/\",\"name\":\"Bogensportdiscount\",\"description\":\"\",\"potentialAction\":[{\"@type\":\"SearchAction\",\"target\":{\"@type\":\"EntryPoint\",\"urlTemplate\":\"https:\\\/\\\/bogensportdiscount.ch\\\/?s={search_term_string}\"},\"query-input\":{\"@type\":\"PropertyValueSpecification\",\"valueRequired\":true,\"valueName\":\"search_term_string\"}}],\"inLanguage\":\"it-IT\"}]}<\/script>\n<!-- \/ Yoast SEO plugin. -->","yoast_head_json":{"title":"AVALON SCHUTZH\u00dcLLEN F\u00dcR MITTELTEILE WABENSTRUKTUR \/ 75cm x 18cm \/ PASST AUF ALLE MITTELTEILE - Bogensportdiscount \u2013 B\u00f6gen, Pfeile, Targets &amp; Zubeh\u00f6r","description":"AVALON SCHUTZH\u00dcLLEN F\u00dcR MITTELTEILE WABENSTRUKTUR \/ 75cm x 18cm \/ PASST AUF ALLE MITTELTEILE g\u00fcnstig kaufen bei Bogensportdiscount \u2013 Top-Marken, schneller Versand aus der Schweiz.","robots":{"index":"index","follow":"follow","max-snippet":"max-snippet:-1","max-image-preview":"max-image-preview:large","max-video-preview":"max-video-preview:-1"},"canonical":"https:\/\/bogensportdiscount.ch\/it\/prodotto\/avalon-griffstueck-schutzhuelle-honeycomb-75cm-x-18cm\/","og_locale":"it_IT","og_type":"article","og_title":"AVALON SCHUTZH\u00dcLLEN F\u00dcR MITTELTEILE WABENSTRUKTUR \/ 75cm x 18cm \/ PASST AUF ALLE MITTELTEILE - Bogensportdiscount \u2013 B\u00f6gen, Pfeile, Targets &amp; Zubeh\u00f6r","og_description":"AVALON SCHUTZH\u00dcLLEN F\u00dcR MITTELTEILE WABENSTRUKTUR \/ 75cm x 18cm \/ PASST AUF ALLE MITTELTEILE g\u00fcnstig kaufen bei Bogensportdiscount \u2013 Top-Marken, schneller Versand aus der Schweiz.","og_url":"https:\/\/bogensportdiscount.ch\/it\/prodotto\/avalon-griffstueck-schutzhuelle-honeycomb-75cm-x-18cm\/","og_site_name":"Bogensportdiscount \u2013 B\u00f6gen, Pfeile, Targets &amp; Zubeh\u00f6r","article_modified_time":"2026-05-14T05:13:30+00:00","og_image":[{"url":"https:\/\/bogensportdiscount.ch\/wp-content\/uploads\/bsm-images\/A014051_1.png","width":4395,"height":1486,"type":"image\/png"}],"twitter_card":"summary_large_image","twitter_misc":{"Tempo di lettura stimato":"1 minuto"},"schema":{"@context":"https:\/\/schema.org","@graph":[{"@type":"WebPage","@id":"https:\/\/bogensportdiscount.ch\/produkt\/avalon-griffstueck-schutzhuelle-honeycomb-75cm-x-18cm\/","url":"https:\/\/bogensportdiscount.ch\/produkt\/avalon-griffstueck-schutzhuelle-honeycomb-75cm-x-18cm\/","name":"AVALON SCHUTZH\u00dcLLEN F\u00dcR MITTELTEILE WABENSTRUKTUR \/ 75cm x 18cm \/ PASST AUF ALLE MITTELTEILE - Bogensportdiscount \u2013 B\u00f6gen, Pfeile, Targets &amp; Zubeh\u00f6r","isPartOf":{"@id":"https:\/\/bogensportdiscount.ch\/#website"},"primaryImageOfPage":{"@id":"https:\/\/bogensportdiscount.ch\/produkt\/avalon-griffstueck-schutzhuelle-honeycomb-75cm-x-18cm\/#primaryimage"},"image":{"@id":"https:\/\/bogensportdiscount.ch\/produkt\/avalon-griffstueck-schutzhuelle-honeycomb-75cm-x-18cm\/#primaryimage"},"thumbnailUrl":"https:\/\/bogensportdiscount.ch\/wp-content\/uploads\/bsm-images\/A014051_1.png","datePublished":"2026-04-05T12:23:28+00:00","dateModified":"2026-05-14T05:13:30+00:00","description":"AVALON SCHUTZH\u00dcLLEN F\u00dcR MITTELTEILE WABENSTRUKTUR \/ 75cm x 18cm \/ PASST AUF ALLE MITTELTEILE g\u00fcnstig kaufen bei Bogensportdiscount \u2013 Top-Marken, schneller Versand aus der Schweiz.","breadcrumb":{"@id":"https:\/\/bogensportdiscount.ch\/produkt\/avalon-griffstueck-schutzhuelle-honeycomb-75cm-x-18cm\/#breadcrumb"},"inLanguage":"it-IT","potentialAction":[{"@type":"ReadAction","target":["https:\/\/bogensportdiscount.ch\/produkt\/avalon-griffstueck-schutzhuelle-honeycomb-75cm-x-18cm\/"]}]},{"@type":"ImageObject","inLanguage":"it-IT","@id":"https:\/\/bogensportdiscount.ch\/produkt\/avalon-griffstueck-schutzhuelle-honeycomb-75cm-x-18cm\/#primaryimage","url":"https:\/\/bogensportdiscount.ch\/wp-content\/uploads\/bsm-images\/A014051_1.png","contentUrl":"https:\/\/bogensportdiscount.ch\/wp-content\/uploads\/bsm-images\/A014051_1.png","width":4395,"height":1486},{"@type":"BreadcrumbList","@id":"https:\/\/bogensportdiscount.ch\/produkt\/avalon-griffstueck-schutzhuelle-honeycomb-75cm-x-18cm\/#breadcrumb","itemListElement":[{"@type":"ListItem","position":1,"name":"Home","item":"https:\/\/bogensportdiscount.ch\/"},{"@type":"ListItem","position":2,"name":"Shop","item":"https:\/\/bogensportdiscount.ch\/shop\/"},{"@type":"ListItem","position":3,"name":"AVALON COVERS FOR RISERS HONEYCOMB \/ 75cm x 18cm \/ FITS ALL RISERS"}]},{"@type":"WebSite","@id":"https:\/\/bogensportdiscount.ch\/#website","url":"https:\/\/bogensportdiscount.ch\/","name":"Bogensportdiscount","description":"","potentialAction":[{"@type":"SearchAction","target":{"@type":"EntryPoint","urlTemplate":"https:\/\/bogensportdiscount.ch\/?s={search_term_string}"},"query-input":{"@type":"PropertyValueSpecification","valueRequired":true,"valueName":"search_term_string"}}],"inLanguage":"it-IT"}]}},"_links":{"self":[{"href":"https:\/\/bogensportdiscount.ch\/it\/wp-json\/wp\/v2\/product\/391630","targetHints":{"allow":["GET"]}}],"collection":[{"href":"https:\/\/bogensportdiscount.ch\/it\/wp-json\/wp\/v2\/product"}],"about":[{"href":"https:\/\/bogensportdiscount.ch\/it\/wp-json\/wp\/v2\/types\/product"}],"replies":[{"embeddable":true,"href":"https:\/\/bogensportdiscount.ch\/it\/wp-json\/wp\/v2\/comments?post=391630"}],"wp:featuredmedia":[{"embeddable":true,"href":"https:\/\/bogensportdiscount.ch\/it\/wp-json\/wp\/v2\/media\/442993"}],"wp:attachment":[{"href":"https:\/\/bogensportdiscount.ch\/it\/wp-json\/wp\/v2\/media?parent=391630"}],"wp:term":[{"taxonomy":"product_brand","embeddable":true,"href":"https:\/\/bogensportdiscount.ch\/it\/wp-json\/wp\/v2\/product_brand?post=391630"},{"taxonomy":"product_cat","embeddable":true,"href":"https:\/\/bogensportdiscount.ch\/it\/wp-json\/wp\/v2\/product_cat?post=391630"},{"taxonomy":"product_tag","embeddable":true,"href":"https:\/\/bogensportdiscount.ch\/it\/wp-json\/wp\/v2\/product_tag?post=391630"}],"curies":[{"name":"wp","href":"https:\/\/api.w.org\/{rel}","templated":true}]}}