{"id":391627,"date":"2026-04-05T14:23:28","date_gmt":"2026-04-05T12:23:28","guid":{"rendered":"https:\/\/bogensportdiscount.ch\/produkt\/flex-archery-weight-stabilizer-end-1-4-1-4-silver\/"},"modified":"2026-04-15T12:10:13","modified_gmt":"2026-04-15T10:10:13","slug":"flexarchery-stabilisator-gewicht-end-1-4-1-4-silber","status":"publish","type":"product","link":"https:\/\/bogensportdiscount.ch\/it\/prodotto\/flexarchery-stabilisator-gewicht-end-1-4-1-4-silber\/","title":{"rendered":"PESO STABILIZZATORE FLEX ARCHERY FINE 1\/4-1\/4 ARGENTO"},"content":{"rendered":"<p>Das FLEXARCHERY Stabilisator-Gewicht End 1\/4-1\/4 ist ein Zusatzgewicht f\u00fcr die Montage am Ende von Bogenstabilisatoren. Dank des beidseitigen 1\/4-Zoll-Gewindes l\u00e4sst es sich einfach an kompatible Stabilisatoren anschrauben oder mit weiteren Gewichten kombinieren.<\/p>\n<p>Durch das Hinzuf\u00fcgen oder Entfernen von Gewichten am Stabilisator l\u00e4sst sich die Balance des Bogens individuell anpassen. Das Gewicht eignet sich sowohl f\u00fcr den Trainings- als auch f\u00fcr den Wettkampfeinsatz.<\/p>\n<ul>\n<li>Beidseitiges 1\/4-Zoll-Gewinde<\/li>\n<li>Kompatibel mit Standard-Stabilisatorsystemen<\/li>\n<li>Ausf\u00fchrung in Silber<\/li>\n<li>Zur individuellen Gewichtsanpassung am Stabilisator<\/li>\n<\/ul>","protected":false},"excerpt":{"rendered":"<p><strong>Marchio:<\/strong> Flex-Archery<br \/><strong>Farbe:<\/strong> Silbe<br \/><strong>Tipo:<\/strong> Cap weight<\/p>","protected":false},"featured_media":453631,"comment_status":"open","ping_status":"closed","template":"","meta":[],"product_brand":[447],"product_cat":[4199],"product_tag":[3546],"class_list":{"0":"post-391627","1":"product","2":"type-product","3":"status-publish","4":"has-post-thumbnail","6":"product_brand-flexarchery","7":"product_cat-gewichte-stabilisation","8":"product_tag-neuheit","10":"first","11":"instock","12":"shipping-taxable","13":"purchasable","14":"product-type-simple"},"_links":{"self":[{"href":"https:\/\/bogensportdiscount.ch\/it\/wp-json\/wp\/v2\/product\/391627","targetHints":{"allow":["GET"]}}],"collection":[{"href":"https:\/\/bogensportdiscount.ch\/it\/wp-json\/wp\/v2\/product"}],"about":[{"href":"https:\/\/bogensportdiscount.ch\/it\/wp-json\/wp\/v2\/types\/product"}],"replies":[{"embeddable":true,"href":"https:\/\/bogensportdiscount.ch\/it\/wp-json\/wp\/v2\/comments?post=391627"}],"wp:featuredmedia":[{"embeddable":true,"href":"https:\/\/bogensportdiscount.ch\/it\/wp-json\/wp\/v2\/media\/453631"}],"wp:attachment":[{"href":"https:\/\/bogensportdiscount.ch\/it\/wp-json\/wp\/v2\/media?parent=391627"}],"wp:term":[{"taxonomy":"product_brand","embeddable":true,"href":"https:\/\/bogensportdiscount.ch\/it\/wp-json\/wp\/v2\/product_brand?post=391627"},{"taxonomy":"product_cat","embeddable":true,"href":"https:\/\/bogensportdiscount.ch\/it\/wp-json\/wp\/v2\/product_cat?post=391627"},{"taxonomy":"product_tag","embeddable":true,"href":"https:\/\/bogensportdiscount.ch\/it\/wp-json\/wp\/v2\/product_tag?post=391627"}],"curies":[{"name":"wp","href":"https:\/\/api.w.org\/{rel}","templated":true}]}}