{"id":391621,"date":"2026-04-05T14:23:27","date_gmt":"2026-04-05T12:23:27","guid":{"rendered":"https:\/\/bogensportdiscount.ch\/produkt\/karphoseko-karphos-eko-target-strips-in-stramit-light-130-30-5-8-cm-weight-7-25-kg\/"},"modified":"2026-04-15T12:10:13","modified_gmt":"2026-04-15T10:10:13","slug":"karphoseko-zielscheiben-streifen-karphos-eko-stramit-light-130x30x58-cm","status":"publish","type":"product","link":"https:\/\/bogensportdiscount.ch\/it\/prodotto\/karphoseko-zielscheiben-streifen-karphos-eko-stramit-light-130x30x58-cm\/","title":{"rendered":"KARPHOSEKO KARPHOS-EKO TARGET STRIPS IN STRAMIT LIGHT 130-30-5,8 CM PESO &lt;7,25 KG"},"content":{"rendered":"<p>Die KARPHOSEKO Karphos-Eko Target Strips sind Zielscheiben-Streifen aus Stramit-Light, einem komprimierten Stroh-Material, das speziell f\u00fcr den Bogensport-Einsatz geeignet ist. Mit einem Format von 130 \u00d7 30 \u00d7 5.8 cm lassen sich diese Streifen zur Zusammenstellung oder Erg\u00e4nzung von Sackzielen verwenden.<\/p>\n<p>Dank des Gewichts von unter 7.25 kg sind die Streifen leicht zu transportieren und aufzubauen. Sie eignen sich f\u00fcr den Einsatz im Training sowie im Wettkampf.<\/p>\n<ul>\n<li>Masse: 130 \u00d7 30 \u00d7 5.8 cm<\/li>\n<li>Material: Stramit Light (komprimiertes Stroh)<\/li>\n<li>Gewicht: unter 7.25 kg<\/li>\n<li>Geeignet als Sackziel-Komponente f\u00fcr den Bogensport<\/li>\n<\/ul>","protected":false},"excerpt":{"rendered":"<p><strong>Marchio:<\/strong> Karphos-Eko<br \/><strong>Tipo:<\/strong> Strip<\/p>","protected":false},"featured_media":452306,"comment_status":"open","ping_status":"closed","template":"","meta":[],"product_brand":[800],"product_cat":[4340],"product_tag":[3546],"class_list":{"0":"post-391621","1":"product","2":"type-product","3":"status-publish","4":"has-post-thumbnail","6":"product_brand-karphoseko","7":"product_cat-ziele-im-stroh","8":"product_tag-neuheit","10":"first","11":"instock","12":"shipping-taxable","13":"purchasable","14":"product-type-simple"},"_links":{"self":[{"href":"https:\/\/bogensportdiscount.ch\/it\/wp-json\/wp\/v2\/product\/391621","targetHints":{"allow":["GET"]}}],"collection":[{"href":"https:\/\/bogensportdiscount.ch\/it\/wp-json\/wp\/v2\/product"}],"about":[{"href":"https:\/\/bogensportdiscount.ch\/it\/wp-json\/wp\/v2\/types\/product"}],"replies":[{"embeddable":true,"href":"https:\/\/bogensportdiscount.ch\/it\/wp-json\/wp\/v2\/comments?post=391621"}],"wp:featuredmedia":[{"embeddable":true,"href":"https:\/\/bogensportdiscount.ch\/it\/wp-json\/wp\/v2\/media\/452306"}],"wp:attachment":[{"href":"https:\/\/bogensportdiscount.ch\/it\/wp-json\/wp\/v2\/media?parent=391621"}],"wp:term":[{"taxonomy":"product_brand","embeddable":true,"href":"https:\/\/bogensportdiscount.ch\/it\/wp-json\/wp\/v2\/product_brand?post=391621"},{"taxonomy":"product_cat","embeddable":true,"href":"https:\/\/bogensportdiscount.ch\/it\/wp-json\/wp\/v2\/product_cat?post=391621"},{"taxonomy":"product_tag","embeddable":true,"href":"https:\/\/bogensportdiscount.ch\/it\/wp-json\/wp\/v2\/product_tag?post=391621"}],"curies":[{"name":"wp","href":"https:\/\/api.w.org\/{rel}","templated":true}]}}