{"id":391589,"date":"2026-04-05T14:23:21","date_gmt":"2026-04-05T12:23:21","guid":{"rendered":"https:\/\/bogensportdiscount.ch\/produkt\/doinker-1-3-4-exo-doinker-damper-1-4-thread-black-stabilizer-damper\/"},"modified":"2026-05-14T07:13:29","modified_gmt":"2026-05-14T05:13:29","slug":"doinker-stabilisatordaempfer-exo-doinker-1-3-4-zoll-schwarz","status":"publish","type":"product","link":"https:\/\/bogensportdiscount.ch\/it\/prodotto\/doinker-stabilisatordaempfer-exo-doinker-1-3-4-zoll-schwarz\/","title":{"rendered":"DOINKER 1-3\/4&#8243; EXO DOINKER AMMORTIZZATORE 1\/4&#8243; FILETTO NERO AMMORTIZZATORE STABILIZZATORE"},"content":{"rendered":"<p>Il DOINKER Exo Doinker ammortizzatore per stabilizzatore viene montato tra l'arco e lo stabilizzatore o alle estremit\u00e0 degli stabilizzatori laterali. Assorbe vibrazioni e urti al momento del rilascio, contribuendo cos\u00ec alla stabilit\u00e0 e alla precisione del setup dell'arco.<\/p>\n<p>La filettatura standardizzata 1\/4&#8243;-20 garantisce un'ampia compatibilit\u00e0 con gli stabilizzatori ricurvo e compound comunemente disponibili. La lunghezza di 1-3\/4&#8243; rende l'ammortizzatore compatto e leggero.<\/p>\n<ul>\n<li>Lunghezza: 1-3\/4&#8243;<\/li>\n<li>Filettatura: 1\/4&#8243;-20 (standard)<\/li>\n<li>Colore: Nero<\/li>\n<li>Adatto per archi ricurvi e compound<\/li>\n<\/ul>","protected":false},"excerpt":{"rendered":"<p><strong>Marchio:<\/strong> Doinker<br \/><strong>Colore:<\/strong> Nero<br \/><strong>Misure:<\/strong> 1\/4&quot;<br \/><strong>GTIN:<\/strong> 655468832993<\/p>","protected":false},"featured_media":446985,"comment_status":"open","ping_status":"closed","template":"","meta":[],"product_brand":[785],"product_cat":[4128,4195,4197],"product_tag":[3546],"class_list":{"0":"post-391589","1":"product","2":"type-product","3":"status-publish","4":"has-post-thumbnail","6":"product_brand-doinker","7":"product_cat-bogen-zubehoer","8":"product_cat-daempfer","9":"product_cat-stabilisations-daempfer","10":"product_tag-neuheit","11":"product_shipping_class-bsd-standard","13":"first","14":"instock","15":"shipping-taxable","16":"purchasable","17":"product-type-simple"},"yoast_head":"<!-- This site is optimized with the Yoast SEO plugin v27.6 - https:\/\/yoast.com\/product\/yoast-seo-wordpress\/ -->\n<title>DOINKER 1-3\/4&quot; EXO DOINKER AMMORTIZZATORE FILETTATO 1\/4&quot; NERO AMMORTIZZATORE PER STABILIZZATORE - Bogensportdiscount \u2013 Archi, frecce, bersagli e accessori<\/title>\n<meta name=\"description\" content=\"DOINKER 1-3\/4&quot; EXO DOINKER AMMORTIZZATORE FILETTATURA 1\/4&quot; NERO AMMORTIZZATORE STABILIZZATORE: acquista a un prezzo conveniente su Bogensportdiscount \u2013 Le migliori marche, spedizione veloce dalla Svizzera.\" \/>\n<meta name=\"robots\" content=\"index, follow, max-snippet:-1, max-image-preview:large, max-video-preview:-1\" \/>\n<link rel=\"canonical\" href=\"https:\/\/bogensportdiscount.ch\/it\/prodotto\/doinker-stabilisatordaempfer-exo-doinker-1-3-4-zoll-schwarz\/\" \/>\n<meta property=\"og:locale\" content=\"it_IT\" \/>\n<meta property=\"og:type\" content=\"article\" \/>\n<meta property=\"og:title\" content=\"DOINKER 1-3\/4&quot; EXO DOINKER AMMORTIZZATORE FILETTATO 1\/4&quot; NERO AMMORTIZZATORE PER STABILIZZATORE - Bogensportdiscount \u2013 Archi, frecce, bersagli e accessori\" \/>\n<meta property=\"og:description\" content=\"DOINKER 1-3\/4&quot; EXO DOINKER AMMORTIZZATORE FILETTATURA 1\/4&quot; NERO AMMORTIZZATORE STABILIZZATORE: acquista a un prezzo conveniente su Bogensportdiscount \u2013 Le migliori marche, spedizione veloce dalla Svizzera.\" \/>\n<meta property=\"og:url\" content=\"https:\/\/bogensportdiscount.ch\/it\/prodotto\/doinker-stabilisatordaempfer-exo-doinker-1-3-4-zoll-schwarz\/\" \/>\n<meta property=\"og:site_name\" content=\"Bogensportdiscount \u2013 B\u00f6gen, Pfeile, Targets &amp; Zubeh\u00f6r\" \/>\n<meta property=\"article:modified_time\" content=\"2026-05-14T05:13:29+00:00\" \/>\n<meta property=\"og:image\" content=\"https:\/\/bogensportdiscount.ch\/wp-content\/uploads\/bsm-images\/A011356_1.png\" \/>\n\t<meta property=\"og:image:width\" content=\"2117\" \/>\n\t<meta property=\"og:image:height\" content=\"1734\" \/>\n\t<meta property=\"og:image:type\" content=\"image\/png\" \/>\n<meta name=\"twitter:card\" content=\"summary_large_image\" \/>\n<script type=\"application\/ld+json\" class=\"yoast-schema-graph\">{\"@context\":\"https:\\\/\\\/schema.org\",\"@graph\":[{\"@type\":\"WebPage\",\"@id\":\"https:\\\/\\\/bogensportdiscount.ch\\\/produkt\\\/doinker-stabilisatordaempfer-exo-doinker-1-3-4-zoll-schwarz\\\/\",\"url\":\"https:\\\/\\\/bogensportdiscount.ch\\\/produkt\\\/doinker-stabilisatordaempfer-exo-doinker-1-3-4-zoll-schwarz\\\/\",\"name\":\"DOINKER 1-3\\\/4\\\" EXO DOINKER D\u00c4MPFER 1\\\/4\\\" GEWINDE SCHWARZ STABILISATOR-D\u00c4MPFER - Bogensportdiscount \u2013 B\u00f6gen, Pfeile, Targets &amp; Zubeh\u00f6r\",\"isPartOf\":{\"@id\":\"https:\\\/\\\/bogensportdiscount.ch\\\/#website\"},\"primaryImageOfPage\":{\"@id\":\"https:\\\/\\\/bogensportdiscount.ch\\\/produkt\\\/doinker-stabilisatordaempfer-exo-doinker-1-3-4-zoll-schwarz\\\/#primaryimage\"},\"image\":{\"@id\":\"https:\\\/\\\/bogensportdiscount.ch\\\/produkt\\\/doinker-stabilisatordaempfer-exo-doinker-1-3-4-zoll-schwarz\\\/#primaryimage\"},\"thumbnailUrl\":\"https:\\\/\\\/bogensportdiscount.ch\\\/wp-content\\\/uploads\\\/bsm-images\\\/A011356_1.png\",\"datePublished\":\"2026-04-05T12:23:21+00:00\",\"dateModified\":\"2026-05-14T05:13:29+00:00\",\"description\":\"DOINKER 1-3\\\/4\\\" EXO DOINKER D\u00c4MPFER 1\\\/4\\\" GEWINDE SCHWARZ STABILISATOR-D\u00c4MPFER g\u00fcnstig kaufen bei Bogensportdiscount \u2013 Top-Marken, schneller Versand aus der Schweiz.\",\"breadcrumb\":{\"@id\":\"https:\\\/\\\/bogensportdiscount.ch\\\/produkt\\\/doinker-stabilisatordaempfer-exo-doinker-1-3-4-zoll-schwarz\\\/#breadcrumb\"},\"inLanguage\":\"it-IT\",\"potentialAction\":[{\"@type\":\"ReadAction\",\"target\":[\"https:\\\/\\\/bogensportdiscount.ch\\\/produkt\\\/doinker-stabilisatordaempfer-exo-doinker-1-3-4-zoll-schwarz\\\/\"]}]},{\"@type\":\"ImageObject\",\"inLanguage\":\"it-IT\",\"@id\":\"https:\\\/\\\/bogensportdiscount.ch\\\/produkt\\\/doinker-stabilisatordaempfer-exo-doinker-1-3-4-zoll-schwarz\\\/#primaryimage\",\"url\":\"https:\\\/\\\/bogensportdiscount.ch\\\/wp-content\\\/uploads\\\/bsm-images\\\/A011356_1.png\",\"contentUrl\":\"https:\\\/\\\/bogensportdiscount.ch\\\/wp-content\\\/uploads\\\/bsm-images\\\/A011356_1.png\",\"width\":2117,\"height\":1734},{\"@type\":\"BreadcrumbList\",\"@id\":\"https:\\\/\\\/bogensportdiscount.ch\\\/produkt\\\/doinker-stabilisatordaempfer-exo-doinker-1-3-4-zoll-schwarz\\\/#breadcrumb\",\"itemListElement\":[{\"@type\":\"ListItem\",\"position\":1,\"name\":\"Home\",\"item\":\"https:\\\/\\\/bogensportdiscount.ch\\\/\"},{\"@type\":\"ListItem\",\"position\":2,\"name\":\"Shop\",\"item\":\"https:\\\/\\\/bogensportdiscount.ch\\\/shop\\\/\"},{\"@type\":\"ListItem\",\"position\":3,\"name\":\"DOINKER 1-3\\\/4&#8243; EXO DOINKER DAMPER 1\\\/4&#8243; THREAD BLACK STABILIZER DAMPER\"}]},{\"@type\":\"WebSite\",\"@id\":\"https:\\\/\\\/bogensportdiscount.ch\\\/#website\",\"url\":\"https:\\\/\\\/bogensportdiscount.ch\\\/\",\"name\":\"Bogensportdiscount\",\"description\":\"\",\"potentialAction\":[{\"@type\":\"SearchAction\",\"target\":{\"@type\":\"EntryPoint\",\"urlTemplate\":\"https:\\\/\\\/bogensportdiscount.ch\\\/?s={search_term_string}\"},\"query-input\":{\"@type\":\"PropertyValueSpecification\",\"valueRequired\":true,\"valueName\":\"search_term_string\"}}],\"inLanguage\":\"it-IT\"}]}<\/script>\n<!-- \/ Yoast SEO plugin. -->","yoast_head_json":{"title":"DOINKER 1-3\/4&quot; EXO DOINKER AMMORTIZZATORE FILETTATO 1\/4&quot; NERO AMMORTIZZATORE PER STABILIZZATORE - Bogensportdiscount \u2013 Archi, frecce, bersagli e accessori","description":"DOINKER 1-3\/4&quot; EXO DOINKER AMMORTIZZATORE FILETTATURA 1\/4&quot; NERO AMMORTIZZATORE STABILIZZATORE: acquista a un prezzo conveniente su Bogensportdiscount \u2013 Le migliori marche, spedizione veloce dalla Svizzera.","robots":{"index":"index","follow":"follow","max-snippet":"max-snippet:-1","max-image-preview":"max-image-preview:large","max-video-preview":"max-video-preview:-1"},"canonical":"https:\/\/bogensportdiscount.ch\/it\/prodotto\/doinker-stabilisatordaempfer-exo-doinker-1-3-4-zoll-schwarz\/","og_locale":"it_IT","og_type":"article","og_title":"DOINKER 1-3\/4&quot; EXO DOINKER AMMORTIZZATORE FILETTATO 1\/4&quot; NERO AMMORTIZZATORE PER STABILIZZATORE - Bogensportdiscount \u2013 Archi, frecce, bersagli e accessori","og_description":"DOINKER 1-3\/4&quot; EXO DOINKER AMMORTIZZATORE FILETTATURA 1\/4&quot; NERO AMMORTIZZATORE STABILIZZATORE: acquista a un prezzo conveniente su Bogensportdiscount \u2013 Le migliori marche, spedizione veloce dalla Svizzera.","og_url":"https:\/\/bogensportdiscount.ch\/it\/prodotto\/doinker-stabilisatordaempfer-exo-doinker-1-3-4-zoll-schwarz\/","og_site_name":"Bogensportdiscount \u2013 B\u00f6gen, Pfeile, Targets &amp; Zubeh\u00f6r","article_modified_time":"2026-05-14T05:13:29+00:00","og_image":[{"width":2117,"height":1734,"url":"https:\/\/bogensportdiscount.ch\/wp-content\/uploads\/bsm-images\/A011356_1.png","type":"image\/png"}],"twitter_card":"summary_large_image","schema":{"@context":"https:\/\/schema.org","@graph":[{"@type":"WebPage","@id":"https:\/\/bogensportdiscount.ch\/produkt\/doinker-stabilisatordaempfer-exo-doinker-1-3-4-zoll-schwarz\/","url":"https:\/\/bogensportdiscount.ch\/produkt\/doinker-stabilisatordaempfer-exo-doinker-1-3-4-zoll-schwarz\/","name":"DOINKER 1-3\/4&quot; EXO DOINKER AMMORTIZZATORE FILETTATO 1\/4&quot; NERO AMMORTIZZATORE PER STABILIZZATORE - Bogensportdiscount \u2013 Archi, frecce, bersagli e accessori","isPartOf":{"@id":"https:\/\/bogensportdiscount.ch\/#website"},"primaryImageOfPage":{"@id":"https:\/\/bogensportdiscount.ch\/produkt\/doinker-stabilisatordaempfer-exo-doinker-1-3-4-zoll-schwarz\/#primaryimage"},"image":{"@id":"https:\/\/bogensportdiscount.ch\/produkt\/doinker-stabilisatordaempfer-exo-doinker-1-3-4-zoll-schwarz\/#primaryimage"},"thumbnailUrl":"https:\/\/bogensportdiscount.ch\/wp-content\/uploads\/bsm-images\/A011356_1.png","datePublished":"2026-04-05T12:23:21+00:00","dateModified":"2026-05-14T05:13:29+00:00","description":"DOINKER 1-3\/4&quot; EXO DOINKER AMMORTIZZATORE FILETTATURA 1\/4&quot; NERO AMMORTIZZATORE STABILIZZATORE: acquista a un prezzo conveniente su Bogensportdiscount \u2013 Le migliori marche, spedizione veloce dalla Svizzera.","breadcrumb":{"@id":"https:\/\/bogensportdiscount.ch\/produkt\/doinker-stabilisatordaempfer-exo-doinker-1-3-4-zoll-schwarz\/#breadcrumb"},"inLanguage":"it-IT","potentialAction":[{"@type":"ReadAction","target":["https:\/\/bogensportdiscount.ch\/produkt\/doinker-stabilisatordaempfer-exo-doinker-1-3-4-zoll-schwarz\/"]}]},{"@type":"ImageObject","inLanguage":"it-IT","@id":"https:\/\/bogensportdiscount.ch\/produkt\/doinker-stabilisatordaempfer-exo-doinker-1-3-4-zoll-schwarz\/#primaryimage","url":"https:\/\/bogensportdiscount.ch\/wp-content\/uploads\/bsm-images\/A011356_1.png","contentUrl":"https:\/\/bogensportdiscount.ch\/wp-content\/uploads\/bsm-images\/A011356_1.png","width":2117,"height":1734},{"@type":"BreadcrumbList","@id":"https:\/\/bogensportdiscount.ch\/produkt\/doinker-stabilisatordaempfer-exo-doinker-1-3-4-zoll-schwarz\/#breadcrumb","itemListElement":[{"@type":"ListItem","position":1,"name":"Home","item":"https:\/\/bogensportdiscount.ch\/"},{"@type":"ListItem","position":2,"name":"Shop","item":"https:\/\/bogensportdiscount.ch\/shop\/"},{"@type":"ListItem","position":3,"name":"DOINKER 1-3\/4&#8243; EXO DOINKER DAMPER 1\/4&#8243; THREAD BLACK STABILIZER DAMPER"}]},{"@type":"WebSite","@id":"https:\/\/bogensportdiscount.ch\/#website","url":"https:\/\/bogensportdiscount.ch\/","name":"Bogensportdiscount","description":"","potentialAction":[{"@type":"SearchAction","target":{"@type":"EntryPoint","urlTemplate":"https:\/\/bogensportdiscount.ch\/?s={search_term_string}"},"query-input":{"@type":"PropertyValueSpecification","valueRequired":true,"valueName":"search_term_string"}}],"inLanguage":"it-IT"}]}},"_links":{"self":[{"href":"https:\/\/bogensportdiscount.ch\/it\/wp-json\/wp\/v2\/product\/391589","targetHints":{"allow":["GET"]}}],"collection":[{"href":"https:\/\/bogensportdiscount.ch\/it\/wp-json\/wp\/v2\/product"}],"about":[{"href":"https:\/\/bogensportdiscount.ch\/it\/wp-json\/wp\/v2\/types\/product"}],"replies":[{"embeddable":true,"href":"https:\/\/bogensportdiscount.ch\/it\/wp-json\/wp\/v2\/comments?post=391589"}],"wp:featuredmedia":[{"embeddable":true,"href":"https:\/\/bogensportdiscount.ch\/it\/wp-json\/wp\/v2\/media\/446985"}],"wp:attachment":[{"href":"https:\/\/bogensportdiscount.ch\/it\/wp-json\/wp\/v2\/media?parent=391589"}],"wp:term":[{"taxonomy":"product_brand","embeddable":true,"href":"https:\/\/bogensportdiscount.ch\/it\/wp-json\/wp\/v2\/product_brand?post=391589"},{"taxonomy":"product_cat","embeddable":true,"href":"https:\/\/bogensportdiscount.ch\/it\/wp-json\/wp\/v2\/product_cat?post=391589"},{"taxonomy":"product_tag","embeddable":true,"href":"https:\/\/bogensportdiscount.ch\/it\/wp-json\/wp\/v2\/product_tag?post=391589"}],"curies":[{"name":"wp","href":"https:\/\/api.w.org\/{rel}","templated":true}]}}