{"id":391510,"date":"2026-04-05T14:23:07","date_gmt":"2026-04-05T12:23:07","guid":{"rendered":"https:\/\/bogensportdiscount.ch\/produkt\/avalon-recurve-bowstands-classic-light-quick-fold\/"},"modified":"2026-05-14T07:13:28","modified_gmt":"2026-05-14T05:13:28","slug":"avalon-recurve-bogenstaender-classic-light-quick-fold","status":"publish","type":"product","link":"https:\/\/bogensportdiscount.ch\/it\/prodotto\/avalon-recurve-bogenstaender-classic-light-quick-fold\/","title":{"rendered":"AVALON SUPPORTO RICURVO CLASSIC LIGHT QUICK FOLD"},"content":{"rendered":"<p>L'AVALON Classic Light Quick Fold \u00e8 un supporto per arco sviluppato appositamente per gli archi ricurvi. Mantiene l'arco in modo sicuro e stabile quando non \u00e8 in uso, evitando che cada o venga posato a terra.<\/p>\n<p>Grazie al suo peso ridotto e alla pratica funzione Quick Fold, il supporto si ripiega in pochi secondi e pu\u00f2 essere facilmente riposto in una borsa per arco o in uno zaino. Ci\u00f2 lo rende un compagno affidabile sia durante l'allenamento che in gara.<\/p>\n<ul>\n<li>Struttura leggera per un trasporto semplice<\/li>\n<li>Pieghevole rapidamente grazie al meccanismo Quick Fold<\/li>\n<li>Adatto agli archi ricurvi<\/li>\n<li>Pratico per l'uso in gara e in allenamento<\/li>\n<\/ul>","protected":false},"excerpt":{"rendered":"<table>\n<tr>\n<th>Propriet\u00e0<\/th>\n<th>Valore<\/th>\n<\/tr>\n<tr>\n<td>Marca<\/td>\n<td>Avalon<\/td>\n<\/tr>\n<tr>\n<td>Colore<\/td>\n<td>Nero<\/td>\n<\/tr>\n<tr>\n<td>Paese di origine<\/td>\n<td>Cina<\/td>\n<\/tr>\n<tr>\n<td>GTIN<\/td>\n<td>6426008088002<\/td>\n<\/tr>\n<\/table>","protected":false},"featured_media":447718,"comment_status":"open","ping_status":"closed","template":"","meta":[],"product_brand":[449],"product_cat":[4124,4183,4186],"product_tag":[3546],"class_list":{"0":"post-391510","1":"product","2":"type-product","3":"status-publish","4":"has-post-thumbnail","6":"product_brand-avalon","7":"product_cat-bogenschuetzer-ausruestung","8":"product_cat-bogenstand","9":"product_cat-recurve-bogenstand","10":"product_tag-neuheit","11":"product_shipping_class-bsd-standard","13":"first","14":"instock","15":"shipping-taxable","16":"purchasable","17":"product-type-simple"},"yoast_head":"<!-- This site is optimized with the Yoast SEO plugin v27.6 - https:\/\/yoast.com\/product\/yoast-seo-wordpress\/ -->\n<title>AVALON RECURVE BOGENST\u00c4NDER CLASSIC LIGHT QUICK FOLD - Bogensportdiscount \u2013 B\u00f6gen, Pfeile, Targets &amp; Zubeh\u00f6r<\/title>\n<meta name=\"description\" content=\"AVALON RECURVE BOGENST\u00c4NDER CLASSIC LIGHT QUICK FOLD g\u00fcnstig kaufen bei Bogensportdiscount \u2013 Top-Marken, schneller Versand aus der Schweiz.\" \/>\n<meta name=\"robots\" content=\"index, follow, max-snippet:-1, max-image-preview:large, max-video-preview:-1\" \/>\n<link rel=\"canonical\" href=\"https:\/\/bogensportdiscount.ch\/it\/prodotto\/avalon-recurve-bogenstaender-classic-light-quick-fold\/\" \/>\n<meta property=\"og:locale\" content=\"it_IT\" \/>\n<meta property=\"og:type\" content=\"article\" \/>\n<meta property=\"og:title\" content=\"AVALON RECURVE BOGENST\u00c4NDER CLASSIC LIGHT QUICK FOLD - Bogensportdiscount \u2013 B\u00f6gen, Pfeile, Targets &amp; Zubeh\u00f6r\" \/>\n<meta property=\"og:description\" content=\"AVALON RECURVE BOGENST\u00c4NDER CLASSIC LIGHT QUICK FOLD g\u00fcnstig kaufen bei Bogensportdiscount \u2013 Top-Marken, schneller Versand aus der Schweiz.\" \/>\n<meta property=\"og:url\" content=\"https:\/\/bogensportdiscount.ch\/it\/prodotto\/avalon-recurve-bogenstaender-classic-light-quick-fold\/\" \/>\n<meta property=\"og:site_name\" content=\"Bogensportdiscount \u2013 B\u00f6gen, Pfeile, Targets &amp; Zubeh\u00f6r\" \/>\n<meta property=\"article:modified_time\" content=\"2026-05-14T05:13:28+00:00\" \/>\n<meta property=\"og:image\" content=\"https:\/\/bogensportdiscount.ch\/wp-content\/uploads\/bsm-images\/A010633_1.png\" \/>\n\t<meta property=\"og:image:width\" content=\"2191\" \/>\n\t<meta property=\"og:image:height\" content=\"2516\" \/>\n\t<meta property=\"og:image:type\" content=\"image\/png\" \/>\n<meta name=\"twitter:card\" content=\"summary_large_image\" \/>\n<meta name=\"twitter:label1\" content=\"Tempo di lettura stimato\" \/>\n\t<meta name=\"twitter:data1\" content=\"1 minuto\" \/>\n<script type=\"application\/ld+json\" class=\"yoast-schema-graph\">{\"@context\":\"https:\\\/\\\/schema.org\",\"@graph\":[{\"@type\":\"WebPage\",\"@id\":\"https:\\\/\\\/bogensportdiscount.ch\\\/produkt\\\/avalon-recurve-bogenstaender-classic-light-quick-fold\\\/\",\"url\":\"https:\\\/\\\/bogensportdiscount.ch\\\/produkt\\\/avalon-recurve-bogenstaender-classic-light-quick-fold\\\/\",\"name\":\"AVALON RECURVE BOGENST\u00c4NDER CLASSIC LIGHT QUICK FOLD - Bogensportdiscount \u2013 B\u00f6gen, Pfeile, Targets &amp; Zubeh\u00f6r\",\"isPartOf\":{\"@id\":\"https:\\\/\\\/bogensportdiscount.ch\\\/#website\"},\"primaryImageOfPage\":{\"@id\":\"https:\\\/\\\/bogensportdiscount.ch\\\/produkt\\\/avalon-recurve-bogenstaender-classic-light-quick-fold\\\/#primaryimage\"},\"image\":{\"@id\":\"https:\\\/\\\/bogensportdiscount.ch\\\/produkt\\\/avalon-recurve-bogenstaender-classic-light-quick-fold\\\/#primaryimage\"},\"thumbnailUrl\":\"https:\\\/\\\/bogensportdiscount.ch\\\/wp-content\\\/uploads\\\/bsm-images\\\/A010633_1.png\",\"datePublished\":\"2026-04-05T12:23:07+00:00\",\"dateModified\":\"2026-05-14T05:13:28+00:00\",\"description\":\"AVALON RECURVE BOGENST\u00c4NDER CLASSIC LIGHT QUICK FOLD g\u00fcnstig kaufen bei Bogensportdiscount \u2013 Top-Marken, schneller Versand aus der Schweiz.\",\"breadcrumb\":{\"@id\":\"https:\\\/\\\/bogensportdiscount.ch\\\/produkt\\\/avalon-recurve-bogenstaender-classic-light-quick-fold\\\/#breadcrumb\"},\"inLanguage\":\"it-IT\",\"potentialAction\":[{\"@type\":\"ReadAction\",\"target\":[\"https:\\\/\\\/bogensportdiscount.ch\\\/produkt\\\/avalon-recurve-bogenstaender-classic-light-quick-fold\\\/\"]}]},{\"@type\":\"ImageObject\",\"inLanguage\":\"it-IT\",\"@id\":\"https:\\\/\\\/bogensportdiscount.ch\\\/produkt\\\/avalon-recurve-bogenstaender-classic-light-quick-fold\\\/#primaryimage\",\"url\":\"https:\\\/\\\/bogensportdiscount.ch\\\/wp-content\\\/uploads\\\/bsm-images\\\/A010633_1.png\",\"contentUrl\":\"https:\\\/\\\/bogensportdiscount.ch\\\/wp-content\\\/uploads\\\/bsm-images\\\/A010633_1.png\",\"width\":2191,\"height\":2516},{\"@type\":\"BreadcrumbList\",\"@id\":\"https:\\\/\\\/bogensportdiscount.ch\\\/produkt\\\/avalon-recurve-bogenstaender-classic-light-quick-fold\\\/#breadcrumb\",\"itemListElement\":[{\"@type\":\"ListItem\",\"position\":1,\"name\":\"Home\",\"item\":\"https:\\\/\\\/bogensportdiscount.ch\\\/\"},{\"@type\":\"ListItem\",\"position\":2,\"name\":\"Shop\",\"item\":\"https:\\\/\\\/bogensportdiscount.ch\\\/shop\\\/\"},{\"@type\":\"ListItem\",\"position\":3,\"name\":\"AVALON RECURVE BOWSTANDS CLASSIC LIGHT QUICK FOLD\"}]},{\"@type\":\"WebSite\",\"@id\":\"https:\\\/\\\/bogensportdiscount.ch\\\/#website\",\"url\":\"https:\\\/\\\/bogensportdiscount.ch\\\/\",\"name\":\"Bogensportdiscount\",\"description\":\"\",\"potentialAction\":[{\"@type\":\"SearchAction\",\"target\":{\"@type\":\"EntryPoint\",\"urlTemplate\":\"https:\\\/\\\/bogensportdiscount.ch\\\/?s={search_term_string}\"},\"query-input\":{\"@type\":\"PropertyValueSpecification\",\"valueRequired\":true,\"valueName\":\"search_term_string\"}}],\"inLanguage\":\"it-IT\"}]}<\/script>\n<!-- \/ Yoast SEO plugin. -->","yoast_head_json":{"title":"AVALON RECURVE BOGENST\u00c4NDER CLASSIC LIGHT QUICK FOLD - Bogensportdiscount \u2013 B\u00f6gen, Pfeile, Targets &amp; Zubeh\u00f6r","description":"AVALON RECURVE BOGENST\u00c4NDER CLASSIC LIGHT QUICK FOLD g\u00fcnstig kaufen bei Bogensportdiscount \u2013 Top-Marken, schneller Versand aus der Schweiz.","robots":{"index":"index","follow":"follow","max-snippet":"max-snippet:-1","max-image-preview":"max-image-preview:large","max-video-preview":"max-video-preview:-1"},"canonical":"https:\/\/bogensportdiscount.ch\/it\/prodotto\/avalon-recurve-bogenstaender-classic-light-quick-fold\/","og_locale":"it_IT","og_type":"article","og_title":"AVALON RECURVE BOGENST\u00c4NDER CLASSIC LIGHT QUICK FOLD - Bogensportdiscount \u2013 B\u00f6gen, Pfeile, Targets &amp; Zubeh\u00f6r","og_description":"AVALON RECURVE BOGENST\u00c4NDER CLASSIC LIGHT QUICK FOLD g\u00fcnstig kaufen bei Bogensportdiscount \u2013 Top-Marken, schneller Versand aus der Schweiz.","og_url":"https:\/\/bogensportdiscount.ch\/it\/prodotto\/avalon-recurve-bogenstaender-classic-light-quick-fold\/","og_site_name":"Bogensportdiscount \u2013 B\u00f6gen, Pfeile, Targets &amp; Zubeh\u00f6r","article_modified_time":"2026-05-14T05:13:28+00:00","og_image":[{"width":2191,"height":2516,"url":"https:\/\/bogensportdiscount.ch\/wp-content\/uploads\/bsm-images\/A010633_1.png","type":"image\/png"}],"twitter_card":"summary_large_image","twitter_misc":{"Tempo di lettura stimato":"1 minuto"},"schema":{"@context":"https:\/\/schema.org","@graph":[{"@type":"WebPage","@id":"https:\/\/bogensportdiscount.ch\/produkt\/avalon-recurve-bogenstaender-classic-light-quick-fold\/","url":"https:\/\/bogensportdiscount.ch\/produkt\/avalon-recurve-bogenstaender-classic-light-quick-fold\/","name":"AVALON RECURVE BOGENST\u00c4NDER CLASSIC LIGHT QUICK FOLD - Bogensportdiscount \u2013 B\u00f6gen, Pfeile, Targets &amp; Zubeh\u00f6r","isPartOf":{"@id":"https:\/\/bogensportdiscount.ch\/#website"},"primaryImageOfPage":{"@id":"https:\/\/bogensportdiscount.ch\/produkt\/avalon-recurve-bogenstaender-classic-light-quick-fold\/#primaryimage"},"image":{"@id":"https:\/\/bogensportdiscount.ch\/produkt\/avalon-recurve-bogenstaender-classic-light-quick-fold\/#primaryimage"},"thumbnailUrl":"https:\/\/bogensportdiscount.ch\/wp-content\/uploads\/bsm-images\/A010633_1.png","datePublished":"2026-04-05T12:23:07+00:00","dateModified":"2026-05-14T05:13:28+00:00","description":"AVALON RECURVE BOGENST\u00c4NDER CLASSIC LIGHT QUICK FOLD g\u00fcnstig kaufen bei Bogensportdiscount \u2013 Top-Marken, schneller Versand aus der Schweiz.","breadcrumb":{"@id":"https:\/\/bogensportdiscount.ch\/produkt\/avalon-recurve-bogenstaender-classic-light-quick-fold\/#breadcrumb"},"inLanguage":"it-IT","potentialAction":[{"@type":"ReadAction","target":["https:\/\/bogensportdiscount.ch\/produkt\/avalon-recurve-bogenstaender-classic-light-quick-fold\/"]}]},{"@type":"ImageObject","inLanguage":"it-IT","@id":"https:\/\/bogensportdiscount.ch\/produkt\/avalon-recurve-bogenstaender-classic-light-quick-fold\/#primaryimage","url":"https:\/\/bogensportdiscount.ch\/wp-content\/uploads\/bsm-images\/A010633_1.png","contentUrl":"https:\/\/bogensportdiscount.ch\/wp-content\/uploads\/bsm-images\/A010633_1.png","width":2191,"height":2516},{"@type":"BreadcrumbList","@id":"https:\/\/bogensportdiscount.ch\/produkt\/avalon-recurve-bogenstaender-classic-light-quick-fold\/#breadcrumb","itemListElement":[{"@type":"ListItem","position":1,"name":"Home","item":"https:\/\/bogensportdiscount.ch\/"},{"@type":"ListItem","position":2,"name":"Shop","item":"https:\/\/bogensportdiscount.ch\/shop\/"},{"@type":"ListItem","position":3,"name":"AVALON RECURVE BOWSTANDS CLASSIC LIGHT QUICK FOLD"}]},{"@type":"WebSite","@id":"https:\/\/bogensportdiscount.ch\/#website","url":"https:\/\/bogensportdiscount.ch\/","name":"Bogensportdiscount","description":"","potentialAction":[{"@type":"SearchAction","target":{"@type":"EntryPoint","urlTemplate":"https:\/\/bogensportdiscount.ch\/?s={search_term_string}"},"query-input":{"@type":"PropertyValueSpecification","valueRequired":true,"valueName":"search_term_string"}}],"inLanguage":"it-IT"}]}},"_links":{"self":[{"href":"https:\/\/bogensportdiscount.ch\/it\/wp-json\/wp\/v2\/product\/391510","targetHints":{"allow":["GET"]}}],"collection":[{"href":"https:\/\/bogensportdiscount.ch\/it\/wp-json\/wp\/v2\/product"}],"about":[{"href":"https:\/\/bogensportdiscount.ch\/it\/wp-json\/wp\/v2\/types\/product"}],"replies":[{"embeddable":true,"href":"https:\/\/bogensportdiscount.ch\/it\/wp-json\/wp\/v2\/comments?post=391510"}],"wp:featuredmedia":[{"embeddable":true,"href":"https:\/\/bogensportdiscount.ch\/it\/wp-json\/wp\/v2\/media\/447718"}],"wp:attachment":[{"href":"https:\/\/bogensportdiscount.ch\/it\/wp-json\/wp\/v2\/media?parent=391510"}],"wp:term":[{"taxonomy":"product_brand","embeddable":true,"href":"https:\/\/bogensportdiscount.ch\/it\/wp-json\/wp\/v2\/product_brand?post=391510"},{"taxonomy":"product_cat","embeddable":true,"href":"https:\/\/bogensportdiscount.ch\/it\/wp-json\/wp\/v2\/product_cat?post=391510"},{"taxonomy":"product_tag","embeddable":true,"href":"https:\/\/bogensportdiscount.ch\/it\/wp-json\/wp\/v2\/product_tag?post=391510"}],"curies":[{"name":"wp","href":"https:\/\/api.w.org\/{rel}","templated":true}]}}