{"id":391503,"date":"2026-04-05T14:23:05","date_gmt":"2026-04-05T12:23:05","guid":{"rendered":"https:\/\/bogensportdiscount.ch\/produkt\/avalon-wrist-sling-padded-with-metal-hook\/"},"modified":"2026-04-16T12:19:00","modified_gmt":"2026-04-16T10:19:00","slug":"avalon-handgelenksschlinge-gepolstert-metallhaken","status":"publish","type":"product","link":"https:\/\/bogensportdiscount.ch\/it\/prodotto\/avalon-handgelenksschlinge-gepolstert-metallhaken\/","title":{"rendered":"IMBRAGATURA DA POLSO AVALON IMBOTTITA CON GANCIO IN METALLO"},"content":{"rendered":"<p>Die AVALON Handgelenksschlinge mit Polsterung und Metallhaken unterst\u00fctzt eine lockere, entspannte Bogenhand w\u00e4hrend des Schiessens. Der Metallhaken stellt eine zuverl\u00e4ssige und stabile Verbindung zwischen Schlinge und Bogen sicher.<\/p>\n<p>Die gepolsterte Handgelenksauflage erh\u00f6ht den Tragekomfort und reduziert Druckstellen auch bei l\u00e4ngeren Trainingseinheiten. Die Schlinge verhindert zuverl\u00e4ssig, dass der Bogen nach dem Schuss zu Boden f\u00e4llt \u2013 ein wichtiges Merkmal f\u00fcr Sch\u00fctzen, die mit einem lockeren Griff arbeiten.<\/p>\n<ul>\n<li>Gepolsterte Handgelenksauflage f\u00fcr erh\u00f6hten Komfort<\/li>\n<li>Metallhaken zur sicheren Befestigung am Bogen<\/li>\n<li>Verhindert das Herunterfallen des Bogens nach dem Schuss<\/li>\n<li>Geeignet f\u00fcr Recurve- und Langbogensch\u00fctzen<\/li>\n<\/ul>","protected":false},"excerpt":{"rendered":"<p><strong>Marchio:<\/strong> Avalon<br \/><strong>Farbe:<\/strong> Schwarz<br \/><strong>GTIN:<\/strong> 6426004851853<\/p>","protected":false},"featured_media":447729,"comment_status":"open","ping_status":"closed","template":"","meta":[],"product_brand":[449],"product_cat":[4332],"product_tag":[3546],"class_list":{"0":"post-391503","1":"product","2":"type-product","3":"status-publish","4":"has-post-thumbnail","6":"product_brand-avalon","7":"product_cat-bogen-handgelenkschlinge","8":"product_tag-neuheit","10":"first","11":"instock","12":"shipping-taxable","13":"purchasable","14":"product-type-simple"},"_links":{"self":[{"href":"https:\/\/bogensportdiscount.ch\/it\/wp-json\/wp\/v2\/product\/391503","targetHints":{"allow":["GET"]}}],"collection":[{"href":"https:\/\/bogensportdiscount.ch\/it\/wp-json\/wp\/v2\/product"}],"about":[{"href":"https:\/\/bogensportdiscount.ch\/it\/wp-json\/wp\/v2\/types\/product"}],"replies":[{"embeddable":true,"href":"https:\/\/bogensportdiscount.ch\/it\/wp-json\/wp\/v2\/comments?post=391503"}],"wp:featuredmedia":[{"embeddable":true,"href":"https:\/\/bogensportdiscount.ch\/it\/wp-json\/wp\/v2\/media\/447729"}],"wp:attachment":[{"href":"https:\/\/bogensportdiscount.ch\/it\/wp-json\/wp\/v2\/media?parent=391503"}],"wp:term":[{"taxonomy":"product_brand","embeddable":true,"href":"https:\/\/bogensportdiscount.ch\/it\/wp-json\/wp\/v2\/product_brand?post=391503"},{"taxonomy":"product_cat","embeddable":true,"href":"https:\/\/bogensportdiscount.ch\/it\/wp-json\/wp\/v2\/product_cat?post=391503"},{"taxonomy":"product_tag","embeddable":true,"href":"https:\/\/bogensportdiscount.ch\/it\/wp-json\/wp\/v2\/product_tag?post=391503"}],"curies":[{"name":"wp","href":"https:\/\/api.w.org\/{rel}","templated":true}]}}